{"id":274432,"date":"2025-09-30T23:07:45","date_gmt":"2025-09-30T20:07:45","guid":{"rendered":"https:\/\/trukme.lv\/produkti\/uncategorized\/mirros-gloss-cool-grey-0191-mg\/"},"modified":"2025-10-02T12:41:40","modified_gmt":"2025-10-02T09:41:40","slug":"mirros-gloss-cool-grey-0191-mg","status":"publish","type":"product","link":"https:\/\/trukme.lv\/en\/products\/panels\/glossy-board\/mirros-gloss-cool-grey-0191-mg\/","title":{"rendered":"Mirros Gloss Cool Grey, 0191 MG"},"content":{"rendered":"<p>Uniform mirror-reflective panels with an exceptionally glossy surface are produced using the most advanced laminating technology. They are highly resistant to scratches and fading. These panels are based on DSP, onto which a high-quality melamine film is pressed and polished to a smooth, light-reflective surface.<\/p>\n","protected":false},"excerpt":{"rendered":"<p>Uniform mirror-reflective panels with an exceptionally glossy surface are produced using the most advanced laminating technology. They are highly resistant to scratches and fading. These panels are based on DSP, onto which a high-quality melamine film is pressed and polished to a smooth, light-reflective surface.<\/p>\n","protected":false},"featured_media":268201,"template":"","meta":{"_acf_changed":false},"product_brand":[6996],"product_cat":[6683,6667],"product_tag":[],"class_list":{"0":"post-274432","1":"product","2":"type-product","3":"status-publish","4":"has-post-thumbnail","6":"product_brand-kronospan-en","7":"product_cat-glossy-board","8":"product_cat-panels","10":"first","11":"instock","12":"product-type-simple"},"acf":[],"yoast_head":"<!-- This site is optimized with the Yoast SEO plugin v26.5 - https:\/\/yoast.com\/wordpress\/plugins\/seo\/ -->\n<title>Mirros Gloss Cool Grey, 0191 MG - Trukm\u0117<\/title>\n<meta name=\"robots\" content=\"index, follow, max-snippet:-1, max-image-preview:large, max-video-preview:-1\" \/>\n<link rel=\"canonical\" href=\"https:\/\/trukme.lv\/en\/products\/panels\/glossy-board\/mirros-gloss-cool-grey-0191-mg\/\" \/>\n<meta property=\"og:locale\" content=\"en_GB\" \/>\n<meta property=\"og:type\" content=\"article\" \/>\n<meta property=\"og:title\" content=\"Mirros Gloss Cool Grey, 0191 MG - Trukm\u0117\" \/>\n<meta property=\"og:description\" content=\"Uniform mirror-reflective panels with an exceptionally glossy surface are produced using the most advanced laminating technology. They are highly resistant to scratches and fading. These panels are based on DSP, onto which a high-quality melamine film is pressed and polished to a smooth, light-reflective surface.\" \/>\n<meta property=\"og:url\" content=\"https:\/\/trukme.lv\/en\/products\/panels\/glossy-board\/mirros-gloss-cool-grey-0191-mg\/\" \/>\n<meta property=\"og:site_name\" content=\"Trukm\u0117\" \/>\n<meta property=\"article:modified_time\" content=\"2025-10-02T09:41:40+00:00\" \/>\n<meta property=\"og:image\" content=\"https:\/\/i0.wp.com\/trukme.lv\/wp-content\/uploads\/2025\/09\/8180191MG101.webp?fit=1644%2C2048&ssl=1\" \/>\n\t<meta property=\"og:image:width\" content=\"1644\" \/>\n\t<meta property=\"og:image:height\" content=\"2048\" \/>\n\t<meta property=\"og:image:type\" content=\"image\/webp\" \/>\n<meta name=\"twitter:card\" content=\"summary_large_image\" \/>\n<script type=\"application\/ld+json\" class=\"yoast-schema-graph\">{\"@context\":\"https:\/\/schema.org\",\"@graph\":[{\"@type\":\"WebPage\",\"@id\":\"https:\/\/trukme.lv\/en\/products\/panels\/glossy-board\/mirros-gloss-cool-grey-0191-mg\/\",\"url\":\"https:\/\/trukme.lv\/en\/products\/panels\/glossy-board\/mirros-gloss-cool-grey-0191-mg\/\",\"name\":\"Mirros Gloss Cool Grey, 0191 MG - Trukm\u0117\",\"isPartOf\":{\"@id\":\"https:\/\/trukme.lv\/en\/#website\"},\"primaryImageOfPage\":{\"@id\":\"https:\/\/trukme.lv\/en\/products\/panels\/glossy-board\/mirros-gloss-cool-grey-0191-mg\/#primaryimage\"},\"image\":{\"@id\":\"https:\/\/trukme.lv\/en\/products\/panels\/glossy-board\/mirros-gloss-cool-grey-0191-mg\/#primaryimage\"},\"thumbnailUrl\":\"https:\/\/i0.wp.com\/trukme.lv\/wp-content\/uploads\/2025\/09\/8180191MG101.webp?fit=1644%2C2048&ssl=1\",\"datePublished\":\"2025-09-30T20:07:45+00:00\",\"dateModified\":\"2025-10-02T09:41:40+00:00\",\"breadcrumb\":{\"@id\":\"https:\/\/trukme.lv\/en\/products\/panels\/glossy-board\/mirros-gloss-cool-grey-0191-mg\/#breadcrumb\"},\"inLanguage\":\"en-GB\",\"potentialAction\":[{\"@type\":\"ReadAction\",\"target\":[\"https:\/\/trukme.lv\/en\/products\/panels\/glossy-board\/mirros-gloss-cool-grey-0191-mg\/\"]}]},{\"@type\":\"ImageObject\",\"inLanguage\":\"en-GB\",\"@id\":\"https:\/\/trukme.lv\/en\/products\/panels\/glossy-board\/mirros-gloss-cool-grey-0191-mg\/#primaryimage\",\"url\":\"https:\/\/i0.wp.com\/trukme.lv\/wp-content\/uploads\/2025\/09\/8180191MG101.webp?fit=1644%2C2048&ssl=1\",\"contentUrl\":\"https:\/\/i0.wp.com\/trukme.lv\/wp-content\/uploads\/2025\/09\/8180191MG101.webp?fit=1644%2C2048&ssl=1\",\"width\":1644,\"height\":2048},{\"@type\":\"BreadcrumbList\",\"@id\":\"https:\/\/trukme.lv\/en\/products\/panels\/glossy-board\/mirros-gloss-cool-grey-0191-mg\/#breadcrumb\",\"itemListElement\":[{\"@type\":\"ListItem\",\"position\":1,\"name\":\"Home\",\"item\":\"https:\/\/trukme.lv\/en\/home\/\"},{\"@type\":\"ListItem\",\"position\":2,\"name\":\"Products\",\"item\":\"https:\/\/trukme.lv\/en\/products\/\"},{\"@type\":\"ListItem\",\"position\":3,\"name\":\"Mirros Gloss Cool Grey, 0191 MG\"}]},{\"@type\":\"WebSite\",\"@id\":\"https:\/\/trukme.lv\/en\/#website\",\"url\":\"https:\/\/trukme.lv\/en\/\",\"name\":\"Trukm\u0117\",\"description\":\"M\u0113be\u013cu pane\u013ci, galda virsmas, m\u0113be\u013cu furnit\u016bra. Virtuves m\u0113be\u013cu, skapju, vannas istabas m\u0113be\u013cu u.c. sortiments. Paz\u012bstami un uzticami ra\u017eot\u0101ji.\",\"potentialAction\":[{\"@type\":\"SearchAction\",\"target\":{\"@type\":\"EntryPoint\",\"urlTemplate\":\"https:\/\/trukme.lv\/en\/?s={search_term_string}\"},\"query-input\":{\"@type\":\"PropertyValueSpecification\",\"valueRequired\":true,\"valueName\":\"search_term_string\"}}],\"inLanguage\":\"en-GB\"}]}<\/script>\n<!-- \/ Yoast SEO plugin. -->","yoast_head_json":{"title":"Mirros Gloss Cool Grey, 0191 MG - Trukm\u0117","robots":{"index":"index","follow":"follow","max-snippet":"max-snippet:-1","max-image-preview":"max-image-preview:large","max-video-preview":"max-video-preview:-1"},"canonical":"https:\/\/trukme.lv\/en\/products\/panels\/glossy-board\/mirros-gloss-cool-grey-0191-mg\/","og_locale":"en_GB","og_type":"article","og_title":"Mirros Gloss Cool Grey, 0191 MG - Trukm\u0117","og_description":"Uniform mirror-reflective panels with an exceptionally glossy surface are produced using the most advanced laminating technology. They are highly resistant to scratches and fading. These panels are based on DSP, onto which a high-quality melamine film is pressed and polished to a smooth, light-reflective surface.","og_url":"https:\/\/trukme.lv\/en\/products\/panels\/glossy-board\/mirros-gloss-cool-grey-0191-mg\/","og_site_name":"Trukm\u0117","article_modified_time":"2025-10-02T09:41:40+00:00","og_image":[{"width":1644,"height":2048,"url":"https:\/\/i0.wp.com\/trukme.lv\/wp-content\/uploads\/2025\/09\/8180191MG101.webp?fit=1644%2C2048&ssl=1","type":"image\/webp"}],"twitter_card":"summary_large_image","schema":{"@context":"https:\/\/schema.org","@graph":[{"@type":"WebPage","@id":"https:\/\/trukme.lv\/en\/products\/panels\/glossy-board\/mirros-gloss-cool-grey-0191-mg\/","url":"https:\/\/trukme.lv\/en\/products\/panels\/glossy-board\/mirros-gloss-cool-grey-0191-mg\/","name":"Mirros Gloss Cool Grey, 0191 MG - Trukm\u0117","isPartOf":{"@id":"https:\/\/trukme.lv\/en\/#website"},"primaryImageOfPage":{"@id":"https:\/\/trukme.lv\/en\/products\/panels\/glossy-board\/mirros-gloss-cool-grey-0191-mg\/#primaryimage"},"image":{"@id":"https:\/\/trukme.lv\/en\/products\/panels\/glossy-board\/mirros-gloss-cool-grey-0191-mg\/#primaryimage"},"thumbnailUrl":"https:\/\/i0.wp.com\/trukme.lv\/wp-content\/uploads\/2025\/09\/8180191MG101.webp?fit=1644%2C2048&ssl=1","datePublished":"2025-09-30T20:07:45+00:00","dateModified":"2025-10-02T09:41:40+00:00","breadcrumb":{"@id":"https:\/\/trukme.lv\/en\/products\/panels\/glossy-board\/mirros-gloss-cool-grey-0191-mg\/#breadcrumb"},"inLanguage":"en-GB","potentialAction":[{"@type":"ReadAction","target":["https:\/\/trukme.lv\/en\/products\/panels\/glossy-board\/mirros-gloss-cool-grey-0191-mg\/"]}]},{"@type":"ImageObject","inLanguage":"en-GB","@id":"https:\/\/trukme.lv\/en\/products\/panels\/glossy-board\/mirros-gloss-cool-grey-0191-mg\/#primaryimage","url":"https:\/\/i0.wp.com\/trukme.lv\/wp-content\/uploads\/2025\/09\/8180191MG101.webp?fit=1644%2C2048&ssl=1","contentUrl":"https:\/\/i0.wp.com\/trukme.lv\/wp-content\/uploads\/2025\/09\/8180191MG101.webp?fit=1644%2C2048&ssl=1","width":1644,"height":2048},{"@type":"BreadcrumbList","@id":"https:\/\/trukme.lv\/en\/products\/panels\/glossy-board\/mirros-gloss-cool-grey-0191-mg\/#breadcrumb","itemListElement":[{"@type":"ListItem","position":1,"name":"Home","item":"https:\/\/trukme.lv\/en\/home\/"},{"@type":"ListItem","position":2,"name":"Products","item":"https:\/\/trukme.lv\/en\/products\/"},{"@type":"ListItem","position":3,"name":"Mirros Gloss Cool Grey, 0191 MG"}]},{"@type":"WebSite","@id":"https:\/\/trukme.lv\/en\/#website","url":"https:\/\/trukme.lv\/en\/","name":"Trukm\u0117","description":"M\u0113be\u013cu pane\u013ci, galda virsmas, m\u0113be\u013cu furnit\u016bra. Virtuves m\u0113be\u013cu, skapju, vannas istabas m\u0113be\u013cu u.c. sortiments. Paz\u012bstami un uzticami ra\u017eot\u0101ji.","potentialAction":[{"@type":"SearchAction","target":{"@type":"EntryPoint","urlTemplate":"https:\/\/trukme.lv\/en\/?s={search_term_string}"},"query-input":{"@type":"PropertyValueSpecification","valueRequired":true,"valueName":"search_term_string"}}],"inLanguage":"en-GB"}]}},"jetpack_sharing_enabled":true,"_links":{"self":[{"href":"https:\/\/trukme.lv\/en\/wp-json\/wp\/v2\/product\/274432","targetHints":{"allow":["GET"]}}],"collection":[{"href":"https:\/\/trukme.lv\/en\/wp-json\/wp\/v2\/product"}],"about":[{"href":"https:\/\/trukme.lv\/en\/wp-json\/wp\/v2\/types\/product"}],"wp:featuredmedia":[{"embeddable":true,"href":"https:\/\/trukme.lv\/en\/wp-json\/wp\/v2\/media\/268201"}],"wp:attachment":[{"href":"https:\/\/trukme.lv\/en\/wp-json\/wp\/v2\/media?parent=274432"}],"wp:term":[{"taxonomy":"product_brand","embeddable":true,"href":"https:\/\/trukme.lv\/en\/wp-json\/wp\/v2\/product_brand?post=274432"},{"taxonomy":"product_cat","embeddable":true,"href":"https:\/\/trukme.lv\/en\/wp-json\/wp\/v2\/product_cat?post=274432"},{"taxonomy":"product_tag","embeddable":true,"href":"https:\/\/trukme.lv\/en\/wp-json\/wp\/v2\/product_tag?post=274432"}],"curies":[{"name":"wp","href":"https:\/\/api.w.org\/{rel}","templated":true}]}}