{"id":274461,"date":"2025-09-30T23:06:56","date_gmt":"2025-09-30T20:06:56","guid":{"rendered":"https:\/\/trukme.lv\/produkti\/uncategorized\/lietais-akmens-3680x760x12-p020-light-gray-neogen\/"},"modified":"2025-10-02T12:41:50","modified_gmt":"2025-10-02T09:41:50","slug":"lietais-akmens-3680x760x12-p020-light-gray-neogen","status":"publish","type":"product","link":"https:\/\/trukme.lv\/en\/products\/countertops\/cast-artificial-stone\/lietais-akmens-3680x760x12-p020-light-gray-neogen\/","title":{"rendered":"Cast stone 3680x760x12 P020 Light Gray NEOGEN"},"content":{"rendered":"<p>NEOGEN \u2013 acrylic solid surface stone. It is a non-porous, hygienic surface material that requires little maintenance. The product is based on natural pigments and acrylic. NEOGEN solid surface stone is notable for its wide processing possibilities. It can be cut with standard furniture panel processing tools. With the help of adhesive, the solid surface can be joined to the required length. When sanded, the joints become invisible. By evenly heating, NEOGEN solid surface can be shaped into the necessary forms (sinks, curved interior details, etc.). NEOGEN solid surface maintenance is very simple. The surface is antibacterial and non-porous, making dirt easy to clean and preventing absorption. The product is fire-resistant and can also be used for outdoor furniture and finishes, as it is highly resistant to UV rays. Traces of use and scratches can always be restored by polishing.<\/p>\n","protected":false},"excerpt":{"rendered":"<p>NEOGEN \u2013 acrylic solid surface stone. It is a non-porous, hygienic surface material that requires little maintenance. The product is based on natural pigments and acrylic. NEOGEN solid surface stone is notable for its wide processing possibilities. It can be cut with standard furniture panel processing tools. With the help of adhesive, the solid surface&#8230;<\/p>\n","protected":false},"featured_media":268064,"template":"","meta":{"_acf_changed":false},"product_brand":[6957],"product_cat":[6265,6261],"product_tag":[],"class_list":{"0":"post-274461","1":"product","2":"type-product","3":"status-publish","4":"has-post-thumbnail","6":"product_brand-gentas-en-2","7":"product_cat-cast-artificial-stone","8":"product_cat-countertops","10":"first","11":"instock","12":"product-type-simple"},"acf":[],"yoast_head":"<!-- This site is optimized with the Yoast SEO plugin v26.5 - https:\/\/yoast.com\/wordpress\/plugins\/seo\/ -->\n<title>Cast stone 3680x760x12 P020 Light Gray NEOGEN - Trukm\u0117<\/title>\n<meta name=\"robots\" content=\"index, follow, max-snippet:-1, max-image-preview:large, max-video-preview:-1\" \/>\n<link rel=\"canonical\" href=\"https:\/\/trukme.lv\/en\/products\/countertops\/cast-artificial-stone\/lietais-akmens-3680x760x12-p020-light-gray-neogen\/\" \/>\n<meta property=\"og:locale\" content=\"en_GB\" \/>\n<meta property=\"og:type\" content=\"article\" \/>\n<meta property=\"og:title\" content=\"Cast stone 3680x760x12 P020 Light Gray NEOGEN - Trukm\u0117\" \/>\n<meta property=\"og:description\" content=\"NEOGEN \u2013 acrylic solid surface stone. It is a non-porous, hygienic surface material that requires little maintenance. The product is based on natural pigments and acrylic. NEOGEN solid surface stone is notable for its wide processing possibilities. It can be cut with standard furniture panel processing tools. With the help of adhesive, the solid surface...\" \/>\n<meta property=\"og:url\" content=\"https:\/\/trukme.lv\/en\/products\/countertops\/cast-artificial-stone\/lietais-akmens-3680x760x12-p020-light-gray-neogen\/\" \/>\n<meta property=\"og:site_name\" content=\"Trukm\u0117\" \/>\n<meta property=\"article:modified_time\" content=\"2025-10-02T09:41:50+00:00\" \/>\n<meta property=\"og:image\" content=\"https:\/\/i0.wp.com\/trukme.lv\/wp-content\/uploads\/2025\/09\/812P020NEOGEN.webp?fit=500%2C500&ssl=1\" \/>\n\t<meta property=\"og:image:width\" content=\"500\" \/>\n\t<meta property=\"og:image:height\" content=\"500\" \/>\n\t<meta property=\"og:image:type\" content=\"image\/webp\" \/>\n<meta name=\"twitter:card\" content=\"summary_large_image\" \/>\n<meta name=\"twitter:label1\" content=\"Estimated reading time\" \/>\n\t<meta name=\"twitter:data1\" content=\"1 minute\" \/>\n<script type=\"application\/ld+json\" class=\"yoast-schema-graph\">{\"@context\":\"https:\/\/schema.org\",\"@graph\":[{\"@type\":\"WebPage\",\"@id\":\"https:\/\/trukme.lv\/en\/products\/countertops\/cast-artificial-stone\/lietais-akmens-3680x760x12-p020-light-gray-neogen\/\",\"url\":\"https:\/\/trukme.lv\/en\/products\/countertops\/cast-artificial-stone\/lietais-akmens-3680x760x12-p020-light-gray-neogen\/\",\"name\":\"Cast stone 3680x760x12 P020 Light Gray NEOGEN - Trukm\u0117\",\"isPartOf\":{\"@id\":\"https:\/\/trukme.lv\/en\/#website\"},\"primaryImageOfPage\":{\"@id\":\"https:\/\/trukme.lv\/en\/products\/countertops\/cast-artificial-stone\/lietais-akmens-3680x760x12-p020-light-gray-neogen\/#primaryimage\"},\"image\":{\"@id\":\"https:\/\/trukme.lv\/en\/products\/countertops\/cast-artificial-stone\/lietais-akmens-3680x760x12-p020-light-gray-neogen\/#primaryimage\"},\"thumbnailUrl\":\"https:\/\/i0.wp.com\/trukme.lv\/wp-content\/uploads\/2025\/09\/812P020NEOGEN.webp?fit=500%2C500&ssl=1\",\"datePublished\":\"2025-09-30T20:06:56+00:00\",\"dateModified\":\"2025-10-02T09:41:50+00:00\",\"breadcrumb\":{\"@id\":\"https:\/\/trukme.lv\/en\/products\/countertops\/cast-artificial-stone\/lietais-akmens-3680x760x12-p020-light-gray-neogen\/#breadcrumb\"},\"inLanguage\":\"en-GB\",\"potentialAction\":[{\"@type\":\"ReadAction\",\"target\":[\"https:\/\/trukme.lv\/en\/products\/countertops\/cast-artificial-stone\/lietais-akmens-3680x760x12-p020-light-gray-neogen\/\"]}]},{\"@type\":\"ImageObject\",\"inLanguage\":\"en-GB\",\"@id\":\"https:\/\/trukme.lv\/en\/products\/countertops\/cast-artificial-stone\/lietais-akmens-3680x760x12-p020-light-gray-neogen\/#primaryimage\",\"url\":\"https:\/\/i0.wp.com\/trukme.lv\/wp-content\/uploads\/2025\/09\/812P020NEOGEN.webp?fit=500%2C500&ssl=1\",\"contentUrl\":\"https:\/\/i0.wp.com\/trukme.lv\/wp-content\/uploads\/2025\/09\/812P020NEOGEN.webp?fit=500%2C500&ssl=1\",\"width\":500,\"height\":500},{\"@type\":\"BreadcrumbList\",\"@id\":\"https:\/\/trukme.lv\/en\/products\/countertops\/cast-artificial-stone\/lietais-akmens-3680x760x12-p020-light-gray-neogen\/#breadcrumb\",\"itemListElement\":[{\"@type\":\"ListItem\",\"position\":1,\"name\":\"Home\",\"item\":\"https:\/\/trukme.lv\/en\/home\/\"},{\"@type\":\"ListItem\",\"position\":2,\"name\":\"Products\",\"item\":\"https:\/\/trukme.lv\/en\/products\/\"},{\"@type\":\"ListItem\",\"position\":3,\"name\":\"Cast stone 3680x760x12 P020 Light Gray NEOGEN\"}]},{\"@type\":\"WebSite\",\"@id\":\"https:\/\/trukme.lv\/en\/#website\",\"url\":\"https:\/\/trukme.lv\/en\/\",\"name\":\"Trukm\u0117\",\"description\":\"M\u0113be\u013cu pane\u013ci, galda virsmas, m\u0113be\u013cu furnit\u016bra. Virtuves m\u0113be\u013cu, skapju, vannas istabas m\u0113be\u013cu u.c. sortiments. Paz\u012bstami un uzticami ra\u017eot\u0101ji.\",\"potentialAction\":[{\"@type\":\"SearchAction\",\"target\":{\"@type\":\"EntryPoint\",\"urlTemplate\":\"https:\/\/trukme.lv\/en\/?s={search_term_string}\"},\"query-input\":{\"@type\":\"PropertyValueSpecification\",\"valueRequired\":true,\"valueName\":\"search_term_string\"}}],\"inLanguage\":\"en-GB\"}]}<\/script>\n<!-- \/ Yoast SEO plugin. -->","yoast_head_json":{"title":"Cast stone 3680x760x12 P020 Light Gray NEOGEN - Trukm\u0117","robots":{"index":"index","follow":"follow","max-snippet":"max-snippet:-1","max-image-preview":"max-image-preview:large","max-video-preview":"max-video-preview:-1"},"canonical":"https:\/\/trukme.lv\/en\/products\/countertops\/cast-artificial-stone\/lietais-akmens-3680x760x12-p020-light-gray-neogen\/","og_locale":"en_GB","og_type":"article","og_title":"Cast stone 3680x760x12 P020 Light Gray NEOGEN - Trukm\u0117","og_description":"NEOGEN \u2013 acrylic solid surface stone. It is a non-porous, hygienic surface material that requires little maintenance. The product is based on natural pigments and acrylic. NEOGEN solid surface stone is notable for its wide processing possibilities. It can be cut with standard furniture panel processing tools. With the help of adhesive, the solid surface...","og_url":"https:\/\/trukme.lv\/en\/products\/countertops\/cast-artificial-stone\/lietais-akmens-3680x760x12-p020-light-gray-neogen\/","og_site_name":"Trukm\u0117","article_modified_time":"2025-10-02T09:41:50+00:00","og_image":[{"width":500,"height":500,"url":"https:\/\/i0.wp.com\/trukme.lv\/wp-content\/uploads\/2025\/09\/812P020NEOGEN.webp?fit=500%2C500&ssl=1","type":"image\/webp"}],"twitter_card":"summary_large_image","twitter_misc":{"Estimated reading time":"1 minute"},"schema":{"@context":"https:\/\/schema.org","@graph":[{"@type":"WebPage","@id":"https:\/\/trukme.lv\/en\/products\/countertops\/cast-artificial-stone\/lietais-akmens-3680x760x12-p020-light-gray-neogen\/","url":"https:\/\/trukme.lv\/en\/products\/countertops\/cast-artificial-stone\/lietais-akmens-3680x760x12-p020-light-gray-neogen\/","name":"Cast stone 3680x760x12 P020 Light Gray NEOGEN - Trukm\u0117","isPartOf":{"@id":"https:\/\/trukme.lv\/en\/#website"},"primaryImageOfPage":{"@id":"https:\/\/trukme.lv\/en\/products\/countertops\/cast-artificial-stone\/lietais-akmens-3680x760x12-p020-light-gray-neogen\/#primaryimage"},"image":{"@id":"https:\/\/trukme.lv\/en\/products\/countertops\/cast-artificial-stone\/lietais-akmens-3680x760x12-p020-light-gray-neogen\/#primaryimage"},"thumbnailUrl":"https:\/\/i0.wp.com\/trukme.lv\/wp-content\/uploads\/2025\/09\/812P020NEOGEN.webp?fit=500%2C500&ssl=1","datePublished":"2025-09-30T20:06:56+00:00","dateModified":"2025-10-02T09:41:50+00:00","breadcrumb":{"@id":"https:\/\/trukme.lv\/en\/products\/countertops\/cast-artificial-stone\/lietais-akmens-3680x760x12-p020-light-gray-neogen\/#breadcrumb"},"inLanguage":"en-GB","potentialAction":[{"@type":"ReadAction","target":["https:\/\/trukme.lv\/en\/products\/countertops\/cast-artificial-stone\/lietais-akmens-3680x760x12-p020-light-gray-neogen\/"]}]},{"@type":"ImageObject","inLanguage":"en-GB","@id":"https:\/\/trukme.lv\/en\/products\/countertops\/cast-artificial-stone\/lietais-akmens-3680x760x12-p020-light-gray-neogen\/#primaryimage","url":"https:\/\/i0.wp.com\/trukme.lv\/wp-content\/uploads\/2025\/09\/812P020NEOGEN.webp?fit=500%2C500&ssl=1","contentUrl":"https:\/\/i0.wp.com\/trukme.lv\/wp-content\/uploads\/2025\/09\/812P020NEOGEN.webp?fit=500%2C500&ssl=1","width":500,"height":500},{"@type":"BreadcrumbList","@id":"https:\/\/trukme.lv\/en\/products\/countertops\/cast-artificial-stone\/lietais-akmens-3680x760x12-p020-light-gray-neogen\/#breadcrumb","itemListElement":[{"@type":"ListItem","position":1,"name":"Home","item":"https:\/\/trukme.lv\/en\/home\/"},{"@type":"ListItem","position":2,"name":"Products","item":"https:\/\/trukme.lv\/en\/products\/"},{"@type":"ListItem","position":3,"name":"Cast stone 3680x760x12 P020 Light Gray NEOGEN"}]},{"@type":"WebSite","@id":"https:\/\/trukme.lv\/en\/#website","url":"https:\/\/trukme.lv\/en\/","name":"Trukm\u0117","description":"M\u0113be\u013cu pane\u013ci, galda virsmas, m\u0113be\u013cu furnit\u016bra. Virtuves m\u0113be\u013cu, skapju, vannas istabas m\u0113be\u013cu u.c. sortiments. Paz\u012bstami un uzticami ra\u017eot\u0101ji.","potentialAction":[{"@type":"SearchAction","target":{"@type":"EntryPoint","urlTemplate":"https:\/\/trukme.lv\/en\/?s={search_term_string}"},"query-input":{"@type":"PropertyValueSpecification","valueRequired":true,"valueName":"search_term_string"}}],"inLanguage":"en-GB"}]}},"jetpack_sharing_enabled":true,"_links":{"self":[{"href":"https:\/\/trukme.lv\/en\/wp-json\/wp\/v2\/product\/274461","targetHints":{"allow":["GET"]}}],"collection":[{"href":"https:\/\/trukme.lv\/en\/wp-json\/wp\/v2\/product"}],"about":[{"href":"https:\/\/trukme.lv\/en\/wp-json\/wp\/v2\/types\/product"}],"wp:featuredmedia":[{"embeddable":true,"href":"https:\/\/trukme.lv\/en\/wp-json\/wp\/v2\/media\/268064"}],"wp:attachment":[{"href":"https:\/\/trukme.lv\/en\/wp-json\/wp\/v2\/media?parent=274461"}],"wp:term":[{"taxonomy":"product_brand","embeddable":true,"href":"https:\/\/trukme.lv\/en\/wp-json\/wp\/v2\/product_brand?post=274461"},{"taxonomy":"product_cat","embeddable":true,"href":"https:\/\/trukme.lv\/en\/wp-json\/wp\/v2\/product_cat?post=274461"},{"taxonomy":"product_tag","embeddable":true,"href":"https:\/\/trukme.lv\/en\/wp-json\/wp\/v2\/product_tag?post=274461"}],"curies":[{"name":"wp","href":"https:\/\/api.w.org\/{rel}","templated":true}]}}