{"id":274497,"date":"2025-09-30T22:54:36","date_gmt":"2025-09-30T19:54:36","guid":{"rendered":"https:\/\/trukme.lv\/produkti\/uncategorized\/strongmax-atvilktnu-malas-a121-g650-kd-tumsi-pelekas\/"},"modified":"2025-10-02T12:42:03","modified_gmt":"2025-10-02T09:42:03","slug":"strongmax-atvilktnu-malas-a121-g650-kd-tumsi-pelekas","status":"publish","type":"product","link":"https:\/\/trukme.lv\/en\/products\/furniture-fittings\/drawer-systems\/more-information-about-drawer-systems\/drawer-sides\/strongmax-atvilktnu-malas-a121-g650-kd-tumsi-pelekas\/","title":{"rendered":"StrongMax drawer sides (K+D) H121 mm, D650 mm, dark grey"},"content":{"rendered":"","protected":false},"excerpt":{"rendered":"","protected":false},"featured_media":266117,"template":"","meta":{"_acf_changed":false},"product_brand":[7041],"product_cat":[6351,6337,6305,6347],"product_tag":[],"class_list":{"0":"post-274497","1":"product","2":"type-product","3":"status-publish","4":"has-post-thumbnail","6":"product_brand-strong-en","7":"product_cat-drawer-sides","8":"product_cat-drawer-systems","9":"product_cat-furniture-fittings","10":"product_cat-more-information-about-drawer-systems","11":"pa_kolekcija-strong-strongmax-en","12":"pa_puse-paris-kd-en","14":"first","15":"instock","16":"product-type-simple"},"acf":[],"yoast_head":"<!-- This site is optimized with the Yoast SEO plugin v26.5 - https:\/\/yoast.com\/wordpress\/plugins\/seo\/ -->\n<title>StrongMax drawer sides (K+D) H121 mm, D650 mm, dark grey - Trukm\u0117<\/title>\n<meta name=\"robots\" content=\"index, follow, max-snippet:-1, max-image-preview:large, max-video-preview:-1\" \/>\n<link rel=\"canonical\" href=\"https:\/\/trukme.lv\/en\/products\/furniture-fittings\/drawer-systems\/more-information-about-drawer-systems\/drawer-sides\/strongmax-atvilktnu-malas-a121-g650-kd-tumsi-pelekas\/\" \/>\n<meta property=\"og:locale\" content=\"en_GB\" \/>\n<meta property=\"og:type\" content=\"article\" \/>\n<meta property=\"og:title\" content=\"StrongMax drawer sides (K+D) H121 mm, D650 mm, dark grey - Trukm\u0117\" \/>\n<meta property=\"og:url\" content=\"https:\/\/trukme.lv\/en\/products\/furniture-fittings\/drawer-systems\/more-information-about-drawer-systems\/drawer-sides\/strongmax-atvilktnu-malas-a121-g650-kd-tumsi-pelekas\/\" \/>\n<meta property=\"og:site_name\" content=\"Trukm\u0117\" \/>\n<meta property=\"article:modified_time\" content=\"2025-10-02T09:42:03+00:00\" \/>\n<meta property=\"og:image\" content=\"https:\/\/i0.wp.com\/trukme.lv\/wp-content\/uploads\/2025\/09\/1513020081.webp?fit=862%2C650&ssl=1\" \/>\n\t<meta property=\"og:image:width\" content=\"862\" \/>\n\t<meta property=\"og:image:height\" content=\"650\" \/>\n\t<meta property=\"og:image:type\" content=\"image\/webp\" \/>\n<meta name=\"twitter:card\" content=\"summary_large_image\" \/>\n<script type=\"application\/ld+json\" class=\"yoast-schema-graph\">{\"@context\":\"https:\/\/schema.org\",\"@graph\":[{\"@type\":\"WebPage\",\"@id\":\"https:\/\/trukme.lv\/en\/products\/furniture-fittings\/drawer-systems\/more-information-about-drawer-systems\/drawer-sides\/strongmax-atvilktnu-malas-a121-g650-kd-tumsi-pelekas\/\",\"url\":\"https:\/\/trukme.lv\/en\/products\/furniture-fittings\/drawer-systems\/more-information-about-drawer-systems\/drawer-sides\/strongmax-atvilktnu-malas-a121-g650-kd-tumsi-pelekas\/\",\"name\":\"StrongMax drawer sides (K+D) H121 mm, D650 mm, dark grey - Trukm\u0117\",\"isPartOf\":{\"@id\":\"https:\/\/trukme.lv\/en\/#website\"},\"primaryImageOfPage\":{\"@id\":\"https:\/\/trukme.lv\/en\/products\/furniture-fittings\/drawer-systems\/more-information-about-drawer-systems\/drawer-sides\/strongmax-atvilktnu-malas-a121-g650-kd-tumsi-pelekas\/#primaryimage\"},\"image\":{\"@id\":\"https:\/\/trukme.lv\/en\/products\/furniture-fittings\/drawer-systems\/more-information-about-drawer-systems\/drawer-sides\/strongmax-atvilktnu-malas-a121-g650-kd-tumsi-pelekas\/#primaryimage\"},\"thumbnailUrl\":\"https:\/\/i0.wp.com\/trukme.lv\/wp-content\/uploads\/2025\/09\/1513020081.webp?fit=862%2C650&ssl=1\",\"datePublished\":\"2025-09-30T19:54:36+00:00\",\"dateModified\":\"2025-10-02T09:42:03+00:00\",\"breadcrumb\":{\"@id\":\"https:\/\/trukme.lv\/en\/products\/furniture-fittings\/drawer-systems\/more-information-about-drawer-systems\/drawer-sides\/strongmax-atvilktnu-malas-a121-g650-kd-tumsi-pelekas\/#breadcrumb\"},\"inLanguage\":\"en-GB\",\"potentialAction\":[{\"@type\":\"ReadAction\",\"target\":[\"https:\/\/trukme.lv\/en\/products\/furniture-fittings\/drawer-systems\/more-information-about-drawer-systems\/drawer-sides\/strongmax-atvilktnu-malas-a121-g650-kd-tumsi-pelekas\/\"]}]},{\"@type\":\"ImageObject\",\"inLanguage\":\"en-GB\",\"@id\":\"https:\/\/trukme.lv\/en\/products\/furniture-fittings\/drawer-systems\/more-information-about-drawer-systems\/drawer-sides\/strongmax-atvilktnu-malas-a121-g650-kd-tumsi-pelekas\/#primaryimage\",\"url\":\"https:\/\/i0.wp.com\/trukme.lv\/wp-content\/uploads\/2025\/09\/1513020081.webp?fit=862%2C650&ssl=1\",\"contentUrl\":\"https:\/\/i0.wp.com\/trukme.lv\/wp-content\/uploads\/2025\/09\/1513020081.webp?fit=862%2C650&ssl=1\",\"width\":862,\"height\":650},{\"@type\":\"BreadcrumbList\",\"@id\":\"https:\/\/trukme.lv\/en\/products\/furniture-fittings\/drawer-systems\/more-information-about-drawer-systems\/drawer-sides\/strongmax-atvilktnu-malas-a121-g650-kd-tumsi-pelekas\/#breadcrumb\",\"itemListElement\":[{\"@type\":\"ListItem\",\"position\":1,\"name\":\"Home\",\"item\":\"https:\/\/trukme.lv\/en\/home\/\"},{\"@type\":\"ListItem\",\"position\":2,\"name\":\"Products\",\"item\":\"https:\/\/trukme.lv\/en\/products\/\"},{\"@type\":\"ListItem\",\"position\":3,\"name\":\"StrongMax drawer sides (K+D) H121 mm, D650 mm, dark grey\"}]},{\"@type\":\"WebSite\",\"@id\":\"https:\/\/trukme.lv\/en\/#website\",\"url\":\"https:\/\/trukme.lv\/en\/\",\"name\":\"Trukm\u0117\",\"description\":\"M\u0113be\u013cu pane\u013ci, galda virsmas, m\u0113be\u013cu furnit\u016bra. Virtuves m\u0113be\u013cu, skapju, vannas istabas m\u0113be\u013cu u.c. sortiments. Paz\u012bstami un uzticami ra\u017eot\u0101ji.\",\"potentialAction\":[{\"@type\":\"SearchAction\",\"target\":{\"@type\":\"EntryPoint\",\"urlTemplate\":\"https:\/\/trukme.lv\/en\/?s={search_term_string}\"},\"query-input\":{\"@type\":\"PropertyValueSpecification\",\"valueRequired\":true,\"valueName\":\"search_term_string\"}}],\"inLanguage\":\"en-GB\"}]}<\/script>\n<!-- \/ Yoast SEO plugin. -->","yoast_head_json":{"title":"StrongMax drawer sides (K+D) H121 mm, D650 mm, dark grey - Trukm\u0117","robots":{"index":"index","follow":"follow","max-snippet":"max-snippet:-1","max-image-preview":"max-image-preview:large","max-video-preview":"max-video-preview:-1"},"canonical":"https:\/\/trukme.lv\/en\/products\/furniture-fittings\/drawer-systems\/more-information-about-drawer-systems\/drawer-sides\/strongmax-atvilktnu-malas-a121-g650-kd-tumsi-pelekas\/","og_locale":"en_GB","og_type":"article","og_title":"StrongMax drawer sides (K+D) H121 mm, D650 mm, dark grey - Trukm\u0117","og_url":"https:\/\/trukme.lv\/en\/products\/furniture-fittings\/drawer-systems\/more-information-about-drawer-systems\/drawer-sides\/strongmax-atvilktnu-malas-a121-g650-kd-tumsi-pelekas\/","og_site_name":"Trukm\u0117","article_modified_time":"2025-10-02T09:42:03+00:00","og_image":[{"width":862,"height":650,"url":"https:\/\/i0.wp.com\/trukme.lv\/wp-content\/uploads\/2025\/09\/1513020081.webp?fit=862%2C650&ssl=1","type":"image\/webp"}],"twitter_card":"summary_large_image","schema":{"@context":"https:\/\/schema.org","@graph":[{"@type":"WebPage","@id":"https:\/\/trukme.lv\/en\/products\/furniture-fittings\/drawer-systems\/more-information-about-drawer-systems\/drawer-sides\/strongmax-atvilktnu-malas-a121-g650-kd-tumsi-pelekas\/","url":"https:\/\/trukme.lv\/en\/products\/furniture-fittings\/drawer-systems\/more-information-about-drawer-systems\/drawer-sides\/strongmax-atvilktnu-malas-a121-g650-kd-tumsi-pelekas\/","name":"StrongMax drawer sides (K+D) H121 mm, D650 mm, dark grey - Trukm\u0117","isPartOf":{"@id":"https:\/\/trukme.lv\/en\/#website"},"primaryImageOfPage":{"@id":"https:\/\/trukme.lv\/en\/products\/furniture-fittings\/drawer-systems\/more-information-about-drawer-systems\/drawer-sides\/strongmax-atvilktnu-malas-a121-g650-kd-tumsi-pelekas\/#primaryimage"},"image":{"@id":"https:\/\/trukme.lv\/en\/products\/furniture-fittings\/drawer-systems\/more-information-about-drawer-systems\/drawer-sides\/strongmax-atvilktnu-malas-a121-g650-kd-tumsi-pelekas\/#primaryimage"},"thumbnailUrl":"https:\/\/i0.wp.com\/trukme.lv\/wp-content\/uploads\/2025\/09\/1513020081.webp?fit=862%2C650&ssl=1","datePublished":"2025-09-30T19:54:36+00:00","dateModified":"2025-10-02T09:42:03+00:00","breadcrumb":{"@id":"https:\/\/trukme.lv\/en\/products\/furniture-fittings\/drawer-systems\/more-information-about-drawer-systems\/drawer-sides\/strongmax-atvilktnu-malas-a121-g650-kd-tumsi-pelekas\/#breadcrumb"},"inLanguage":"en-GB","potentialAction":[{"@type":"ReadAction","target":["https:\/\/trukme.lv\/en\/products\/furniture-fittings\/drawer-systems\/more-information-about-drawer-systems\/drawer-sides\/strongmax-atvilktnu-malas-a121-g650-kd-tumsi-pelekas\/"]}]},{"@type":"ImageObject","inLanguage":"en-GB","@id":"https:\/\/trukme.lv\/en\/products\/furniture-fittings\/drawer-systems\/more-information-about-drawer-systems\/drawer-sides\/strongmax-atvilktnu-malas-a121-g650-kd-tumsi-pelekas\/#primaryimage","url":"https:\/\/i0.wp.com\/trukme.lv\/wp-content\/uploads\/2025\/09\/1513020081.webp?fit=862%2C650&ssl=1","contentUrl":"https:\/\/i0.wp.com\/trukme.lv\/wp-content\/uploads\/2025\/09\/1513020081.webp?fit=862%2C650&ssl=1","width":862,"height":650},{"@type":"BreadcrumbList","@id":"https:\/\/trukme.lv\/en\/products\/furniture-fittings\/drawer-systems\/more-information-about-drawer-systems\/drawer-sides\/strongmax-atvilktnu-malas-a121-g650-kd-tumsi-pelekas\/#breadcrumb","itemListElement":[{"@type":"ListItem","position":1,"name":"Home","item":"https:\/\/trukme.lv\/en\/home\/"},{"@type":"ListItem","position":2,"name":"Products","item":"https:\/\/trukme.lv\/en\/products\/"},{"@type":"ListItem","position":3,"name":"StrongMax drawer sides (K+D) H121 mm, D650 mm, dark grey"}]},{"@type":"WebSite","@id":"https:\/\/trukme.lv\/en\/#website","url":"https:\/\/trukme.lv\/en\/","name":"Trukm\u0117","description":"M\u0113be\u013cu pane\u013ci, galda virsmas, m\u0113be\u013cu furnit\u016bra. Virtuves m\u0113be\u013cu, skapju, vannas istabas m\u0113be\u013cu u.c. sortiments. Paz\u012bstami un uzticami ra\u017eot\u0101ji.","potentialAction":[{"@type":"SearchAction","target":{"@type":"EntryPoint","urlTemplate":"https:\/\/trukme.lv\/en\/?s={search_term_string}"},"query-input":{"@type":"PropertyValueSpecification","valueRequired":true,"valueName":"search_term_string"}}],"inLanguage":"en-GB"}]}},"jetpack_sharing_enabled":true,"_links":{"self":[{"href":"https:\/\/trukme.lv\/en\/wp-json\/wp\/v2\/product\/274497","targetHints":{"allow":["GET"]}}],"collection":[{"href":"https:\/\/trukme.lv\/en\/wp-json\/wp\/v2\/product"}],"about":[{"href":"https:\/\/trukme.lv\/en\/wp-json\/wp\/v2\/types\/product"}],"wp:featuredmedia":[{"embeddable":true,"href":"https:\/\/trukme.lv\/en\/wp-json\/wp\/v2\/media\/266117"}],"wp:attachment":[{"href":"https:\/\/trukme.lv\/en\/wp-json\/wp\/v2\/media?parent=274497"}],"wp:term":[{"taxonomy":"product_brand","embeddable":true,"href":"https:\/\/trukme.lv\/en\/wp-json\/wp\/v2\/product_brand?post=274497"},{"taxonomy":"product_cat","embeddable":true,"href":"https:\/\/trukme.lv\/en\/wp-json\/wp\/v2\/product_cat?post=274497"},{"taxonomy":"product_tag","embeddable":true,"href":"https:\/\/trukme.lv\/en\/wp-json\/wp\/v2\/product_tag?post=274497"}],"curies":[{"name":"wp","href":"https:\/\/api.w.org\/{rel}","templated":true}]}}