{"id":274620,"date":"2025-09-30T22:34:00","date_gmt":"2025-09-30T19:34:00","guid":{"rendered":"https:\/\/trukme.lv\/produkti\/uncategorized\/regulejama-augstuma-galds-galda-virsma-1300x750x25mm-pelekas-kajas-melna-galda-virsma\/"},"modified":"2025-10-02T12:42:52","modified_gmt":"2025-10-02T09:42:52","slug":"regulejama-augstuma-galds-galda-virsma-1300x750x25mm-pelekas-kajas-melna-galda-virsma","status":"publish","type":"product","link":"https:\/\/trukme.lv\/en\/products\/furniture-and-interior-details\/adjustable-height-desks\/regulejama-augstuma-galds-galda-virsma-1300x750x25mm-pelekas-kajas-melna-galda-virsma\/","title":{"rendered":"Height-adjustable desk, countertop 1300x750x25mm, grey legs\/black countertop"},"content":{"rendered":"<p>ROL ERGO has developed high-quality adjustable movable desk frame mechanisms that can be easily regulated. By combining them with the most popular desktop decor options, we offer a choice of color combinations suitable for any interior, creating a comfortable and functional workspace.<br \/>\nSpecification:<br \/>\nDesk surface: 1300x750x25 mm;<br \/>\nMaximum load: 120 kg (weight must be evenly distributed);<br \/>\nNoise level: less than 48 dB; Lifting\/lowering speed: 32\u201340 mm\/s (varies depending on load);<br \/>\nAssembly: delivered unassembled;<br \/>\nAdjustable height: 585\u20131235 mm (without desk surface and base, base 31\u201340 mm); For easier use, minimum and maximum height parameters can be saved so that the desk is always set at the most ergonomic level. Working will be more comfortable, with no back, neck, or shoulder pain, and tasks will be completed faster due to easier concentration.<\/p>\n","protected":false},"excerpt":{"rendered":"<p>ROL ERGO has developed high-quality adjustable movable desk frame mechanisms that can be easily regulated. By combining them with the most popular desktop decor options, we offer a choice of color combinations suitable for any interior, creating a comfortable and functional workspace. Specification: Desk surface: 1300x750x25 mm; Maximum load: 120 kg (weight must be evenly&#8230;<\/p>\n","protected":false},"featured_media":263558,"template":"","meta":{"_acf_changed":false},"product_brand":[1118],"product_cat":[6299,6293],"product_tag":[],"class_list":{"0":"post-274620","1":"product","2":"type-product","3":"status-publish","4":"has-post-thumbnail","6":"product_brand-various-manufacturers","7":"product_cat-adjustable-height-desks","8":"product_cat-furniture-and-interior-details","10":"first","11":"instock","12":"product-type-simple"},"acf":[],"yoast_head":"<!-- This site is optimized with the Yoast SEO plugin v26.5 - https:\/\/yoast.com\/wordpress\/plugins\/seo\/ -->\n<title>Height-adjustable desk, countertop 1300x750x25mm, grey legs\/black countertop - Trukm\u0117<\/title>\n<meta name=\"robots\" content=\"index, follow, max-snippet:-1, max-image-preview:large, max-video-preview:-1\" \/>\n<link rel=\"canonical\" href=\"https:\/\/trukme.lv\/en\/products\/furniture-and-interior-details\/adjustable-height-desks\/regulejama-augstuma-galds-galda-virsma-1300x750x25mm-pelekas-kajas-melna-galda-virsma\/\" \/>\n<meta property=\"og:locale\" content=\"en_GB\" \/>\n<meta property=\"og:type\" content=\"article\" \/>\n<meta property=\"og:title\" content=\"Height-adjustable desk, countertop 1300x750x25mm, grey legs\/black countertop - Trukm\u0117\" \/>\n<meta property=\"og:description\" content=\"ROL ERGO has developed high-quality adjustable movable desk frame mechanisms that can be easily regulated. By combining them with the most popular desktop decor options, we offer a choice of color combinations suitable for any interior, creating a comfortable and functional workspace. Specification: Desk surface: 1300x750x25 mm; Maximum load: 120 kg (weight must be evenly...\" \/>\n<meta property=\"og:url\" content=\"https:\/\/trukme.lv\/en\/products\/furniture-and-interior-details\/adjustable-height-desks\/regulejama-augstuma-galds-galda-virsma-1300x750x25mm-pelekas-kajas-melna-galda-virsma\/\" \/>\n<meta property=\"og:site_name\" content=\"Trukm\u0117\" \/>\n<meta property=\"article:modified_time\" content=\"2025-10-02T09:42:52+00:00\" \/>\n<meta property=\"og:image\" content=\"https:\/\/i0.wp.com\/trukme.lv\/wp-content\/uploads\/2025\/09\/1509060010.webp?fit=2048%2C2048&ssl=1\" \/>\n\t<meta property=\"og:image:width\" content=\"2048\" \/>\n\t<meta property=\"og:image:height\" content=\"2048\" \/>\n\t<meta property=\"og:image:type\" content=\"image\/webp\" \/>\n<meta name=\"twitter:card\" content=\"summary_large_image\" \/>\n<meta name=\"twitter:label1\" content=\"Estimated reading time\" \/>\n\t<meta name=\"twitter:data1\" content=\"1 minute\" \/>\n<script type=\"application\/ld+json\" class=\"yoast-schema-graph\">{\"@context\":\"https:\/\/schema.org\",\"@graph\":[{\"@type\":\"WebPage\",\"@id\":\"https:\/\/trukme.lv\/en\/products\/furniture-and-interior-details\/adjustable-height-desks\/regulejama-augstuma-galds-galda-virsma-1300x750x25mm-pelekas-kajas-melna-galda-virsma\/\",\"url\":\"https:\/\/trukme.lv\/en\/products\/furniture-and-interior-details\/adjustable-height-desks\/regulejama-augstuma-galds-galda-virsma-1300x750x25mm-pelekas-kajas-melna-galda-virsma\/\",\"name\":\"Height-adjustable desk, countertop 1300x750x25mm, grey legs\/black countertop - Trukm\u0117\",\"isPartOf\":{\"@id\":\"https:\/\/trukme.lv\/en\/#website\"},\"primaryImageOfPage\":{\"@id\":\"https:\/\/trukme.lv\/en\/products\/furniture-and-interior-details\/adjustable-height-desks\/regulejama-augstuma-galds-galda-virsma-1300x750x25mm-pelekas-kajas-melna-galda-virsma\/#primaryimage\"},\"image\":{\"@id\":\"https:\/\/trukme.lv\/en\/products\/furniture-and-interior-details\/adjustable-height-desks\/regulejama-augstuma-galds-galda-virsma-1300x750x25mm-pelekas-kajas-melna-galda-virsma\/#primaryimage\"},\"thumbnailUrl\":\"https:\/\/i0.wp.com\/trukme.lv\/wp-content\/uploads\/2025\/09\/1509060010.webp?fit=2048%2C2048&ssl=1\",\"datePublished\":\"2025-09-30T19:34:00+00:00\",\"dateModified\":\"2025-10-02T09:42:52+00:00\",\"breadcrumb\":{\"@id\":\"https:\/\/trukme.lv\/en\/products\/furniture-and-interior-details\/adjustable-height-desks\/regulejama-augstuma-galds-galda-virsma-1300x750x25mm-pelekas-kajas-melna-galda-virsma\/#breadcrumb\"},\"inLanguage\":\"en-GB\",\"potentialAction\":[{\"@type\":\"ReadAction\",\"target\":[\"https:\/\/trukme.lv\/en\/products\/furniture-and-interior-details\/adjustable-height-desks\/regulejama-augstuma-galds-galda-virsma-1300x750x25mm-pelekas-kajas-melna-galda-virsma\/\"]}]},{\"@type\":\"ImageObject\",\"inLanguage\":\"en-GB\",\"@id\":\"https:\/\/trukme.lv\/en\/products\/furniture-and-interior-details\/adjustable-height-desks\/regulejama-augstuma-galds-galda-virsma-1300x750x25mm-pelekas-kajas-melna-galda-virsma\/#primaryimage\",\"url\":\"https:\/\/i0.wp.com\/trukme.lv\/wp-content\/uploads\/2025\/09\/1509060010.webp?fit=2048%2C2048&ssl=1\",\"contentUrl\":\"https:\/\/i0.wp.com\/trukme.lv\/wp-content\/uploads\/2025\/09\/1509060010.webp?fit=2048%2C2048&ssl=1\",\"width\":2048,\"height\":2048},{\"@type\":\"BreadcrumbList\",\"@id\":\"https:\/\/trukme.lv\/en\/products\/furniture-and-interior-details\/adjustable-height-desks\/regulejama-augstuma-galds-galda-virsma-1300x750x25mm-pelekas-kajas-melna-galda-virsma\/#breadcrumb\",\"itemListElement\":[{\"@type\":\"ListItem\",\"position\":1,\"name\":\"Home\",\"item\":\"https:\/\/trukme.lv\/en\/home\/\"},{\"@type\":\"ListItem\",\"position\":2,\"name\":\"Products\",\"item\":\"https:\/\/trukme.lv\/en\/products\/\"},{\"@type\":\"ListItem\",\"position\":3,\"name\":\"Height-adjustable desk, countertop 1300x750x25mm, grey legs\/black countertop\"}]},{\"@type\":\"WebSite\",\"@id\":\"https:\/\/trukme.lv\/en\/#website\",\"url\":\"https:\/\/trukme.lv\/en\/\",\"name\":\"Trukm\u0117\",\"description\":\"M\u0113be\u013cu pane\u013ci, galda virsmas, m\u0113be\u013cu furnit\u016bra. Virtuves m\u0113be\u013cu, skapju, vannas istabas m\u0113be\u013cu u.c. sortiments. Paz\u012bstami un uzticami ra\u017eot\u0101ji.\",\"potentialAction\":[{\"@type\":\"SearchAction\",\"target\":{\"@type\":\"EntryPoint\",\"urlTemplate\":\"https:\/\/trukme.lv\/en\/?s={search_term_string}\"},\"query-input\":{\"@type\":\"PropertyValueSpecification\",\"valueRequired\":true,\"valueName\":\"search_term_string\"}}],\"inLanguage\":\"en-GB\"}]}<\/script>\n<!-- \/ Yoast SEO plugin. -->","yoast_head_json":{"title":"Height-adjustable desk, countertop 1300x750x25mm, grey legs\/black countertop - Trukm\u0117","robots":{"index":"index","follow":"follow","max-snippet":"max-snippet:-1","max-image-preview":"max-image-preview:large","max-video-preview":"max-video-preview:-1"},"canonical":"https:\/\/trukme.lv\/en\/products\/furniture-and-interior-details\/adjustable-height-desks\/regulejama-augstuma-galds-galda-virsma-1300x750x25mm-pelekas-kajas-melna-galda-virsma\/","og_locale":"en_GB","og_type":"article","og_title":"Height-adjustable desk, countertop 1300x750x25mm, grey legs\/black countertop - Trukm\u0117","og_description":"ROL ERGO has developed high-quality adjustable movable desk frame mechanisms that can be easily regulated. By combining them with the most popular desktop decor options, we offer a choice of color combinations suitable for any interior, creating a comfortable and functional workspace. Specification: Desk surface: 1300x750x25 mm; Maximum load: 120 kg (weight must be evenly...","og_url":"https:\/\/trukme.lv\/en\/products\/furniture-and-interior-details\/adjustable-height-desks\/regulejama-augstuma-galds-galda-virsma-1300x750x25mm-pelekas-kajas-melna-galda-virsma\/","og_site_name":"Trukm\u0117","article_modified_time":"2025-10-02T09:42:52+00:00","og_image":[{"width":2048,"height":2048,"url":"https:\/\/i0.wp.com\/trukme.lv\/wp-content\/uploads\/2025\/09\/1509060010.webp?fit=2048%2C2048&ssl=1","type":"image\/webp"}],"twitter_card":"summary_large_image","twitter_misc":{"Estimated reading time":"1 minute"},"schema":{"@context":"https:\/\/schema.org","@graph":[{"@type":"WebPage","@id":"https:\/\/trukme.lv\/en\/products\/furniture-and-interior-details\/adjustable-height-desks\/regulejama-augstuma-galds-galda-virsma-1300x750x25mm-pelekas-kajas-melna-galda-virsma\/","url":"https:\/\/trukme.lv\/en\/products\/furniture-and-interior-details\/adjustable-height-desks\/regulejama-augstuma-galds-galda-virsma-1300x750x25mm-pelekas-kajas-melna-galda-virsma\/","name":"Height-adjustable desk, countertop 1300x750x25mm, grey legs\/black countertop - Trukm\u0117","isPartOf":{"@id":"https:\/\/trukme.lv\/en\/#website"},"primaryImageOfPage":{"@id":"https:\/\/trukme.lv\/en\/products\/furniture-and-interior-details\/adjustable-height-desks\/regulejama-augstuma-galds-galda-virsma-1300x750x25mm-pelekas-kajas-melna-galda-virsma\/#primaryimage"},"image":{"@id":"https:\/\/trukme.lv\/en\/products\/furniture-and-interior-details\/adjustable-height-desks\/regulejama-augstuma-galds-galda-virsma-1300x750x25mm-pelekas-kajas-melna-galda-virsma\/#primaryimage"},"thumbnailUrl":"https:\/\/i0.wp.com\/trukme.lv\/wp-content\/uploads\/2025\/09\/1509060010.webp?fit=2048%2C2048&ssl=1","datePublished":"2025-09-30T19:34:00+00:00","dateModified":"2025-10-02T09:42:52+00:00","breadcrumb":{"@id":"https:\/\/trukme.lv\/en\/products\/furniture-and-interior-details\/adjustable-height-desks\/regulejama-augstuma-galds-galda-virsma-1300x750x25mm-pelekas-kajas-melna-galda-virsma\/#breadcrumb"},"inLanguage":"en-GB","potentialAction":[{"@type":"ReadAction","target":["https:\/\/trukme.lv\/en\/products\/furniture-and-interior-details\/adjustable-height-desks\/regulejama-augstuma-galds-galda-virsma-1300x750x25mm-pelekas-kajas-melna-galda-virsma\/"]}]},{"@type":"ImageObject","inLanguage":"en-GB","@id":"https:\/\/trukme.lv\/en\/products\/furniture-and-interior-details\/adjustable-height-desks\/regulejama-augstuma-galds-galda-virsma-1300x750x25mm-pelekas-kajas-melna-galda-virsma\/#primaryimage","url":"https:\/\/i0.wp.com\/trukme.lv\/wp-content\/uploads\/2025\/09\/1509060010.webp?fit=2048%2C2048&ssl=1","contentUrl":"https:\/\/i0.wp.com\/trukme.lv\/wp-content\/uploads\/2025\/09\/1509060010.webp?fit=2048%2C2048&ssl=1","width":2048,"height":2048},{"@type":"BreadcrumbList","@id":"https:\/\/trukme.lv\/en\/products\/furniture-and-interior-details\/adjustable-height-desks\/regulejama-augstuma-galds-galda-virsma-1300x750x25mm-pelekas-kajas-melna-galda-virsma\/#breadcrumb","itemListElement":[{"@type":"ListItem","position":1,"name":"Home","item":"https:\/\/trukme.lv\/en\/home\/"},{"@type":"ListItem","position":2,"name":"Products","item":"https:\/\/trukme.lv\/en\/products\/"},{"@type":"ListItem","position":3,"name":"Height-adjustable desk, countertop 1300x750x25mm, grey legs\/black countertop"}]},{"@type":"WebSite","@id":"https:\/\/trukme.lv\/en\/#website","url":"https:\/\/trukme.lv\/en\/","name":"Trukm\u0117","description":"M\u0113be\u013cu pane\u013ci, galda virsmas, m\u0113be\u013cu furnit\u016bra. Virtuves m\u0113be\u013cu, skapju, vannas istabas m\u0113be\u013cu u.c. sortiments. Paz\u012bstami un uzticami ra\u017eot\u0101ji.","potentialAction":[{"@type":"SearchAction","target":{"@type":"EntryPoint","urlTemplate":"https:\/\/trukme.lv\/en\/?s={search_term_string}"},"query-input":{"@type":"PropertyValueSpecification","valueRequired":true,"valueName":"search_term_string"}}],"inLanguage":"en-GB"}]}},"jetpack_sharing_enabled":true,"_links":{"self":[{"href":"https:\/\/trukme.lv\/en\/wp-json\/wp\/v2\/product\/274620","targetHints":{"allow":["GET"]}}],"collection":[{"href":"https:\/\/trukme.lv\/en\/wp-json\/wp\/v2\/product"}],"about":[{"href":"https:\/\/trukme.lv\/en\/wp-json\/wp\/v2\/types\/product"}],"wp:featuredmedia":[{"embeddable":true,"href":"https:\/\/trukme.lv\/en\/wp-json\/wp\/v2\/media\/263558"}],"wp:attachment":[{"href":"https:\/\/trukme.lv\/en\/wp-json\/wp\/v2\/media?parent=274620"}],"wp:term":[{"taxonomy":"product_brand","embeddable":true,"href":"https:\/\/trukme.lv\/en\/wp-json\/wp\/v2\/product_brand?post=274620"},{"taxonomy":"product_cat","embeddable":true,"href":"https:\/\/trukme.lv\/en\/wp-json\/wp\/v2\/product_cat?post=274620"},{"taxonomy":"product_tag","embeddable":true,"href":"https:\/\/trukme.lv\/en\/wp-json\/wp\/v2\/product_tag?post=274620"}],"curies":[{"name":"wp","href":"https:\/\/api.w.org\/{rel}","templated":true}]}}