{"id":274880,"date":"2025-09-30T21:50:10","date_gmt":"2025-09-30T18:50:10","guid":{"rendered":"https:\/\/trukme.lv\/produkti\/uncategorized\/silikona-hermetikis-fome-flex-skaidrs-310-ml\/"},"modified":"2025-10-02T12:44:32","modified_gmt":"2025-10-02T09:44:32","slug":"silikona-hermetikis-fome-flex-skaidrs-310-ml","status":"publish","type":"product","link":"https:\/\/trukme.lv\/en\/products\/furniture-fittings\/glue\/glue-en-2\/silikona-hermetikis-fome-flex-skaidrs-310-ml\/","title":{"rendered":"Silicone sealant, Fome Flex, clear, 310 ml"},"content":{"rendered":"<p>Premium quality sanitary-acid transparent silicone for professionals. This product is ideal for sealing in bathrooms and kitchens.<br \/>\n100% silicone is resistant to UV rays and temperature fluctuations, making it ideal for indoor and outdoor use. The maximum concentration and highest quality silicone composition, as well as enhanced mold protection, provide a fast and reliable result. The especially fast polymerization time allows a shower, bathtub, or kitchen sink to be used already after 25 minutes. One of the highest hardness ratings on the Shore A scale ensures a durable and very strong joint against mechanical impact. Thanks to optimal density and tensile strength, the product is easy to apply. All these features provide the product with a 10-year guarantee. Joint elasticity \u2013 20 %.<\/p>\n<p>Usage instructions: Surfaces must be clean, dry, and free from grease residues. Cut off the top of the cartridge and screw on the included nozzle. Insert the cartridge into a caulking gun and fill the nozzle with sealant by pressing the gun handle several times. The ratio of depth to width for joints up to 10 mm is 1:1. Minimum depth \u2013 5 mm. For joints wider than 10 mm, the depth is calculated as width divided by 3 plus 6 mm. Operating temperature: from +5 \u00b0C to +40 \u00b0C. Skin formation occurs within 5 minutes. Joint temperature resistance: -40 \u00b0C to +180 \u00b0C. Full cure \u2013 within 24 hours.<\/p>\n<p>Storage: Store vertically in a dry place, at a temperature from +5 \u00b0C to +25 \u00b0C.<\/p>\n","protected":false},"excerpt":{"rendered":"<p>Premium quality sanitary-acid transparent silicone for professionals. This product is ideal for sealing in bathrooms and kitchens. 100% silicone is resistant to UV rays and temperature fluctuations, making it ideal for indoor and outdoor use. The maximum concentration and highest quality silicone composition, as well as enhanced mold protection, provide a fast and reliable result&#8230;.<\/p>\n","protected":false},"featured_media":256375,"template":"","meta":{"_acf_changed":false},"product_brand":[7044],"product_cat":[6305,6447,6450],"product_tag":[],"class_list":{"0":"post-274880","1":"product","2":"type-product","3":"status-publish","4":"has-post-thumbnail","6":"product_brand-tegra-en","7":"product_cat-furniture-fittings","8":"product_cat-glue","9":"product_cat-glue-en-2","11":"first","12":"instock","13":"product-type-simple"},"acf":[],"yoast_head":"<!-- This site is optimized with the Yoast SEO plugin v26.5 - https:\/\/yoast.com\/wordpress\/plugins\/seo\/ -->\n<title>Silicone sealant, Fome Flex, clear, 310 ml - Trukm\u0117<\/title>\n<meta name=\"robots\" content=\"index, follow, max-snippet:-1, max-image-preview:large, max-video-preview:-1\" \/>\n<link rel=\"canonical\" href=\"https:\/\/trukme.lv\/en\/products\/furniture-fittings\/glue\/glue-en-2\/silikona-hermetikis-fome-flex-skaidrs-310-ml\/\" \/>\n<meta property=\"og:locale\" content=\"en_GB\" \/>\n<meta property=\"og:type\" content=\"article\" \/>\n<meta property=\"og:title\" content=\"Silicone sealant, Fome Flex, clear, 310 ml - Trukm\u0117\" \/>\n<meta property=\"og:description\" content=\"Premium quality sanitary-acid transparent silicone for professionals. This product is ideal for sealing in bathrooms and kitchens. 100% silicone is resistant to UV rays and temperature fluctuations, making it ideal for indoor and outdoor use. The maximum concentration and highest quality silicone composition, as well as enhanced mold protection, provide a fast and reliable result....\" \/>\n<meta property=\"og:url\" content=\"https:\/\/trukme.lv\/en\/products\/furniture-fittings\/glue\/glue-en-2\/silikona-hermetikis-fome-flex-skaidrs-310-ml\/\" \/>\n<meta property=\"og:site_name\" content=\"Trukm\u0117\" \/>\n<meta property=\"article:modified_time\" content=\"2025-10-02T09:44:32+00:00\" \/>\n<meta property=\"og:image\" content=\"https:\/\/i0.wp.com\/trukme.lv\/wp-content\/uploads\/2025\/09\/21040118.webp?fit=519%2C519&ssl=1\" \/>\n\t<meta property=\"og:image:width\" content=\"519\" \/>\n\t<meta property=\"og:image:height\" content=\"519\" \/>\n\t<meta property=\"og:image:type\" content=\"image\/webp\" \/>\n<meta name=\"twitter:card\" content=\"summary_large_image\" \/>\n<meta name=\"twitter:label1\" content=\"Estimated reading time\" \/>\n\t<meta name=\"twitter:data1\" content=\"1 minute\" \/>\n<script type=\"application\/ld+json\" class=\"yoast-schema-graph\">{\"@context\":\"https:\/\/schema.org\",\"@graph\":[{\"@type\":\"WebPage\",\"@id\":\"https:\/\/trukme.lv\/en\/products\/furniture-fittings\/glue\/glue-en-2\/silikona-hermetikis-fome-flex-skaidrs-310-ml\/\",\"url\":\"https:\/\/trukme.lv\/en\/products\/furniture-fittings\/glue\/glue-en-2\/silikona-hermetikis-fome-flex-skaidrs-310-ml\/\",\"name\":\"Silicone sealant, Fome Flex, clear, 310 ml - Trukm\u0117\",\"isPartOf\":{\"@id\":\"https:\/\/trukme.lv\/en\/#website\"},\"primaryImageOfPage\":{\"@id\":\"https:\/\/trukme.lv\/en\/products\/furniture-fittings\/glue\/glue-en-2\/silikona-hermetikis-fome-flex-skaidrs-310-ml\/#primaryimage\"},\"image\":{\"@id\":\"https:\/\/trukme.lv\/en\/products\/furniture-fittings\/glue\/glue-en-2\/silikona-hermetikis-fome-flex-skaidrs-310-ml\/#primaryimage\"},\"thumbnailUrl\":\"https:\/\/i0.wp.com\/trukme.lv\/wp-content\/uploads\/2025\/09\/21040118.webp?fit=519%2C519&ssl=1\",\"datePublished\":\"2025-09-30T18:50:10+00:00\",\"dateModified\":\"2025-10-02T09:44:32+00:00\",\"breadcrumb\":{\"@id\":\"https:\/\/trukme.lv\/en\/products\/furniture-fittings\/glue\/glue-en-2\/silikona-hermetikis-fome-flex-skaidrs-310-ml\/#breadcrumb\"},\"inLanguage\":\"en-GB\",\"potentialAction\":[{\"@type\":\"ReadAction\",\"target\":[\"https:\/\/trukme.lv\/en\/products\/furniture-fittings\/glue\/glue-en-2\/silikona-hermetikis-fome-flex-skaidrs-310-ml\/\"]}]},{\"@type\":\"ImageObject\",\"inLanguage\":\"en-GB\",\"@id\":\"https:\/\/trukme.lv\/en\/products\/furniture-fittings\/glue\/glue-en-2\/silikona-hermetikis-fome-flex-skaidrs-310-ml\/#primaryimage\",\"url\":\"https:\/\/i0.wp.com\/trukme.lv\/wp-content\/uploads\/2025\/09\/21040118.webp?fit=519%2C519&ssl=1\",\"contentUrl\":\"https:\/\/i0.wp.com\/trukme.lv\/wp-content\/uploads\/2025\/09\/21040118.webp?fit=519%2C519&ssl=1\",\"width\":519,\"height\":519},{\"@type\":\"BreadcrumbList\",\"@id\":\"https:\/\/trukme.lv\/en\/products\/furniture-fittings\/glue\/glue-en-2\/silikona-hermetikis-fome-flex-skaidrs-310-ml\/#breadcrumb\",\"itemListElement\":[{\"@type\":\"ListItem\",\"position\":1,\"name\":\"Home\",\"item\":\"https:\/\/trukme.lv\/en\/home\/\"},{\"@type\":\"ListItem\",\"position\":2,\"name\":\"Products\",\"item\":\"https:\/\/trukme.lv\/en\/products\/\"},{\"@type\":\"ListItem\",\"position\":3,\"name\":\"Silicone sealant, Fome Flex, clear, 310 ml\"}]},{\"@type\":\"WebSite\",\"@id\":\"https:\/\/trukme.lv\/en\/#website\",\"url\":\"https:\/\/trukme.lv\/en\/\",\"name\":\"Trukm\u0117\",\"description\":\"M\u0113be\u013cu pane\u013ci, galda virsmas, m\u0113be\u013cu furnit\u016bra. Virtuves m\u0113be\u013cu, skapju, vannas istabas m\u0113be\u013cu u.c. sortiments. Paz\u012bstami un uzticami ra\u017eot\u0101ji.\",\"potentialAction\":[{\"@type\":\"SearchAction\",\"target\":{\"@type\":\"EntryPoint\",\"urlTemplate\":\"https:\/\/trukme.lv\/en\/?s={search_term_string}\"},\"query-input\":{\"@type\":\"PropertyValueSpecification\",\"valueRequired\":true,\"valueName\":\"search_term_string\"}}],\"inLanguage\":\"en-GB\"}]}<\/script>\n<!-- \/ Yoast SEO plugin. -->","yoast_head_json":{"title":"Silicone sealant, Fome Flex, clear, 310 ml - Trukm\u0117","robots":{"index":"index","follow":"follow","max-snippet":"max-snippet:-1","max-image-preview":"max-image-preview:large","max-video-preview":"max-video-preview:-1"},"canonical":"https:\/\/trukme.lv\/en\/products\/furniture-fittings\/glue\/glue-en-2\/silikona-hermetikis-fome-flex-skaidrs-310-ml\/","og_locale":"en_GB","og_type":"article","og_title":"Silicone sealant, Fome Flex, clear, 310 ml - Trukm\u0117","og_description":"Premium quality sanitary-acid transparent silicone for professionals. This product is ideal for sealing in bathrooms and kitchens. 100% silicone is resistant to UV rays and temperature fluctuations, making it ideal for indoor and outdoor use. The maximum concentration and highest quality silicone composition, as well as enhanced mold protection, provide a fast and reliable result....","og_url":"https:\/\/trukme.lv\/en\/products\/furniture-fittings\/glue\/glue-en-2\/silikona-hermetikis-fome-flex-skaidrs-310-ml\/","og_site_name":"Trukm\u0117","article_modified_time":"2025-10-02T09:44:32+00:00","og_image":[{"width":519,"height":519,"url":"https:\/\/i0.wp.com\/trukme.lv\/wp-content\/uploads\/2025\/09\/21040118.webp?fit=519%2C519&ssl=1","type":"image\/webp"}],"twitter_card":"summary_large_image","twitter_misc":{"Estimated reading time":"1 minute"},"schema":{"@context":"https:\/\/schema.org","@graph":[{"@type":"WebPage","@id":"https:\/\/trukme.lv\/en\/products\/furniture-fittings\/glue\/glue-en-2\/silikona-hermetikis-fome-flex-skaidrs-310-ml\/","url":"https:\/\/trukme.lv\/en\/products\/furniture-fittings\/glue\/glue-en-2\/silikona-hermetikis-fome-flex-skaidrs-310-ml\/","name":"Silicone sealant, Fome Flex, clear, 310 ml - Trukm\u0117","isPartOf":{"@id":"https:\/\/trukme.lv\/en\/#website"},"primaryImageOfPage":{"@id":"https:\/\/trukme.lv\/en\/products\/furniture-fittings\/glue\/glue-en-2\/silikona-hermetikis-fome-flex-skaidrs-310-ml\/#primaryimage"},"image":{"@id":"https:\/\/trukme.lv\/en\/products\/furniture-fittings\/glue\/glue-en-2\/silikona-hermetikis-fome-flex-skaidrs-310-ml\/#primaryimage"},"thumbnailUrl":"https:\/\/i0.wp.com\/trukme.lv\/wp-content\/uploads\/2025\/09\/21040118.webp?fit=519%2C519&ssl=1","datePublished":"2025-09-30T18:50:10+00:00","dateModified":"2025-10-02T09:44:32+00:00","breadcrumb":{"@id":"https:\/\/trukme.lv\/en\/products\/furniture-fittings\/glue\/glue-en-2\/silikona-hermetikis-fome-flex-skaidrs-310-ml\/#breadcrumb"},"inLanguage":"en-GB","potentialAction":[{"@type":"ReadAction","target":["https:\/\/trukme.lv\/en\/products\/furniture-fittings\/glue\/glue-en-2\/silikona-hermetikis-fome-flex-skaidrs-310-ml\/"]}]},{"@type":"ImageObject","inLanguage":"en-GB","@id":"https:\/\/trukme.lv\/en\/products\/furniture-fittings\/glue\/glue-en-2\/silikona-hermetikis-fome-flex-skaidrs-310-ml\/#primaryimage","url":"https:\/\/i0.wp.com\/trukme.lv\/wp-content\/uploads\/2025\/09\/21040118.webp?fit=519%2C519&ssl=1","contentUrl":"https:\/\/i0.wp.com\/trukme.lv\/wp-content\/uploads\/2025\/09\/21040118.webp?fit=519%2C519&ssl=1","width":519,"height":519},{"@type":"BreadcrumbList","@id":"https:\/\/trukme.lv\/en\/products\/furniture-fittings\/glue\/glue-en-2\/silikona-hermetikis-fome-flex-skaidrs-310-ml\/#breadcrumb","itemListElement":[{"@type":"ListItem","position":1,"name":"Home","item":"https:\/\/trukme.lv\/en\/home\/"},{"@type":"ListItem","position":2,"name":"Products","item":"https:\/\/trukme.lv\/en\/products\/"},{"@type":"ListItem","position":3,"name":"Silicone sealant, Fome Flex, clear, 310 ml"}]},{"@type":"WebSite","@id":"https:\/\/trukme.lv\/en\/#website","url":"https:\/\/trukme.lv\/en\/","name":"Trukm\u0117","description":"M\u0113be\u013cu pane\u013ci, galda virsmas, m\u0113be\u013cu furnit\u016bra. Virtuves m\u0113be\u013cu, skapju, vannas istabas m\u0113be\u013cu u.c. sortiments. Paz\u012bstami un uzticami ra\u017eot\u0101ji.","potentialAction":[{"@type":"SearchAction","target":{"@type":"EntryPoint","urlTemplate":"https:\/\/trukme.lv\/en\/?s={search_term_string}"},"query-input":{"@type":"PropertyValueSpecification","valueRequired":true,"valueName":"search_term_string"}}],"inLanguage":"en-GB"}]}},"jetpack_sharing_enabled":true,"_links":{"self":[{"href":"https:\/\/trukme.lv\/en\/wp-json\/wp\/v2\/product\/274880","targetHints":{"allow":["GET"]}}],"collection":[{"href":"https:\/\/trukme.lv\/en\/wp-json\/wp\/v2\/product"}],"about":[{"href":"https:\/\/trukme.lv\/en\/wp-json\/wp\/v2\/types\/product"}],"wp:featuredmedia":[{"embeddable":true,"href":"https:\/\/trukme.lv\/en\/wp-json\/wp\/v2\/media\/256375"}],"wp:attachment":[{"href":"https:\/\/trukme.lv\/en\/wp-json\/wp\/v2\/media?parent=274880"}],"wp:term":[{"taxonomy":"product_brand","embeddable":true,"href":"https:\/\/trukme.lv\/en\/wp-json\/wp\/v2\/product_brand?post=274880"},{"taxonomy":"product_cat","embeddable":true,"href":"https:\/\/trukme.lv\/en\/wp-json\/wp\/v2\/product_cat?post=274880"},{"taxonomy":"product_tag","embeddable":true,"href":"https:\/\/trukme.lv\/en\/wp-json\/wp\/v2\/product_tag?post=274880"}],"curies":[{"name":"wp","href":"https:\/\/api.w.org\/{rel}","templated":true}]}}