{"id":274917,"date":"2025-09-30T21:33:21","date_gmt":"2025-09-30T18:33:21","guid":{"rendered":"https:\/\/trukme.lv\/produkti\/uncategorized\/neogen-virsmu-lime-p001-un-na341-50ml\/"},"modified":"2025-10-02T12:44:48","modified_gmt":"2025-10-02T09:44:48","slug":"neogen-virsmu-lime-p001-un-na341-50ml","status":"publish","type":"product","link":"https:\/\/trukme.lv\/en\/products\/furniture-fittings\/glue\/glue-en-2\/neogen-virsmu-lime-p001-un-na341-50ml\/","title":{"rendered":"NEOGEN surface adhesive P001 and NA341 50ml"},"content":{"rendered":"<p>JK adhesive \u2013 a two-component reactive joint adhesive designed for bonding solid stone and quartz surfaces. Main components \u2013 acrylates and aluminum trihydroxide. Shelf life (not above 25 \u00b0C) \u2013 5 years. Suitable working time for bonding (10 \u00b0C \u2013 30 \u00b0C) \u2013 8\u201320 minutes. JK adhesive is sold in 50 ml \/ 70 g tubes. To ensure the longest possible shelf life, the adhesive should be stored in a well-ventilated, dark place at 13\u201325 \u00b0C. High temperatures shorten the shelf life. Do not place in a freezer to avoid viscosity problems.<br \/>\nCaution!<br \/>\nH225 Highly flammable liquid and vapors.<br \/>\nH315 Causes skin irritation.<br \/>\nH317 May cause an allergic skin reaction.<br \/>\nH319 Causes serious eye irritation.<br \/>\nH334 May cause allergy or asthma symptoms or breathing difficulties if inhaled.<br \/>\nH335 May irritate the respiratory tract.<br \/>\nH336 May cause drowsiness or dizziness.<br \/>\nH361 Suspected of damaging fertility or the unborn child.<br \/>\nH372 Causes damage to organs through prolonged or repeated exposure.<\/p>\n","protected":false},"excerpt":{"rendered":"<p>JK adhesive \u2013 a two-component reactive joint adhesive designed for bonding solid stone and quartz surfaces. Main components \u2013 acrylates and aluminum trihydroxide. Shelf life (not above 25 \u00b0C) \u2013 5 years. Suitable working time for bonding (10 \u00b0C \u2013 30 \u00b0C) \u2013 8\u201320 minutes. JK adhesive is sold in 50 ml \/ 70 g&#8230;<\/p>\n","protected":false},"featured_media":254685,"template":"","meta":{"_acf_changed":false},"product_brand":[6957],"product_cat":[6305,6447,6450],"product_tag":[],"class_list":{"0":"post-274917","1":"product","2":"type-product","3":"status-publish","4":"has-post-thumbnail","6":"product_brand-gentas-en-2","7":"product_cat-furniture-fittings","8":"product_cat-glue","9":"product_cat-glue-en-2","11":"first","12":"instock","13":"product-type-simple"},"acf":[],"yoast_head":"<!-- This site is optimized with the Yoast SEO plugin v26.5 - https:\/\/yoast.com\/wordpress\/plugins\/seo\/ -->\n<title>NEOGEN surface adhesive P001 and NA341 50ml - Trukm\u0117<\/title>\n<meta name=\"robots\" content=\"index, follow, max-snippet:-1, max-image-preview:large, max-video-preview:-1\" \/>\n<link rel=\"canonical\" href=\"https:\/\/trukme.lv\/en\/products\/furniture-fittings\/glue\/glue-en-2\/neogen-virsmu-lime-p001-un-na341-50ml\/\" \/>\n<meta property=\"og:locale\" content=\"en_GB\" \/>\n<meta property=\"og:type\" content=\"article\" \/>\n<meta property=\"og:title\" content=\"NEOGEN surface adhesive P001 and NA341 50ml - Trukm\u0117\" \/>\n<meta property=\"og:description\" content=\"JK adhesive \u2013 a two-component reactive joint adhesive designed for bonding solid stone and quartz surfaces. Main components \u2013 acrylates and aluminum trihydroxide. Shelf life (not above 25 \u00b0C) \u2013 5 years. Suitable working time for bonding (10 \u00b0C \u2013 30 \u00b0C) \u2013 8\u201320 minutes. JK adhesive is sold in 50 ml \/ 70 g...\" \/>\n<meta property=\"og:url\" content=\"https:\/\/trukme.lv\/en\/products\/furniture-fittings\/glue\/glue-en-2\/neogen-virsmu-lime-p001-un-na341-50ml\/\" \/>\n<meta property=\"og:site_name\" content=\"Trukm\u0117\" \/>\n<meta property=\"article:modified_time\" content=\"2025-10-02T09:44:48+00:00\" \/>\n<meta property=\"og:image\" content=\"https:\/\/i0.wp.com\/trukme.lv\/wp-content\/uploads\/2025\/09\/11118108.webp?fit=2048%2C1588&ssl=1\" \/>\n\t<meta property=\"og:image:width\" content=\"2048\" \/>\n\t<meta property=\"og:image:height\" content=\"1588\" \/>\n\t<meta property=\"og:image:type\" content=\"image\/webp\" \/>\n<meta name=\"twitter:card\" content=\"summary_large_image\" \/>\n<meta name=\"twitter:label1\" content=\"Estimated reading time\" \/>\n\t<meta name=\"twitter:data1\" content=\"1 minute\" \/>\n<script type=\"application\/ld+json\" class=\"yoast-schema-graph\">{\"@context\":\"https:\/\/schema.org\",\"@graph\":[{\"@type\":\"WebPage\",\"@id\":\"https:\/\/trukme.lv\/en\/products\/furniture-fittings\/glue\/glue-en-2\/neogen-virsmu-lime-p001-un-na341-50ml\/\",\"url\":\"https:\/\/trukme.lv\/en\/products\/furniture-fittings\/glue\/glue-en-2\/neogen-virsmu-lime-p001-un-na341-50ml\/\",\"name\":\"NEOGEN surface adhesive P001 and NA341 50ml - Trukm\u0117\",\"isPartOf\":{\"@id\":\"https:\/\/trukme.lv\/en\/#website\"},\"primaryImageOfPage\":{\"@id\":\"https:\/\/trukme.lv\/en\/products\/furniture-fittings\/glue\/glue-en-2\/neogen-virsmu-lime-p001-un-na341-50ml\/#primaryimage\"},\"image\":{\"@id\":\"https:\/\/trukme.lv\/en\/products\/furniture-fittings\/glue\/glue-en-2\/neogen-virsmu-lime-p001-un-na341-50ml\/#primaryimage\"},\"thumbnailUrl\":\"https:\/\/i0.wp.com\/trukme.lv\/wp-content\/uploads\/2025\/09\/11118108.webp?fit=2048%2C1588&ssl=1\",\"datePublished\":\"2025-09-30T18:33:21+00:00\",\"dateModified\":\"2025-10-02T09:44:48+00:00\",\"breadcrumb\":{\"@id\":\"https:\/\/trukme.lv\/en\/products\/furniture-fittings\/glue\/glue-en-2\/neogen-virsmu-lime-p001-un-na341-50ml\/#breadcrumb\"},\"inLanguage\":\"en-GB\",\"potentialAction\":[{\"@type\":\"ReadAction\",\"target\":[\"https:\/\/trukme.lv\/en\/products\/furniture-fittings\/glue\/glue-en-2\/neogen-virsmu-lime-p001-un-na341-50ml\/\"]}]},{\"@type\":\"ImageObject\",\"inLanguage\":\"en-GB\",\"@id\":\"https:\/\/trukme.lv\/en\/products\/furniture-fittings\/glue\/glue-en-2\/neogen-virsmu-lime-p001-un-na341-50ml\/#primaryimage\",\"url\":\"https:\/\/i0.wp.com\/trukme.lv\/wp-content\/uploads\/2025\/09\/11118108.webp?fit=2048%2C1588&ssl=1\",\"contentUrl\":\"https:\/\/i0.wp.com\/trukme.lv\/wp-content\/uploads\/2025\/09\/11118108.webp?fit=2048%2C1588&ssl=1\",\"width\":2048,\"height\":1588},{\"@type\":\"BreadcrumbList\",\"@id\":\"https:\/\/trukme.lv\/en\/products\/furniture-fittings\/glue\/glue-en-2\/neogen-virsmu-lime-p001-un-na341-50ml\/#breadcrumb\",\"itemListElement\":[{\"@type\":\"ListItem\",\"position\":1,\"name\":\"Home\",\"item\":\"https:\/\/trukme.lv\/en\/home\/\"},{\"@type\":\"ListItem\",\"position\":2,\"name\":\"Products\",\"item\":\"https:\/\/trukme.lv\/en\/products\/\"},{\"@type\":\"ListItem\",\"position\":3,\"name\":\"NEOGEN surface adhesive P001 and NA341 50ml\"}]},{\"@type\":\"WebSite\",\"@id\":\"https:\/\/trukme.lv\/en\/#website\",\"url\":\"https:\/\/trukme.lv\/en\/\",\"name\":\"Trukm\u0117\",\"description\":\"M\u0113be\u013cu pane\u013ci, galda virsmas, m\u0113be\u013cu furnit\u016bra. Virtuves m\u0113be\u013cu, skapju, vannas istabas m\u0113be\u013cu u.c. sortiments. Paz\u012bstami un uzticami ra\u017eot\u0101ji.\",\"potentialAction\":[{\"@type\":\"SearchAction\",\"target\":{\"@type\":\"EntryPoint\",\"urlTemplate\":\"https:\/\/trukme.lv\/en\/?s={search_term_string}\"},\"query-input\":{\"@type\":\"PropertyValueSpecification\",\"valueRequired\":true,\"valueName\":\"search_term_string\"}}],\"inLanguage\":\"en-GB\"}]}<\/script>\n<!-- \/ Yoast SEO plugin. -->","yoast_head_json":{"title":"NEOGEN surface adhesive P001 and NA341 50ml - Trukm\u0117","robots":{"index":"index","follow":"follow","max-snippet":"max-snippet:-1","max-image-preview":"max-image-preview:large","max-video-preview":"max-video-preview:-1"},"canonical":"https:\/\/trukme.lv\/en\/products\/furniture-fittings\/glue\/glue-en-2\/neogen-virsmu-lime-p001-un-na341-50ml\/","og_locale":"en_GB","og_type":"article","og_title":"NEOGEN surface adhesive P001 and NA341 50ml - Trukm\u0117","og_description":"JK adhesive \u2013 a two-component reactive joint adhesive designed for bonding solid stone and quartz surfaces. Main components \u2013 acrylates and aluminum trihydroxide. Shelf life (not above 25 \u00b0C) \u2013 5 years. Suitable working time for bonding (10 \u00b0C \u2013 30 \u00b0C) \u2013 8\u201320 minutes. JK adhesive is sold in 50 ml \/ 70 g...","og_url":"https:\/\/trukme.lv\/en\/products\/furniture-fittings\/glue\/glue-en-2\/neogen-virsmu-lime-p001-un-na341-50ml\/","og_site_name":"Trukm\u0117","article_modified_time":"2025-10-02T09:44:48+00:00","og_image":[{"width":2048,"height":1588,"url":"https:\/\/i0.wp.com\/trukme.lv\/wp-content\/uploads\/2025\/09\/11118108.webp?fit=2048%2C1588&ssl=1","type":"image\/webp"}],"twitter_card":"summary_large_image","twitter_misc":{"Estimated reading time":"1 minute"},"schema":{"@context":"https:\/\/schema.org","@graph":[{"@type":"WebPage","@id":"https:\/\/trukme.lv\/en\/products\/furniture-fittings\/glue\/glue-en-2\/neogen-virsmu-lime-p001-un-na341-50ml\/","url":"https:\/\/trukme.lv\/en\/products\/furniture-fittings\/glue\/glue-en-2\/neogen-virsmu-lime-p001-un-na341-50ml\/","name":"NEOGEN surface adhesive P001 and NA341 50ml - Trukm\u0117","isPartOf":{"@id":"https:\/\/trukme.lv\/en\/#website"},"primaryImageOfPage":{"@id":"https:\/\/trukme.lv\/en\/products\/furniture-fittings\/glue\/glue-en-2\/neogen-virsmu-lime-p001-un-na341-50ml\/#primaryimage"},"image":{"@id":"https:\/\/trukme.lv\/en\/products\/furniture-fittings\/glue\/glue-en-2\/neogen-virsmu-lime-p001-un-na341-50ml\/#primaryimage"},"thumbnailUrl":"https:\/\/i0.wp.com\/trukme.lv\/wp-content\/uploads\/2025\/09\/11118108.webp?fit=2048%2C1588&ssl=1","datePublished":"2025-09-30T18:33:21+00:00","dateModified":"2025-10-02T09:44:48+00:00","breadcrumb":{"@id":"https:\/\/trukme.lv\/en\/products\/furniture-fittings\/glue\/glue-en-2\/neogen-virsmu-lime-p001-un-na341-50ml\/#breadcrumb"},"inLanguage":"en-GB","potentialAction":[{"@type":"ReadAction","target":["https:\/\/trukme.lv\/en\/products\/furniture-fittings\/glue\/glue-en-2\/neogen-virsmu-lime-p001-un-na341-50ml\/"]}]},{"@type":"ImageObject","inLanguage":"en-GB","@id":"https:\/\/trukme.lv\/en\/products\/furniture-fittings\/glue\/glue-en-2\/neogen-virsmu-lime-p001-un-na341-50ml\/#primaryimage","url":"https:\/\/i0.wp.com\/trukme.lv\/wp-content\/uploads\/2025\/09\/11118108.webp?fit=2048%2C1588&ssl=1","contentUrl":"https:\/\/i0.wp.com\/trukme.lv\/wp-content\/uploads\/2025\/09\/11118108.webp?fit=2048%2C1588&ssl=1","width":2048,"height":1588},{"@type":"BreadcrumbList","@id":"https:\/\/trukme.lv\/en\/products\/furniture-fittings\/glue\/glue-en-2\/neogen-virsmu-lime-p001-un-na341-50ml\/#breadcrumb","itemListElement":[{"@type":"ListItem","position":1,"name":"Home","item":"https:\/\/trukme.lv\/en\/home\/"},{"@type":"ListItem","position":2,"name":"Products","item":"https:\/\/trukme.lv\/en\/products\/"},{"@type":"ListItem","position":3,"name":"NEOGEN surface adhesive P001 and NA341 50ml"}]},{"@type":"WebSite","@id":"https:\/\/trukme.lv\/en\/#website","url":"https:\/\/trukme.lv\/en\/","name":"Trukm\u0117","description":"M\u0113be\u013cu pane\u013ci, galda virsmas, m\u0113be\u013cu furnit\u016bra. Virtuves m\u0113be\u013cu, skapju, vannas istabas m\u0113be\u013cu u.c. sortiments. Paz\u012bstami un uzticami ra\u017eot\u0101ji.","potentialAction":[{"@type":"SearchAction","target":{"@type":"EntryPoint","urlTemplate":"https:\/\/trukme.lv\/en\/?s={search_term_string}"},"query-input":{"@type":"PropertyValueSpecification","valueRequired":true,"valueName":"search_term_string"}}],"inLanguage":"en-GB"}]}},"jetpack_sharing_enabled":true,"_links":{"self":[{"href":"https:\/\/trukme.lv\/en\/wp-json\/wp\/v2\/product\/274917","targetHints":{"allow":["GET"]}}],"collection":[{"href":"https:\/\/trukme.lv\/en\/wp-json\/wp\/v2\/product"}],"about":[{"href":"https:\/\/trukme.lv\/en\/wp-json\/wp\/v2\/types\/product"}],"wp:featuredmedia":[{"embeddable":true,"href":"https:\/\/trukme.lv\/en\/wp-json\/wp\/v2\/media\/254685"}],"wp:attachment":[{"href":"https:\/\/trukme.lv\/en\/wp-json\/wp\/v2\/media?parent=274917"}],"wp:term":[{"taxonomy":"product_brand","embeddable":true,"href":"https:\/\/trukme.lv\/en\/wp-json\/wp\/v2\/product_brand?post=274917"},{"taxonomy":"product_cat","embeddable":true,"href":"https:\/\/trukme.lv\/en\/wp-json\/wp\/v2\/product_cat?post=274917"},{"taxonomy":"product_tag","embeddable":true,"href":"https:\/\/trukme.lv\/en\/wp-json\/wp\/v2\/product_tag?post=274917"}],"curies":[{"name":"wp","href":"https:\/\/api.w.org\/{rel}","templated":true}]}}