{"id":274924,"date":"2025-09-30T21:33:00","date_gmt":"2025-09-30T18:33:00","guid":{"rendered":"https:\/\/trukme.lv\/produkti\/uncategorized\/polimeru-lime-allbond-high-tack-290ml-balta\/"},"modified":"2025-10-02T12:44:51","modified_gmt":"2025-10-02T09:44:51","slug":"polimeru-lime-allbond-high-tack-290ml-balta","status":"publish","type":"product","link":"https:\/\/trukme.lv\/en\/products\/furniture-fittings\/glue\/glue-en-2\/polimeru-lime-allbond-high-tack-290ml-balta\/","title":{"rendered":"Polymer adhesive Allbond High Tack 290ml, white"},"content":{"rendered":"<p>Universal high-quality sealant and adhesive based on modified polymer. Thanks to thixotropy, suitable for horizontal and vertical joints. Free of solvents, silicone, or isocyanates. Adheres well to almost all surfaces. No bubbles even on damp or wet surfaces. Excellent resistance to UV rays. Can be painted with water-based paints. Non-shrinking. Usage: bonding sheet metal products, sealing air conditioning systems. Flexible bonding of vibrating constructions. Sealing floor joints and slightly moving wall joints. Sealing connections of tanks, cisterns, silo towers, and other containers.<\/p>\n","protected":false},"excerpt":{"rendered":"<p>Universal high-quality sealant and adhesive based on modified polymer. Thanks to thixotropy, suitable for horizontal and vertical joints. Free of solvents, silicone, or isocyanates. Adheres well to almost all surfaces. No bubbles even on damp or wet surfaces. Excellent resistance to UV rays. Can be painted with water-based paints. Non-shrinking. Usage: bonding sheet metal products,&#8230;<\/p>\n","protected":false},"featured_media":254630,"template":"","meta":{"_acf_changed":false},"product_brand":[6901],"product_cat":[6305,6447,6450],"product_tag":[],"class_list":{"0":"post-274924","1":"product","2":"type-product","3":"status-publish","4":"has-post-thumbnail","6":"product_brand-akkim-en","7":"product_cat-furniture-fittings","8":"product_cat-glue","9":"product_cat-glue-en-2","11":"first","12":"instock","13":"product-type-simple"},"acf":[],"yoast_head":"<!-- This site is optimized with the Yoast SEO plugin v26.5 - https:\/\/yoast.com\/wordpress\/plugins\/seo\/ -->\n<title>Polymer adhesive Allbond High Tack 290ml, white - Trukm\u0117<\/title>\n<meta name=\"robots\" content=\"index, follow, max-snippet:-1, max-image-preview:large, max-video-preview:-1\" \/>\n<link rel=\"canonical\" href=\"https:\/\/trukme.lv\/en\/products\/furniture-fittings\/glue\/glue-en-2\/polimeru-lime-allbond-high-tack-290ml-balta\/\" \/>\n<meta property=\"og:locale\" content=\"en_GB\" \/>\n<meta property=\"og:type\" content=\"article\" \/>\n<meta property=\"og:title\" content=\"Polymer adhesive Allbond High Tack 290ml, white - Trukm\u0117\" \/>\n<meta property=\"og:description\" content=\"Universal high-quality sealant and adhesive based on modified polymer. Thanks to thixotropy, suitable for horizontal and vertical joints. Free of solvents, silicone, or isocyanates. Adheres well to almost all surfaces. No bubbles even on damp or wet surfaces. Excellent resistance to UV rays. Can be painted with water-based paints. Non-shrinking. Usage: bonding sheet metal products,...\" \/>\n<meta property=\"og:url\" content=\"https:\/\/trukme.lv\/en\/products\/furniture-fittings\/glue\/glue-en-2\/polimeru-lime-allbond-high-tack-290ml-balta\/\" \/>\n<meta property=\"og:site_name\" content=\"Trukm\u0117\" \/>\n<meta property=\"article:modified_time\" content=\"2025-10-02T09:44:51+00:00\" \/>\n<meta property=\"og:image\" content=\"https:\/\/i0.wp.com\/trukme.lv\/wp-content\/uploads\/2025\/09\/11118095.webp?fit=500%2C500&ssl=1\" \/>\n\t<meta property=\"og:image:width\" content=\"500\" \/>\n\t<meta property=\"og:image:height\" content=\"500\" \/>\n\t<meta property=\"og:image:type\" content=\"image\/webp\" \/>\n<meta name=\"twitter:card\" content=\"summary_large_image\" \/>\n<script type=\"application\/ld+json\" class=\"yoast-schema-graph\">{\"@context\":\"https:\/\/schema.org\",\"@graph\":[{\"@type\":\"WebPage\",\"@id\":\"https:\/\/trukme.lv\/en\/products\/furniture-fittings\/glue\/glue-en-2\/polimeru-lime-allbond-high-tack-290ml-balta\/\",\"url\":\"https:\/\/trukme.lv\/en\/products\/furniture-fittings\/glue\/glue-en-2\/polimeru-lime-allbond-high-tack-290ml-balta\/\",\"name\":\"Polymer adhesive Allbond High Tack 290ml, white - Trukm\u0117\",\"isPartOf\":{\"@id\":\"https:\/\/trukme.lv\/en\/#website\"},\"primaryImageOfPage\":{\"@id\":\"https:\/\/trukme.lv\/en\/products\/furniture-fittings\/glue\/glue-en-2\/polimeru-lime-allbond-high-tack-290ml-balta\/#primaryimage\"},\"image\":{\"@id\":\"https:\/\/trukme.lv\/en\/products\/furniture-fittings\/glue\/glue-en-2\/polimeru-lime-allbond-high-tack-290ml-balta\/#primaryimage\"},\"thumbnailUrl\":\"https:\/\/i0.wp.com\/trukme.lv\/wp-content\/uploads\/2025\/09\/11118095.webp?fit=500%2C500&ssl=1\",\"datePublished\":\"2025-09-30T18:33:00+00:00\",\"dateModified\":\"2025-10-02T09:44:51+00:00\",\"breadcrumb\":{\"@id\":\"https:\/\/trukme.lv\/en\/products\/furniture-fittings\/glue\/glue-en-2\/polimeru-lime-allbond-high-tack-290ml-balta\/#breadcrumb\"},\"inLanguage\":\"en-GB\",\"potentialAction\":[{\"@type\":\"ReadAction\",\"target\":[\"https:\/\/trukme.lv\/en\/products\/furniture-fittings\/glue\/glue-en-2\/polimeru-lime-allbond-high-tack-290ml-balta\/\"]}]},{\"@type\":\"ImageObject\",\"inLanguage\":\"en-GB\",\"@id\":\"https:\/\/trukme.lv\/en\/products\/furniture-fittings\/glue\/glue-en-2\/polimeru-lime-allbond-high-tack-290ml-balta\/#primaryimage\",\"url\":\"https:\/\/i0.wp.com\/trukme.lv\/wp-content\/uploads\/2025\/09\/11118095.webp?fit=500%2C500&ssl=1\",\"contentUrl\":\"https:\/\/i0.wp.com\/trukme.lv\/wp-content\/uploads\/2025\/09\/11118095.webp?fit=500%2C500&ssl=1\",\"width\":500,\"height\":500},{\"@type\":\"BreadcrumbList\",\"@id\":\"https:\/\/trukme.lv\/en\/products\/furniture-fittings\/glue\/glue-en-2\/polimeru-lime-allbond-high-tack-290ml-balta\/#breadcrumb\",\"itemListElement\":[{\"@type\":\"ListItem\",\"position\":1,\"name\":\"Home\",\"item\":\"https:\/\/trukme.lv\/en\/home\/\"},{\"@type\":\"ListItem\",\"position\":2,\"name\":\"Products\",\"item\":\"https:\/\/trukme.lv\/en\/products\/\"},{\"@type\":\"ListItem\",\"position\":3,\"name\":\"Polymer adhesive Allbond High Tack 290ml, white\"}]},{\"@type\":\"WebSite\",\"@id\":\"https:\/\/trukme.lv\/en\/#website\",\"url\":\"https:\/\/trukme.lv\/en\/\",\"name\":\"Trukm\u0117\",\"description\":\"M\u0113be\u013cu pane\u013ci, galda virsmas, m\u0113be\u013cu furnit\u016bra. Virtuves m\u0113be\u013cu, skapju, vannas istabas m\u0113be\u013cu u.c. sortiments. Paz\u012bstami un uzticami ra\u017eot\u0101ji.\",\"potentialAction\":[{\"@type\":\"SearchAction\",\"target\":{\"@type\":\"EntryPoint\",\"urlTemplate\":\"https:\/\/trukme.lv\/en\/?s={search_term_string}\"},\"query-input\":{\"@type\":\"PropertyValueSpecification\",\"valueRequired\":true,\"valueName\":\"search_term_string\"}}],\"inLanguage\":\"en-GB\"}]}<\/script>\n<!-- \/ Yoast SEO plugin. -->","yoast_head_json":{"title":"Polymer adhesive Allbond High Tack 290ml, white - Trukm\u0117","robots":{"index":"index","follow":"follow","max-snippet":"max-snippet:-1","max-image-preview":"max-image-preview:large","max-video-preview":"max-video-preview:-1"},"canonical":"https:\/\/trukme.lv\/en\/products\/furniture-fittings\/glue\/glue-en-2\/polimeru-lime-allbond-high-tack-290ml-balta\/","og_locale":"en_GB","og_type":"article","og_title":"Polymer adhesive Allbond High Tack 290ml, white - Trukm\u0117","og_description":"Universal high-quality sealant and adhesive based on modified polymer. Thanks to thixotropy, suitable for horizontal and vertical joints. Free of solvents, silicone, or isocyanates. Adheres well to almost all surfaces. No bubbles even on damp or wet surfaces. Excellent resistance to UV rays. Can be painted with water-based paints. Non-shrinking. Usage: bonding sheet metal products,...","og_url":"https:\/\/trukme.lv\/en\/products\/furniture-fittings\/glue\/glue-en-2\/polimeru-lime-allbond-high-tack-290ml-balta\/","og_site_name":"Trukm\u0117","article_modified_time":"2025-10-02T09:44:51+00:00","og_image":[{"width":500,"height":500,"url":"https:\/\/i0.wp.com\/trukme.lv\/wp-content\/uploads\/2025\/09\/11118095.webp?fit=500%2C500&ssl=1","type":"image\/webp"}],"twitter_card":"summary_large_image","schema":{"@context":"https:\/\/schema.org","@graph":[{"@type":"WebPage","@id":"https:\/\/trukme.lv\/en\/products\/furniture-fittings\/glue\/glue-en-2\/polimeru-lime-allbond-high-tack-290ml-balta\/","url":"https:\/\/trukme.lv\/en\/products\/furniture-fittings\/glue\/glue-en-2\/polimeru-lime-allbond-high-tack-290ml-balta\/","name":"Polymer adhesive Allbond High Tack 290ml, white - Trukm\u0117","isPartOf":{"@id":"https:\/\/trukme.lv\/en\/#website"},"primaryImageOfPage":{"@id":"https:\/\/trukme.lv\/en\/products\/furniture-fittings\/glue\/glue-en-2\/polimeru-lime-allbond-high-tack-290ml-balta\/#primaryimage"},"image":{"@id":"https:\/\/trukme.lv\/en\/products\/furniture-fittings\/glue\/glue-en-2\/polimeru-lime-allbond-high-tack-290ml-balta\/#primaryimage"},"thumbnailUrl":"https:\/\/i0.wp.com\/trukme.lv\/wp-content\/uploads\/2025\/09\/11118095.webp?fit=500%2C500&ssl=1","datePublished":"2025-09-30T18:33:00+00:00","dateModified":"2025-10-02T09:44:51+00:00","breadcrumb":{"@id":"https:\/\/trukme.lv\/en\/products\/furniture-fittings\/glue\/glue-en-2\/polimeru-lime-allbond-high-tack-290ml-balta\/#breadcrumb"},"inLanguage":"en-GB","potentialAction":[{"@type":"ReadAction","target":["https:\/\/trukme.lv\/en\/products\/furniture-fittings\/glue\/glue-en-2\/polimeru-lime-allbond-high-tack-290ml-balta\/"]}]},{"@type":"ImageObject","inLanguage":"en-GB","@id":"https:\/\/trukme.lv\/en\/products\/furniture-fittings\/glue\/glue-en-2\/polimeru-lime-allbond-high-tack-290ml-balta\/#primaryimage","url":"https:\/\/i0.wp.com\/trukme.lv\/wp-content\/uploads\/2025\/09\/11118095.webp?fit=500%2C500&ssl=1","contentUrl":"https:\/\/i0.wp.com\/trukme.lv\/wp-content\/uploads\/2025\/09\/11118095.webp?fit=500%2C500&ssl=1","width":500,"height":500},{"@type":"BreadcrumbList","@id":"https:\/\/trukme.lv\/en\/products\/furniture-fittings\/glue\/glue-en-2\/polimeru-lime-allbond-high-tack-290ml-balta\/#breadcrumb","itemListElement":[{"@type":"ListItem","position":1,"name":"Home","item":"https:\/\/trukme.lv\/en\/home\/"},{"@type":"ListItem","position":2,"name":"Products","item":"https:\/\/trukme.lv\/en\/products\/"},{"@type":"ListItem","position":3,"name":"Polymer adhesive Allbond High Tack 290ml, white"}]},{"@type":"WebSite","@id":"https:\/\/trukme.lv\/en\/#website","url":"https:\/\/trukme.lv\/en\/","name":"Trukm\u0117","description":"M\u0113be\u013cu pane\u013ci, galda virsmas, m\u0113be\u013cu furnit\u016bra. Virtuves m\u0113be\u013cu, skapju, vannas istabas m\u0113be\u013cu u.c. sortiments. Paz\u012bstami un uzticami ra\u017eot\u0101ji.","potentialAction":[{"@type":"SearchAction","target":{"@type":"EntryPoint","urlTemplate":"https:\/\/trukme.lv\/en\/?s={search_term_string}"},"query-input":{"@type":"PropertyValueSpecification","valueRequired":true,"valueName":"search_term_string"}}],"inLanguage":"en-GB"}]}},"jetpack_sharing_enabled":true,"_links":{"self":[{"href":"https:\/\/trukme.lv\/en\/wp-json\/wp\/v2\/product\/274924","targetHints":{"allow":["GET"]}}],"collection":[{"href":"https:\/\/trukme.lv\/en\/wp-json\/wp\/v2\/product"}],"about":[{"href":"https:\/\/trukme.lv\/en\/wp-json\/wp\/v2\/types\/product"}],"wp:featuredmedia":[{"embeddable":true,"href":"https:\/\/trukme.lv\/en\/wp-json\/wp\/v2\/media\/254630"}],"wp:attachment":[{"href":"https:\/\/trukme.lv\/en\/wp-json\/wp\/v2\/media?parent=274924"}],"wp:term":[{"taxonomy":"product_brand","embeddable":true,"href":"https:\/\/trukme.lv\/en\/wp-json\/wp\/v2\/product_brand?post=274924"},{"taxonomy":"product_cat","embeddable":true,"href":"https:\/\/trukme.lv\/en\/wp-json\/wp\/v2\/product_cat?post=274924"},{"taxonomy":"product_tag","embeddable":true,"href":"https:\/\/trukme.lv\/en\/wp-json\/wp\/v2\/product_tag?post=274924"}],"curies":[{"name":"wp","href":"https:\/\/api.w.org\/{rel}","templated":true}]}}