{"id":274929,"date":"2025-09-30T21:32:32","date_gmt":"2025-09-30T18:32:32","guid":{"rendered":"https:\/\/trukme.lv\/produkti\/uncategorized\/abs-pvc-malu-tiritajs-hraniclean-01-5-l\/"},"modified":"2025-10-02T12:44:53","modified_gmt":"2025-10-02T09:44:53","slug":"abs-pvc-malu-tiritajs-hraniclean-01-5-l","status":"publish","type":"product","link":"https:\/\/trukme.lv\/en\/products\/furniture-fittings\/board-care-products\/board-care-products-en-3\/abs-pvc-malu-tiritajs-hraniclean-01-5-l\/","title":{"rendered":"ABS\/PVC edge cleaner Hraniclean 01, 5 l"},"content":{"rendered":"<p>Speci\u0101lais t\u012br\u012bt\u0101js Hraniclean 01 stands out for its excellent cleaning power and fast drying. Designed for hand removal of adhesive residues, pencil marks, or alcohol-based marker traces from furniture components. Leaves no cleaning traces, contains no aggressive solvents, and has a citrus fragrance. Suitable for almost all furniture surfaces, except acrylic.<br \/>\nUSAGE: When cleaning with Hraniclean 01, it is recommended to use a Hraniwipe microfiber cloth or an alternative \u2013 paper towel. Test on a small area before use. SHELF LIFE: 36 months from the date of manufacture, if stored in the original sealed packaging at 20\u00b0C.<\/p>\n","protected":false},"excerpt":{"rendered":"<p>Speci\u0101lais t\u012br\u012bt\u0101js Hraniclean 01 stands out for its excellent cleaning power and fast drying. Designed for hand removal of adhesive residues, pencil marks, or alcohol-based marker traces from furniture components. Leaves no cleaning traces, contains no aggressive solvents, and has a citrus fragrance. Suitable for almost all furniture surfaces, except acrylic. USAGE: When cleaning with&#8230;<\/p>\n","protected":false},"featured_media":254592,"template":"","meta":{"_acf_changed":false},"product_brand":[6940],"product_cat":[6495,6498,6305],"product_tag":[],"class_list":{"0":"post-274929","1":"product","2":"type-product","3":"status-publish","4":"has-post-thumbnail","6":"product_brand-hranipex-en","7":"product_cat-board-care-products","8":"product_cat-board-care-products-en-3","9":"product_cat-furniture-fittings","11":"first","12":"instock","13":"product-type-simple"},"acf":[],"yoast_head":"<!-- This site is optimized with the Yoast SEO plugin v26.5 - https:\/\/yoast.com\/wordpress\/plugins\/seo\/ -->\n<title>ABS\/PVC edge cleaner Hraniclean 01, 5 l - Trukm\u0117<\/title>\n<meta name=\"robots\" content=\"index, follow, max-snippet:-1, max-image-preview:large, max-video-preview:-1\" \/>\n<link rel=\"canonical\" href=\"https:\/\/trukme.lv\/en\/products\/furniture-fittings\/board-care-products\/board-care-products-en-3\/abs-pvc-malu-tiritajs-hraniclean-01-5-l\/\" \/>\n<meta property=\"og:locale\" content=\"en_GB\" \/>\n<meta property=\"og:type\" content=\"article\" \/>\n<meta property=\"og:title\" content=\"ABS\/PVC edge cleaner Hraniclean 01, 5 l - Trukm\u0117\" \/>\n<meta property=\"og:description\" content=\"Speci\u0101lais t\u012br\u012bt\u0101js Hraniclean 01 stands out for its excellent cleaning power and fast drying. Designed for hand removal of adhesive residues, pencil marks, or alcohol-based marker traces from furniture components. Leaves no cleaning traces, contains no aggressive solvents, and has a citrus fragrance. Suitable for almost all furniture surfaces, except acrylic. USAGE: When cleaning with...\" \/>\n<meta property=\"og:url\" content=\"https:\/\/trukme.lv\/en\/products\/furniture-fittings\/board-care-products\/board-care-products-en-3\/abs-pvc-malu-tiritajs-hraniclean-01-5-l\/\" \/>\n<meta property=\"og:site_name\" content=\"Trukm\u0117\" \/>\n<meta property=\"article:modified_time\" content=\"2025-10-02T09:44:53+00:00\" \/>\n<meta property=\"og:image\" content=\"https:\/\/i0.wp.com\/trukme.lv\/wp-content\/uploads\/2025\/09\/11118086.webp?fit=2048%2C2048&ssl=1\" \/>\n\t<meta property=\"og:image:width\" content=\"2048\" \/>\n\t<meta property=\"og:image:height\" content=\"2048\" \/>\n\t<meta property=\"og:image:type\" content=\"image\/webp\" \/>\n<meta name=\"twitter:card\" content=\"summary_large_image\" \/>\n<script type=\"application\/ld+json\" class=\"yoast-schema-graph\">{\"@context\":\"https:\/\/schema.org\",\"@graph\":[{\"@type\":\"WebPage\",\"@id\":\"https:\/\/trukme.lv\/en\/products\/furniture-fittings\/board-care-products\/board-care-products-en-3\/abs-pvc-malu-tiritajs-hraniclean-01-5-l\/\",\"url\":\"https:\/\/trukme.lv\/en\/products\/furniture-fittings\/board-care-products\/board-care-products-en-3\/abs-pvc-malu-tiritajs-hraniclean-01-5-l\/\",\"name\":\"ABS\/PVC edge cleaner Hraniclean 01, 5 l - Trukm\u0117\",\"isPartOf\":{\"@id\":\"https:\/\/trukme.lv\/en\/#website\"},\"primaryImageOfPage\":{\"@id\":\"https:\/\/trukme.lv\/en\/products\/furniture-fittings\/board-care-products\/board-care-products-en-3\/abs-pvc-malu-tiritajs-hraniclean-01-5-l\/#primaryimage\"},\"image\":{\"@id\":\"https:\/\/trukme.lv\/en\/products\/furniture-fittings\/board-care-products\/board-care-products-en-3\/abs-pvc-malu-tiritajs-hraniclean-01-5-l\/#primaryimage\"},\"thumbnailUrl\":\"https:\/\/i0.wp.com\/trukme.lv\/wp-content\/uploads\/2025\/09\/11118086.webp?fit=2048%2C2048&ssl=1\",\"datePublished\":\"2025-09-30T18:32:32+00:00\",\"dateModified\":\"2025-10-02T09:44:53+00:00\",\"breadcrumb\":{\"@id\":\"https:\/\/trukme.lv\/en\/products\/furniture-fittings\/board-care-products\/board-care-products-en-3\/abs-pvc-malu-tiritajs-hraniclean-01-5-l\/#breadcrumb\"},\"inLanguage\":\"en-GB\",\"potentialAction\":[{\"@type\":\"ReadAction\",\"target\":[\"https:\/\/trukme.lv\/en\/products\/furniture-fittings\/board-care-products\/board-care-products-en-3\/abs-pvc-malu-tiritajs-hraniclean-01-5-l\/\"]}]},{\"@type\":\"ImageObject\",\"inLanguage\":\"en-GB\",\"@id\":\"https:\/\/trukme.lv\/en\/products\/furniture-fittings\/board-care-products\/board-care-products-en-3\/abs-pvc-malu-tiritajs-hraniclean-01-5-l\/#primaryimage\",\"url\":\"https:\/\/i0.wp.com\/trukme.lv\/wp-content\/uploads\/2025\/09\/11118086.webp?fit=2048%2C2048&ssl=1\",\"contentUrl\":\"https:\/\/i0.wp.com\/trukme.lv\/wp-content\/uploads\/2025\/09\/11118086.webp?fit=2048%2C2048&ssl=1\",\"width\":2048,\"height\":2048},{\"@type\":\"BreadcrumbList\",\"@id\":\"https:\/\/trukme.lv\/en\/products\/furniture-fittings\/board-care-products\/board-care-products-en-3\/abs-pvc-malu-tiritajs-hraniclean-01-5-l\/#breadcrumb\",\"itemListElement\":[{\"@type\":\"ListItem\",\"position\":1,\"name\":\"Home\",\"item\":\"https:\/\/trukme.lv\/en\/home\/\"},{\"@type\":\"ListItem\",\"position\":2,\"name\":\"Products\",\"item\":\"https:\/\/trukme.lv\/en\/products\/\"},{\"@type\":\"ListItem\",\"position\":3,\"name\":\"ABS\/PVC edge cleaner Hraniclean 01, 5 l\"}]},{\"@type\":\"WebSite\",\"@id\":\"https:\/\/trukme.lv\/en\/#website\",\"url\":\"https:\/\/trukme.lv\/en\/\",\"name\":\"Trukm\u0117\",\"description\":\"M\u0113be\u013cu pane\u013ci, galda virsmas, m\u0113be\u013cu furnit\u016bra. Virtuves m\u0113be\u013cu, skapju, vannas istabas m\u0113be\u013cu u.c. sortiments. Paz\u012bstami un uzticami ra\u017eot\u0101ji.\",\"potentialAction\":[{\"@type\":\"SearchAction\",\"target\":{\"@type\":\"EntryPoint\",\"urlTemplate\":\"https:\/\/trukme.lv\/en\/?s={search_term_string}\"},\"query-input\":{\"@type\":\"PropertyValueSpecification\",\"valueRequired\":true,\"valueName\":\"search_term_string\"}}],\"inLanguage\":\"en-GB\"}]}<\/script>\n<!-- \/ Yoast SEO plugin. -->","yoast_head_json":{"title":"ABS\/PVC edge cleaner Hraniclean 01, 5 l - Trukm\u0117","robots":{"index":"index","follow":"follow","max-snippet":"max-snippet:-1","max-image-preview":"max-image-preview:large","max-video-preview":"max-video-preview:-1"},"canonical":"https:\/\/trukme.lv\/en\/products\/furniture-fittings\/board-care-products\/board-care-products-en-3\/abs-pvc-malu-tiritajs-hraniclean-01-5-l\/","og_locale":"en_GB","og_type":"article","og_title":"ABS\/PVC edge cleaner Hraniclean 01, 5 l - Trukm\u0117","og_description":"Speci\u0101lais t\u012br\u012bt\u0101js Hraniclean 01 stands out for its excellent cleaning power and fast drying. Designed for hand removal of adhesive residues, pencil marks, or alcohol-based marker traces from furniture components. Leaves no cleaning traces, contains no aggressive solvents, and has a citrus fragrance. Suitable for almost all furniture surfaces, except acrylic. USAGE: When cleaning with...","og_url":"https:\/\/trukme.lv\/en\/products\/furniture-fittings\/board-care-products\/board-care-products-en-3\/abs-pvc-malu-tiritajs-hraniclean-01-5-l\/","og_site_name":"Trukm\u0117","article_modified_time":"2025-10-02T09:44:53+00:00","og_image":[{"width":2048,"height":2048,"url":"https:\/\/i0.wp.com\/trukme.lv\/wp-content\/uploads\/2025\/09\/11118086.webp?fit=2048%2C2048&ssl=1","type":"image\/webp"}],"twitter_card":"summary_large_image","schema":{"@context":"https:\/\/schema.org","@graph":[{"@type":"WebPage","@id":"https:\/\/trukme.lv\/en\/products\/furniture-fittings\/board-care-products\/board-care-products-en-3\/abs-pvc-malu-tiritajs-hraniclean-01-5-l\/","url":"https:\/\/trukme.lv\/en\/products\/furniture-fittings\/board-care-products\/board-care-products-en-3\/abs-pvc-malu-tiritajs-hraniclean-01-5-l\/","name":"ABS\/PVC edge cleaner Hraniclean 01, 5 l - Trukm\u0117","isPartOf":{"@id":"https:\/\/trukme.lv\/en\/#website"},"primaryImageOfPage":{"@id":"https:\/\/trukme.lv\/en\/products\/furniture-fittings\/board-care-products\/board-care-products-en-3\/abs-pvc-malu-tiritajs-hraniclean-01-5-l\/#primaryimage"},"image":{"@id":"https:\/\/trukme.lv\/en\/products\/furniture-fittings\/board-care-products\/board-care-products-en-3\/abs-pvc-malu-tiritajs-hraniclean-01-5-l\/#primaryimage"},"thumbnailUrl":"https:\/\/i0.wp.com\/trukme.lv\/wp-content\/uploads\/2025\/09\/11118086.webp?fit=2048%2C2048&ssl=1","datePublished":"2025-09-30T18:32:32+00:00","dateModified":"2025-10-02T09:44:53+00:00","breadcrumb":{"@id":"https:\/\/trukme.lv\/en\/products\/furniture-fittings\/board-care-products\/board-care-products-en-3\/abs-pvc-malu-tiritajs-hraniclean-01-5-l\/#breadcrumb"},"inLanguage":"en-GB","potentialAction":[{"@type":"ReadAction","target":["https:\/\/trukme.lv\/en\/products\/furniture-fittings\/board-care-products\/board-care-products-en-3\/abs-pvc-malu-tiritajs-hraniclean-01-5-l\/"]}]},{"@type":"ImageObject","inLanguage":"en-GB","@id":"https:\/\/trukme.lv\/en\/products\/furniture-fittings\/board-care-products\/board-care-products-en-3\/abs-pvc-malu-tiritajs-hraniclean-01-5-l\/#primaryimage","url":"https:\/\/i0.wp.com\/trukme.lv\/wp-content\/uploads\/2025\/09\/11118086.webp?fit=2048%2C2048&ssl=1","contentUrl":"https:\/\/i0.wp.com\/trukme.lv\/wp-content\/uploads\/2025\/09\/11118086.webp?fit=2048%2C2048&ssl=1","width":2048,"height":2048},{"@type":"BreadcrumbList","@id":"https:\/\/trukme.lv\/en\/products\/furniture-fittings\/board-care-products\/board-care-products-en-3\/abs-pvc-malu-tiritajs-hraniclean-01-5-l\/#breadcrumb","itemListElement":[{"@type":"ListItem","position":1,"name":"Home","item":"https:\/\/trukme.lv\/en\/home\/"},{"@type":"ListItem","position":2,"name":"Products","item":"https:\/\/trukme.lv\/en\/products\/"},{"@type":"ListItem","position":3,"name":"ABS\/PVC edge cleaner Hraniclean 01, 5 l"}]},{"@type":"WebSite","@id":"https:\/\/trukme.lv\/en\/#website","url":"https:\/\/trukme.lv\/en\/","name":"Trukm\u0117","description":"M\u0113be\u013cu pane\u013ci, galda virsmas, m\u0113be\u013cu furnit\u016bra. Virtuves m\u0113be\u013cu, skapju, vannas istabas m\u0113be\u013cu u.c. sortiments. Paz\u012bstami un uzticami ra\u017eot\u0101ji.","potentialAction":[{"@type":"SearchAction","target":{"@type":"EntryPoint","urlTemplate":"https:\/\/trukme.lv\/en\/?s={search_term_string}"},"query-input":{"@type":"PropertyValueSpecification","valueRequired":true,"valueName":"search_term_string"}}],"inLanguage":"en-GB"}]}},"jetpack_sharing_enabled":true,"_links":{"self":[{"href":"https:\/\/trukme.lv\/en\/wp-json\/wp\/v2\/product\/274929","targetHints":{"allow":["GET"]}}],"collection":[{"href":"https:\/\/trukme.lv\/en\/wp-json\/wp\/v2\/product"}],"about":[{"href":"https:\/\/trukme.lv\/en\/wp-json\/wp\/v2\/types\/product"}],"wp:featuredmedia":[{"embeddable":true,"href":"https:\/\/trukme.lv\/en\/wp-json\/wp\/v2\/media\/254592"}],"wp:attachment":[{"href":"https:\/\/trukme.lv\/en\/wp-json\/wp\/v2\/media?parent=274929"}],"wp:term":[{"taxonomy":"product_brand","embeddable":true,"href":"https:\/\/trukme.lv\/en\/wp-json\/wp\/v2\/product_brand?post=274929"},{"taxonomy":"product_cat","embeddable":true,"href":"https:\/\/trukme.lv\/en\/wp-json\/wp\/v2\/product_cat?post=274929"},{"taxonomy":"product_tag","embeddable":true,"href":"https:\/\/trukme.lv\/en\/wp-json\/wp\/v2\/product_tag?post=274929"}],"curies":[{"name":"wp","href":"https:\/\/api.w.org\/{rel}","templated":true}]}}