{"id":275057,"date":"2025-09-30T23:01:41","date_gmt":"2025-09-30T20:01:41","guid":{"rendered":"https:\/\/trukme.lv\/produkti\/uncategorized\/limes-point-montage-99-very-strong-280ml\/"},"modified":"2025-10-02T12:45:46","modified_gmt":"2025-10-02T09:45:46","slug":"limes-point-montage-99-very-strong-280ml","status":"publish","type":"product","link":"https:\/\/trukme.lv\/en\/products\/furniture-fittings\/glue\/glue-en-2\/limes-point-montage-99-very-strong-280ml\/","title":{"rendered":"Glue Point Montage 99, very strong 280ml"},"content":{"rendered":"<p>Universal, extra-strong sand-colored assembly adhesive, made on a synthetic rubber base, with fast initial tack. Recommended for bonding various construction materials during repair and construction work, both outdoors and indoors. Suitable for bonding skirting boards, thresholds, panels, sockets, mineral wool and stone wool, ceramic tiles, carpets, and other finishing elements. Once cured, it forms a flexible and particularly strong joint. High tensile strength (adhesion power) \u2013 30 kg\/cm\u00b2.<\/p>\n<p>Instructions for use: All surfaces must be dust-free, clean, and free of grease and oil. Cut the cartridge tip and attach the included nozzle. Insert the cartridge into a caulking gun and fill the nozzle with adhesive by pressing the gun handle several times. Apply the adhesive in stripes or dots on one of the surfaces to be bonded. Press the surfaces together and separate for 3\u20135 minutes. Then reconnect, pressing firmly. Operating temperature: +10 \u00b0C to +30 \u00b0C. Excess uncured adhesive can be wiped off with a cloth or tissue; cured adhesive must be removed mechanically. A film forms within 10 minutes. Fully cures in 48 hours. Consumption: 300\u2013500 g\/m\u00b2. Suitable for indoor and outdoor use. The adhesive joint can be painted. Temperature resistance after curing: \u201320 \u00b0C \u2026 +60 \u00b0C. Store upright in a dry place at +5 \u00b0C to +25 \u00b0C. Shelf life \u2013 18 months from the manufacturing date, following storage instructions.<\/p>\n","protected":false},"excerpt":{"rendered":"<p>Universal, extra-strong sand-colored assembly adhesive, made on a synthetic rubber base, with fast initial tack. Recommended for bonding various construction materials during repair and construction work, both outdoors and indoors. Suitable for bonding skirting boards, thresholds, panels, sockets, mineral wool and stone wool, ceramic tiles, carpets, and other finishing elements. Once cured, it forms a&#8230;<\/p>\n","protected":false},"featured_media":267182,"template":"","meta":{"_acf_changed":false},"product_brand":[7044],"product_cat":[6305,6447,6450],"product_tag":[],"class_list":{"0":"post-275057","1":"product","2":"type-product","3":"status-publish","4":"has-post-thumbnail","6":"product_brand-tegra-en","7":"product_cat-furniture-fittings","8":"product_cat-glue","9":"product_cat-glue-en-2","11":"first","12":"instock","13":"product-type-simple"},"acf":[],"yoast_head":"<!-- This site is optimized with the Yoast SEO plugin v26.5 - https:\/\/yoast.com\/wordpress\/plugins\/seo\/ -->\n<title>Glue Point Montage 99, very strong 280ml - Trukm\u0117<\/title>\n<meta name=\"robots\" content=\"index, follow, max-snippet:-1, max-image-preview:large, max-video-preview:-1\" \/>\n<link rel=\"canonical\" href=\"https:\/\/trukme.lv\/en\/products\/furniture-fittings\/glue\/glue-en-2\/limes-point-montage-99-very-strong-280ml\/\" \/>\n<meta property=\"og:locale\" content=\"en_GB\" \/>\n<meta property=\"og:type\" content=\"article\" \/>\n<meta property=\"og:title\" content=\"Glue Point Montage 99, very strong 280ml - Trukm\u0117\" \/>\n<meta property=\"og:description\" content=\"Universal, extra-strong sand-colored assembly adhesive, made on a synthetic rubber base, with fast initial tack. Recommended for bonding various construction materials during repair and construction work, both outdoors and indoors. Suitable for bonding skirting boards, thresholds, panels, sockets, mineral wool and stone wool, ceramic tiles, carpets, and other finishing elements. Once cured, it forms a...\" \/>\n<meta property=\"og:url\" content=\"https:\/\/trukme.lv\/en\/products\/furniture-fittings\/glue\/glue-en-2\/limes-point-montage-99-very-strong-280ml\/\" \/>\n<meta property=\"og:site_name\" content=\"Trukm\u0117\" \/>\n<meta property=\"article:modified_time\" content=\"2025-10-02T09:45:46+00:00\" \/>\n<meta property=\"og:image\" content=\"https:\/\/i0.wp.com\/trukme.lv\/wp-content\/uploads\/2025\/09\/1520010014.webp?fit=238%2C603&ssl=1\" \/>\n\t<meta property=\"og:image:width\" content=\"238\" \/>\n\t<meta property=\"og:image:height\" content=\"603\" \/>\n\t<meta property=\"og:image:type\" content=\"image\/webp\" \/>\n<meta name=\"twitter:card\" content=\"summary_large_image\" \/>\n<meta name=\"twitter:label1\" content=\"Estimated reading time\" \/>\n\t<meta name=\"twitter:data1\" content=\"1 minute\" \/>\n<script type=\"application\/ld+json\" class=\"yoast-schema-graph\">{\"@context\":\"https:\/\/schema.org\",\"@graph\":[{\"@type\":\"WebPage\",\"@id\":\"https:\/\/trukme.lv\/en\/products\/furniture-fittings\/glue\/glue-en-2\/limes-point-montage-99-very-strong-280ml\/\",\"url\":\"https:\/\/trukme.lv\/en\/products\/furniture-fittings\/glue\/glue-en-2\/limes-point-montage-99-very-strong-280ml\/\",\"name\":\"Glue Point Montage 99, very strong 280ml - Trukm\u0117\",\"isPartOf\":{\"@id\":\"https:\/\/trukme.lv\/en\/#website\"},\"primaryImageOfPage\":{\"@id\":\"https:\/\/trukme.lv\/en\/products\/furniture-fittings\/glue\/glue-en-2\/limes-point-montage-99-very-strong-280ml\/#primaryimage\"},\"image\":{\"@id\":\"https:\/\/trukme.lv\/en\/products\/furniture-fittings\/glue\/glue-en-2\/limes-point-montage-99-very-strong-280ml\/#primaryimage\"},\"thumbnailUrl\":\"https:\/\/i0.wp.com\/trukme.lv\/wp-content\/uploads\/2025\/09\/1520010014.webp?fit=238%2C603&ssl=1\",\"datePublished\":\"2025-09-30T20:01:41+00:00\",\"dateModified\":\"2025-10-02T09:45:46+00:00\",\"breadcrumb\":{\"@id\":\"https:\/\/trukme.lv\/en\/products\/furniture-fittings\/glue\/glue-en-2\/limes-point-montage-99-very-strong-280ml\/#breadcrumb\"},\"inLanguage\":\"en-GB\",\"potentialAction\":[{\"@type\":\"ReadAction\",\"target\":[\"https:\/\/trukme.lv\/en\/products\/furniture-fittings\/glue\/glue-en-2\/limes-point-montage-99-very-strong-280ml\/\"]}]},{\"@type\":\"ImageObject\",\"inLanguage\":\"en-GB\",\"@id\":\"https:\/\/trukme.lv\/en\/products\/furniture-fittings\/glue\/glue-en-2\/limes-point-montage-99-very-strong-280ml\/#primaryimage\",\"url\":\"https:\/\/i0.wp.com\/trukme.lv\/wp-content\/uploads\/2025\/09\/1520010014.webp?fit=238%2C603&ssl=1\",\"contentUrl\":\"https:\/\/i0.wp.com\/trukme.lv\/wp-content\/uploads\/2025\/09\/1520010014.webp?fit=238%2C603&ssl=1\",\"width\":238,\"height\":603},{\"@type\":\"BreadcrumbList\",\"@id\":\"https:\/\/trukme.lv\/en\/products\/furniture-fittings\/glue\/glue-en-2\/limes-point-montage-99-very-strong-280ml\/#breadcrumb\",\"itemListElement\":[{\"@type\":\"ListItem\",\"position\":1,\"name\":\"Home\",\"item\":\"https:\/\/trukme.lv\/en\/home\/\"},{\"@type\":\"ListItem\",\"position\":2,\"name\":\"Products\",\"item\":\"https:\/\/trukme.lv\/en\/products\/\"},{\"@type\":\"ListItem\",\"position\":3,\"name\":\"Glue Point Montage 99, very strong 280ml\"}]},{\"@type\":\"WebSite\",\"@id\":\"https:\/\/trukme.lv\/en\/#website\",\"url\":\"https:\/\/trukme.lv\/en\/\",\"name\":\"Trukm\u0117\",\"description\":\"M\u0113be\u013cu pane\u013ci, galda virsmas, m\u0113be\u013cu furnit\u016bra. Virtuves m\u0113be\u013cu, skapju, vannas istabas m\u0113be\u013cu u.c. sortiments. Paz\u012bstami un uzticami ra\u017eot\u0101ji.\",\"potentialAction\":[{\"@type\":\"SearchAction\",\"target\":{\"@type\":\"EntryPoint\",\"urlTemplate\":\"https:\/\/trukme.lv\/en\/?s={search_term_string}\"},\"query-input\":{\"@type\":\"PropertyValueSpecification\",\"valueRequired\":true,\"valueName\":\"search_term_string\"}}],\"inLanguage\":\"en-GB\"}]}<\/script>\n<!-- \/ Yoast SEO plugin. -->","yoast_head_json":{"title":"Glue Point Montage 99, very strong 280ml - Trukm\u0117","robots":{"index":"index","follow":"follow","max-snippet":"max-snippet:-1","max-image-preview":"max-image-preview:large","max-video-preview":"max-video-preview:-1"},"canonical":"https:\/\/trukme.lv\/en\/products\/furniture-fittings\/glue\/glue-en-2\/limes-point-montage-99-very-strong-280ml\/","og_locale":"en_GB","og_type":"article","og_title":"Glue Point Montage 99, very strong 280ml - Trukm\u0117","og_description":"Universal, extra-strong sand-colored assembly adhesive, made on a synthetic rubber base, with fast initial tack. Recommended for bonding various construction materials during repair and construction work, both outdoors and indoors. Suitable for bonding skirting boards, thresholds, panels, sockets, mineral wool and stone wool, ceramic tiles, carpets, and other finishing elements. Once cured, it forms a...","og_url":"https:\/\/trukme.lv\/en\/products\/furniture-fittings\/glue\/glue-en-2\/limes-point-montage-99-very-strong-280ml\/","og_site_name":"Trukm\u0117","article_modified_time":"2025-10-02T09:45:46+00:00","og_image":[{"width":238,"height":603,"url":"https:\/\/i0.wp.com\/trukme.lv\/wp-content\/uploads\/2025\/09\/1520010014.webp?fit=238%2C603&ssl=1","type":"image\/webp"}],"twitter_card":"summary_large_image","twitter_misc":{"Estimated reading time":"1 minute"},"schema":{"@context":"https:\/\/schema.org","@graph":[{"@type":"WebPage","@id":"https:\/\/trukme.lv\/en\/products\/furniture-fittings\/glue\/glue-en-2\/limes-point-montage-99-very-strong-280ml\/","url":"https:\/\/trukme.lv\/en\/products\/furniture-fittings\/glue\/glue-en-2\/limes-point-montage-99-very-strong-280ml\/","name":"Glue Point Montage 99, very strong 280ml - Trukm\u0117","isPartOf":{"@id":"https:\/\/trukme.lv\/en\/#website"},"primaryImageOfPage":{"@id":"https:\/\/trukme.lv\/en\/products\/furniture-fittings\/glue\/glue-en-2\/limes-point-montage-99-very-strong-280ml\/#primaryimage"},"image":{"@id":"https:\/\/trukme.lv\/en\/products\/furniture-fittings\/glue\/glue-en-2\/limes-point-montage-99-very-strong-280ml\/#primaryimage"},"thumbnailUrl":"https:\/\/i0.wp.com\/trukme.lv\/wp-content\/uploads\/2025\/09\/1520010014.webp?fit=238%2C603&ssl=1","datePublished":"2025-09-30T20:01:41+00:00","dateModified":"2025-10-02T09:45:46+00:00","breadcrumb":{"@id":"https:\/\/trukme.lv\/en\/products\/furniture-fittings\/glue\/glue-en-2\/limes-point-montage-99-very-strong-280ml\/#breadcrumb"},"inLanguage":"en-GB","potentialAction":[{"@type":"ReadAction","target":["https:\/\/trukme.lv\/en\/products\/furniture-fittings\/glue\/glue-en-2\/limes-point-montage-99-very-strong-280ml\/"]}]},{"@type":"ImageObject","inLanguage":"en-GB","@id":"https:\/\/trukme.lv\/en\/products\/furniture-fittings\/glue\/glue-en-2\/limes-point-montage-99-very-strong-280ml\/#primaryimage","url":"https:\/\/i0.wp.com\/trukme.lv\/wp-content\/uploads\/2025\/09\/1520010014.webp?fit=238%2C603&ssl=1","contentUrl":"https:\/\/i0.wp.com\/trukme.lv\/wp-content\/uploads\/2025\/09\/1520010014.webp?fit=238%2C603&ssl=1","width":238,"height":603},{"@type":"BreadcrumbList","@id":"https:\/\/trukme.lv\/en\/products\/furniture-fittings\/glue\/glue-en-2\/limes-point-montage-99-very-strong-280ml\/#breadcrumb","itemListElement":[{"@type":"ListItem","position":1,"name":"Home","item":"https:\/\/trukme.lv\/en\/home\/"},{"@type":"ListItem","position":2,"name":"Products","item":"https:\/\/trukme.lv\/en\/products\/"},{"@type":"ListItem","position":3,"name":"Glue Point Montage 99, very strong 280ml"}]},{"@type":"WebSite","@id":"https:\/\/trukme.lv\/en\/#website","url":"https:\/\/trukme.lv\/en\/","name":"Trukm\u0117","description":"M\u0113be\u013cu pane\u013ci, galda virsmas, m\u0113be\u013cu furnit\u016bra. Virtuves m\u0113be\u013cu, skapju, vannas istabas m\u0113be\u013cu u.c. sortiments. Paz\u012bstami un uzticami ra\u017eot\u0101ji.","potentialAction":[{"@type":"SearchAction","target":{"@type":"EntryPoint","urlTemplate":"https:\/\/trukme.lv\/en\/?s={search_term_string}"},"query-input":{"@type":"PropertyValueSpecification","valueRequired":true,"valueName":"search_term_string"}}],"inLanguage":"en-GB"}]}},"jetpack_sharing_enabled":true,"_links":{"self":[{"href":"https:\/\/trukme.lv\/en\/wp-json\/wp\/v2\/product\/275057","targetHints":{"allow":["GET"]}}],"collection":[{"href":"https:\/\/trukme.lv\/en\/wp-json\/wp\/v2\/product"}],"about":[{"href":"https:\/\/trukme.lv\/en\/wp-json\/wp\/v2\/types\/product"}],"wp:featuredmedia":[{"embeddable":true,"href":"https:\/\/trukme.lv\/en\/wp-json\/wp\/v2\/media\/267182"}],"wp:attachment":[{"href":"https:\/\/trukme.lv\/en\/wp-json\/wp\/v2\/media?parent=275057"}],"wp:term":[{"taxonomy":"product_brand","embeddable":true,"href":"https:\/\/trukme.lv\/en\/wp-json\/wp\/v2\/product_brand?post=275057"},{"taxonomy":"product_cat","embeddable":true,"href":"https:\/\/trukme.lv\/en\/wp-json\/wp\/v2\/product_cat?post=275057"},{"taxonomy":"product_tag","embeddable":true,"href":"https:\/\/trukme.lv\/en\/wp-json\/wp\/v2\/product_tag?post=275057"}],"curies":[{"name":"wp","href":"https:\/\/api.w.org\/{rel}","templated":true}]}}