{"id":275058,"date":"2025-09-30T23:01:37","date_gmt":"2025-09-30T20:01:37","guid":{"rendered":"https:\/\/trukme.lv\/produkti\/uncategorized\/divkomponentu-kontaktlime-hraniquick-100400-g\/"},"modified":"2025-10-02T12:45:46","modified_gmt":"2025-10-02T09:45:46","slug":"divkomponentu-kontaktlime-hraniquick-100400-g","status":"publish","type":"product","link":"https:\/\/trukme.lv\/en\/products\/furniture-fittings\/glue\/glue-en-2\/divkomponentu-kontaktlime-hraniquick-100400-g\/","title":{"rendered":"Two-component contact adhesive HRANIQUICK, 100+400 g"},"content":{"rendered":"<p>Universal two-component high-quality cyanoacrylate contact adhesive. The glue has high viscosity. Especially recommended for bonding porous and various material surfaces.<\/p>\n<p>USAGE: One of the components is in aerosol form, which must be sprayed onto one of the surfaces to be bonded.<br \/>\nFor professional use only.<\/p>\n<p>STORAGE: Store in original containers at 5\u201328\u00b0C.<br \/>\nWarnings:<br \/>\n\u2022 Flammable.<br \/>\n\u2022 Highly reactive in water.<br \/>\n\u2022 Bonds skin and eyelids within seconds.<br \/>\n\u2022 Incompatible with strong oxidizers and moisture.<\/p>\n","protected":false},"excerpt":{"rendered":"<p>Universal two-component high-quality cyanoacrylate contact adhesive. The glue has high viscosity. Especially recommended for bonding porous and various material surfaces. USAGE: One of the components is in aerosol form, which must be sprayed onto one of the surfaces to be bonded. For professional use only. STORAGE: Store in original containers at 5\u201328\u00b0C. Warnings: \u2022 Flammable&#8230;.<\/p>\n","protected":false},"featured_media":267178,"template":"","meta":{"_acf_changed":false},"product_brand":[6940],"product_cat":[6305,6447,6450],"product_tag":[],"class_list":{"0":"post-275058","1":"product","2":"type-product","3":"status-publish","4":"has-post-thumbnail","6":"product_brand-hranipex-en","7":"product_cat-furniture-fittings","8":"product_cat-glue","9":"product_cat-glue-en-2","11":"first","12":"instock","13":"product-type-simple"},"acf":[],"yoast_head":"<!-- This site is optimized with the Yoast SEO plugin v26.5 - https:\/\/yoast.com\/wordpress\/plugins\/seo\/ -->\n<title>Two-component contact adhesive HRANIQUICK, 100+400 g - Trukm\u0117<\/title>\n<meta name=\"robots\" content=\"index, follow, max-snippet:-1, max-image-preview:large, max-video-preview:-1\" \/>\n<link rel=\"canonical\" href=\"https:\/\/trukme.lv\/en\/products\/furniture-fittings\/glue\/glue-en-2\/divkomponentu-kontaktlime-hraniquick-100400-g\/\" \/>\n<meta property=\"og:locale\" content=\"en_GB\" \/>\n<meta property=\"og:type\" content=\"article\" \/>\n<meta property=\"og:title\" content=\"Two-component contact adhesive HRANIQUICK, 100+400 g - Trukm\u0117\" \/>\n<meta property=\"og:description\" content=\"Universal two-component high-quality cyanoacrylate contact adhesive. The glue has high viscosity. Especially recommended for bonding porous and various material surfaces. USAGE: One of the components is in aerosol form, which must be sprayed onto one of the surfaces to be bonded. For professional use only. STORAGE: Store in original containers at 5\u201328\u00b0C. Warnings: \u2022 Flammable....\" \/>\n<meta property=\"og:url\" content=\"https:\/\/trukme.lv\/en\/products\/furniture-fittings\/glue\/glue-en-2\/divkomponentu-kontaktlime-hraniquick-100400-g\/\" \/>\n<meta property=\"og:site_name\" content=\"Trukm\u0117\" \/>\n<meta property=\"article:modified_time\" content=\"2025-10-02T09:45:46+00:00\" \/>\n<meta property=\"og:image\" content=\"https:\/\/i0.wp.com\/trukme.lv\/wp-content\/uploads\/2025\/09\/1520010012.webp?fit=956%2C2048&ssl=1\" \/>\n\t<meta property=\"og:image:width\" content=\"956\" \/>\n\t<meta property=\"og:image:height\" content=\"2048\" \/>\n\t<meta property=\"og:image:type\" content=\"image\/webp\" \/>\n<meta name=\"twitter:card\" content=\"summary_large_image\" \/>\n<script type=\"application\/ld+json\" class=\"yoast-schema-graph\">{\"@context\":\"https:\/\/schema.org\",\"@graph\":[{\"@type\":\"WebPage\",\"@id\":\"https:\/\/trukme.lv\/en\/products\/furniture-fittings\/glue\/glue-en-2\/divkomponentu-kontaktlime-hraniquick-100400-g\/\",\"url\":\"https:\/\/trukme.lv\/en\/products\/furniture-fittings\/glue\/glue-en-2\/divkomponentu-kontaktlime-hraniquick-100400-g\/\",\"name\":\"Two-component contact adhesive HRANIQUICK, 100+400 g - Trukm\u0117\",\"isPartOf\":{\"@id\":\"https:\/\/trukme.lv\/en\/#website\"},\"primaryImageOfPage\":{\"@id\":\"https:\/\/trukme.lv\/en\/products\/furniture-fittings\/glue\/glue-en-2\/divkomponentu-kontaktlime-hraniquick-100400-g\/#primaryimage\"},\"image\":{\"@id\":\"https:\/\/trukme.lv\/en\/products\/furniture-fittings\/glue\/glue-en-2\/divkomponentu-kontaktlime-hraniquick-100400-g\/#primaryimage\"},\"thumbnailUrl\":\"https:\/\/i0.wp.com\/trukme.lv\/wp-content\/uploads\/2025\/09\/1520010012.webp?fit=956%2C2048&ssl=1\",\"datePublished\":\"2025-09-30T20:01:37+00:00\",\"dateModified\":\"2025-10-02T09:45:46+00:00\",\"breadcrumb\":{\"@id\":\"https:\/\/trukme.lv\/en\/products\/furniture-fittings\/glue\/glue-en-2\/divkomponentu-kontaktlime-hraniquick-100400-g\/#breadcrumb\"},\"inLanguage\":\"en-GB\",\"potentialAction\":[{\"@type\":\"ReadAction\",\"target\":[\"https:\/\/trukme.lv\/en\/products\/furniture-fittings\/glue\/glue-en-2\/divkomponentu-kontaktlime-hraniquick-100400-g\/\"]}]},{\"@type\":\"ImageObject\",\"inLanguage\":\"en-GB\",\"@id\":\"https:\/\/trukme.lv\/en\/products\/furniture-fittings\/glue\/glue-en-2\/divkomponentu-kontaktlime-hraniquick-100400-g\/#primaryimage\",\"url\":\"https:\/\/i0.wp.com\/trukme.lv\/wp-content\/uploads\/2025\/09\/1520010012.webp?fit=956%2C2048&ssl=1\",\"contentUrl\":\"https:\/\/i0.wp.com\/trukme.lv\/wp-content\/uploads\/2025\/09\/1520010012.webp?fit=956%2C2048&ssl=1\",\"width\":956,\"height\":2048},{\"@type\":\"BreadcrumbList\",\"@id\":\"https:\/\/trukme.lv\/en\/products\/furniture-fittings\/glue\/glue-en-2\/divkomponentu-kontaktlime-hraniquick-100400-g\/#breadcrumb\",\"itemListElement\":[{\"@type\":\"ListItem\",\"position\":1,\"name\":\"Home\",\"item\":\"https:\/\/trukme.lv\/en\/home\/\"},{\"@type\":\"ListItem\",\"position\":2,\"name\":\"Products\",\"item\":\"https:\/\/trukme.lv\/en\/products\/\"},{\"@type\":\"ListItem\",\"position\":3,\"name\":\"Two-component contact adhesive HRANIQUICK, 100+400 g\"}]},{\"@type\":\"WebSite\",\"@id\":\"https:\/\/trukme.lv\/en\/#website\",\"url\":\"https:\/\/trukme.lv\/en\/\",\"name\":\"Trukm\u0117\",\"description\":\"M\u0113be\u013cu pane\u013ci, galda virsmas, m\u0113be\u013cu furnit\u016bra. Virtuves m\u0113be\u013cu, skapju, vannas istabas m\u0113be\u013cu u.c. sortiments. Paz\u012bstami un uzticami ra\u017eot\u0101ji.\",\"potentialAction\":[{\"@type\":\"SearchAction\",\"target\":{\"@type\":\"EntryPoint\",\"urlTemplate\":\"https:\/\/trukme.lv\/en\/?s={search_term_string}\"},\"query-input\":{\"@type\":\"PropertyValueSpecification\",\"valueRequired\":true,\"valueName\":\"search_term_string\"}}],\"inLanguage\":\"en-GB\"}]}<\/script>\n<!-- \/ Yoast SEO plugin. -->","yoast_head_json":{"title":"Two-component contact adhesive HRANIQUICK, 100+400 g - Trukm\u0117","robots":{"index":"index","follow":"follow","max-snippet":"max-snippet:-1","max-image-preview":"max-image-preview:large","max-video-preview":"max-video-preview:-1"},"canonical":"https:\/\/trukme.lv\/en\/products\/furniture-fittings\/glue\/glue-en-2\/divkomponentu-kontaktlime-hraniquick-100400-g\/","og_locale":"en_GB","og_type":"article","og_title":"Two-component contact adhesive HRANIQUICK, 100+400 g - Trukm\u0117","og_description":"Universal two-component high-quality cyanoacrylate contact adhesive. The glue has high viscosity. Especially recommended for bonding porous and various material surfaces. USAGE: One of the components is in aerosol form, which must be sprayed onto one of the surfaces to be bonded. For professional use only. STORAGE: Store in original containers at 5\u201328\u00b0C. Warnings: \u2022 Flammable....","og_url":"https:\/\/trukme.lv\/en\/products\/furniture-fittings\/glue\/glue-en-2\/divkomponentu-kontaktlime-hraniquick-100400-g\/","og_site_name":"Trukm\u0117","article_modified_time":"2025-10-02T09:45:46+00:00","og_image":[{"width":956,"height":2048,"url":"https:\/\/i0.wp.com\/trukme.lv\/wp-content\/uploads\/2025\/09\/1520010012.webp?fit=956%2C2048&ssl=1","type":"image\/webp"}],"twitter_card":"summary_large_image","schema":{"@context":"https:\/\/schema.org","@graph":[{"@type":"WebPage","@id":"https:\/\/trukme.lv\/en\/products\/furniture-fittings\/glue\/glue-en-2\/divkomponentu-kontaktlime-hraniquick-100400-g\/","url":"https:\/\/trukme.lv\/en\/products\/furniture-fittings\/glue\/glue-en-2\/divkomponentu-kontaktlime-hraniquick-100400-g\/","name":"Two-component contact adhesive HRANIQUICK, 100+400 g - Trukm\u0117","isPartOf":{"@id":"https:\/\/trukme.lv\/en\/#website"},"primaryImageOfPage":{"@id":"https:\/\/trukme.lv\/en\/products\/furniture-fittings\/glue\/glue-en-2\/divkomponentu-kontaktlime-hraniquick-100400-g\/#primaryimage"},"image":{"@id":"https:\/\/trukme.lv\/en\/products\/furniture-fittings\/glue\/glue-en-2\/divkomponentu-kontaktlime-hraniquick-100400-g\/#primaryimage"},"thumbnailUrl":"https:\/\/i0.wp.com\/trukme.lv\/wp-content\/uploads\/2025\/09\/1520010012.webp?fit=956%2C2048&ssl=1","datePublished":"2025-09-30T20:01:37+00:00","dateModified":"2025-10-02T09:45:46+00:00","breadcrumb":{"@id":"https:\/\/trukme.lv\/en\/products\/furniture-fittings\/glue\/glue-en-2\/divkomponentu-kontaktlime-hraniquick-100400-g\/#breadcrumb"},"inLanguage":"en-GB","potentialAction":[{"@type":"ReadAction","target":["https:\/\/trukme.lv\/en\/products\/furniture-fittings\/glue\/glue-en-2\/divkomponentu-kontaktlime-hraniquick-100400-g\/"]}]},{"@type":"ImageObject","inLanguage":"en-GB","@id":"https:\/\/trukme.lv\/en\/products\/furniture-fittings\/glue\/glue-en-2\/divkomponentu-kontaktlime-hraniquick-100400-g\/#primaryimage","url":"https:\/\/i0.wp.com\/trukme.lv\/wp-content\/uploads\/2025\/09\/1520010012.webp?fit=956%2C2048&ssl=1","contentUrl":"https:\/\/i0.wp.com\/trukme.lv\/wp-content\/uploads\/2025\/09\/1520010012.webp?fit=956%2C2048&ssl=1","width":956,"height":2048},{"@type":"BreadcrumbList","@id":"https:\/\/trukme.lv\/en\/products\/furniture-fittings\/glue\/glue-en-2\/divkomponentu-kontaktlime-hraniquick-100400-g\/#breadcrumb","itemListElement":[{"@type":"ListItem","position":1,"name":"Home","item":"https:\/\/trukme.lv\/en\/home\/"},{"@type":"ListItem","position":2,"name":"Products","item":"https:\/\/trukme.lv\/en\/products\/"},{"@type":"ListItem","position":3,"name":"Two-component contact adhesive HRANIQUICK, 100+400 g"}]},{"@type":"WebSite","@id":"https:\/\/trukme.lv\/en\/#website","url":"https:\/\/trukme.lv\/en\/","name":"Trukm\u0117","description":"M\u0113be\u013cu pane\u013ci, galda virsmas, m\u0113be\u013cu furnit\u016bra. Virtuves m\u0113be\u013cu, skapju, vannas istabas m\u0113be\u013cu u.c. sortiments. Paz\u012bstami un uzticami ra\u017eot\u0101ji.","potentialAction":[{"@type":"SearchAction","target":{"@type":"EntryPoint","urlTemplate":"https:\/\/trukme.lv\/en\/?s={search_term_string}"},"query-input":{"@type":"PropertyValueSpecification","valueRequired":true,"valueName":"search_term_string"}}],"inLanguage":"en-GB"}]}},"jetpack_sharing_enabled":true,"_links":{"self":[{"href":"https:\/\/trukme.lv\/en\/wp-json\/wp\/v2\/product\/275058","targetHints":{"allow":["GET"]}}],"collection":[{"href":"https:\/\/trukme.lv\/en\/wp-json\/wp\/v2\/product"}],"about":[{"href":"https:\/\/trukme.lv\/en\/wp-json\/wp\/v2\/types\/product"}],"wp:featuredmedia":[{"embeddable":true,"href":"https:\/\/trukme.lv\/en\/wp-json\/wp\/v2\/media\/267178"}],"wp:attachment":[{"href":"https:\/\/trukme.lv\/en\/wp-json\/wp\/v2\/media?parent=275058"}],"wp:term":[{"taxonomy":"product_brand","embeddable":true,"href":"https:\/\/trukme.lv\/en\/wp-json\/wp\/v2\/product_brand?post=275058"},{"taxonomy":"product_cat","embeddable":true,"href":"https:\/\/trukme.lv\/en\/wp-json\/wp\/v2\/product_cat?post=275058"},{"taxonomy":"product_tag","embeddable":true,"href":"https:\/\/trukme.lv\/en\/wp-json\/wp\/v2\/product_tag?post=275058"}],"curies":[{"name":"wp","href":"https:\/\/api.w.org\/{rel}","templated":true}]}}