{"id":275059,"date":"2025-09-30T23:01:29","date_gmt":"2025-09-30T20:01:29","guid":{"rendered":"https:\/\/trukme.lv\/produkti\/uncategorized\/pva-dispersijas-lime-hranicoll-d3-800-ml\/"},"modified":"2025-10-02T12:45:46","modified_gmt":"2025-10-02T09:45:46","slug":"pva-dispersijas-lime-hranicoll-d3-800-ml","status":"publish","type":"product","link":"https:\/\/trukme.lv\/en\/products\/furniture-fittings\/glue\/glue-en-2\/pva-dispersijas-lime-hranicoll-d3-800-ml\/","title":{"rendered":"PVA dispersion glue Hranicoll D3, 800ml"},"content":{"rendered":"<p>Hranicoll D3 \u2013 high-quality PVA dispersion adhesive, intended for bonding joints in interiors. The adhesive is moisture-resistant but not resistant to prolonged water exposure. Thanks to its wide application, Hranicoll D3 is classified as a universal adhesive.<\/p>\n<p>Applications:<br \/>\n\u2022 Bonding hardwood and softwood;<br \/>\n\u2022 Bonding plywood;<br \/>\n\u2022 Bonding joints such as doors, windows, and furniture;<br \/>\n\u2022 Bonding chipboard and other wood materials;<br \/>\n\u2022 Bonding parquet, laminate, and plywood floors;<br \/>\n\u2022 Bonding using hot or high-frequency press.<\/p>\n<p>USAGE: Can be applied using any standard adhesive application method. Stir the adhesive thoroughly before use. Check all components intended for bonding. Avoid any contact with iron, colored metals (brass, zinc, tin, copper, aluminum), or alkaline substances. Ensure the wood to be bonded does not contain tannin, which could change the color after Hranicoll D3 smart use.<\/p>\n<p>SHELF LIFE: 6 months from the date of manufacture, if stored in the original sealed packaging in a cool and dry place (5\u201335\u00b0C). Protect from frost.<\/p>\n","protected":false},"excerpt":{"rendered":"<p>Hranicoll D3 \u2013 high-quality PVA dispersion adhesive, intended for bonding joints in interiors. The adhesive is moisture-resistant but not resistant to prolonged water exposure. Thanks to its wide application, Hranicoll D3 is classified as a universal adhesive. Applications: \u2022 Bonding hardwood and softwood; \u2022 Bonding plywood; \u2022 Bonding joints such as doors, windows, and furniture;&#8230;<\/p>\n","protected":false},"featured_media":267168,"template":"","meta":{"_acf_changed":false},"product_brand":[6940],"product_cat":[6305,6447,6450],"product_tag":[],"class_list":{"0":"post-275059","1":"product","2":"type-product","3":"status-publish","4":"has-post-thumbnail","6":"product_brand-hranipex-en","7":"product_cat-furniture-fittings","8":"product_cat-glue","9":"product_cat-glue-en-2","11":"first","12":"instock","13":"product-type-simple"},"acf":[],"yoast_head":"<!-- This site is optimized with the Yoast SEO plugin v26.5 - https:\/\/yoast.com\/wordpress\/plugins\/seo\/ -->\n<title>PVA dispersion glue Hranicoll D3, 800ml - Trukm\u0117<\/title>\n<meta name=\"robots\" content=\"index, follow, max-snippet:-1, max-image-preview:large, max-video-preview:-1\" \/>\n<link rel=\"canonical\" href=\"https:\/\/trukme.lv\/en\/products\/furniture-fittings\/glue\/glue-en-2\/pva-dispersijas-lime-hranicoll-d3-800-ml\/\" \/>\n<meta property=\"og:locale\" content=\"en_GB\" \/>\n<meta property=\"og:type\" content=\"article\" \/>\n<meta property=\"og:title\" content=\"PVA dispersion glue Hranicoll D3, 800ml - Trukm\u0117\" \/>\n<meta property=\"og:description\" content=\"Hranicoll D3 \u2013 high-quality PVA dispersion adhesive, intended for bonding joints in interiors. The adhesive is moisture-resistant but not resistant to prolonged water exposure. Thanks to its wide application, Hranicoll D3 is classified as a universal adhesive. Applications: \u2022 Bonding hardwood and softwood; \u2022 Bonding plywood; \u2022 Bonding joints such as doors, windows, and furniture;...\" \/>\n<meta property=\"og:url\" content=\"https:\/\/trukme.lv\/en\/products\/furniture-fittings\/glue\/glue-en-2\/pva-dispersijas-lime-hranicoll-d3-800-ml\/\" \/>\n<meta property=\"og:site_name\" content=\"Trukm\u0117\" \/>\n<meta property=\"article:modified_time\" content=\"2025-10-02T09:45:46+00:00\" \/>\n<meta property=\"og:image\" content=\"https:\/\/i0.wp.com\/trukme.lv\/wp-content\/uploads\/2025\/09\/1520010011.webp?fit=2048%2C2048&ssl=1\" \/>\n\t<meta property=\"og:image:width\" content=\"2048\" \/>\n\t<meta property=\"og:image:height\" content=\"2048\" \/>\n\t<meta property=\"og:image:type\" content=\"image\/webp\" \/>\n<meta name=\"twitter:card\" content=\"summary_large_image\" \/>\n<meta name=\"twitter:label1\" content=\"Estimated reading time\" \/>\n\t<meta name=\"twitter:data1\" content=\"1 minute\" \/>\n<script type=\"application\/ld+json\" class=\"yoast-schema-graph\">{\"@context\":\"https:\/\/schema.org\",\"@graph\":[{\"@type\":\"WebPage\",\"@id\":\"https:\/\/trukme.lv\/en\/products\/furniture-fittings\/glue\/glue-en-2\/pva-dispersijas-lime-hranicoll-d3-800-ml\/\",\"url\":\"https:\/\/trukme.lv\/en\/products\/furniture-fittings\/glue\/glue-en-2\/pva-dispersijas-lime-hranicoll-d3-800-ml\/\",\"name\":\"PVA dispersion glue Hranicoll D3, 800ml - Trukm\u0117\",\"isPartOf\":{\"@id\":\"https:\/\/trukme.lv\/en\/#website\"},\"primaryImageOfPage\":{\"@id\":\"https:\/\/trukme.lv\/en\/products\/furniture-fittings\/glue\/glue-en-2\/pva-dispersijas-lime-hranicoll-d3-800-ml\/#primaryimage\"},\"image\":{\"@id\":\"https:\/\/trukme.lv\/en\/products\/furniture-fittings\/glue\/glue-en-2\/pva-dispersijas-lime-hranicoll-d3-800-ml\/#primaryimage\"},\"thumbnailUrl\":\"https:\/\/i0.wp.com\/trukme.lv\/wp-content\/uploads\/2025\/09\/1520010011.webp?fit=2048%2C2048&ssl=1\",\"datePublished\":\"2025-09-30T20:01:29+00:00\",\"dateModified\":\"2025-10-02T09:45:46+00:00\",\"breadcrumb\":{\"@id\":\"https:\/\/trukme.lv\/en\/products\/furniture-fittings\/glue\/glue-en-2\/pva-dispersijas-lime-hranicoll-d3-800-ml\/#breadcrumb\"},\"inLanguage\":\"en-GB\",\"potentialAction\":[{\"@type\":\"ReadAction\",\"target\":[\"https:\/\/trukme.lv\/en\/products\/furniture-fittings\/glue\/glue-en-2\/pva-dispersijas-lime-hranicoll-d3-800-ml\/\"]}]},{\"@type\":\"ImageObject\",\"inLanguage\":\"en-GB\",\"@id\":\"https:\/\/trukme.lv\/en\/products\/furniture-fittings\/glue\/glue-en-2\/pva-dispersijas-lime-hranicoll-d3-800-ml\/#primaryimage\",\"url\":\"https:\/\/i0.wp.com\/trukme.lv\/wp-content\/uploads\/2025\/09\/1520010011.webp?fit=2048%2C2048&ssl=1\",\"contentUrl\":\"https:\/\/i0.wp.com\/trukme.lv\/wp-content\/uploads\/2025\/09\/1520010011.webp?fit=2048%2C2048&ssl=1\",\"width\":2048,\"height\":2048},{\"@type\":\"BreadcrumbList\",\"@id\":\"https:\/\/trukme.lv\/en\/products\/furniture-fittings\/glue\/glue-en-2\/pva-dispersijas-lime-hranicoll-d3-800-ml\/#breadcrumb\",\"itemListElement\":[{\"@type\":\"ListItem\",\"position\":1,\"name\":\"Home\",\"item\":\"https:\/\/trukme.lv\/en\/home\/\"},{\"@type\":\"ListItem\",\"position\":2,\"name\":\"Products\",\"item\":\"https:\/\/trukme.lv\/en\/products\/\"},{\"@type\":\"ListItem\",\"position\":3,\"name\":\"PVA dispersion glue Hranicoll D3, 800ml\"}]},{\"@type\":\"WebSite\",\"@id\":\"https:\/\/trukme.lv\/en\/#website\",\"url\":\"https:\/\/trukme.lv\/en\/\",\"name\":\"Trukm\u0117\",\"description\":\"M\u0113be\u013cu pane\u013ci, galda virsmas, m\u0113be\u013cu furnit\u016bra. Virtuves m\u0113be\u013cu, skapju, vannas istabas m\u0113be\u013cu u.c. sortiments. Paz\u012bstami un uzticami ra\u017eot\u0101ji.\",\"potentialAction\":[{\"@type\":\"SearchAction\",\"target\":{\"@type\":\"EntryPoint\",\"urlTemplate\":\"https:\/\/trukme.lv\/en\/?s={search_term_string}\"},\"query-input\":{\"@type\":\"PropertyValueSpecification\",\"valueRequired\":true,\"valueName\":\"search_term_string\"}}],\"inLanguage\":\"en-GB\"}]}<\/script>\n<!-- \/ Yoast SEO plugin. -->","yoast_head_json":{"title":"PVA dispersion glue Hranicoll D3, 800ml - Trukm\u0117","robots":{"index":"index","follow":"follow","max-snippet":"max-snippet:-1","max-image-preview":"max-image-preview:large","max-video-preview":"max-video-preview:-1"},"canonical":"https:\/\/trukme.lv\/en\/products\/furniture-fittings\/glue\/glue-en-2\/pva-dispersijas-lime-hranicoll-d3-800-ml\/","og_locale":"en_GB","og_type":"article","og_title":"PVA dispersion glue Hranicoll D3, 800ml - Trukm\u0117","og_description":"Hranicoll D3 \u2013 high-quality PVA dispersion adhesive, intended for bonding joints in interiors. The adhesive is moisture-resistant but not resistant to prolonged water exposure. Thanks to its wide application, Hranicoll D3 is classified as a universal adhesive. Applications: \u2022 Bonding hardwood and softwood; \u2022 Bonding plywood; \u2022 Bonding joints such as doors, windows, and furniture;...","og_url":"https:\/\/trukme.lv\/en\/products\/furniture-fittings\/glue\/glue-en-2\/pva-dispersijas-lime-hranicoll-d3-800-ml\/","og_site_name":"Trukm\u0117","article_modified_time":"2025-10-02T09:45:46+00:00","og_image":[{"width":2048,"height":2048,"url":"https:\/\/i0.wp.com\/trukme.lv\/wp-content\/uploads\/2025\/09\/1520010011.webp?fit=2048%2C2048&ssl=1","type":"image\/webp"}],"twitter_card":"summary_large_image","twitter_misc":{"Estimated reading time":"1 minute"},"schema":{"@context":"https:\/\/schema.org","@graph":[{"@type":"WebPage","@id":"https:\/\/trukme.lv\/en\/products\/furniture-fittings\/glue\/glue-en-2\/pva-dispersijas-lime-hranicoll-d3-800-ml\/","url":"https:\/\/trukme.lv\/en\/products\/furniture-fittings\/glue\/glue-en-2\/pva-dispersijas-lime-hranicoll-d3-800-ml\/","name":"PVA dispersion glue Hranicoll D3, 800ml - Trukm\u0117","isPartOf":{"@id":"https:\/\/trukme.lv\/en\/#website"},"primaryImageOfPage":{"@id":"https:\/\/trukme.lv\/en\/products\/furniture-fittings\/glue\/glue-en-2\/pva-dispersijas-lime-hranicoll-d3-800-ml\/#primaryimage"},"image":{"@id":"https:\/\/trukme.lv\/en\/products\/furniture-fittings\/glue\/glue-en-2\/pva-dispersijas-lime-hranicoll-d3-800-ml\/#primaryimage"},"thumbnailUrl":"https:\/\/i0.wp.com\/trukme.lv\/wp-content\/uploads\/2025\/09\/1520010011.webp?fit=2048%2C2048&ssl=1","datePublished":"2025-09-30T20:01:29+00:00","dateModified":"2025-10-02T09:45:46+00:00","breadcrumb":{"@id":"https:\/\/trukme.lv\/en\/products\/furniture-fittings\/glue\/glue-en-2\/pva-dispersijas-lime-hranicoll-d3-800-ml\/#breadcrumb"},"inLanguage":"en-GB","potentialAction":[{"@type":"ReadAction","target":["https:\/\/trukme.lv\/en\/products\/furniture-fittings\/glue\/glue-en-2\/pva-dispersijas-lime-hranicoll-d3-800-ml\/"]}]},{"@type":"ImageObject","inLanguage":"en-GB","@id":"https:\/\/trukme.lv\/en\/products\/furniture-fittings\/glue\/glue-en-2\/pva-dispersijas-lime-hranicoll-d3-800-ml\/#primaryimage","url":"https:\/\/i0.wp.com\/trukme.lv\/wp-content\/uploads\/2025\/09\/1520010011.webp?fit=2048%2C2048&ssl=1","contentUrl":"https:\/\/i0.wp.com\/trukme.lv\/wp-content\/uploads\/2025\/09\/1520010011.webp?fit=2048%2C2048&ssl=1","width":2048,"height":2048},{"@type":"BreadcrumbList","@id":"https:\/\/trukme.lv\/en\/products\/furniture-fittings\/glue\/glue-en-2\/pva-dispersijas-lime-hranicoll-d3-800-ml\/#breadcrumb","itemListElement":[{"@type":"ListItem","position":1,"name":"Home","item":"https:\/\/trukme.lv\/en\/home\/"},{"@type":"ListItem","position":2,"name":"Products","item":"https:\/\/trukme.lv\/en\/products\/"},{"@type":"ListItem","position":3,"name":"PVA dispersion glue Hranicoll D3, 800ml"}]},{"@type":"WebSite","@id":"https:\/\/trukme.lv\/en\/#website","url":"https:\/\/trukme.lv\/en\/","name":"Trukm\u0117","description":"M\u0113be\u013cu pane\u013ci, galda virsmas, m\u0113be\u013cu furnit\u016bra. Virtuves m\u0113be\u013cu, skapju, vannas istabas m\u0113be\u013cu u.c. sortiments. Paz\u012bstami un uzticami ra\u017eot\u0101ji.","potentialAction":[{"@type":"SearchAction","target":{"@type":"EntryPoint","urlTemplate":"https:\/\/trukme.lv\/en\/?s={search_term_string}"},"query-input":{"@type":"PropertyValueSpecification","valueRequired":true,"valueName":"search_term_string"}}],"inLanguage":"en-GB"}]}},"jetpack_sharing_enabled":true,"_links":{"self":[{"href":"https:\/\/trukme.lv\/en\/wp-json\/wp\/v2\/product\/275059","targetHints":{"allow":["GET"]}}],"collection":[{"href":"https:\/\/trukme.lv\/en\/wp-json\/wp\/v2\/product"}],"about":[{"href":"https:\/\/trukme.lv\/en\/wp-json\/wp\/v2\/types\/product"}],"wp:featuredmedia":[{"embeddable":true,"href":"https:\/\/trukme.lv\/en\/wp-json\/wp\/v2\/media\/267168"}],"wp:attachment":[{"href":"https:\/\/trukme.lv\/en\/wp-json\/wp\/v2\/media?parent=275059"}],"wp:term":[{"taxonomy":"product_brand","embeddable":true,"href":"https:\/\/trukme.lv\/en\/wp-json\/wp\/v2\/product_brand?post=275059"},{"taxonomy":"product_cat","embeddable":true,"href":"https:\/\/trukme.lv\/en\/wp-json\/wp\/v2\/product_cat?post=275059"},{"taxonomy":"product_tag","embeddable":true,"href":"https:\/\/trukme.lv\/en\/wp-json\/wp\/v2\/product_tag?post=275059"}],"curies":[{"name":"wp","href":"https:\/\/api.w.org\/{rel}","templated":true}]}}