{"id":275060,"date":"2025-09-30T23:01:24","date_gmt":"2025-09-30T20:01:24","guid":{"rendered":"https:\/\/trukme.lv\/produkti\/uncategorized\/poliuretana-lime-hranipur-45-800-ml\/"},"modified":"2025-10-02T12:45:47","modified_gmt":"2025-10-02T09:45:47","slug":"poliuretana-lime-hranipur-45-800-ml","status":"publish","type":"product","link":"https:\/\/trukme.lv\/en\/products\/furniture-fittings\/glue\/glue-en-2\/poliuretana-lime-hranipur-45-800-ml\/","title":{"rendered":"Polyurethane adhesive Hranipur 45, 800ml"},"content":{"rendered":"<p>Single-component brown polyurethane adhesive Hranipur 45 is used for flawless structural bonding. Thanks to its resistance to water and heat, it is ideal for surface bonding.<\/p>\n<p>Applications:<br \/>\n\u2022 wood;<br \/>\n\u2022 cement fiber;<br \/>\n\u2022 metals;<br \/>\n\u2022 bonding panels with polystyrene;<br \/>\n\u2022 polyurethane, PVC;<br \/>\n\u2022 glass wool;<br \/>\n\u2022 mineral wool with various coatings;<br \/>\n\u2022 MDF panels.<\/p>\n<p>USAGE:<br \/>\nBefore applying the adhesive, clean the parts \u2013 they must be clean and dry. Apply Hranipur 45 on one bonding surface. After covering the parts, press them firmly together for 5\u201310 minutes until the adhesive cures. At low humidity, curing time is extended; at high humidity, it is shortened. Increased humidity also increases foam formation.<\/p>\n<p>Mechanical, torsion, tensile, and compression tests can be performed after 24 hours. Do not use the product near open flames or sparks during use.<\/p>\n<p>It is recommended to clean the adhesive from tools with Hraniclean 03 (uncured adhesive) or Hraniclean 04 (cured adhesive).<\/p>\n<p>SHELF LIFE: 36 months from the date of manufacture, if stored in the original sealed packaging at 10\u201330\u00b0C.<\/p>\n","protected":false},"excerpt":{"rendered":"<p>Single-component brown polyurethane adhesive Hranipur 45 is used for flawless structural bonding. Thanks to its resistance to water and heat, it is ideal for surface bonding. Applications: \u2022 wood; \u2022 cement fiber; \u2022 metals; \u2022 bonding panels with polystyrene; \u2022 polyurethane, PVC; \u2022 glass wool; \u2022 mineral wool with various coatings; \u2022 MDF panels. USAGE:&#8230;<\/p>\n","protected":false},"featured_media":267155,"template":"","meta":{"_acf_changed":false},"product_brand":[6940],"product_cat":[6305,6447,6450],"product_tag":[],"class_list":{"0":"post-275060","1":"product","2":"type-product","3":"status-publish","4":"has-post-thumbnail","6":"product_brand-hranipex-en","7":"product_cat-furniture-fittings","8":"product_cat-glue","9":"product_cat-glue-en-2","11":"first","12":"instock","13":"product-type-simple"},"acf":[],"yoast_head":"<!-- This site is optimized with the Yoast SEO plugin v26.5 - https:\/\/yoast.com\/wordpress\/plugins\/seo\/ -->\n<title>Polyurethane adhesive Hranipur 45, 800ml - Trukm\u0117<\/title>\n<meta name=\"robots\" content=\"index, follow, max-snippet:-1, max-image-preview:large, max-video-preview:-1\" \/>\n<link rel=\"canonical\" href=\"https:\/\/trukme.lv\/en\/products\/furniture-fittings\/glue\/glue-en-2\/poliuretana-lime-hranipur-45-800-ml\/\" \/>\n<meta property=\"og:locale\" content=\"en_GB\" \/>\n<meta property=\"og:type\" content=\"article\" \/>\n<meta property=\"og:title\" content=\"Polyurethane adhesive Hranipur 45, 800ml - Trukm\u0117\" \/>\n<meta property=\"og:description\" content=\"Single-component brown polyurethane adhesive Hranipur 45 is used for flawless structural bonding. Thanks to its resistance to water and heat, it is ideal for surface bonding. Applications: \u2022 wood; \u2022 cement fiber; \u2022 metals; \u2022 bonding panels with polystyrene; \u2022 polyurethane, PVC; \u2022 glass wool; \u2022 mineral wool with various coatings; \u2022 MDF panels. USAGE:...\" \/>\n<meta property=\"og:url\" content=\"https:\/\/trukme.lv\/en\/products\/furniture-fittings\/glue\/glue-en-2\/poliuretana-lime-hranipur-45-800-ml\/\" \/>\n<meta property=\"og:site_name\" content=\"Trukm\u0117\" \/>\n<meta property=\"article:modified_time\" content=\"2025-10-02T09:45:47+00:00\" \/>\n<meta property=\"og:image\" content=\"https:\/\/i0.wp.com\/trukme.lv\/wp-content\/uploads\/2025\/09\/1520010010.webp?fit=2048%2C2048&ssl=1\" \/>\n\t<meta property=\"og:image:width\" content=\"2048\" \/>\n\t<meta property=\"og:image:height\" content=\"2048\" \/>\n\t<meta property=\"og:image:type\" content=\"image\/webp\" \/>\n<meta name=\"twitter:card\" content=\"summary_large_image\" \/>\n<meta name=\"twitter:label1\" content=\"Estimated reading time\" \/>\n\t<meta name=\"twitter:data1\" content=\"1 minute\" \/>\n<script type=\"application\/ld+json\" class=\"yoast-schema-graph\">{\"@context\":\"https:\/\/schema.org\",\"@graph\":[{\"@type\":\"WebPage\",\"@id\":\"https:\/\/trukme.lv\/en\/products\/furniture-fittings\/glue\/glue-en-2\/poliuretana-lime-hranipur-45-800-ml\/\",\"url\":\"https:\/\/trukme.lv\/en\/products\/furniture-fittings\/glue\/glue-en-2\/poliuretana-lime-hranipur-45-800-ml\/\",\"name\":\"Polyurethane adhesive Hranipur 45, 800ml - Trukm\u0117\",\"isPartOf\":{\"@id\":\"https:\/\/trukme.lv\/en\/#website\"},\"primaryImageOfPage\":{\"@id\":\"https:\/\/trukme.lv\/en\/products\/furniture-fittings\/glue\/glue-en-2\/poliuretana-lime-hranipur-45-800-ml\/#primaryimage\"},\"image\":{\"@id\":\"https:\/\/trukme.lv\/en\/products\/furniture-fittings\/glue\/glue-en-2\/poliuretana-lime-hranipur-45-800-ml\/#primaryimage\"},\"thumbnailUrl\":\"https:\/\/i0.wp.com\/trukme.lv\/wp-content\/uploads\/2025\/09\/1520010010.webp?fit=2048%2C2048&ssl=1\",\"datePublished\":\"2025-09-30T20:01:24+00:00\",\"dateModified\":\"2025-10-02T09:45:47+00:00\",\"breadcrumb\":{\"@id\":\"https:\/\/trukme.lv\/en\/products\/furniture-fittings\/glue\/glue-en-2\/poliuretana-lime-hranipur-45-800-ml\/#breadcrumb\"},\"inLanguage\":\"en-GB\",\"potentialAction\":[{\"@type\":\"ReadAction\",\"target\":[\"https:\/\/trukme.lv\/en\/products\/furniture-fittings\/glue\/glue-en-2\/poliuretana-lime-hranipur-45-800-ml\/\"]}]},{\"@type\":\"ImageObject\",\"inLanguage\":\"en-GB\",\"@id\":\"https:\/\/trukme.lv\/en\/products\/furniture-fittings\/glue\/glue-en-2\/poliuretana-lime-hranipur-45-800-ml\/#primaryimage\",\"url\":\"https:\/\/i0.wp.com\/trukme.lv\/wp-content\/uploads\/2025\/09\/1520010010.webp?fit=2048%2C2048&ssl=1\",\"contentUrl\":\"https:\/\/i0.wp.com\/trukme.lv\/wp-content\/uploads\/2025\/09\/1520010010.webp?fit=2048%2C2048&ssl=1\",\"width\":2048,\"height\":2048},{\"@type\":\"BreadcrumbList\",\"@id\":\"https:\/\/trukme.lv\/en\/products\/furniture-fittings\/glue\/glue-en-2\/poliuretana-lime-hranipur-45-800-ml\/#breadcrumb\",\"itemListElement\":[{\"@type\":\"ListItem\",\"position\":1,\"name\":\"Home\",\"item\":\"https:\/\/trukme.lv\/en\/home\/\"},{\"@type\":\"ListItem\",\"position\":2,\"name\":\"Products\",\"item\":\"https:\/\/trukme.lv\/en\/products\/\"},{\"@type\":\"ListItem\",\"position\":3,\"name\":\"Polyurethane adhesive Hranipur 45, 800ml\"}]},{\"@type\":\"WebSite\",\"@id\":\"https:\/\/trukme.lv\/en\/#website\",\"url\":\"https:\/\/trukme.lv\/en\/\",\"name\":\"Trukm\u0117\",\"description\":\"M\u0113be\u013cu pane\u013ci, galda virsmas, m\u0113be\u013cu furnit\u016bra. Virtuves m\u0113be\u013cu, skapju, vannas istabas m\u0113be\u013cu u.c. sortiments. Paz\u012bstami un uzticami ra\u017eot\u0101ji.\",\"potentialAction\":[{\"@type\":\"SearchAction\",\"target\":{\"@type\":\"EntryPoint\",\"urlTemplate\":\"https:\/\/trukme.lv\/en\/?s={search_term_string}\"},\"query-input\":{\"@type\":\"PropertyValueSpecification\",\"valueRequired\":true,\"valueName\":\"search_term_string\"}}],\"inLanguage\":\"en-GB\"}]}<\/script>\n<!-- \/ Yoast SEO plugin. -->","yoast_head_json":{"title":"Polyurethane adhesive Hranipur 45, 800ml - Trukm\u0117","robots":{"index":"index","follow":"follow","max-snippet":"max-snippet:-1","max-image-preview":"max-image-preview:large","max-video-preview":"max-video-preview:-1"},"canonical":"https:\/\/trukme.lv\/en\/products\/furniture-fittings\/glue\/glue-en-2\/poliuretana-lime-hranipur-45-800-ml\/","og_locale":"en_GB","og_type":"article","og_title":"Polyurethane adhesive Hranipur 45, 800ml - Trukm\u0117","og_description":"Single-component brown polyurethane adhesive Hranipur 45 is used for flawless structural bonding. Thanks to its resistance to water and heat, it is ideal for surface bonding. Applications: \u2022 wood; \u2022 cement fiber; \u2022 metals; \u2022 bonding panels with polystyrene; \u2022 polyurethane, PVC; \u2022 glass wool; \u2022 mineral wool with various coatings; \u2022 MDF panels. USAGE:...","og_url":"https:\/\/trukme.lv\/en\/products\/furniture-fittings\/glue\/glue-en-2\/poliuretana-lime-hranipur-45-800-ml\/","og_site_name":"Trukm\u0117","article_modified_time":"2025-10-02T09:45:47+00:00","og_image":[{"width":2048,"height":2048,"url":"https:\/\/i0.wp.com\/trukme.lv\/wp-content\/uploads\/2025\/09\/1520010010.webp?fit=2048%2C2048&ssl=1","type":"image\/webp"}],"twitter_card":"summary_large_image","twitter_misc":{"Estimated reading time":"1 minute"},"schema":{"@context":"https:\/\/schema.org","@graph":[{"@type":"WebPage","@id":"https:\/\/trukme.lv\/en\/products\/furniture-fittings\/glue\/glue-en-2\/poliuretana-lime-hranipur-45-800-ml\/","url":"https:\/\/trukme.lv\/en\/products\/furniture-fittings\/glue\/glue-en-2\/poliuretana-lime-hranipur-45-800-ml\/","name":"Polyurethane adhesive Hranipur 45, 800ml - Trukm\u0117","isPartOf":{"@id":"https:\/\/trukme.lv\/en\/#website"},"primaryImageOfPage":{"@id":"https:\/\/trukme.lv\/en\/products\/furniture-fittings\/glue\/glue-en-2\/poliuretana-lime-hranipur-45-800-ml\/#primaryimage"},"image":{"@id":"https:\/\/trukme.lv\/en\/products\/furniture-fittings\/glue\/glue-en-2\/poliuretana-lime-hranipur-45-800-ml\/#primaryimage"},"thumbnailUrl":"https:\/\/i0.wp.com\/trukme.lv\/wp-content\/uploads\/2025\/09\/1520010010.webp?fit=2048%2C2048&ssl=1","datePublished":"2025-09-30T20:01:24+00:00","dateModified":"2025-10-02T09:45:47+00:00","breadcrumb":{"@id":"https:\/\/trukme.lv\/en\/products\/furniture-fittings\/glue\/glue-en-2\/poliuretana-lime-hranipur-45-800-ml\/#breadcrumb"},"inLanguage":"en-GB","potentialAction":[{"@type":"ReadAction","target":["https:\/\/trukme.lv\/en\/products\/furniture-fittings\/glue\/glue-en-2\/poliuretana-lime-hranipur-45-800-ml\/"]}]},{"@type":"ImageObject","inLanguage":"en-GB","@id":"https:\/\/trukme.lv\/en\/products\/furniture-fittings\/glue\/glue-en-2\/poliuretana-lime-hranipur-45-800-ml\/#primaryimage","url":"https:\/\/i0.wp.com\/trukme.lv\/wp-content\/uploads\/2025\/09\/1520010010.webp?fit=2048%2C2048&ssl=1","contentUrl":"https:\/\/i0.wp.com\/trukme.lv\/wp-content\/uploads\/2025\/09\/1520010010.webp?fit=2048%2C2048&ssl=1","width":2048,"height":2048},{"@type":"BreadcrumbList","@id":"https:\/\/trukme.lv\/en\/products\/furniture-fittings\/glue\/glue-en-2\/poliuretana-lime-hranipur-45-800-ml\/#breadcrumb","itemListElement":[{"@type":"ListItem","position":1,"name":"Home","item":"https:\/\/trukme.lv\/en\/home\/"},{"@type":"ListItem","position":2,"name":"Products","item":"https:\/\/trukme.lv\/en\/products\/"},{"@type":"ListItem","position":3,"name":"Polyurethane adhesive Hranipur 45, 800ml"}]},{"@type":"WebSite","@id":"https:\/\/trukme.lv\/en\/#website","url":"https:\/\/trukme.lv\/en\/","name":"Trukm\u0117","description":"M\u0113be\u013cu pane\u013ci, galda virsmas, m\u0113be\u013cu furnit\u016bra. Virtuves m\u0113be\u013cu, skapju, vannas istabas m\u0113be\u013cu u.c. sortiments. Paz\u012bstami un uzticami ra\u017eot\u0101ji.","potentialAction":[{"@type":"SearchAction","target":{"@type":"EntryPoint","urlTemplate":"https:\/\/trukme.lv\/en\/?s={search_term_string}"},"query-input":{"@type":"PropertyValueSpecification","valueRequired":true,"valueName":"search_term_string"}}],"inLanguage":"en-GB"}]}},"jetpack_sharing_enabled":true,"_links":{"self":[{"href":"https:\/\/trukme.lv\/en\/wp-json\/wp\/v2\/product\/275060","targetHints":{"allow":["GET"]}}],"collection":[{"href":"https:\/\/trukme.lv\/en\/wp-json\/wp\/v2\/product"}],"about":[{"href":"https:\/\/trukme.lv\/en\/wp-json\/wp\/v2\/types\/product"}],"wp:featuredmedia":[{"embeddable":true,"href":"https:\/\/trukme.lv\/en\/wp-json\/wp\/v2\/media\/267155"}],"wp:attachment":[{"href":"https:\/\/trukme.lv\/en\/wp-json\/wp\/v2\/media?parent=275060"}],"wp:term":[{"taxonomy":"product_brand","embeddable":true,"href":"https:\/\/trukme.lv\/en\/wp-json\/wp\/v2\/product_brand?post=275060"},{"taxonomy":"product_cat","embeddable":true,"href":"https:\/\/trukme.lv\/en\/wp-json\/wp\/v2\/product_cat?post=275060"},{"taxonomy":"product_tag","embeddable":true,"href":"https:\/\/trukme.lv\/en\/wp-json\/wp\/v2\/product_tag?post=275060"}],"curies":[{"name":"wp","href":"https:\/\/api.w.org\/{rel}","templated":true}]}}