{"id":275062,"date":"2025-09-30T23:01:17","date_gmt":"2025-09-30T20:01:17","guid":{"rendered":"https:\/\/trukme.lv\/produkti\/uncategorized\/silikons-h-silicone-310ml-caurspidigs\/"},"modified":"2025-10-02T12:45:47","modified_gmt":"2025-10-02T09:45:47","slug":"silikons-h-silicone-310ml-caurspidigs","status":"publish","type":"product","link":"https:\/\/trukme.lv\/en\/products\/furniture-fittings\/glue\/glue-en-2\/silikons-h-silicone-310ml-caurspidigs\/","title":{"rendered":"Silicone H-silicone, 310 ml, transparent"},"content":{"rendered":"<p>Single-component acetate silicone sealant for universal use. Forms a very flexible, durable joint. Excellent resistance to water, UV radiation, oils, acids, and alkalis. Suitable for repeated fixing, joint sealing, and crack filling. Adheres well and cures on many surface types used in construction, carpentry, etc. Intended for professional use.<\/p>\n<p>USAGE:<br \/>\nRemove dust, grease, or oil layers and other contaminants from the surface to be treated, which reduce the silicone\u2019s adhesion to the substrate. Silicone does not require primer, but it may be necessary on certain surfaces. Before use, tape the edges of the surfaces to be joined with protective tape. Remove the cartridge cap, leaving part of the thread to screw on the application nozzle. Cut the application nozzle according to the desired silicone layer thickness. Use with a manual or pneumatic gun. Apply silicone in straight vertical lines or dots and smooth with a plastic or stainless steel spatula moistened with soapy water.<\/p>\n<p>Silicone cures by reacting with moisture in the air, so sealing should be done in a well-ventilated area. Rinsing cured silicone joints with universal agents extends their service life. After use, clean tools with paper towel and solvent. Use plastic or stainless steel tools.<\/p>\n<p>SHELF LIFE:<br \/>\n18 months from the manufacturing date, if stored in the original hermetically sealed package in a dry, cool place, room temperature from +5\u00b0C to +35\u00b0C.<\/p>\n","protected":false},"excerpt":{"rendered":"<p>Single-component acetate silicone sealant for universal use. Forms a very flexible, durable joint. Excellent resistance to water, UV radiation, oils, acids, and alkalis. Suitable for repeated fixing, joint sealing, and crack filling. Adheres well and cures on many surface types used in construction, carpentry, etc. Intended for professional use. USAGE: Remove dust, grease, or oil&#8230;<\/p>\n","protected":false},"featured_media":267129,"template":"","meta":{"_acf_changed":false},"product_brand":[6940],"product_cat":[6305,6447,6450],"product_tag":[],"class_list":{"0":"post-275062","1":"product","2":"type-product","3":"status-publish","4":"has-post-thumbnail","6":"product_brand-hranipex-en","7":"product_cat-furniture-fittings","8":"product_cat-glue","9":"product_cat-glue-en-2","11":"first","12":"instock","13":"product-type-simple"},"acf":[],"yoast_head":"<!-- This site is optimized with the Yoast SEO plugin v26.5 - https:\/\/yoast.com\/wordpress\/plugins\/seo\/ -->\n<title>Silicone H-silicone, 310 ml, transparent - Trukm\u0117<\/title>\n<meta name=\"robots\" content=\"index, follow, max-snippet:-1, max-image-preview:large, max-video-preview:-1\" \/>\n<link rel=\"canonical\" href=\"https:\/\/trukme.lv\/en\/products\/furniture-fittings\/glue\/glue-en-2\/silikons-h-silicone-310ml-caurspidigs\/\" \/>\n<meta property=\"og:locale\" content=\"en_GB\" \/>\n<meta property=\"og:type\" content=\"article\" \/>\n<meta property=\"og:title\" content=\"Silicone H-silicone, 310 ml, transparent - Trukm\u0117\" \/>\n<meta property=\"og:description\" content=\"Single-component acetate silicone sealant for universal use. Forms a very flexible, durable joint. Excellent resistance to water, UV radiation, oils, acids, and alkalis. Suitable for repeated fixing, joint sealing, and crack filling. Adheres well and cures on many surface types used in construction, carpentry, etc. Intended for professional use. USAGE: Remove dust, grease, or oil...\" \/>\n<meta property=\"og:url\" content=\"https:\/\/trukme.lv\/en\/products\/furniture-fittings\/glue\/glue-en-2\/silikons-h-silicone-310ml-caurspidigs\/\" \/>\n<meta property=\"og:site_name\" content=\"Trukm\u0117\" \/>\n<meta property=\"article:modified_time\" content=\"2025-10-02T09:45:47+00:00\" \/>\n<meta property=\"og:image\" content=\"https:\/\/i0.wp.com\/trukme.lv\/wp-content\/uploads\/2025\/09\/1520010008.webp?fit=2048%2C2048&ssl=1\" \/>\n\t<meta property=\"og:image:width\" content=\"2048\" \/>\n\t<meta property=\"og:image:height\" content=\"2048\" \/>\n\t<meta property=\"og:image:type\" content=\"image\/webp\" \/>\n<meta name=\"twitter:card\" content=\"summary_large_image\" \/>\n<meta name=\"twitter:label1\" content=\"Estimated reading time\" \/>\n\t<meta name=\"twitter:data1\" content=\"1 minute\" \/>\n<script type=\"application\/ld+json\" class=\"yoast-schema-graph\">{\"@context\":\"https:\/\/schema.org\",\"@graph\":[{\"@type\":\"WebPage\",\"@id\":\"https:\/\/trukme.lv\/en\/products\/furniture-fittings\/glue\/glue-en-2\/silikons-h-silicone-310ml-caurspidigs\/\",\"url\":\"https:\/\/trukme.lv\/en\/products\/furniture-fittings\/glue\/glue-en-2\/silikons-h-silicone-310ml-caurspidigs\/\",\"name\":\"Silicone H-silicone, 310 ml, transparent - Trukm\u0117\",\"isPartOf\":{\"@id\":\"https:\/\/trukme.lv\/en\/#website\"},\"primaryImageOfPage\":{\"@id\":\"https:\/\/trukme.lv\/en\/products\/furniture-fittings\/glue\/glue-en-2\/silikons-h-silicone-310ml-caurspidigs\/#primaryimage\"},\"image\":{\"@id\":\"https:\/\/trukme.lv\/en\/products\/furniture-fittings\/glue\/glue-en-2\/silikons-h-silicone-310ml-caurspidigs\/#primaryimage\"},\"thumbnailUrl\":\"https:\/\/i0.wp.com\/trukme.lv\/wp-content\/uploads\/2025\/09\/1520010008.webp?fit=2048%2C2048&ssl=1\",\"datePublished\":\"2025-09-30T20:01:17+00:00\",\"dateModified\":\"2025-10-02T09:45:47+00:00\",\"breadcrumb\":{\"@id\":\"https:\/\/trukme.lv\/en\/products\/furniture-fittings\/glue\/glue-en-2\/silikons-h-silicone-310ml-caurspidigs\/#breadcrumb\"},\"inLanguage\":\"en-GB\",\"potentialAction\":[{\"@type\":\"ReadAction\",\"target\":[\"https:\/\/trukme.lv\/en\/products\/furniture-fittings\/glue\/glue-en-2\/silikons-h-silicone-310ml-caurspidigs\/\"]}]},{\"@type\":\"ImageObject\",\"inLanguage\":\"en-GB\",\"@id\":\"https:\/\/trukme.lv\/en\/products\/furniture-fittings\/glue\/glue-en-2\/silikons-h-silicone-310ml-caurspidigs\/#primaryimage\",\"url\":\"https:\/\/i0.wp.com\/trukme.lv\/wp-content\/uploads\/2025\/09\/1520010008.webp?fit=2048%2C2048&ssl=1\",\"contentUrl\":\"https:\/\/i0.wp.com\/trukme.lv\/wp-content\/uploads\/2025\/09\/1520010008.webp?fit=2048%2C2048&ssl=1\",\"width\":2048,\"height\":2048},{\"@type\":\"BreadcrumbList\",\"@id\":\"https:\/\/trukme.lv\/en\/products\/furniture-fittings\/glue\/glue-en-2\/silikons-h-silicone-310ml-caurspidigs\/#breadcrumb\",\"itemListElement\":[{\"@type\":\"ListItem\",\"position\":1,\"name\":\"Home\",\"item\":\"https:\/\/trukme.lv\/en\/home\/\"},{\"@type\":\"ListItem\",\"position\":2,\"name\":\"Products\",\"item\":\"https:\/\/trukme.lv\/en\/products\/\"},{\"@type\":\"ListItem\",\"position\":3,\"name\":\"Silicone H-silicone, 310 ml, transparent\"}]},{\"@type\":\"WebSite\",\"@id\":\"https:\/\/trukme.lv\/en\/#website\",\"url\":\"https:\/\/trukme.lv\/en\/\",\"name\":\"Trukm\u0117\",\"description\":\"M\u0113be\u013cu pane\u013ci, galda virsmas, m\u0113be\u013cu furnit\u016bra. Virtuves m\u0113be\u013cu, skapju, vannas istabas m\u0113be\u013cu u.c. sortiments. Paz\u012bstami un uzticami ra\u017eot\u0101ji.\",\"potentialAction\":[{\"@type\":\"SearchAction\",\"target\":{\"@type\":\"EntryPoint\",\"urlTemplate\":\"https:\/\/trukme.lv\/en\/?s={search_term_string}\"},\"query-input\":{\"@type\":\"PropertyValueSpecification\",\"valueRequired\":true,\"valueName\":\"search_term_string\"}}],\"inLanguage\":\"en-GB\"}]}<\/script>\n<!-- \/ Yoast SEO plugin. -->","yoast_head_json":{"title":"Silicone H-silicone, 310 ml, transparent - Trukm\u0117","robots":{"index":"index","follow":"follow","max-snippet":"max-snippet:-1","max-image-preview":"max-image-preview:large","max-video-preview":"max-video-preview:-1"},"canonical":"https:\/\/trukme.lv\/en\/products\/furniture-fittings\/glue\/glue-en-2\/silikons-h-silicone-310ml-caurspidigs\/","og_locale":"en_GB","og_type":"article","og_title":"Silicone H-silicone, 310 ml, transparent - Trukm\u0117","og_description":"Single-component acetate silicone sealant for universal use. Forms a very flexible, durable joint. Excellent resistance to water, UV radiation, oils, acids, and alkalis. Suitable for repeated fixing, joint sealing, and crack filling. Adheres well and cures on many surface types used in construction, carpentry, etc. Intended for professional use. USAGE: Remove dust, grease, or oil...","og_url":"https:\/\/trukme.lv\/en\/products\/furniture-fittings\/glue\/glue-en-2\/silikons-h-silicone-310ml-caurspidigs\/","og_site_name":"Trukm\u0117","article_modified_time":"2025-10-02T09:45:47+00:00","og_image":[{"width":2048,"height":2048,"url":"https:\/\/i0.wp.com\/trukme.lv\/wp-content\/uploads\/2025\/09\/1520010008.webp?fit=2048%2C2048&ssl=1","type":"image\/webp"}],"twitter_card":"summary_large_image","twitter_misc":{"Estimated reading time":"1 minute"},"schema":{"@context":"https:\/\/schema.org","@graph":[{"@type":"WebPage","@id":"https:\/\/trukme.lv\/en\/products\/furniture-fittings\/glue\/glue-en-2\/silikons-h-silicone-310ml-caurspidigs\/","url":"https:\/\/trukme.lv\/en\/products\/furniture-fittings\/glue\/glue-en-2\/silikons-h-silicone-310ml-caurspidigs\/","name":"Silicone H-silicone, 310 ml, transparent - Trukm\u0117","isPartOf":{"@id":"https:\/\/trukme.lv\/en\/#website"},"primaryImageOfPage":{"@id":"https:\/\/trukme.lv\/en\/products\/furniture-fittings\/glue\/glue-en-2\/silikons-h-silicone-310ml-caurspidigs\/#primaryimage"},"image":{"@id":"https:\/\/trukme.lv\/en\/products\/furniture-fittings\/glue\/glue-en-2\/silikons-h-silicone-310ml-caurspidigs\/#primaryimage"},"thumbnailUrl":"https:\/\/i0.wp.com\/trukme.lv\/wp-content\/uploads\/2025\/09\/1520010008.webp?fit=2048%2C2048&ssl=1","datePublished":"2025-09-30T20:01:17+00:00","dateModified":"2025-10-02T09:45:47+00:00","breadcrumb":{"@id":"https:\/\/trukme.lv\/en\/products\/furniture-fittings\/glue\/glue-en-2\/silikons-h-silicone-310ml-caurspidigs\/#breadcrumb"},"inLanguage":"en-GB","potentialAction":[{"@type":"ReadAction","target":["https:\/\/trukme.lv\/en\/products\/furniture-fittings\/glue\/glue-en-2\/silikons-h-silicone-310ml-caurspidigs\/"]}]},{"@type":"ImageObject","inLanguage":"en-GB","@id":"https:\/\/trukme.lv\/en\/products\/furniture-fittings\/glue\/glue-en-2\/silikons-h-silicone-310ml-caurspidigs\/#primaryimage","url":"https:\/\/i0.wp.com\/trukme.lv\/wp-content\/uploads\/2025\/09\/1520010008.webp?fit=2048%2C2048&ssl=1","contentUrl":"https:\/\/i0.wp.com\/trukme.lv\/wp-content\/uploads\/2025\/09\/1520010008.webp?fit=2048%2C2048&ssl=1","width":2048,"height":2048},{"@type":"BreadcrumbList","@id":"https:\/\/trukme.lv\/en\/products\/furniture-fittings\/glue\/glue-en-2\/silikons-h-silicone-310ml-caurspidigs\/#breadcrumb","itemListElement":[{"@type":"ListItem","position":1,"name":"Home","item":"https:\/\/trukme.lv\/en\/home\/"},{"@type":"ListItem","position":2,"name":"Products","item":"https:\/\/trukme.lv\/en\/products\/"},{"@type":"ListItem","position":3,"name":"Silicone H-silicone, 310 ml, transparent"}]},{"@type":"WebSite","@id":"https:\/\/trukme.lv\/en\/#website","url":"https:\/\/trukme.lv\/en\/","name":"Trukm\u0117","description":"M\u0113be\u013cu pane\u013ci, galda virsmas, m\u0113be\u013cu furnit\u016bra. Virtuves m\u0113be\u013cu, skapju, vannas istabas m\u0113be\u013cu u.c. sortiments. Paz\u012bstami un uzticami ra\u017eot\u0101ji.","potentialAction":[{"@type":"SearchAction","target":{"@type":"EntryPoint","urlTemplate":"https:\/\/trukme.lv\/en\/?s={search_term_string}"},"query-input":{"@type":"PropertyValueSpecification","valueRequired":true,"valueName":"search_term_string"}}],"inLanguage":"en-GB"}]}},"jetpack_sharing_enabled":true,"_links":{"self":[{"href":"https:\/\/trukme.lv\/en\/wp-json\/wp\/v2\/product\/275062","targetHints":{"allow":["GET"]}}],"collection":[{"href":"https:\/\/trukme.lv\/en\/wp-json\/wp\/v2\/product"}],"about":[{"href":"https:\/\/trukme.lv\/en\/wp-json\/wp\/v2\/types\/product"}],"wp:featuredmedia":[{"embeddable":true,"href":"https:\/\/trukme.lv\/en\/wp-json\/wp\/v2\/media\/267129"}],"wp:attachment":[{"href":"https:\/\/trukme.lv\/en\/wp-json\/wp\/v2\/media?parent=275062"}],"wp:term":[{"taxonomy":"product_brand","embeddable":true,"href":"https:\/\/trukme.lv\/en\/wp-json\/wp\/v2\/product_brand?post=275062"},{"taxonomy":"product_cat","embeddable":true,"href":"https:\/\/trukme.lv\/en\/wp-json\/wp\/v2\/product_cat?post=275062"},{"taxonomy":"product_tag","embeddable":true,"href":"https:\/\/trukme.lv\/en\/wp-json\/wp\/v2\/product_tag?post=275062"}],"curies":[{"name":"wp","href":"https:\/\/api.w.org\/{rel}","templated":true}]}}