{"id":275063,"date":"2025-09-30T23:01:09","date_gmt":"2025-09-30T20:01:09","guid":{"rendered":"https:\/\/trukme.lv\/produkti\/uncategorized\/montazas-lime-h-silicone-mirror-310ml\/"},"modified":"2025-10-02T12:45:48","modified_gmt":"2025-10-02T09:45:48","slug":"montazas-lime-h-silicone-mirror-310ml","status":"publish","type":"product","link":"https:\/\/trukme.lv\/en\/products\/furniture-fittings\/glue\/glue-en-2\/montazas-lime-h-silicone-mirror-310ml\/","title":{"rendered":"Mounting adhesive H-silicone Mirror, 310ml"},"content":{"rendered":"<p>Tas ir bezkr\u0101sains, neitr\u0101ls herm\u0113ti\u0137is uz silikona b\u0101zes, paredz\u0113ts profesion\u0101lai spogu\u013cu un stikla moza\u012bku stiprin\u0101\u0161anai. Lieliski pie\u0137eras pie daudziem virsmu tipiem: dab\u012bg\u0101 un lakota koka, glaz\u016bras, \u0137ie\u0123e\u013ciem, betona (ar\u012b poraina), cementa javas, lamin\u0113t\u0101 stikla, met\u0101la un saliekuma iztur\u012bgas plastmasas.<\/p>\n<p>MONT\u0100\u017dAS IESP\u0112JAS:<\/p>\n<p>dekorat\u012bvo spogu\u013cu piestiprin\u0101\u0161ana pie da\u017e\u0101d\u0101m virsm\u0101m, ar\u012b t\u0101m, kuras pak\u013cautas vibr\u0101cij\u0101m un spriegumam;<\/p>\n<p>stikla moza\u012bkas (spogu\u013cu savienojumi) du\u0161as kab\u012bn\u0113s;<\/p>\n<p>spogu\u013ci un liela izm\u0113ra lakob\u0113la fl\u012bzes (piem\u0113ram, \u0113ku sist\u0113m\u0101s ar b\u012bd\u0101m\u0101m durv\u012bm);<\/p>\n<p>spogu\u013cu malu \u0161paktel\u0113\u0161ana (p\u0113c piln\u012bgas silikona saciet\u0113\u0161anas);<\/p>\n<p>spogu\u013cu stiprin\u0101\u0161ana da\u017e\u0101dos r\u0101mjos;<\/p>\n<p>stikla elementi \u0101rpus telp\u0101m.<\/p>\n<p>LIETO\u0160ANA:<br \/>\nApstr\u0101d\u0101jamo virsmu attaukojiet ar \u0161\u0137\u012bdin\u0101t\u0101ju, not\u012briet putek\u013cus. Sar\u016bs\u0113ju\u0161as virsmas not\u012briet ar met\u0101la birsti, oksid\u0113tus met\u0101lus nosl\u012bp\u0113jiet un p\u0101rkl\u0101jiet ar pretkorozijas l\u012bdzekli. No\u0146emiet vec\u0101 herm\u0113ti\u0137a paliekas. Pirms lieto\u0161anas veiciet izm\u0113\u0123in\u0101juma l\u012bm\u0113\u0161anu. Savienojamo virsmu malas apl\u012bm\u0113jiet ar aizsarglenti. No\u0146emiet t\u016bbi\u0146as uzgali, atst\u0101jot da\u013cu v\u012btnes, uz kuras uzskr\u016bv\u0113t uzkl\u0101\u0161anas uzgali. Uzgali nogrieziet atbilsto\u0161i izv\u0113l\u0113tajam l\u012bmes sl\u0101\u0146a biezumam. Lietojiet ar manu\u0101lo vai pneimatisko pistoli. Nenosl\u0113dziet spogu\u013ca malas, kam\u0113r silikons nav saciet\u0113jis. Silikons saciet\u0113, rea\u0123\u0113jot ar gaisa mitrumu, t\u0101p\u0113c hermetiz\u0101ciju veiciet labi v\u0113din\u0101m\u0101 telp\u0101. Saciet\u0113ju\u0161a silikona savienojumu skalo\u0161ana pagarina t\u0101 kalpo\u0161anas laiku. P\u0113c lieto\u0161anas instrumentus not\u012briet. Izmantojiet plastmasas vai ner\u016bs\u0113jo\u0161\u0101 t\u0113rauda instrumentus.<\/p>\n<p>DER\u012aGUMA TERMI\u0145\u0160:<br \/>\n18 m\u0113ne\u0161i no izgatavo\u0161anas datuma, ja glab\u0101ts ori\u0123in\u0101laj\u0101 herm\u0113tiski nosl\u0113gt\u0101 iepakojum\u0101 saus\u0101, v\u0113s\u0101 viet\u0101 +5\u00b0C l\u012bdz +35\u00b0C temperat\u016br\u0101.<\/p>\n","protected":false},"excerpt":{"rendered":"<p>Tas ir bezkr\u0101sains, neitr\u0101ls herm\u0113ti\u0137is uz silikona b\u0101zes, paredz\u0113ts profesion\u0101lai spogu\u013cu un stikla moza\u012bku stiprin\u0101\u0161anai. Lieliski pie\u0137eras pie daudziem virsmu tipiem: dab\u012bg\u0101 un lakota koka, glaz\u016bras, \u0137ie\u0123e\u013ciem, betona (ar\u012b poraina), cementa javas, lamin\u0113t\u0101 stikla, met\u0101la un saliekuma iztur\u012bgas plastmasas. MONT\u0100\u017dAS IESP\u0112JAS: dekorat\u012bvo spogu\u013cu piestiprin\u0101\u0161ana pie da\u017e\u0101d\u0101m virsm\u0101m, ar\u012b t\u0101m, kuras pak\u013cautas vibr\u0101cij\u0101m un spriegumam; stikla&#8230;<\/p>\n","protected":false},"featured_media":267122,"template":"","meta":{"_acf_changed":false},"product_brand":[6940],"product_cat":[6305,6447,6450],"product_tag":[],"class_list":{"0":"post-275063","1":"product","2":"type-product","3":"status-publish","4":"has-post-thumbnail","6":"product_brand-hranipex-en","7":"product_cat-furniture-fittings","8":"product_cat-glue","9":"product_cat-glue-en-2","11":"first","12":"instock","13":"product-type-simple"},"acf":[],"yoast_head":"<!-- This site is optimized with the Yoast SEO plugin v26.5 - https:\/\/yoast.com\/wordpress\/plugins\/seo\/ -->\n<title>Mounting adhesive H-silicone Mirror, 310ml - Trukm\u0117<\/title>\n<meta name=\"robots\" content=\"index, follow, max-snippet:-1, max-image-preview:large, max-video-preview:-1\" \/>\n<link rel=\"canonical\" href=\"https:\/\/trukme.lv\/en\/products\/furniture-fittings\/glue\/glue-en-2\/montazas-lime-h-silicone-mirror-310ml\/\" \/>\n<meta property=\"og:locale\" content=\"en_GB\" \/>\n<meta property=\"og:type\" content=\"article\" \/>\n<meta property=\"og:title\" content=\"Mounting adhesive H-silicone Mirror, 310ml - Trukm\u0117\" \/>\n<meta property=\"og:description\" content=\"Tas ir bezkr\u0101sains, neitr\u0101ls herm\u0113ti\u0137is uz silikona b\u0101zes, paredz\u0113ts profesion\u0101lai spogu\u013cu un stikla moza\u012bku stiprin\u0101\u0161anai. Lieliski pie\u0137eras pie daudziem virsmu tipiem: dab\u012bg\u0101 un lakota koka, glaz\u016bras, \u0137ie\u0123e\u013ciem, betona (ar\u012b poraina), cementa javas, lamin\u0113t\u0101 stikla, met\u0101la un saliekuma iztur\u012bgas plastmasas. MONT\u0100\u017dAS IESP\u0112JAS: dekorat\u012bvo spogu\u013cu piestiprin\u0101\u0161ana pie da\u017e\u0101d\u0101m virsm\u0101m, ar\u012b t\u0101m, kuras pak\u013cautas vibr\u0101cij\u0101m un spriegumam; stikla...\" \/>\n<meta property=\"og:url\" content=\"https:\/\/trukme.lv\/en\/products\/furniture-fittings\/glue\/glue-en-2\/montazas-lime-h-silicone-mirror-310ml\/\" \/>\n<meta property=\"og:site_name\" content=\"Trukm\u0117\" \/>\n<meta property=\"article:modified_time\" content=\"2025-10-02T09:45:48+00:00\" \/>\n<meta property=\"og:image\" content=\"https:\/\/i0.wp.com\/trukme.lv\/wp-content\/uploads\/2025\/09\/1520010007.webp?fit=2048%2C2048&ssl=1\" \/>\n\t<meta property=\"og:image:width\" content=\"2048\" \/>\n\t<meta property=\"og:image:height\" content=\"2048\" \/>\n\t<meta property=\"og:image:type\" content=\"image\/webp\" \/>\n<meta name=\"twitter:card\" content=\"summary_large_image\" \/>\n<meta name=\"twitter:label1\" content=\"Estimated reading time\" \/>\n\t<meta name=\"twitter:data1\" content=\"2 minutes\" \/>\n<script type=\"application\/ld+json\" class=\"yoast-schema-graph\">{\"@context\":\"https:\/\/schema.org\",\"@graph\":[{\"@type\":\"WebPage\",\"@id\":\"https:\/\/trukme.lv\/en\/products\/furniture-fittings\/glue\/glue-en-2\/montazas-lime-h-silicone-mirror-310ml\/\",\"url\":\"https:\/\/trukme.lv\/en\/products\/furniture-fittings\/glue\/glue-en-2\/montazas-lime-h-silicone-mirror-310ml\/\",\"name\":\"Mounting adhesive H-silicone Mirror, 310ml - Trukm\u0117\",\"isPartOf\":{\"@id\":\"https:\/\/trukme.lv\/en\/#website\"},\"primaryImageOfPage\":{\"@id\":\"https:\/\/trukme.lv\/en\/products\/furniture-fittings\/glue\/glue-en-2\/montazas-lime-h-silicone-mirror-310ml\/#primaryimage\"},\"image\":{\"@id\":\"https:\/\/trukme.lv\/en\/products\/furniture-fittings\/glue\/glue-en-2\/montazas-lime-h-silicone-mirror-310ml\/#primaryimage\"},\"thumbnailUrl\":\"https:\/\/i0.wp.com\/trukme.lv\/wp-content\/uploads\/2025\/09\/1520010007.webp?fit=2048%2C2048&ssl=1\",\"datePublished\":\"2025-09-30T20:01:09+00:00\",\"dateModified\":\"2025-10-02T09:45:48+00:00\",\"breadcrumb\":{\"@id\":\"https:\/\/trukme.lv\/en\/products\/furniture-fittings\/glue\/glue-en-2\/montazas-lime-h-silicone-mirror-310ml\/#breadcrumb\"},\"inLanguage\":\"en-GB\",\"potentialAction\":[{\"@type\":\"ReadAction\",\"target\":[\"https:\/\/trukme.lv\/en\/products\/furniture-fittings\/glue\/glue-en-2\/montazas-lime-h-silicone-mirror-310ml\/\"]}]},{\"@type\":\"ImageObject\",\"inLanguage\":\"en-GB\",\"@id\":\"https:\/\/trukme.lv\/en\/products\/furniture-fittings\/glue\/glue-en-2\/montazas-lime-h-silicone-mirror-310ml\/#primaryimage\",\"url\":\"https:\/\/i0.wp.com\/trukme.lv\/wp-content\/uploads\/2025\/09\/1520010007.webp?fit=2048%2C2048&ssl=1\",\"contentUrl\":\"https:\/\/i0.wp.com\/trukme.lv\/wp-content\/uploads\/2025\/09\/1520010007.webp?fit=2048%2C2048&ssl=1\",\"width\":2048,\"height\":2048},{\"@type\":\"BreadcrumbList\",\"@id\":\"https:\/\/trukme.lv\/en\/products\/furniture-fittings\/glue\/glue-en-2\/montazas-lime-h-silicone-mirror-310ml\/#breadcrumb\",\"itemListElement\":[{\"@type\":\"ListItem\",\"position\":1,\"name\":\"Home\",\"item\":\"https:\/\/trukme.lv\/en\/home\/\"},{\"@type\":\"ListItem\",\"position\":2,\"name\":\"Products\",\"item\":\"https:\/\/trukme.lv\/en\/products\/\"},{\"@type\":\"ListItem\",\"position\":3,\"name\":\"Mounting adhesive H-silicone Mirror, 310ml\"}]},{\"@type\":\"WebSite\",\"@id\":\"https:\/\/trukme.lv\/en\/#website\",\"url\":\"https:\/\/trukme.lv\/en\/\",\"name\":\"Trukm\u0117\",\"description\":\"M\u0113be\u013cu pane\u013ci, galda virsmas, m\u0113be\u013cu furnit\u016bra. Virtuves m\u0113be\u013cu, skapju, vannas istabas m\u0113be\u013cu u.c. sortiments. Paz\u012bstami un uzticami ra\u017eot\u0101ji.\",\"potentialAction\":[{\"@type\":\"SearchAction\",\"target\":{\"@type\":\"EntryPoint\",\"urlTemplate\":\"https:\/\/trukme.lv\/en\/?s={search_term_string}\"},\"query-input\":{\"@type\":\"PropertyValueSpecification\",\"valueRequired\":true,\"valueName\":\"search_term_string\"}}],\"inLanguage\":\"en-GB\"}]}<\/script>\n<!-- \/ Yoast SEO plugin. -->","yoast_head_json":{"title":"Mounting adhesive H-silicone Mirror, 310ml - Trukm\u0117","robots":{"index":"index","follow":"follow","max-snippet":"max-snippet:-1","max-image-preview":"max-image-preview:large","max-video-preview":"max-video-preview:-1"},"canonical":"https:\/\/trukme.lv\/en\/products\/furniture-fittings\/glue\/glue-en-2\/montazas-lime-h-silicone-mirror-310ml\/","og_locale":"en_GB","og_type":"article","og_title":"Mounting adhesive H-silicone Mirror, 310ml - Trukm\u0117","og_description":"Tas ir bezkr\u0101sains, neitr\u0101ls herm\u0113ti\u0137is uz silikona b\u0101zes, paredz\u0113ts profesion\u0101lai spogu\u013cu un stikla moza\u012bku stiprin\u0101\u0161anai. Lieliski pie\u0137eras pie daudziem virsmu tipiem: dab\u012bg\u0101 un lakota koka, glaz\u016bras, \u0137ie\u0123e\u013ciem, betona (ar\u012b poraina), cementa javas, lamin\u0113t\u0101 stikla, met\u0101la un saliekuma iztur\u012bgas plastmasas. MONT\u0100\u017dAS IESP\u0112JAS: dekorat\u012bvo spogu\u013cu piestiprin\u0101\u0161ana pie da\u017e\u0101d\u0101m virsm\u0101m, ar\u012b t\u0101m, kuras pak\u013cautas vibr\u0101cij\u0101m un spriegumam; stikla...","og_url":"https:\/\/trukme.lv\/en\/products\/furniture-fittings\/glue\/glue-en-2\/montazas-lime-h-silicone-mirror-310ml\/","og_site_name":"Trukm\u0117","article_modified_time":"2025-10-02T09:45:48+00:00","og_image":[{"width":2048,"height":2048,"url":"https:\/\/i0.wp.com\/trukme.lv\/wp-content\/uploads\/2025\/09\/1520010007.webp?fit=2048%2C2048&ssl=1","type":"image\/webp"}],"twitter_card":"summary_large_image","twitter_misc":{"Estimated reading time":"2 minutes"},"schema":{"@context":"https:\/\/schema.org","@graph":[{"@type":"WebPage","@id":"https:\/\/trukme.lv\/en\/products\/furniture-fittings\/glue\/glue-en-2\/montazas-lime-h-silicone-mirror-310ml\/","url":"https:\/\/trukme.lv\/en\/products\/furniture-fittings\/glue\/glue-en-2\/montazas-lime-h-silicone-mirror-310ml\/","name":"Mounting adhesive H-silicone Mirror, 310ml - Trukm\u0117","isPartOf":{"@id":"https:\/\/trukme.lv\/en\/#website"},"primaryImageOfPage":{"@id":"https:\/\/trukme.lv\/en\/products\/furniture-fittings\/glue\/glue-en-2\/montazas-lime-h-silicone-mirror-310ml\/#primaryimage"},"image":{"@id":"https:\/\/trukme.lv\/en\/products\/furniture-fittings\/glue\/glue-en-2\/montazas-lime-h-silicone-mirror-310ml\/#primaryimage"},"thumbnailUrl":"https:\/\/i0.wp.com\/trukme.lv\/wp-content\/uploads\/2025\/09\/1520010007.webp?fit=2048%2C2048&ssl=1","datePublished":"2025-09-30T20:01:09+00:00","dateModified":"2025-10-02T09:45:48+00:00","breadcrumb":{"@id":"https:\/\/trukme.lv\/en\/products\/furniture-fittings\/glue\/glue-en-2\/montazas-lime-h-silicone-mirror-310ml\/#breadcrumb"},"inLanguage":"en-GB","potentialAction":[{"@type":"ReadAction","target":["https:\/\/trukme.lv\/en\/products\/furniture-fittings\/glue\/glue-en-2\/montazas-lime-h-silicone-mirror-310ml\/"]}]},{"@type":"ImageObject","inLanguage":"en-GB","@id":"https:\/\/trukme.lv\/en\/products\/furniture-fittings\/glue\/glue-en-2\/montazas-lime-h-silicone-mirror-310ml\/#primaryimage","url":"https:\/\/i0.wp.com\/trukme.lv\/wp-content\/uploads\/2025\/09\/1520010007.webp?fit=2048%2C2048&ssl=1","contentUrl":"https:\/\/i0.wp.com\/trukme.lv\/wp-content\/uploads\/2025\/09\/1520010007.webp?fit=2048%2C2048&ssl=1","width":2048,"height":2048},{"@type":"BreadcrumbList","@id":"https:\/\/trukme.lv\/en\/products\/furniture-fittings\/glue\/glue-en-2\/montazas-lime-h-silicone-mirror-310ml\/#breadcrumb","itemListElement":[{"@type":"ListItem","position":1,"name":"Home","item":"https:\/\/trukme.lv\/en\/home\/"},{"@type":"ListItem","position":2,"name":"Products","item":"https:\/\/trukme.lv\/en\/products\/"},{"@type":"ListItem","position":3,"name":"Mounting adhesive H-silicone Mirror, 310ml"}]},{"@type":"WebSite","@id":"https:\/\/trukme.lv\/en\/#website","url":"https:\/\/trukme.lv\/en\/","name":"Trukm\u0117","description":"M\u0113be\u013cu pane\u013ci, galda virsmas, m\u0113be\u013cu furnit\u016bra. Virtuves m\u0113be\u013cu, skapju, vannas istabas m\u0113be\u013cu u.c. sortiments. Paz\u012bstami un uzticami ra\u017eot\u0101ji.","potentialAction":[{"@type":"SearchAction","target":{"@type":"EntryPoint","urlTemplate":"https:\/\/trukme.lv\/en\/?s={search_term_string}"},"query-input":{"@type":"PropertyValueSpecification","valueRequired":true,"valueName":"search_term_string"}}],"inLanguage":"en-GB"}]}},"jetpack_sharing_enabled":true,"_links":{"self":[{"href":"https:\/\/trukme.lv\/en\/wp-json\/wp\/v2\/product\/275063","targetHints":{"allow":["GET"]}}],"collection":[{"href":"https:\/\/trukme.lv\/en\/wp-json\/wp\/v2\/product"}],"about":[{"href":"https:\/\/trukme.lv\/en\/wp-json\/wp\/v2\/types\/product"}],"wp:featuredmedia":[{"embeddable":true,"href":"https:\/\/trukme.lv\/en\/wp-json\/wp\/v2\/media\/267122"}],"wp:attachment":[{"href":"https:\/\/trukme.lv\/en\/wp-json\/wp\/v2\/media?parent=275063"}],"wp:term":[{"taxonomy":"product_brand","embeddable":true,"href":"https:\/\/trukme.lv\/en\/wp-json\/wp\/v2\/product_brand?post=275063"},{"taxonomy":"product_cat","embeddable":true,"href":"https:\/\/trukme.lv\/en\/wp-json\/wp\/v2\/product_cat?post=275063"},{"taxonomy":"product_tag","embeddable":true,"href":"https:\/\/trukme.lv\/en\/wp-json\/wp\/v2\/product_tag?post=275063"}],"curies":[{"name":"wp","href":"https:\/\/api.w.org\/{rel}","templated":true}]}}