{"id":275064,"date":"2025-09-30T23:01:04","date_gmt":"2025-09-30T20:01:04","guid":{"rendered":"https:\/\/trukme.lv\/produkti\/uncategorized\/montazas-lime-ms-polymer-290-caurspidiga\/"},"modified":"2025-10-02T12:45:48","modified_gmt":"2025-10-02T09:45:48","slug":"montazas-lime-ms-polymer-290-caurspidiga","status":"publish","type":"product","link":"https:\/\/trukme.lv\/en\/products\/furniture-fittings\/glue\/glue-en-2\/montazas-lime-ms-polymer-290-caurspidiga\/","title":{"rendered":"Mounting adhesive MS Polymer, 290, transparent"},"content":{"rendered":"<p>H-polymer MS are transparent odorless adhesives. They contain no solvents, isocyanates, or silicones. They are resistant to many chemicals: weak acids, alkalis, and oils. Universal adhesives based on hybrid polymer (modified silane) with high initial tack. Excellent adhesion to any construction substrate, even on damp surfaces. Excellent initial tack allows installation without supporting the bonded elements. The joint can be painted after curing. The bond is durable, fully resistant to changing weather conditions and UV rays.<\/p>\n<p>USAGE: Bonding and sealing of all construction materials: natural stone, wood, concrete, metal, bricks, glass, ceramics, plaster, polyurethane, plastic, chipboard, etc. Flexible bonding of vibrating elements, bonding of galvanized steel sheets, brass, and other metal elements. Surface must be clean. Tape edges before applying adhesive. Suitable for both manual and pneumatic guns.<\/p>\n<p>STORAGE AND SHELF LIFE: Store in original packaging in a dry and cool place at 5\u201335 \u00b0C. Valid for 18 months from the date of manufacture. Protect from freezing. Keep out of reach of children.<\/p>\n","protected":false},"excerpt":{"rendered":"<p>H-polymer MS are transparent odorless adhesives. They contain no solvents, isocyanates, or silicones. They are resistant to many chemicals: weak acids, alkalis, and oils. Universal adhesives based on hybrid polymer (modified silane) with high initial tack. Excellent adhesion to any construction substrate, even on damp surfaces. Excellent initial tack allows installation without supporting the bonded&#8230;<\/p>\n","protected":false},"featured_media":267115,"template":"","meta":{"_acf_changed":false},"product_brand":[6940],"product_cat":[6305,6447,6450],"product_tag":[],"class_list":{"0":"post-275064","1":"product","2":"type-product","3":"status-publish","4":"has-post-thumbnail","6":"product_brand-hranipex-en","7":"product_cat-furniture-fittings","8":"product_cat-glue","9":"product_cat-glue-en-2","11":"first","12":"instock","13":"product-type-simple"},"acf":[],"yoast_head":"<!-- This site is optimized with the Yoast SEO plugin v26.5 - https:\/\/yoast.com\/wordpress\/plugins\/seo\/ -->\n<title>Mounting adhesive MS Polymer, 290, transparent - Trukm\u0117<\/title>\n<meta name=\"robots\" content=\"index, follow, max-snippet:-1, max-image-preview:large, max-video-preview:-1\" \/>\n<link rel=\"canonical\" href=\"https:\/\/trukme.lv\/en\/products\/furniture-fittings\/glue\/glue-en-2\/montazas-lime-ms-polymer-290-caurspidiga\/\" \/>\n<meta property=\"og:locale\" content=\"en_GB\" \/>\n<meta property=\"og:type\" content=\"article\" \/>\n<meta property=\"og:title\" content=\"Mounting adhesive MS Polymer, 290, transparent - Trukm\u0117\" \/>\n<meta property=\"og:description\" content=\"H-polymer MS are transparent odorless adhesives. They contain no solvents, isocyanates, or silicones. They are resistant to many chemicals: weak acids, alkalis, and oils. Universal adhesives based on hybrid polymer (modified silane) with high initial tack. Excellent adhesion to any construction substrate, even on damp surfaces. Excellent initial tack allows installation without supporting the bonded...\" \/>\n<meta property=\"og:url\" content=\"https:\/\/trukme.lv\/en\/products\/furniture-fittings\/glue\/glue-en-2\/montazas-lime-ms-polymer-290-caurspidiga\/\" \/>\n<meta property=\"og:site_name\" content=\"Trukm\u0117\" \/>\n<meta property=\"article:modified_time\" content=\"2025-10-02T09:45:48+00:00\" \/>\n<meta property=\"og:image\" content=\"https:\/\/i0.wp.com\/trukme.lv\/wp-content\/uploads\/2025\/09\/1520010006.webp?fit=2048%2C2048&ssl=1\" \/>\n\t<meta property=\"og:image:width\" content=\"2048\" \/>\n\t<meta property=\"og:image:height\" content=\"2048\" \/>\n\t<meta property=\"og:image:type\" content=\"image\/webp\" \/>\n<meta name=\"twitter:card\" content=\"summary_large_image\" \/>\n<meta name=\"twitter:label1\" content=\"Estimated reading time\" \/>\n\t<meta name=\"twitter:data1\" content=\"1 minute\" \/>\n<script type=\"application\/ld+json\" class=\"yoast-schema-graph\">{\"@context\":\"https:\/\/schema.org\",\"@graph\":[{\"@type\":\"WebPage\",\"@id\":\"https:\/\/trukme.lv\/en\/products\/furniture-fittings\/glue\/glue-en-2\/montazas-lime-ms-polymer-290-caurspidiga\/\",\"url\":\"https:\/\/trukme.lv\/en\/products\/furniture-fittings\/glue\/glue-en-2\/montazas-lime-ms-polymer-290-caurspidiga\/\",\"name\":\"Mounting adhesive MS Polymer, 290, transparent - Trukm\u0117\",\"isPartOf\":{\"@id\":\"https:\/\/trukme.lv\/en\/#website\"},\"primaryImageOfPage\":{\"@id\":\"https:\/\/trukme.lv\/en\/products\/furniture-fittings\/glue\/glue-en-2\/montazas-lime-ms-polymer-290-caurspidiga\/#primaryimage\"},\"image\":{\"@id\":\"https:\/\/trukme.lv\/en\/products\/furniture-fittings\/glue\/glue-en-2\/montazas-lime-ms-polymer-290-caurspidiga\/#primaryimage\"},\"thumbnailUrl\":\"https:\/\/i0.wp.com\/trukme.lv\/wp-content\/uploads\/2025\/09\/1520010006.webp?fit=2048%2C2048&ssl=1\",\"datePublished\":\"2025-09-30T20:01:04+00:00\",\"dateModified\":\"2025-10-02T09:45:48+00:00\",\"breadcrumb\":{\"@id\":\"https:\/\/trukme.lv\/en\/products\/furniture-fittings\/glue\/glue-en-2\/montazas-lime-ms-polymer-290-caurspidiga\/#breadcrumb\"},\"inLanguage\":\"en-GB\",\"potentialAction\":[{\"@type\":\"ReadAction\",\"target\":[\"https:\/\/trukme.lv\/en\/products\/furniture-fittings\/glue\/glue-en-2\/montazas-lime-ms-polymer-290-caurspidiga\/\"]}]},{\"@type\":\"ImageObject\",\"inLanguage\":\"en-GB\",\"@id\":\"https:\/\/trukme.lv\/en\/products\/furniture-fittings\/glue\/glue-en-2\/montazas-lime-ms-polymer-290-caurspidiga\/#primaryimage\",\"url\":\"https:\/\/i0.wp.com\/trukme.lv\/wp-content\/uploads\/2025\/09\/1520010006.webp?fit=2048%2C2048&ssl=1\",\"contentUrl\":\"https:\/\/i0.wp.com\/trukme.lv\/wp-content\/uploads\/2025\/09\/1520010006.webp?fit=2048%2C2048&ssl=1\",\"width\":2048,\"height\":2048},{\"@type\":\"BreadcrumbList\",\"@id\":\"https:\/\/trukme.lv\/en\/products\/furniture-fittings\/glue\/glue-en-2\/montazas-lime-ms-polymer-290-caurspidiga\/#breadcrumb\",\"itemListElement\":[{\"@type\":\"ListItem\",\"position\":1,\"name\":\"Home\",\"item\":\"https:\/\/trukme.lv\/en\/home\/\"},{\"@type\":\"ListItem\",\"position\":2,\"name\":\"Products\",\"item\":\"https:\/\/trukme.lv\/en\/products\/\"},{\"@type\":\"ListItem\",\"position\":3,\"name\":\"Mounting adhesive MS Polymer, 290, transparent\"}]},{\"@type\":\"WebSite\",\"@id\":\"https:\/\/trukme.lv\/en\/#website\",\"url\":\"https:\/\/trukme.lv\/en\/\",\"name\":\"Trukm\u0117\",\"description\":\"M\u0113be\u013cu pane\u013ci, galda virsmas, m\u0113be\u013cu furnit\u016bra. Virtuves m\u0113be\u013cu, skapju, vannas istabas m\u0113be\u013cu u.c. sortiments. Paz\u012bstami un uzticami ra\u017eot\u0101ji.\",\"potentialAction\":[{\"@type\":\"SearchAction\",\"target\":{\"@type\":\"EntryPoint\",\"urlTemplate\":\"https:\/\/trukme.lv\/en\/?s={search_term_string}\"},\"query-input\":{\"@type\":\"PropertyValueSpecification\",\"valueRequired\":true,\"valueName\":\"search_term_string\"}}],\"inLanguage\":\"en-GB\"}]}<\/script>\n<!-- \/ Yoast SEO plugin. -->","yoast_head_json":{"title":"Mounting adhesive MS Polymer, 290, transparent - Trukm\u0117","robots":{"index":"index","follow":"follow","max-snippet":"max-snippet:-1","max-image-preview":"max-image-preview:large","max-video-preview":"max-video-preview:-1"},"canonical":"https:\/\/trukme.lv\/en\/products\/furniture-fittings\/glue\/glue-en-2\/montazas-lime-ms-polymer-290-caurspidiga\/","og_locale":"en_GB","og_type":"article","og_title":"Mounting adhesive MS Polymer, 290, transparent - Trukm\u0117","og_description":"H-polymer MS are transparent odorless adhesives. They contain no solvents, isocyanates, or silicones. They are resistant to many chemicals: weak acids, alkalis, and oils. Universal adhesives based on hybrid polymer (modified silane) with high initial tack. Excellent adhesion to any construction substrate, even on damp surfaces. Excellent initial tack allows installation without supporting the bonded...","og_url":"https:\/\/trukme.lv\/en\/products\/furniture-fittings\/glue\/glue-en-2\/montazas-lime-ms-polymer-290-caurspidiga\/","og_site_name":"Trukm\u0117","article_modified_time":"2025-10-02T09:45:48+00:00","og_image":[{"width":2048,"height":2048,"url":"https:\/\/i0.wp.com\/trukme.lv\/wp-content\/uploads\/2025\/09\/1520010006.webp?fit=2048%2C2048&ssl=1","type":"image\/webp"}],"twitter_card":"summary_large_image","twitter_misc":{"Estimated reading time":"1 minute"},"schema":{"@context":"https:\/\/schema.org","@graph":[{"@type":"WebPage","@id":"https:\/\/trukme.lv\/en\/products\/furniture-fittings\/glue\/glue-en-2\/montazas-lime-ms-polymer-290-caurspidiga\/","url":"https:\/\/trukme.lv\/en\/products\/furniture-fittings\/glue\/glue-en-2\/montazas-lime-ms-polymer-290-caurspidiga\/","name":"Mounting adhesive MS Polymer, 290, transparent - Trukm\u0117","isPartOf":{"@id":"https:\/\/trukme.lv\/en\/#website"},"primaryImageOfPage":{"@id":"https:\/\/trukme.lv\/en\/products\/furniture-fittings\/glue\/glue-en-2\/montazas-lime-ms-polymer-290-caurspidiga\/#primaryimage"},"image":{"@id":"https:\/\/trukme.lv\/en\/products\/furniture-fittings\/glue\/glue-en-2\/montazas-lime-ms-polymer-290-caurspidiga\/#primaryimage"},"thumbnailUrl":"https:\/\/i0.wp.com\/trukme.lv\/wp-content\/uploads\/2025\/09\/1520010006.webp?fit=2048%2C2048&ssl=1","datePublished":"2025-09-30T20:01:04+00:00","dateModified":"2025-10-02T09:45:48+00:00","breadcrumb":{"@id":"https:\/\/trukme.lv\/en\/products\/furniture-fittings\/glue\/glue-en-2\/montazas-lime-ms-polymer-290-caurspidiga\/#breadcrumb"},"inLanguage":"en-GB","potentialAction":[{"@type":"ReadAction","target":["https:\/\/trukme.lv\/en\/products\/furniture-fittings\/glue\/glue-en-2\/montazas-lime-ms-polymer-290-caurspidiga\/"]}]},{"@type":"ImageObject","inLanguage":"en-GB","@id":"https:\/\/trukme.lv\/en\/products\/furniture-fittings\/glue\/glue-en-2\/montazas-lime-ms-polymer-290-caurspidiga\/#primaryimage","url":"https:\/\/i0.wp.com\/trukme.lv\/wp-content\/uploads\/2025\/09\/1520010006.webp?fit=2048%2C2048&ssl=1","contentUrl":"https:\/\/i0.wp.com\/trukme.lv\/wp-content\/uploads\/2025\/09\/1520010006.webp?fit=2048%2C2048&ssl=1","width":2048,"height":2048},{"@type":"BreadcrumbList","@id":"https:\/\/trukme.lv\/en\/products\/furniture-fittings\/glue\/glue-en-2\/montazas-lime-ms-polymer-290-caurspidiga\/#breadcrumb","itemListElement":[{"@type":"ListItem","position":1,"name":"Home","item":"https:\/\/trukme.lv\/en\/home\/"},{"@type":"ListItem","position":2,"name":"Products","item":"https:\/\/trukme.lv\/en\/products\/"},{"@type":"ListItem","position":3,"name":"Mounting adhesive MS Polymer, 290, transparent"}]},{"@type":"WebSite","@id":"https:\/\/trukme.lv\/en\/#website","url":"https:\/\/trukme.lv\/en\/","name":"Trukm\u0117","description":"M\u0113be\u013cu pane\u013ci, galda virsmas, m\u0113be\u013cu furnit\u016bra. Virtuves m\u0113be\u013cu, skapju, vannas istabas m\u0113be\u013cu u.c. sortiments. Paz\u012bstami un uzticami ra\u017eot\u0101ji.","potentialAction":[{"@type":"SearchAction","target":{"@type":"EntryPoint","urlTemplate":"https:\/\/trukme.lv\/en\/?s={search_term_string}"},"query-input":{"@type":"PropertyValueSpecification","valueRequired":true,"valueName":"search_term_string"}}],"inLanguage":"en-GB"}]}},"jetpack_sharing_enabled":true,"_links":{"self":[{"href":"https:\/\/trukme.lv\/en\/wp-json\/wp\/v2\/product\/275064","targetHints":{"allow":["GET"]}}],"collection":[{"href":"https:\/\/trukme.lv\/en\/wp-json\/wp\/v2\/product"}],"about":[{"href":"https:\/\/trukme.lv\/en\/wp-json\/wp\/v2\/types\/product"}],"wp:featuredmedia":[{"embeddable":true,"href":"https:\/\/trukme.lv\/en\/wp-json\/wp\/v2\/media\/267115"}],"wp:attachment":[{"href":"https:\/\/trukme.lv\/en\/wp-json\/wp\/v2\/media?parent=275064"}],"wp:term":[{"taxonomy":"product_brand","embeddable":true,"href":"https:\/\/trukme.lv\/en\/wp-json\/wp\/v2\/product_brand?post=275064"},{"taxonomy":"product_cat","embeddable":true,"href":"https:\/\/trukme.lv\/en\/wp-json\/wp\/v2\/product_cat?post=275064"},{"taxonomy":"product_tag","embeddable":true,"href":"https:\/\/trukme.lv\/en\/wp-json\/wp\/v2\/product_tag?post=275064"}],"curies":[{"name":"wp","href":"https:\/\/api.w.org\/{rel}","templated":true}]}}