{"id":275067,"date":"2025-09-30T23:00:48","date_gmt":"2025-09-30T20:00:48","guid":{"rendered":"https:\/\/trukme.lv\/produkti\/uncategorized\/izsmidzinama-kontaktlime-hranifix-smart-500-ml\/"},"modified":"2025-10-02T12:45:49","modified_gmt":"2025-10-02T09:45:49","slug":"izsmidzinama-kontaktlime-hranifix-smart-500-ml","status":"publish","type":"product","link":"https:\/\/trukme.lv\/en\/products\/furniture-fittings\/glue\/glue-en-2\/izsmidzinama-kontaktlime-hranifix-smart-500-ml\/","title":{"rendered":"Spray contact adhesive Hranifix Smart, 500 ml"},"content":{"rendered":"<p>High-quality, colorless, and odorless Hranifix Smart adhesive is suitable for bonding various materials. Strong bond within minutes. Dry residue 28\u201332%. High resistance to water and temperatures up to 105 \u00b0C.<br \/>\nApplication options:<br \/>\nbonding wood, chipboard;<br \/>\nbonding MDF;<br \/>\nbonding polyurethane foam, fiberglass;<br \/>\nbonding cardboard, most plastics;<br \/>\nbonding aluminum sheets and most metals.<\/p>\n<p>USE: Apply adhesive to both surfaces to be bonded. Surfaces must be clean, dry, and dust-free. Room and material temperature 15\u201325 \u00b0C, spray adhesive 15\u201325 cm away from surfaces. Cover 80\u2013100% of the surface with a thin and even layer. Optimally covered surface will look like a fine mesh. Do not apply in thick layers, as excess will squeeze out at the edges. Once surfaces are covered, allow adhesive to dry for about 30\u201360 seconds (layer no longer sticks to hands). When solvent has evaporated, press surfaces firmly; a press may be used. For poorly absorbent surfaces, it is recommended to apply a second coat after the first coat solvent has evaporated, thereby reinforcing the bond.<\/p>\n<p>SHELF LIFE: 18 months if stored only in original hermetically sealed packaging in a dry, cool, and well-ventilated place. Protect from direct sunlight or temperatures above 50 \u00b0C. High temperatures may cause explosion. Do not destroy empty canisters or throw them into fire.<\/p>\n","protected":false},"excerpt":{"rendered":"<p>High-quality, colorless, and odorless Hranifix Smart adhesive is suitable for bonding various materials. Strong bond within minutes. Dry residue 28\u201332%. High resistance to water and temperatures up to 105 \u00b0C. Application options: bonding wood, chipboard; bonding MDF; bonding polyurethane foam, fiberglass; bonding cardboard, most plastics; bonding aluminum sheets and most metals. USE: Apply adhesive to&#8230;<\/p>\n","protected":false},"featured_media":267088,"template":"","meta":{"_acf_changed":false},"product_brand":[6940],"product_cat":[6305,6447,6450],"product_tag":[],"class_list":{"0":"post-275067","1":"product","2":"type-product","3":"status-publish","4":"has-post-thumbnail","6":"product_brand-hranipex-en","7":"product_cat-furniture-fittings","8":"product_cat-glue","9":"product_cat-glue-en-2","11":"first","12":"instock","13":"product-type-simple"},"acf":[],"yoast_head":"<!-- This site is optimized with the Yoast SEO plugin v26.5 - https:\/\/yoast.com\/wordpress\/plugins\/seo\/ -->\n<title>Spray contact adhesive Hranifix Smart, 500 ml - Trukm\u0117<\/title>\n<meta name=\"robots\" content=\"index, follow, max-snippet:-1, max-image-preview:large, max-video-preview:-1\" \/>\n<link rel=\"canonical\" href=\"https:\/\/trukme.lv\/en\/products\/furniture-fittings\/glue\/glue-en-2\/izsmidzinama-kontaktlime-hranifix-smart-500-ml\/\" \/>\n<meta property=\"og:locale\" content=\"en_GB\" \/>\n<meta property=\"og:type\" content=\"article\" \/>\n<meta property=\"og:title\" content=\"Spray contact adhesive Hranifix Smart, 500 ml - Trukm\u0117\" \/>\n<meta property=\"og:description\" content=\"High-quality, colorless, and odorless Hranifix Smart adhesive is suitable for bonding various materials. Strong bond within minutes. Dry residue 28\u201332%. High resistance to water and temperatures up to 105 \u00b0C. Application options: bonding wood, chipboard; bonding MDF; bonding polyurethane foam, fiberglass; bonding cardboard, most plastics; bonding aluminum sheets and most metals. USE: Apply adhesive to...\" \/>\n<meta property=\"og:url\" content=\"https:\/\/trukme.lv\/en\/products\/furniture-fittings\/glue\/glue-en-2\/izsmidzinama-kontaktlime-hranifix-smart-500-ml\/\" \/>\n<meta property=\"og:site_name\" content=\"Trukm\u0117\" \/>\n<meta property=\"article:modified_time\" content=\"2025-10-02T09:45:49+00:00\" \/>\n<meta property=\"og:image\" content=\"https:\/\/i0.wp.com\/trukme.lv\/wp-content\/uploads\/2025\/09\/1520010003.webp?fit=2048%2C2048&ssl=1\" \/>\n\t<meta property=\"og:image:width\" content=\"2048\" \/>\n\t<meta property=\"og:image:height\" content=\"2048\" \/>\n\t<meta property=\"og:image:type\" content=\"image\/webp\" \/>\n<meta name=\"twitter:card\" content=\"summary_large_image\" \/>\n<meta name=\"twitter:label1\" content=\"Estimated reading time\" \/>\n\t<meta name=\"twitter:data1\" content=\"1 minute\" \/>\n<script type=\"application\/ld+json\" class=\"yoast-schema-graph\">{\"@context\":\"https:\/\/schema.org\",\"@graph\":[{\"@type\":\"WebPage\",\"@id\":\"https:\/\/trukme.lv\/en\/products\/furniture-fittings\/glue\/glue-en-2\/izsmidzinama-kontaktlime-hranifix-smart-500-ml\/\",\"url\":\"https:\/\/trukme.lv\/en\/products\/furniture-fittings\/glue\/glue-en-2\/izsmidzinama-kontaktlime-hranifix-smart-500-ml\/\",\"name\":\"Spray contact adhesive Hranifix Smart, 500 ml - Trukm\u0117\",\"isPartOf\":{\"@id\":\"https:\/\/trukme.lv\/en\/#website\"},\"primaryImageOfPage\":{\"@id\":\"https:\/\/trukme.lv\/en\/products\/furniture-fittings\/glue\/glue-en-2\/izsmidzinama-kontaktlime-hranifix-smart-500-ml\/#primaryimage\"},\"image\":{\"@id\":\"https:\/\/trukme.lv\/en\/products\/furniture-fittings\/glue\/glue-en-2\/izsmidzinama-kontaktlime-hranifix-smart-500-ml\/#primaryimage\"},\"thumbnailUrl\":\"https:\/\/i0.wp.com\/trukme.lv\/wp-content\/uploads\/2025\/09\/1520010003.webp?fit=2048%2C2048&ssl=1\",\"datePublished\":\"2025-09-30T20:00:48+00:00\",\"dateModified\":\"2025-10-02T09:45:49+00:00\",\"breadcrumb\":{\"@id\":\"https:\/\/trukme.lv\/en\/products\/furniture-fittings\/glue\/glue-en-2\/izsmidzinama-kontaktlime-hranifix-smart-500-ml\/#breadcrumb\"},\"inLanguage\":\"en-GB\",\"potentialAction\":[{\"@type\":\"ReadAction\",\"target\":[\"https:\/\/trukme.lv\/en\/products\/furniture-fittings\/glue\/glue-en-2\/izsmidzinama-kontaktlime-hranifix-smart-500-ml\/\"]}]},{\"@type\":\"ImageObject\",\"inLanguage\":\"en-GB\",\"@id\":\"https:\/\/trukme.lv\/en\/products\/furniture-fittings\/glue\/glue-en-2\/izsmidzinama-kontaktlime-hranifix-smart-500-ml\/#primaryimage\",\"url\":\"https:\/\/i0.wp.com\/trukme.lv\/wp-content\/uploads\/2025\/09\/1520010003.webp?fit=2048%2C2048&ssl=1\",\"contentUrl\":\"https:\/\/i0.wp.com\/trukme.lv\/wp-content\/uploads\/2025\/09\/1520010003.webp?fit=2048%2C2048&ssl=1\",\"width\":2048,\"height\":2048},{\"@type\":\"BreadcrumbList\",\"@id\":\"https:\/\/trukme.lv\/en\/products\/furniture-fittings\/glue\/glue-en-2\/izsmidzinama-kontaktlime-hranifix-smart-500-ml\/#breadcrumb\",\"itemListElement\":[{\"@type\":\"ListItem\",\"position\":1,\"name\":\"Home\",\"item\":\"https:\/\/trukme.lv\/en\/home\/\"},{\"@type\":\"ListItem\",\"position\":2,\"name\":\"Products\",\"item\":\"https:\/\/trukme.lv\/en\/products\/\"},{\"@type\":\"ListItem\",\"position\":3,\"name\":\"Spray contact adhesive Hranifix Smart, 500 ml\"}]},{\"@type\":\"WebSite\",\"@id\":\"https:\/\/trukme.lv\/en\/#website\",\"url\":\"https:\/\/trukme.lv\/en\/\",\"name\":\"Trukm\u0117\",\"description\":\"M\u0113be\u013cu pane\u013ci, galda virsmas, m\u0113be\u013cu furnit\u016bra. Virtuves m\u0113be\u013cu, skapju, vannas istabas m\u0113be\u013cu u.c. sortiments. Paz\u012bstami un uzticami ra\u017eot\u0101ji.\",\"potentialAction\":[{\"@type\":\"SearchAction\",\"target\":{\"@type\":\"EntryPoint\",\"urlTemplate\":\"https:\/\/trukme.lv\/en\/?s={search_term_string}\"},\"query-input\":{\"@type\":\"PropertyValueSpecification\",\"valueRequired\":true,\"valueName\":\"search_term_string\"}}],\"inLanguage\":\"en-GB\"}]}<\/script>\n<!-- \/ Yoast SEO plugin. -->","yoast_head_json":{"title":"Spray contact adhesive Hranifix Smart, 500 ml - Trukm\u0117","robots":{"index":"index","follow":"follow","max-snippet":"max-snippet:-1","max-image-preview":"max-image-preview:large","max-video-preview":"max-video-preview:-1"},"canonical":"https:\/\/trukme.lv\/en\/products\/furniture-fittings\/glue\/glue-en-2\/izsmidzinama-kontaktlime-hranifix-smart-500-ml\/","og_locale":"en_GB","og_type":"article","og_title":"Spray contact adhesive Hranifix Smart, 500 ml - Trukm\u0117","og_description":"High-quality, colorless, and odorless Hranifix Smart adhesive is suitable for bonding various materials. Strong bond within minutes. Dry residue 28\u201332%. High resistance to water and temperatures up to 105 \u00b0C. Application options: bonding wood, chipboard; bonding MDF; bonding polyurethane foam, fiberglass; bonding cardboard, most plastics; bonding aluminum sheets and most metals. USE: Apply adhesive to...","og_url":"https:\/\/trukme.lv\/en\/products\/furniture-fittings\/glue\/glue-en-2\/izsmidzinama-kontaktlime-hranifix-smart-500-ml\/","og_site_name":"Trukm\u0117","article_modified_time":"2025-10-02T09:45:49+00:00","og_image":[{"width":2048,"height":2048,"url":"https:\/\/i0.wp.com\/trukme.lv\/wp-content\/uploads\/2025\/09\/1520010003.webp?fit=2048%2C2048&ssl=1","type":"image\/webp"}],"twitter_card":"summary_large_image","twitter_misc":{"Estimated reading time":"1 minute"},"schema":{"@context":"https:\/\/schema.org","@graph":[{"@type":"WebPage","@id":"https:\/\/trukme.lv\/en\/products\/furniture-fittings\/glue\/glue-en-2\/izsmidzinama-kontaktlime-hranifix-smart-500-ml\/","url":"https:\/\/trukme.lv\/en\/products\/furniture-fittings\/glue\/glue-en-2\/izsmidzinama-kontaktlime-hranifix-smart-500-ml\/","name":"Spray contact adhesive Hranifix Smart, 500 ml - Trukm\u0117","isPartOf":{"@id":"https:\/\/trukme.lv\/en\/#website"},"primaryImageOfPage":{"@id":"https:\/\/trukme.lv\/en\/products\/furniture-fittings\/glue\/glue-en-2\/izsmidzinama-kontaktlime-hranifix-smart-500-ml\/#primaryimage"},"image":{"@id":"https:\/\/trukme.lv\/en\/products\/furniture-fittings\/glue\/glue-en-2\/izsmidzinama-kontaktlime-hranifix-smart-500-ml\/#primaryimage"},"thumbnailUrl":"https:\/\/i0.wp.com\/trukme.lv\/wp-content\/uploads\/2025\/09\/1520010003.webp?fit=2048%2C2048&ssl=1","datePublished":"2025-09-30T20:00:48+00:00","dateModified":"2025-10-02T09:45:49+00:00","breadcrumb":{"@id":"https:\/\/trukme.lv\/en\/products\/furniture-fittings\/glue\/glue-en-2\/izsmidzinama-kontaktlime-hranifix-smart-500-ml\/#breadcrumb"},"inLanguage":"en-GB","potentialAction":[{"@type":"ReadAction","target":["https:\/\/trukme.lv\/en\/products\/furniture-fittings\/glue\/glue-en-2\/izsmidzinama-kontaktlime-hranifix-smart-500-ml\/"]}]},{"@type":"ImageObject","inLanguage":"en-GB","@id":"https:\/\/trukme.lv\/en\/products\/furniture-fittings\/glue\/glue-en-2\/izsmidzinama-kontaktlime-hranifix-smart-500-ml\/#primaryimage","url":"https:\/\/i0.wp.com\/trukme.lv\/wp-content\/uploads\/2025\/09\/1520010003.webp?fit=2048%2C2048&ssl=1","contentUrl":"https:\/\/i0.wp.com\/trukme.lv\/wp-content\/uploads\/2025\/09\/1520010003.webp?fit=2048%2C2048&ssl=1","width":2048,"height":2048},{"@type":"BreadcrumbList","@id":"https:\/\/trukme.lv\/en\/products\/furniture-fittings\/glue\/glue-en-2\/izsmidzinama-kontaktlime-hranifix-smart-500-ml\/#breadcrumb","itemListElement":[{"@type":"ListItem","position":1,"name":"Home","item":"https:\/\/trukme.lv\/en\/home\/"},{"@type":"ListItem","position":2,"name":"Products","item":"https:\/\/trukme.lv\/en\/products\/"},{"@type":"ListItem","position":3,"name":"Spray contact adhesive Hranifix Smart, 500 ml"}]},{"@type":"WebSite","@id":"https:\/\/trukme.lv\/en\/#website","url":"https:\/\/trukme.lv\/en\/","name":"Trukm\u0117","description":"M\u0113be\u013cu pane\u013ci, galda virsmas, m\u0113be\u013cu furnit\u016bra. Virtuves m\u0113be\u013cu, skapju, vannas istabas m\u0113be\u013cu u.c. sortiments. Paz\u012bstami un uzticami ra\u017eot\u0101ji.","potentialAction":[{"@type":"SearchAction","target":{"@type":"EntryPoint","urlTemplate":"https:\/\/trukme.lv\/en\/?s={search_term_string}"},"query-input":{"@type":"PropertyValueSpecification","valueRequired":true,"valueName":"search_term_string"}}],"inLanguage":"en-GB"}]}},"jetpack_sharing_enabled":true,"_links":{"self":[{"href":"https:\/\/trukme.lv\/en\/wp-json\/wp\/v2\/product\/275067","targetHints":{"allow":["GET"]}}],"collection":[{"href":"https:\/\/trukme.lv\/en\/wp-json\/wp\/v2\/product"}],"about":[{"href":"https:\/\/trukme.lv\/en\/wp-json\/wp\/v2\/types\/product"}],"wp:featuredmedia":[{"embeddable":true,"href":"https:\/\/trukme.lv\/en\/wp-json\/wp\/v2\/media\/267088"}],"wp:attachment":[{"href":"https:\/\/trukme.lv\/en\/wp-json\/wp\/v2\/media?parent=275067"}],"wp:term":[{"taxonomy":"product_brand","embeddable":true,"href":"https:\/\/trukme.lv\/en\/wp-json\/wp\/v2\/product_brand?post=275067"},{"taxonomy":"product_cat","embeddable":true,"href":"https:\/\/trukme.lv\/en\/wp-json\/wp\/v2\/product_cat?post=275067"},{"taxonomy":"product_tag","embeddable":true,"href":"https:\/\/trukme.lv\/en\/wp-json\/wp\/v2\/product_tag?post=275067"}],"curies":[{"name":"wp","href":"https:\/\/api.w.org\/{rel}","templated":true}]}}