{"id":275068,"date":"2025-09-30T23:00:44","date_gmt":"2025-09-30T20:00:44","guid":{"rendered":"https:\/\/trukme.lv\/produkti\/uncategorized\/mebelu-virsmu-tirisanas-lidzeklis-optimist-500-ml\/"},"modified":"2025-10-02T12:45:50","modified_gmt":"2025-10-02T09:45:50","slug":"mebelu-virsmu-tirisanas-lidzeklis-optimist-500-ml","status":"publish","type":"product","link":"https:\/\/trukme.lv\/en\/products\/furniture-fittings\/board-care-products\/board-care-products-en-3\/mebelu-virsmu-tirisanas-lidzeklis-optimist-500-ml\/","title":{"rendered":"Furniture surface cleaner OptiMist, 500 ml"},"content":{"rendered":"<p>Probiotic furniture surface cleaner OptiMist allows you to dive into a pleasant cleaning ritual without any special preparation! Just one spray is enough, and your home will stay fresh longer. Curious how?<\/p>\n<p>The composition of OptiMist not only eliminates dirt and unpleasant odors but also coats the surface with beneficial bacteria that continue to work even after cleaning. You can enjoy the coziness of your home for longer. With each OptiMist cleaning ritual, not only does a pleasant sweet mint aroma spread, but good bacteria also multiply on surfaces, gradually displacing harmful ones, creating a safer, healthier, and more harmonious environment.<\/p>\n<p>For ideal results, use together with the OptiMist nano microfiber cloth.<\/p>\n<p><i>OptiMist \u2013 a pleasant cleaning ritual for longer moments of relaxation in your home&#8230;<\/i><\/p>\n<p>Outstanding properties of OptiMist furniture surface cleaner:<\/p>\n<ul>\n<li>Composition enriched with probiotics and natural essential oils.<\/li>\n<li>Gentle on sensitive skin, respiratory tract, and pets.<\/li>\n<li>Long-lasting probiotic protection remains even after cleaning.<\/li>\n<li>Eliminates dirt and unpleasant odors.<\/li>\n<li>Helps maintain healthy cleanliness and microbiota balance.<\/li>\n<\/ul>\n<p><b>Warnings:<\/b> Read the label before use. Keep out of reach of children. If medical advice is needed, take the product packaging or label with you.<\/p>\n<p><b>Composition:<\/b> 5% anionic surfactants, &lt; 5% non-ionic surfactants, microorganisms (EU 1st group), fragrances, preservatives: sodium benzoate, bronopol, potassium sorbate.<\/p>\n","protected":false},"excerpt":{"rendered":"<p>Probiotic furniture surface cleaner OptiMist allows you to dive into a pleasant cleaning ritual without any special preparation! Just one spray is enough, and your home will stay fresh longer. Curious how? The composition of OptiMist not only eliminates dirt and unpleasant odors but also coats the surface with beneficial bacteria that continue to work&#8230;<\/p>\n","protected":false},"featured_media":267072,"template":"","meta":{"_acf_changed":false},"product_brand":[6988],"product_cat":[6495,6498,6305],"product_tag":[],"class_list":{"0":"post-275068","1":"product","2":"type-product","3":"status-publish","4":"has-post-thumbnail","6":"product_brand-optimist-en","7":"product_cat-board-care-products","8":"product_cat-board-care-products-en-3","9":"product_cat-furniture-fittings","11":"first","12":"instock","13":"product-type-simple"},"acf":[],"yoast_head":"<!-- This site is optimized with the Yoast SEO plugin v26.5 - https:\/\/yoast.com\/wordpress\/plugins\/seo\/ -->\n<title>Furniture surface cleaner OptiMist, 500 ml - Trukm\u0117<\/title>\n<meta name=\"robots\" content=\"index, follow, max-snippet:-1, max-image-preview:large, max-video-preview:-1\" \/>\n<link rel=\"canonical\" href=\"https:\/\/trukme.lv\/en\/products\/furniture-fittings\/board-care-products\/board-care-products-en-3\/mebelu-virsmu-tirisanas-lidzeklis-optimist-500-ml\/\" \/>\n<meta property=\"og:locale\" content=\"en_GB\" \/>\n<meta property=\"og:type\" content=\"article\" \/>\n<meta property=\"og:title\" content=\"Furniture surface cleaner OptiMist, 500 ml - Trukm\u0117\" \/>\n<meta property=\"og:description\" content=\"Probiotic furniture surface cleaner OptiMist allows you to dive into a pleasant cleaning ritual without any special preparation! Just one spray is enough, and your home will stay fresh longer. Curious how? The composition of OptiMist not only eliminates dirt and unpleasant odors but also coats the surface with beneficial bacteria that continue to work...\" \/>\n<meta property=\"og:url\" content=\"https:\/\/trukme.lv\/en\/products\/furniture-fittings\/board-care-products\/board-care-products-en-3\/mebelu-virsmu-tirisanas-lidzeklis-optimist-500-ml\/\" \/>\n<meta property=\"og:site_name\" content=\"Trukm\u0117\" \/>\n<meta property=\"article:modified_time\" content=\"2025-10-02T09:45:50+00:00\" \/>\n<meta property=\"og:image\" content=\"https:\/\/i0.wp.com\/trukme.lv\/wp-content\/uploads\/2025\/09\/1519010008.webp?fit=480%2C480&ssl=1\" \/>\n\t<meta property=\"og:image:width\" content=\"480\" \/>\n\t<meta property=\"og:image:height\" content=\"480\" \/>\n\t<meta property=\"og:image:type\" content=\"image\/webp\" \/>\n<meta name=\"twitter:card\" content=\"summary_large_image\" \/>\n<meta name=\"twitter:label1\" content=\"Estimated reading time\" \/>\n\t<meta name=\"twitter:data1\" content=\"1 minute\" \/>\n<script type=\"application\/ld+json\" class=\"yoast-schema-graph\">{\"@context\":\"https:\/\/schema.org\",\"@graph\":[{\"@type\":\"WebPage\",\"@id\":\"https:\/\/trukme.lv\/en\/products\/furniture-fittings\/board-care-products\/board-care-products-en-3\/mebelu-virsmu-tirisanas-lidzeklis-optimist-500-ml\/\",\"url\":\"https:\/\/trukme.lv\/en\/products\/furniture-fittings\/board-care-products\/board-care-products-en-3\/mebelu-virsmu-tirisanas-lidzeklis-optimist-500-ml\/\",\"name\":\"Furniture surface cleaner OptiMist, 500 ml - Trukm\u0117\",\"isPartOf\":{\"@id\":\"https:\/\/trukme.lv\/en\/#website\"},\"primaryImageOfPage\":{\"@id\":\"https:\/\/trukme.lv\/en\/products\/furniture-fittings\/board-care-products\/board-care-products-en-3\/mebelu-virsmu-tirisanas-lidzeklis-optimist-500-ml\/#primaryimage\"},\"image\":{\"@id\":\"https:\/\/trukme.lv\/en\/products\/furniture-fittings\/board-care-products\/board-care-products-en-3\/mebelu-virsmu-tirisanas-lidzeklis-optimist-500-ml\/#primaryimage\"},\"thumbnailUrl\":\"https:\/\/i0.wp.com\/trukme.lv\/wp-content\/uploads\/2025\/09\/1519010008.webp?fit=480%2C480&ssl=1\",\"datePublished\":\"2025-09-30T20:00:44+00:00\",\"dateModified\":\"2025-10-02T09:45:50+00:00\",\"breadcrumb\":{\"@id\":\"https:\/\/trukme.lv\/en\/products\/furniture-fittings\/board-care-products\/board-care-products-en-3\/mebelu-virsmu-tirisanas-lidzeklis-optimist-500-ml\/#breadcrumb\"},\"inLanguage\":\"en-GB\",\"potentialAction\":[{\"@type\":\"ReadAction\",\"target\":[\"https:\/\/trukme.lv\/en\/products\/furniture-fittings\/board-care-products\/board-care-products-en-3\/mebelu-virsmu-tirisanas-lidzeklis-optimist-500-ml\/\"]}]},{\"@type\":\"ImageObject\",\"inLanguage\":\"en-GB\",\"@id\":\"https:\/\/trukme.lv\/en\/products\/furniture-fittings\/board-care-products\/board-care-products-en-3\/mebelu-virsmu-tirisanas-lidzeklis-optimist-500-ml\/#primaryimage\",\"url\":\"https:\/\/i0.wp.com\/trukme.lv\/wp-content\/uploads\/2025\/09\/1519010008.webp?fit=480%2C480&ssl=1\",\"contentUrl\":\"https:\/\/i0.wp.com\/trukme.lv\/wp-content\/uploads\/2025\/09\/1519010008.webp?fit=480%2C480&ssl=1\",\"width\":480,\"height\":480},{\"@type\":\"BreadcrumbList\",\"@id\":\"https:\/\/trukme.lv\/en\/products\/furniture-fittings\/board-care-products\/board-care-products-en-3\/mebelu-virsmu-tirisanas-lidzeklis-optimist-500-ml\/#breadcrumb\",\"itemListElement\":[{\"@type\":\"ListItem\",\"position\":1,\"name\":\"Home\",\"item\":\"https:\/\/trukme.lv\/en\/home\/\"},{\"@type\":\"ListItem\",\"position\":2,\"name\":\"Products\",\"item\":\"https:\/\/trukme.lv\/en\/products\/\"},{\"@type\":\"ListItem\",\"position\":3,\"name\":\"Furniture surface cleaner OptiMist, 500 ml\"}]},{\"@type\":\"WebSite\",\"@id\":\"https:\/\/trukme.lv\/en\/#website\",\"url\":\"https:\/\/trukme.lv\/en\/\",\"name\":\"Trukm\u0117\",\"description\":\"M\u0113be\u013cu pane\u013ci, galda virsmas, m\u0113be\u013cu furnit\u016bra. Virtuves m\u0113be\u013cu, skapju, vannas istabas m\u0113be\u013cu u.c. sortiments. Paz\u012bstami un uzticami ra\u017eot\u0101ji.\",\"potentialAction\":[{\"@type\":\"SearchAction\",\"target\":{\"@type\":\"EntryPoint\",\"urlTemplate\":\"https:\/\/trukme.lv\/en\/?s={search_term_string}\"},\"query-input\":{\"@type\":\"PropertyValueSpecification\",\"valueRequired\":true,\"valueName\":\"search_term_string\"}}],\"inLanguage\":\"en-GB\"}]}<\/script>\n<!-- \/ Yoast SEO plugin. -->","yoast_head_json":{"title":"Furniture surface cleaner OptiMist, 500 ml - Trukm\u0117","robots":{"index":"index","follow":"follow","max-snippet":"max-snippet:-1","max-image-preview":"max-image-preview:large","max-video-preview":"max-video-preview:-1"},"canonical":"https:\/\/trukme.lv\/en\/products\/furniture-fittings\/board-care-products\/board-care-products-en-3\/mebelu-virsmu-tirisanas-lidzeklis-optimist-500-ml\/","og_locale":"en_GB","og_type":"article","og_title":"Furniture surface cleaner OptiMist, 500 ml - Trukm\u0117","og_description":"Probiotic furniture surface cleaner OptiMist allows you to dive into a pleasant cleaning ritual without any special preparation! Just one spray is enough, and your home will stay fresh longer. Curious how? The composition of OptiMist not only eliminates dirt and unpleasant odors but also coats the surface with beneficial bacteria that continue to work...","og_url":"https:\/\/trukme.lv\/en\/products\/furniture-fittings\/board-care-products\/board-care-products-en-3\/mebelu-virsmu-tirisanas-lidzeklis-optimist-500-ml\/","og_site_name":"Trukm\u0117","article_modified_time":"2025-10-02T09:45:50+00:00","og_image":[{"width":480,"height":480,"url":"https:\/\/i0.wp.com\/trukme.lv\/wp-content\/uploads\/2025\/09\/1519010008.webp?fit=480%2C480&ssl=1","type":"image\/webp"}],"twitter_card":"summary_large_image","twitter_misc":{"Estimated reading time":"1 minute"},"schema":{"@context":"https:\/\/schema.org","@graph":[{"@type":"WebPage","@id":"https:\/\/trukme.lv\/en\/products\/furniture-fittings\/board-care-products\/board-care-products-en-3\/mebelu-virsmu-tirisanas-lidzeklis-optimist-500-ml\/","url":"https:\/\/trukme.lv\/en\/products\/furniture-fittings\/board-care-products\/board-care-products-en-3\/mebelu-virsmu-tirisanas-lidzeklis-optimist-500-ml\/","name":"Furniture surface cleaner OptiMist, 500 ml - Trukm\u0117","isPartOf":{"@id":"https:\/\/trukme.lv\/en\/#website"},"primaryImageOfPage":{"@id":"https:\/\/trukme.lv\/en\/products\/furniture-fittings\/board-care-products\/board-care-products-en-3\/mebelu-virsmu-tirisanas-lidzeklis-optimist-500-ml\/#primaryimage"},"image":{"@id":"https:\/\/trukme.lv\/en\/products\/furniture-fittings\/board-care-products\/board-care-products-en-3\/mebelu-virsmu-tirisanas-lidzeklis-optimist-500-ml\/#primaryimage"},"thumbnailUrl":"https:\/\/i0.wp.com\/trukme.lv\/wp-content\/uploads\/2025\/09\/1519010008.webp?fit=480%2C480&ssl=1","datePublished":"2025-09-30T20:00:44+00:00","dateModified":"2025-10-02T09:45:50+00:00","breadcrumb":{"@id":"https:\/\/trukme.lv\/en\/products\/furniture-fittings\/board-care-products\/board-care-products-en-3\/mebelu-virsmu-tirisanas-lidzeklis-optimist-500-ml\/#breadcrumb"},"inLanguage":"en-GB","potentialAction":[{"@type":"ReadAction","target":["https:\/\/trukme.lv\/en\/products\/furniture-fittings\/board-care-products\/board-care-products-en-3\/mebelu-virsmu-tirisanas-lidzeklis-optimist-500-ml\/"]}]},{"@type":"ImageObject","inLanguage":"en-GB","@id":"https:\/\/trukme.lv\/en\/products\/furniture-fittings\/board-care-products\/board-care-products-en-3\/mebelu-virsmu-tirisanas-lidzeklis-optimist-500-ml\/#primaryimage","url":"https:\/\/i0.wp.com\/trukme.lv\/wp-content\/uploads\/2025\/09\/1519010008.webp?fit=480%2C480&ssl=1","contentUrl":"https:\/\/i0.wp.com\/trukme.lv\/wp-content\/uploads\/2025\/09\/1519010008.webp?fit=480%2C480&ssl=1","width":480,"height":480},{"@type":"BreadcrumbList","@id":"https:\/\/trukme.lv\/en\/products\/furniture-fittings\/board-care-products\/board-care-products-en-3\/mebelu-virsmu-tirisanas-lidzeklis-optimist-500-ml\/#breadcrumb","itemListElement":[{"@type":"ListItem","position":1,"name":"Home","item":"https:\/\/trukme.lv\/en\/home\/"},{"@type":"ListItem","position":2,"name":"Products","item":"https:\/\/trukme.lv\/en\/products\/"},{"@type":"ListItem","position":3,"name":"Furniture surface cleaner OptiMist, 500 ml"}]},{"@type":"WebSite","@id":"https:\/\/trukme.lv\/en\/#website","url":"https:\/\/trukme.lv\/en\/","name":"Trukm\u0117","description":"M\u0113be\u013cu pane\u013ci, galda virsmas, m\u0113be\u013cu furnit\u016bra. Virtuves m\u0113be\u013cu, skapju, vannas istabas m\u0113be\u013cu u.c. sortiments. Paz\u012bstami un uzticami ra\u017eot\u0101ji.","potentialAction":[{"@type":"SearchAction","target":{"@type":"EntryPoint","urlTemplate":"https:\/\/trukme.lv\/en\/?s={search_term_string}"},"query-input":{"@type":"PropertyValueSpecification","valueRequired":true,"valueName":"search_term_string"}}],"inLanguage":"en-GB"}]}},"jetpack_sharing_enabled":true,"_links":{"self":[{"href":"https:\/\/trukme.lv\/en\/wp-json\/wp\/v2\/product\/275068","targetHints":{"allow":["GET"]}}],"collection":[{"href":"https:\/\/trukme.lv\/en\/wp-json\/wp\/v2\/product"}],"about":[{"href":"https:\/\/trukme.lv\/en\/wp-json\/wp\/v2\/types\/product"}],"wp:featuredmedia":[{"embeddable":true,"href":"https:\/\/trukme.lv\/en\/wp-json\/wp\/v2\/media\/267072"}],"wp:attachment":[{"href":"https:\/\/trukme.lv\/en\/wp-json\/wp\/v2\/media?parent=275068"}],"wp:term":[{"taxonomy":"product_brand","embeddable":true,"href":"https:\/\/trukme.lv\/en\/wp-json\/wp\/v2\/product_brand?post=275068"},{"taxonomy":"product_cat","embeddable":true,"href":"https:\/\/trukme.lv\/en\/wp-json\/wp\/v2\/product_cat?post=275068"},{"taxonomy":"product_tag","embeddable":true,"href":"https:\/\/trukme.lv\/en\/wp-json\/wp\/v2\/product_tag?post=275068"}],"curies":[{"name":"wp","href":"https:\/\/api.w.org\/{rel}","templated":true}]}}