{"id":275069,"date":"2025-09-30T23:00:42","date_gmt":"2025-09-30T20:00:42","guid":{"rendered":"https:\/\/trukme.lv\/produkti\/uncategorized\/nanodalina-optimist-400x400\/"},"modified":"2025-10-02T12:45:50","modified_gmt":"2025-10-02T09:45:50","slug":"nanodalina-optimist-400x400","status":"publish","type":"product","link":"https:\/\/trukme.lv\/en\/products\/furniture-fittings\/board-care-products\/board-care-products-en-3\/nanodalina-optimist-400x400\/","title":{"rendered":"Nanoparticle OptiMist, 400&#215;400"},"content":{"rendered":"<p style=\"margin-bottom: 8px;\"><strong>PRODUCT ADVANTAGES:<\/strong><\/p>\n<p style=\"margin-bottom: 8px;\">\u2022 Can be used multiple times (wipe, wash, and reuse).<\/p>\n<p style=\"margin-bottom: 8px;\">\u2022 Made from high-quality microfiber (75% polyester and 25% polyamide).<\/p>\n<p style=\"margin-bottom: 8px;\">\u2022 Excellent at absorbing liquids and does not leave stains on the cleaned surface.<\/p>\n<p style=\"margin-bottom: 8px;\">\u2022 The cloth can be washed with simple household soap or detergent-free cleaner.<\/p>\n<p style=\"margin-bottom: 8px;\">\u2022 Effectively removes fingerprints, dust, and grease stains.<\/p>\n<p style=\"margin-bottom: 8px;\">\u2022 The cloth is especially soft \u2013 contains no hard fibers.<\/p>\n<p style=\"margin-bottom: 8px;\"><strong>USAGE:<\/strong><\/p>\n<p style=\"margin-bottom: 8px;\">1. The cloth is easy to use: simply moisten it with water and wipe the surface. For dusting, the cloth can also be used dry.<\/p>\n<p style=\"margin-bottom: 8px;\">2. When cleaning grease deposits or stains, use a cleaner free of acids or acetates.<\/p>\n<p style=\"margin-bottom: 8px;\">3. After use, rinse the cloth under lukewarm running water and wash with simple soap, then leave to dry.<\/p>\n<p style=\"margin-bottom: 8px;\"><strong>SUITABLE FOR:<\/strong><\/p>\n<p style=\"margin-bottom: 8px;\">All types of hard furniture surfaces, screens, glass, ceramic, plastic surfaces, finishes, and more.<\/p>\n","protected":false},"excerpt":{"rendered":"<p>PRODUCT ADVANTAGES: \u2022 Can be used multiple times (wipe, wash, and reuse). \u2022 Made from high-quality microfiber (75% polyester and 25% polyamide). \u2022 Excellent at absorbing liquids and does not leave stains on the cleaned surface. \u2022 The cloth can be washed with simple household soap or detergent-free cleaner. \u2022 Effectively removes fingerprints, dust, and&#8230;<\/p>\n","protected":false},"featured_media":267062,"template":"","meta":{"_acf_changed":false},"product_brand":[6988],"product_cat":[6495,6498,6305],"product_tag":[],"class_list":{"0":"post-275069","1":"product","2":"type-product","3":"status-publish","4":"has-post-thumbnail","6":"product_brand-optimist-en","7":"product_cat-board-care-products","8":"product_cat-board-care-products-en-3","9":"product_cat-furniture-fittings","11":"first","12":"instock","13":"product-type-simple"},"acf":[],"yoast_head":"<!-- This site is optimized with the Yoast SEO plugin v26.5 - https:\/\/yoast.com\/wordpress\/plugins\/seo\/ -->\n<title>Nanoparticle OptiMist, 400x400 - Trukm\u0117<\/title>\n<meta name=\"robots\" content=\"index, follow, max-snippet:-1, max-image-preview:large, max-video-preview:-1\" \/>\n<link rel=\"canonical\" href=\"https:\/\/trukme.lv\/en\/products\/furniture-fittings\/board-care-products\/board-care-products-en-3\/nanodalina-optimist-400x400\/\" \/>\n<meta property=\"og:locale\" content=\"en_GB\" \/>\n<meta property=\"og:type\" content=\"article\" \/>\n<meta property=\"og:title\" content=\"Nanoparticle OptiMist, 400x400 - Trukm\u0117\" \/>\n<meta property=\"og:description\" content=\"PRODUCT ADVANTAGES: \u2022 Can be used multiple times (wipe, wash, and reuse). \u2022 Made from high-quality microfiber (75% polyester and 25% polyamide). \u2022 Excellent at absorbing liquids and does not leave stains on the cleaned surface. \u2022 The cloth can be washed with simple household soap or detergent-free cleaner. \u2022 Effectively removes fingerprints, dust, and...\" \/>\n<meta property=\"og:url\" content=\"https:\/\/trukme.lv\/en\/products\/furniture-fittings\/board-care-products\/board-care-products-en-3\/nanodalina-optimist-400x400\/\" \/>\n<meta property=\"og:site_name\" content=\"Trukm\u0117\" \/>\n<meta property=\"article:modified_time\" content=\"2025-10-02T09:45:50+00:00\" \/>\n<meta property=\"og:image\" content=\"https:\/\/i0.wp.com\/trukme.lv\/wp-content\/uploads\/2025\/09\/1519010007.webp?fit=800%2C800&ssl=1\" \/>\n\t<meta property=\"og:image:width\" content=\"800\" \/>\n\t<meta property=\"og:image:height\" content=\"800\" \/>\n\t<meta property=\"og:image:type\" content=\"image\/webp\" \/>\n<meta name=\"twitter:card\" content=\"summary_large_image\" \/>\n<meta name=\"twitter:label1\" content=\"Estimated reading time\" \/>\n\t<meta name=\"twitter:data1\" content=\"1 minute\" \/>\n<script type=\"application\/ld+json\" class=\"yoast-schema-graph\">{\"@context\":\"https:\/\/schema.org\",\"@graph\":[{\"@type\":\"WebPage\",\"@id\":\"https:\/\/trukme.lv\/en\/products\/furniture-fittings\/board-care-products\/board-care-products-en-3\/nanodalina-optimist-400x400\/\",\"url\":\"https:\/\/trukme.lv\/en\/products\/furniture-fittings\/board-care-products\/board-care-products-en-3\/nanodalina-optimist-400x400\/\",\"name\":\"Nanoparticle OptiMist, 400x400 - Trukm\u0117\",\"isPartOf\":{\"@id\":\"https:\/\/trukme.lv\/en\/#website\"},\"primaryImageOfPage\":{\"@id\":\"https:\/\/trukme.lv\/en\/products\/furniture-fittings\/board-care-products\/board-care-products-en-3\/nanodalina-optimist-400x400\/#primaryimage\"},\"image\":{\"@id\":\"https:\/\/trukme.lv\/en\/products\/furniture-fittings\/board-care-products\/board-care-products-en-3\/nanodalina-optimist-400x400\/#primaryimage\"},\"thumbnailUrl\":\"https:\/\/i0.wp.com\/trukme.lv\/wp-content\/uploads\/2025\/09\/1519010007.webp?fit=800%2C800&ssl=1\",\"datePublished\":\"2025-09-30T20:00:42+00:00\",\"dateModified\":\"2025-10-02T09:45:50+00:00\",\"breadcrumb\":{\"@id\":\"https:\/\/trukme.lv\/en\/products\/furniture-fittings\/board-care-products\/board-care-products-en-3\/nanodalina-optimist-400x400\/#breadcrumb\"},\"inLanguage\":\"en-GB\",\"potentialAction\":[{\"@type\":\"ReadAction\",\"target\":[\"https:\/\/trukme.lv\/en\/products\/furniture-fittings\/board-care-products\/board-care-products-en-3\/nanodalina-optimist-400x400\/\"]}]},{\"@type\":\"ImageObject\",\"inLanguage\":\"en-GB\",\"@id\":\"https:\/\/trukme.lv\/en\/products\/furniture-fittings\/board-care-products\/board-care-products-en-3\/nanodalina-optimist-400x400\/#primaryimage\",\"url\":\"https:\/\/i0.wp.com\/trukme.lv\/wp-content\/uploads\/2025\/09\/1519010007.webp?fit=800%2C800&ssl=1\",\"contentUrl\":\"https:\/\/i0.wp.com\/trukme.lv\/wp-content\/uploads\/2025\/09\/1519010007.webp?fit=800%2C800&ssl=1\",\"width\":800,\"height\":800},{\"@type\":\"BreadcrumbList\",\"@id\":\"https:\/\/trukme.lv\/en\/products\/furniture-fittings\/board-care-products\/board-care-products-en-3\/nanodalina-optimist-400x400\/#breadcrumb\",\"itemListElement\":[{\"@type\":\"ListItem\",\"position\":1,\"name\":\"Home\",\"item\":\"https:\/\/trukme.lv\/en\/home\/\"},{\"@type\":\"ListItem\",\"position\":2,\"name\":\"Products\",\"item\":\"https:\/\/trukme.lv\/en\/products\/\"},{\"@type\":\"ListItem\",\"position\":3,\"name\":\"Nanoparticle OptiMist, 400&#215;400\"}]},{\"@type\":\"WebSite\",\"@id\":\"https:\/\/trukme.lv\/en\/#website\",\"url\":\"https:\/\/trukme.lv\/en\/\",\"name\":\"Trukm\u0117\",\"description\":\"M\u0113be\u013cu pane\u013ci, galda virsmas, m\u0113be\u013cu furnit\u016bra. Virtuves m\u0113be\u013cu, skapju, vannas istabas m\u0113be\u013cu u.c. sortiments. Paz\u012bstami un uzticami ra\u017eot\u0101ji.\",\"potentialAction\":[{\"@type\":\"SearchAction\",\"target\":{\"@type\":\"EntryPoint\",\"urlTemplate\":\"https:\/\/trukme.lv\/en\/?s={search_term_string}\"},\"query-input\":{\"@type\":\"PropertyValueSpecification\",\"valueRequired\":true,\"valueName\":\"search_term_string\"}}],\"inLanguage\":\"en-GB\"}]}<\/script>\n<!-- \/ Yoast SEO plugin. -->","yoast_head_json":{"title":"Nanoparticle OptiMist, 400x400 - Trukm\u0117","robots":{"index":"index","follow":"follow","max-snippet":"max-snippet:-1","max-image-preview":"max-image-preview:large","max-video-preview":"max-video-preview:-1"},"canonical":"https:\/\/trukme.lv\/en\/products\/furniture-fittings\/board-care-products\/board-care-products-en-3\/nanodalina-optimist-400x400\/","og_locale":"en_GB","og_type":"article","og_title":"Nanoparticle OptiMist, 400x400 - Trukm\u0117","og_description":"PRODUCT ADVANTAGES: \u2022 Can be used multiple times (wipe, wash, and reuse). \u2022 Made from high-quality microfiber (75% polyester and 25% polyamide). \u2022 Excellent at absorbing liquids and does not leave stains on the cleaned surface. \u2022 The cloth can be washed with simple household soap or detergent-free cleaner. \u2022 Effectively removes fingerprints, dust, and...","og_url":"https:\/\/trukme.lv\/en\/products\/furniture-fittings\/board-care-products\/board-care-products-en-3\/nanodalina-optimist-400x400\/","og_site_name":"Trukm\u0117","article_modified_time":"2025-10-02T09:45:50+00:00","og_image":[{"width":800,"height":800,"url":"https:\/\/i0.wp.com\/trukme.lv\/wp-content\/uploads\/2025\/09\/1519010007.webp?fit=800%2C800&ssl=1","type":"image\/webp"}],"twitter_card":"summary_large_image","twitter_misc":{"Estimated reading time":"1 minute"},"schema":{"@context":"https:\/\/schema.org","@graph":[{"@type":"WebPage","@id":"https:\/\/trukme.lv\/en\/products\/furniture-fittings\/board-care-products\/board-care-products-en-3\/nanodalina-optimist-400x400\/","url":"https:\/\/trukme.lv\/en\/products\/furniture-fittings\/board-care-products\/board-care-products-en-3\/nanodalina-optimist-400x400\/","name":"Nanoparticle OptiMist, 400x400 - Trukm\u0117","isPartOf":{"@id":"https:\/\/trukme.lv\/en\/#website"},"primaryImageOfPage":{"@id":"https:\/\/trukme.lv\/en\/products\/furniture-fittings\/board-care-products\/board-care-products-en-3\/nanodalina-optimist-400x400\/#primaryimage"},"image":{"@id":"https:\/\/trukme.lv\/en\/products\/furniture-fittings\/board-care-products\/board-care-products-en-3\/nanodalina-optimist-400x400\/#primaryimage"},"thumbnailUrl":"https:\/\/i0.wp.com\/trukme.lv\/wp-content\/uploads\/2025\/09\/1519010007.webp?fit=800%2C800&ssl=1","datePublished":"2025-09-30T20:00:42+00:00","dateModified":"2025-10-02T09:45:50+00:00","breadcrumb":{"@id":"https:\/\/trukme.lv\/en\/products\/furniture-fittings\/board-care-products\/board-care-products-en-3\/nanodalina-optimist-400x400\/#breadcrumb"},"inLanguage":"en-GB","potentialAction":[{"@type":"ReadAction","target":["https:\/\/trukme.lv\/en\/products\/furniture-fittings\/board-care-products\/board-care-products-en-3\/nanodalina-optimist-400x400\/"]}]},{"@type":"ImageObject","inLanguage":"en-GB","@id":"https:\/\/trukme.lv\/en\/products\/furniture-fittings\/board-care-products\/board-care-products-en-3\/nanodalina-optimist-400x400\/#primaryimage","url":"https:\/\/i0.wp.com\/trukme.lv\/wp-content\/uploads\/2025\/09\/1519010007.webp?fit=800%2C800&ssl=1","contentUrl":"https:\/\/i0.wp.com\/trukme.lv\/wp-content\/uploads\/2025\/09\/1519010007.webp?fit=800%2C800&ssl=1","width":800,"height":800},{"@type":"BreadcrumbList","@id":"https:\/\/trukme.lv\/en\/products\/furniture-fittings\/board-care-products\/board-care-products-en-3\/nanodalina-optimist-400x400\/#breadcrumb","itemListElement":[{"@type":"ListItem","position":1,"name":"Home","item":"https:\/\/trukme.lv\/en\/home\/"},{"@type":"ListItem","position":2,"name":"Products","item":"https:\/\/trukme.lv\/en\/products\/"},{"@type":"ListItem","position":3,"name":"Nanoparticle OptiMist, 400&#215;400"}]},{"@type":"WebSite","@id":"https:\/\/trukme.lv\/en\/#website","url":"https:\/\/trukme.lv\/en\/","name":"Trukm\u0117","description":"M\u0113be\u013cu pane\u013ci, galda virsmas, m\u0113be\u013cu furnit\u016bra. Virtuves m\u0113be\u013cu, skapju, vannas istabas m\u0113be\u013cu u.c. sortiments. Paz\u012bstami un uzticami ra\u017eot\u0101ji.","potentialAction":[{"@type":"SearchAction","target":{"@type":"EntryPoint","urlTemplate":"https:\/\/trukme.lv\/en\/?s={search_term_string}"},"query-input":{"@type":"PropertyValueSpecification","valueRequired":true,"valueName":"search_term_string"}}],"inLanguage":"en-GB"}]}},"jetpack_sharing_enabled":true,"_links":{"self":[{"href":"https:\/\/trukme.lv\/en\/wp-json\/wp\/v2\/product\/275069","targetHints":{"allow":["GET"]}}],"collection":[{"href":"https:\/\/trukme.lv\/en\/wp-json\/wp\/v2\/product"}],"about":[{"href":"https:\/\/trukme.lv\/en\/wp-json\/wp\/v2\/types\/product"}],"wp:featuredmedia":[{"embeddable":true,"href":"https:\/\/trukme.lv\/en\/wp-json\/wp\/v2\/media\/267062"}],"wp:attachment":[{"href":"https:\/\/trukme.lv\/en\/wp-json\/wp\/v2\/media?parent=275069"}],"wp:term":[{"taxonomy":"product_brand","embeddable":true,"href":"https:\/\/trukme.lv\/en\/wp-json\/wp\/v2\/product_brand?post=275069"},{"taxonomy":"product_cat","embeddable":true,"href":"https:\/\/trukme.lv\/en\/wp-json\/wp\/v2\/product_cat?post=275069"},{"taxonomy":"product_tag","embeddable":true,"href":"https:\/\/trukme.lv\/en\/wp-json\/wp\/v2\/product_tag?post=275069"}],"curies":[{"name":"wp","href":"https:\/\/api.w.org\/{rel}","templated":true}]}}