{"id":275070,"date":"2025-09-30T23:00:36","date_gmt":"2025-09-30T20:00:36","guid":{"rendered":"https:\/\/trukme.lv\/produkti\/uncategorized\/mebelu-tiritajs-hraniclean-soft-line-500ml-citrusauglu-aromats\/"},"modified":"2025-10-02T12:45:50","modified_gmt":"2025-10-02T09:45:50","slug":"mebelu-tiritajs-hraniclean-soft-line-500ml-citrusauglu-aromats","status":"publish","type":"product","link":"https:\/\/trukme.lv\/en\/products\/furniture-fittings\/board-care-products\/board-care-products-en-3\/mebelu-tiritajs-hraniclean-soft-line-500ml-citrusauglu-aromats\/","title":{"rendered":"Furniture cleaner HRANICLEAN SOFT LINE, 500 ml, citrus scent"},"content":{"rendered":"<p>Hraniclean Soft Line is a gentle household cleaner with a citrus fragrance, intended for daily use. Suitable for cleaning furniture surfaces (laminated, glossy, and matte), glass, and mirrors. Also removes fingerprints from surfaces and finishes, while the active foam gives furniture a natural appearance. Not suitable for veneered, wooden, or acrylic (PMMA) surfaces.<br \/>\nUSAGE: Cleaning furniture and its components (edges, fittings, glass, mirrors) by hand. Manual cleaning of laminated chipboard and laminated surfaces. Manual cleaning of glossy and matte surfaces. Spray the cleaner onto the surface to be cleaned and wipe with a soft microfiber cloth, such as Hraniwipe. To avoid mechanical surface damage, do not use abrasive cloths or paper towels. If cleaning food-contact surfaces, such as countertops, wipe afterward with a cloth moistened in clean water.<br \/>\nSTORAGE: Store in the original sealed packaging. Shelf life \u2013 36 months from the date of manufacture in the original sealed packaging at 20\u00b0C. Keep out of reach of children.<\/p>\n","protected":false},"excerpt":{"rendered":"<p>Hraniclean Soft Line is a gentle household cleaner with a citrus fragrance, intended for daily use. Suitable for cleaning furniture surfaces (laminated, glossy, and matte), glass, and mirrors. Also removes fingerprints from surfaces and finishes, while the active foam gives furniture a natural appearance. Not suitable for veneered, wooden, or acrylic (PMMA) surfaces. USAGE: Cleaning&#8230;<\/p>\n","protected":false},"featured_media":267058,"template":"","meta":{"_acf_changed":false},"product_brand":[6940],"product_cat":[6495,6498,6305],"product_tag":[],"class_list":{"0":"post-275070","1":"product","2":"type-product","3":"status-publish","4":"has-post-thumbnail","6":"product_brand-hranipex-en","7":"product_cat-board-care-products","8":"product_cat-board-care-products-en-3","9":"product_cat-furniture-fittings","11":"first","12":"instock","13":"product-type-simple"},"acf":[],"yoast_head":"<!-- This site is optimized with the Yoast SEO plugin v26.5 - https:\/\/yoast.com\/wordpress\/plugins\/seo\/ -->\n<title>Furniture cleaner HRANICLEAN SOFT LINE, 500 ml, citrus scent - Trukm\u0117<\/title>\n<meta name=\"robots\" content=\"index, follow, max-snippet:-1, max-image-preview:large, max-video-preview:-1\" \/>\n<link rel=\"canonical\" href=\"https:\/\/trukme.lv\/en\/products\/furniture-fittings\/board-care-products\/board-care-products-en-3\/mebelu-tiritajs-hraniclean-soft-line-500ml-citrusauglu-aromats\/\" \/>\n<meta property=\"og:locale\" content=\"en_GB\" \/>\n<meta property=\"og:type\" content=\"article\" \/>\n<meta property=\"og:title\" content=\"Furniture cleaner HRANICLEAN SOFT LINE, 500 ml, citrus scent - Trukm\u0117\" \/>\n<meta property=\"og:description\" content=\"Hraniclean Soft Line is a gentle household cleaner with a citrus fragrance, intended for daily use. Suitable for cleaning furniture surfaces (laminated, glossy, and matte), glass, and mirrors. Also removes fingerprints from surfaces and finishes, while the active foam gives furniture a natural appearance. Not suitable for veneered, wooden, or acrylic (PMMA) surfaces. USAGE: Cleaning...\" \/>\n<meta property=\"og:url\" content=\"https:\/\/trukme.lv\/en\/products\/furniture-fittings\/board-care-products\/board-care-products-en-3\/mebelu-tiritajs-hraniclean-soft-line-500ml-citrusauglu-aromats\/\" \/>\n<meta property=\"og:site_name\" content=\"Trukm\u0117\" \/>\n<meta property=\"article:modified_time\" content=\"2025-10-02T09:45:50+00:00\" \/>\n<meta property=\"og:image\" content=\"https:\/\/i0.wp.com\/trukme.lv\/wp-content\/uploads\/2025\/09\/1519010006.webp?fit=267%2C697&ssl=1\" \/>\n\t<meta property=\"og:image:width\" content=\"267\" \/>\n\t<meta property=\"og:image:height\" content=\"697\" \/>\n\t<meta property=\"og:image:type\" content=\"image\/webp\" \/>\n<meta name=\"twitter:card\" content=\"summary_large_image\" \/>\n<meta name=\"twitter:label1\" content=\"Estimated reading time\" \/>\n\t<meta name=\"twitter:data1\" content=\"1 minute\" \/>\n<script type=\"application\/ld+json\" class=\"yoast-schema-graph\">{\"@context\":\"https:\/\/schema.org\",\"@graph\":[{\"@type\":\"WebPage\",\"@id\":\"https:\/\/trukme.lv\/en\/products\/furniture-fittings\/board-care-products\/board-care-products-en-3\/mebelu-tiritajs-hraniclean-soft-line-500ml-citrusauglu-aromats\/\",\"url\":\"https:\/\/trukme.lv\/en\/products\/furniture-fittings\/board-care-products\/board-care-products-en-3\/mebelu-tiritajs-hraniclean-soft-line-500ml-citrusauglu-aromats\/\",\"name\":\"Furniture cleaner HRANICLEAN SOFT LINE, 500 ml, citrus scent - Trukm\u0117\",\"isPartOf\":{\"@id\":\"https:\/\/trukme.lv\/en\/#website\"},\"primaryImageOfPage\":{\"@id\":\"https:\/\/trukme.lv\/en\/products\/furniture-fittings\/board-care-products\/board-care-products-en-3\/mebelu-tiritajs-hraniclean-soft-line-500ml-citrusauglu-aromats\/#primaryimage\"},\"image\":{\"@id\":\"https:\/\/trukme.lv\/en\/products\/furniture-fittings\/board-care-products\/board-care-products-en-3\/mebelu-tiritajs-hraniclean-soft-line-500ml-citrusauglu-aromats\/#primaryimage\"},\"thumbnailUrl\":\"https:\/\/i0.wp.com\/trukme.lv\/wp-content\/uploads\/2025\/09\/1519010006.webp?fit=267%2C697&ssl=1\",\"datePublished\":\"2025-09-30T20:00:36+00:00\",\"dateModified\":\"2025-10-02T09:45:50+00:00\",\"breadcrumb\":{\"@id\":\"https:\/\/trukme.lv\/en\/products\/furniture-fittings\/board-care-products\/board-care-products-en-3\/mebelu-tiritajs-hraniclean-soft-line-500ml-citrusauglu-aromats\/#breadcrumb\"},\"inLanguage\":\"en-GB\",\"potentialAction\":[{\"@type\":\"ReadAction\",\"target\":[\"https:\/\/trukme.lv\/en\/products\/furniture-fittings\/board-care-products\/board-care-products-en-3\/mebelu-tiritajs-hraniclean-soft-line-500ml-citrusauglu-aromats\/\"]}]},{\"@type\":\"ImageObject\",\"inLanguage\":\"en-GB\",\"@id\":\"https:\/\/trukme.lv\/en\/products\/furniture-fittings\/board-care-products\/board-care-products-en-3\/mebelu-tiritajs-hraniclean-soft-line-500ml-citrusauglu-aromats\/#primaryimage\",\"url\":\"https:\/\/i0.wp.com\/trukme.lv\/wp-content\/uploads\/2025\/09\/1519010006.webp?fit=267%2C697&ssl=1\",\"contentUrl\":\"https:\/\/i0.wp.com\/trukme.lv\/wp-content\/uploads\/2025\/09\/1519010006.webp?fit=267%2C697&ssl=1\",\"width\":267,\"height\":697},{\"@type\":\"BreadcrumbList\",\"@id\":\"https:\/\/trukme.lv\/en\/products\/furniture-fittings\/board-care-products\/board-care-products-en-3\/mebelu-tiritajs-hraniclean-soft-line-500ml-citrusauglu-aromats\/#breadcrumb\",\"itemListElement\":[{\"@type\":\"ListItem\",\"position\":1,\"name\":\"Home\",\"item\":\"https:\/\/trukme.lv\/en\/home\/\"},{\"@type\":\"ListItem\",\"position\":2,\"name\":\"Products\",\"item\":\"https:\/\/trukme.lv\/en\/products\/\"},{\"@type\":\"ListItem\",\"position\":3,\"name\":\"Furniture cleaner HRANICLEAN SOFT LINE, 500 ml, citrus scent\"}]},{\"@type\":\"WebSite\",\"@id\":\"https:\/\/trukme.lv\/en\/#website\",\"url\":\"https:\/\/trukme.lv\/en\/\",\"name\":\"Trukm\u0117\",\"description\":\"M\u0113be\u013cu pane\u013ci, galda virsmas, m\u0113be\u013cu furnit\u016bra. Virtuves m\u0113be\u013cu, skapju, vannas istabas m\u0113be\u013cu u.c. sortiments. Paz\u012bstami un uzticami ra\u017eot\u0101ji.\",\"potentialAction\":[{\"@type\":\"SearchAction\",\"target\":{\"@type\":\"EntryPoint\",\"urlTemplate\":\"https:\/\/trukme.lv\/en\/?s={search_term_string}\"},\"query-input\":{\"@type\":\"PropertyValueSpecification\",\"valueRequired\":true,\"valueName\":\"search_term_string\"}}],\"inLanguage\":\"en-GB\"}]}<\/script>\n<!-- \/ Yoast SEO plugin. -->","yoast_head_json":{"title":"Furniture cleaner HRANICLEAN SOFT LINE, 500 ml, citrus scent - Trukm\u0117","robots":{"index":"index","follow":"follow","max-snippet":"max-snippet:-1","max-image-preview":"max-image-preview:large","max-video-preview":"max-video-preview:-1"},"canonical":"https:\/\/trukme.lv\/en\/products\/furniture-fittings\/board-care-products\/board-care-products-en-3\/mebelu-tiritajs-hraniclean-soft-line-500ml-citrusauglu-aromats\/","og_locale":"en_GB","og_type":"article","og_title":"Furniture cleaner HRANICLEAN SOFT LINE, 500 ml, citrus scent - Trukm\u0117","og_description":"Hraniclean Soft Line is a gentle household cleaner with a citrus fragrance, intended for daily use. Suitable for cleaning furniture surfaces (laminated, glossy, and matte), glass, and mirrors. Also removes fingerprints from surfaces and finishes, while the active foam gives furniture a natural appearance. Not suitable for veneered, wooden, or acrylic (PMMA) surfaces. USAGE: Cleaning...","og_url":"https:\/\/trukme.lv\/en\/products\/furniture-fittings\/board-care-products\/board-care-products-en-3\/mebelu-tiritajs-hraniclean-soft-line-500ml-citrusauglu-aromats\/","og_site_name":"Trukm\u0117","article_modified_time":"2025-10-02T09:45:50+00:00","og_image":[{"width":267,"height":697,"url":"https:\/\/i0.wp.com\/trukme.lv\/wp-content\/uploads\/2025\/09\/1519010006.webp?fit=267%2C697&ssl=1","type":"image\/webp"}],"twitter_card":"summary_large_image","twitter_misc":{"Estimated reading time":"1 minute"},"schema":{"@context":"https:\/\/schema.org","@graph":[{"@type":"WebPage","@id":"https:\/\/trukme.lv\/en\/products\/furniture-fittings\/board-care-products\/board-care-products-en-3\/mebelu-tiritajs-hraniclean-soft-line-500ml-citrusauglu-aromats\/","url":"https:\/\/trukme.lv\/en\/products\/furniture-fittings\/board-care-products\/board-care-products-en-3\/mebelu-tiritajs-hraniclean-soft-line-500ml-citrusauglu-aromats\/","name":"Furniture cleaner HRANICLEAN SOFT LINE, 500 ml, citrus scent - Trukm\u0117","isPartOf":{"@id":"https:\/\/trukme.lv\/en\/#website"},"primaryImageOfPage":{"@id":"https:\/\/trukme.lv\/en\/products\/furniture-fittings\/board-care-products\/board-care-products-en-3\/mebelu-tiritajs-hraniclean-soft-line-500ml-citrusauglu-aromats\/#primaryimage"},"image":{"@id":"https:\/\/trukme.lv\/en\/products\/furniture-fittings\/board-care-products\/board-care-products-en-3\/mebelu-tiritajs-hraniclean-soft-line-500ml-citrusauglu-aromats\/#primaryimage"},"thumbnailUrl":"https:\/\/i0.wp.com\/trukme.lv\/wp-content\/uploads\/2025\/09\/1519010006.webp?fit=267%2C697&ssl=1","datePublished":"2025-09-30T20:00:36+00:00","dateModified":"2025-10-02T09:45:50+00:00","breadcrumb":{"@id":"https:\/\/trukme.lv\/en\/products\/furniture-fittings\/board-care-products\/board-care-products-en-3\/mebelu-tiritajs-hraniclean-soft-line-500ml-citrusauglu-aromats\/#breadcrumb"},"inLanguage":"en-GB","potentialAction":[{"@type":"ReadAction","target":["https:\/\/trukme.lv\/en\/products\/furniture-fittings\/board-care-products\/board-care-products-en-3\/mebelu-tiritajs-hraniclean-soft-line-500ml-citrusauglu-aromats\/"]}]},{"@type":"ImageObject","inLanguage":"en-GB","@id":"https:\/\/trukme.lv\/en\/products\/furniture-fittings\/board-care-products\/board-care-products-en-3\/mebelu-tiritajs-hraniclean-soft-line-500ml-citrusauglu-aromats\/#primaryimage","url":"https:\/\/i0.wp.com\/trukme.lv\/wp-content\/uploads\/2025\/09\/1519010006.webp?fit=267%2C697&ssl=1","contentUrl":"https:\/\/i0.wp.com\/trukme.lv\/wp-content\/uploads\/2025\/09\/1519010006.webp?fit=267%2C697&ssl=1","width":267,"height":697},{"@type":"BreadcrumbList","@id":"https:\/\/trukme.lv\/en\/products\/furniture-fittings\/board-care-products\/board-care-products-en-3\/mebelu-tiritajs-hraniclean-soft-line-500ml-citrusauglu-aromats\/#breadcrumb","itemListElement":[{"@type":"ListItem","position":1,"name":"Home","item":"https:\/\/trukme.lv\/en\/home\/"},{"@type":"ListItem","position":2,"name":"Products","item":"https:\/\/trukme.lv\/en\/products\/"},{"@type":"ListItem","position":3,"name":"Furniture cleaner HRANICLEAN SOFT LINE, 500 ml, citrus scent"}]},{"@type":"WebSite","@id":"https:\/\/trukme.lv\/en\/#website","url":"https:\/\/trukme.lv\/en\/","name":"Trukm\u0117","description":"M\u0113be\u013cu pane\u013ci, galda virsmas, m\u0113be\u013cu furnit\u016bra. Virtuves m\u0113be\u013cu, skapju, vannas istabas m\u0113be\u013cu u.c. sortiments. Paz\u012bstami un uzticami ra\u017eot\u0101ji.","potentialAction":[{"@type":"SearchAction","target":{"@type":"EntryPoint","urlTemplate":"https:\/\/trukme.lv\/en\/?s={search_term_string}"},"query-input":{"@type":"PropertyValueSpecification","valueRequired":true,"valueName":"search_term_string"}}],"inLanguage":"en-GB"}]}},"jetpack_sharing_enabled":true,"_links":{"self":[{"href":"https:\/\/trukme.lv\/en\/wp-json\/wp\/v2\/product\/275070","targetHints":{"allow":["GET"]}}],"collection":[{"href":"https:\/\/trukme.lv\/en\/wp-json\/wp\/v2\/product"}],"about":[{"href":"https:\/\/trukme.lv\/en\/wp-json\/wp\/v2\/types\/product"}],"wp:featuredmedia":[{"embeddable":true,"href":"https:\/\/trukme.lv\/en\/wp-json\/wp\/v2\/media\/267058"}],"wp:attachment":[{"href":"https:\/\/trukme.lv\/en\/wp-json\/wp\/v2\/media?parent=275070"}],"wp:term":[{"taxonomy":"product_brand","embeddable":true,"href":"https:\/\/trukme.lv\/en\/wp-json\/wp\/v2\/product_brand?post=275070"},{"taxonomy":"product_cat","embeddable":true,"href":"https:\/\/trukme.lv\/en\/wp-json\/wp\/v2\/product_cat?post=275070"},{"taxonomy":"product_tag","embeddable":true,"href":"https:\/\/trukme.lv\/en\/wp-json\/wp\/v2\/product_tag?post=275070"}],"curies":[{"name":"wp","href":"https:\/\/api.w.org\/{rel}","templated":true}]}}