{"id":275073,"date":"2025-09-30T23:00:19","date_gmt":"2025-09-30T20:00:19","guid":{"rendered":"https:\/\/trukme.lv\/produkti\/uncategorized\/pur-limju-tiritajs-hraniclean-04-1-l\/"},"modified":"2025-10-02T12:45:51","modified_gmt":"2025-10-02T09:45:51","slug":"pur-limju-tiritajs-hraniclean-04-1-l","status":"publish","type":"product","link":"https:\/\/trukme.lv\/en\/products\/furniture-fittings\/board-care-products\/board-care-products-en-3\/pur-limju-tiritajs-hraniclean-04-1-l\/","title":{"rendered":"PUR glue cleaner Hraniclean 04, 1L"},"content":{"rendered":"<p>The main purpose of Hraniclean 04 cleaner is to remove cured PUR adhesive residues from work tools. Cleans and dissolves uncured polyurethane-based adhesives and removes cured adhesive. Due to the high durability of cured PUR adhesive, it may take several minutes for the dissolving reaction to begin.<br \/>\nIn special cases, Hraniclean 04 can be used for cleaning other surfaces, but only after testing on a small area.<br \/>\nUSAGE: Immerse the tool or component to be cleaned in the cleaner and leave it soaked for at least 10 minutes to allow the adhesive to dissolve in the shortest possible time.<br \/>\nSHELF LIFE: 36 months from the date of manufacture, if stored in the original sealed packaging at 20\u00b0C.<\/p>\n","protected":false},"excerpt":{"rendered":"<p>The main purpose of Hraniclean 04 cleaner is to remove cured PUR adhesive residues from work tools. Cleans and dissolves uncured polyurethane-based adhesives and removes cured adhesive. Due to the high durability of cured PUR adhesive, it may take several minutes for the dissolving reaction to begin. In special cases, Hraniclean 04 can be used&#8230;<\/p>\n","protected":false},"featured_media":267028,"template":"","meta":{"_acf_changed":false},"product_brand":[6940],"product_cat":[6495,6498,6305],"product_tag":[],"class_list":{"0":"post-275073","1":"product","2":"type-product","3":"status-publish","4":"has-post-thumbnail","6":"product_brand-hranipex-en","7":"product_cat-board-care-products","8":"product_cat-board-care-products-en-3","9":"product_cat-furniture-fittings","11":"first","12":"instock","13":"product-type-simple"},"acf":[],"yoast_head":"<!-- This site is optimized with the Yoast SEO plugin v26.5 - https:\/\/yoast.com\/wordpress\/plugins\/seo\/ -->\n<title>PUR glue cleaner Hraniclean 04, 1L - Trukm\u0117<\/title>\n<meta name=\"robots\" content=\"index, follow, max-snippet:-1, max-image-preview:large, max-video-preview:-1\" \/>\n<link rel=\"canonical\" href=\"https:\/\/trukme.lv\/en\/products\/furniture-fittings\/board-care-products\/board-care-products-en-3\/pur-limju-tiritajs-hraniclean-04-1-l\/\" \/>\n<meta property=\"og:locale\" content=\"en_GB\" \/>\n<meta property=\"og:type\" content=\"article\" \/>\n<meta property=\"og:title\" content=\"PUR glue cleaner Hraniclean 04, 1L - Trukm\u0117\" \/>\n<meta property=\"og:description\" content=\"The main purpose of Hraniclean 04 cleaner is to remove cured PUR adhesive residues from work tools. Cleans and dissolves uncured polyurethane-based adhesives and removes cured adhesive. Due to the high durability of cured PUR adhesive, it may take several minutes for the dissolving reaction to begin. In special cases, Hraniclean 04 can be used...\" \/>\n<meta property=\"og:url\" content=\"https:\/\/trukme.lv\/en\/products\/furniture-fittings\/board-care-products\/board-care-products-en-3\/pur-limju-tiritajs-hraniclean-04-1-l\/\" \/>\n<meta property=\"og:site_name\" content=\"Trukm\u0117\" \/>\n<meta property=\"article:modified_time\" content=\"2025-10-02T09:45:51+00:00\" \/>\n<meta property=\"og:image\" content=\"https:\/\/i0.wp.com\/trukme.lv\/wp-content\/uploads\/2025\/09\/1519010001.webp?fit=2048%2C2048&ssl=1\" \/>\n\t<meta property=\"og:image:width\" content=\"2048\" \/>\n\t<meta property=\"og:image:height\" content=\"2048\" \/>\n\t<meta property=\"og:image:type\" content=\"image\/webp\" \/>\n<meta name=\"twitter:card\" content=\"summary_large_image\" \/>\n<meta name=\"twitter:label1\" content=\"Estimated reading time\" \/>\n\t<meta name=\"twitter:data1\" content=\"1 minute\" \/>\n<script type=\"application\/ld+json\" class=\"yoast-schema-graph\">{\"@context\":\"https:\/\/schema.org\",\"@graph\":[{\"@type\":\"WebPage\",\"@id\":\"https:\/\/trukme.lv\/en\/products\/furniture-fittings\/board-care-products\/board-care-products-en-3\/pur-limju-tiritajs-hraniclean-04-1-l\/\",\"url\":\"https:\/\/trukme.lv\/en\/products\/furniture-fittings\/board-care-products\/board-care-products-en-3\/pur-limju-tiritajs-hraniclean-04-1-l\/\",\"name\":\"PUR glue cleaner Hraniclean 04, 1L - Trukm\u0117\",\"isPartOf\":{\"@id\":\"https:\/\/trukme.lv\/en\/#website\"},\"primaryImageOfPage\":{\"@id\":\"https:\/\/trukme.lv\/en\/products\/furniture-fittings\/board-care-products\/board-care-products-en-3\/pur-limju-tiritajs-hraniclean-04-1-l\/#primaryimage\"},\"image\":{\"@id\":\"https:\/\/trukme.lv\/en\/products\/furniture-fittings\/board-care-products\/board-care-products-en-3\/pur-limju-tiritajs-hraniclean-04-1-l\/#primaryimage\"},\"thumbnailUrl\":\"https:\/\/i0.wp.com\/trukme.lv\/wp-content\/uploads\/2025\/09\/1519010001.webp?fit=2048%2C2048&ssl=1\",\"datePublished\":\"2025-09-30T20:00:19+00:00\",\"dateModified\":\"2025-10-02T09:45:51+00:00\",\"breadcrumb\":{\"@id\":\"https:\/\/trukme.lv\/en\/products\/furniture-fittings\/board-care-products\/board-care-products-en-3\/pur-limju-tiritajs-hraniclean-04-1-l\/#breadcrumb\"},\"inLanguage\":\"en-GB\",\"potentialAction\":[{\"@type\":\"ReadAction\",\"target\":[\"https:\/\/trukme.lv\/en\/products\/furniture-fittings\/board-care-products\/board-care-products-en-3\/pur-limju-tiritajs-hraniclean-04-1-l\/\"]}]},{\"@type\":\"ImageObject\",\"inLanguage\":\"en-GB\",\"@id\":\"https:\/\/trukme.lv\/en\/products\/furniture-fittings\/board-care-products\/board-care-products-en-3\/pur-limju-tiritajs-hraniclean-04-1-l\/#primaryimage\",\"url\":\"https:\/\/i0.wp.com\/trukme.lv\/wp-content\/uploads\/2025\/09\/1519010001.webp?fit=2048%2C2048&ssl=1\",\"contentUrl\":\"https:\/\/i0.wp.com\/trukme.lv\/wp-content\/uploads\/2025\/09\/1519010001.webp?fit=2048%2C2048&ssl=1\",\"width\":2048,\"height\":2048},{\"@type\":\"BreadcrumbList\",\"@id\":\"https:\/\/trukme.lv\/en\/products\/furniture-fittings\/board-care-products\/board-care-products-en-3\/pur-limju-tiritajs-hraniclean-04-1-l\/#breadcrumb\",\"itemListElement\":[{\"@type\":\"ListItem\",\"position\":1,\"name\":\"Home\",\"item\":\"https:\/\/trukme.lv\/en\/home\/\"},{\"@type\":\"ListItem\",\"position\":2,\"name\":\"Products\",\"item\":\"https:\/\/trukme.lv\/en\/products\/\"},{\"@type\":\"ListItem\",\"position\":3,\"name\":\"PUR glue cleaner Hraniclean 04, 1L\"}]},{\"@type\":\"WebSite\",\"@id\":\"https:\/\/trukme.lv\/en\/#website\",\"url\":\"https:\/\/trukme.lv\/en\/\",\"name\":\"Trukm\u0117\",\"description\":\"M\u0113be\u013cu pane\u013ci, galda virsmas, m\u0113be\u013cu furnit\u016bra. Virtuves m\u0113be\u013cu, skapju, vannas istabas m\u0113be\u013cu u.c. sortiments. Paz\u012bstami un uzticami ra\u017eot\u0101ji.\",\"potentialAction\":[{\"@type\":\"SearchAction\",\"target\":{\"@type\":\"EntryPoint\",\"urlTemplate\":\"https:\/\/trukme.lv\/en\/?s={search_term_string}\"},\"query-input\":{\"@type\":\"PropertyValueSpecification\",\"valueRequired\":true,\"valueName\":\"search_term_string\"}}],\"inLanguage\":\"en-GB\"}]}<\/script>\n<!-- \/ Yoast SEO plugin. -->","yoast_head_json":{"title":"PUR glue cleaner Hraniclean 04, 1L - Trukm\u0117","robots":{"index":"index","follow":"follow","max-snippet":"max-snippet:-1","max-image-preview":"max-image-preview:large","max-video-preview":"max-video-preview:-1"},"canonical":"https:\/\/trukme.lv\/en\/products\/furniture-fittings\/board-care-products\/board-care-products-en-3\/pur-limju-tiritajs-hraniclean-04-1-l\/","og_locale":"en_GB","og_type":"article","og_title":"PUR glue cleaner Hraniclean 04, 1L - Trukm\u0117","og_description":"The main purpose of Hraniclean 04 cleaner is to remove cured PUR adhesive residues from work tools. Cleans and dissolves uncured polyurethane-based adhesives and removes cured adhesive. Due to the high durability of cured PUR adhesive, it may take several minutes for the dissolving reaction to begin. In special cases, Hraniclean 04 can be used...","og_url":"https:\/\/trukme.lv\/en\/products\/furniture-fittings\/board-care-products\/board-care-products-en-3\/pur-limju-tiritajs-hraniclean-04-1-l\/","og_site_name":"Trukm\u0117","article_modified_time":"2025-10-02T09:45:51+00:00","og_image":[{"width":2048,"height":2048,"url":"https:\/\/i0.wp.com\/trukme.lv\/wp-content\/uploads\/2025\/09\/1519010001.webp?fit=2048%2C2048&ssl=1","type":"image\/webp"}],"twitter_card":"summary_large_image","twitter_misc":{"Estimated reading time":"1 minute"},"schema":{"@context":"https:\/\/schema.org","@graph":[{"@type":"WebPage","@id":"https:\/\/trukme.lv\/en\/products\/furniture-fittings\/board-care-products\/board-care-products-en-3\/pur-limju-tiritajs-hraniclean-04-1-l\/","url":"https:\/\/trukme.lv\/en\/products\/furniture-fittings\/board-care-products\/board-care-products-en-3\/pur-limju-tiritajs-hraniclean-04-1-l\/","name":"PUR glue cleaner Hraniclean 04, 1L - Trukm\u0117","isPartOf":{"@id":"https:\/\/trukme.lv\/en\/#website"},"primaryImageOfPage":{"@id":"https:\/\/trukme.lv\/en\/products\/furniture-fittings\/board-care-products\/board-care-products-en-3\/pur-limju-tiritajs-hraniclean-04-1-l\/#primaryimage"},"image":{"@id":"https:\/\/trukme.lv\/en\/products\/furniture-fittings\/board-care-products\/board-care-products-en-3\/pur-limju-tiritajs-hraniclean-04-1-l\/#primaryimage"},"thumbnailUrl":"https:\/\/i0.wp.com\/trukme.lv\/wp-content\/uploads\/2025\/09\/1519010001.webp?fit=2048%2C2048&ssl=1","datePublished":"2025-09-30T20:00:19+00:00","dateModified":"2025-10-02T09:45:51+00:00","breadcrumb":{"@id":"https:\/\/trukme.lv\/en\/products\/furniture-fittings\/board-care-products\/board-care-products-en-3\/pur-limju-tiritajs-hraniclean-04-1-l\/#breadcrumb"},"inLanguage":"en-GB","potentialAction":[{"@type":"ReadAction","target":["https:\/\/trukme.lv\/en\/products\/furniture-fittings\/board-care-products\/board-care-products-en-3\/pur-limju-tiritajs-hraniclean-04-1-l\/"]}]},{"@type":"ImageObject","inLanguage":"en-GB","@id":"https:\/\/trukme.lv\/en\/products\/furniture-fittings\/board-care-products\/board-care-products-en-3\/pur-limju-tiritajs-hraniclean-04-1-l\/#primaryimage","url":"https:\/\/i0.wp.com\/trukme.lv\/wp-content\/uploads\/2025\/09\/1519010001.webp?fit=2048%2C2048&ssl=1","contentUrl":"https:\/\/i0.wp.com\/trukme.lv\/wp-content\/uploads\/2025\/09\/1519010001.webp?fit=2048%2C2048&ssl=1","width":2048,"height":2048},{"@type":"BreadcrumbList","@id":"https:\/\/trukme.lv\/en\/products\/furniture-fittings\/board-care-products\/board-care-products-en-3\/pur-limju-tiritajs-hraniclean-04-1-l\/#breadcrumb","itemListElement":[{"@type":"ListItem","position":1,"name":"Home","item":"https:\/\/trukme.lv\/en\/home\/"},{"@type":"ListItem","position":2,"name":"Products","item":"https:\/\/trukme.lv\/en\/products\/"},{"@type":"ListItem","position":3,"name":"PUR glue cleaner Hraniclean 04, 1L"}]},{"@type":"WebSite","@id":"https:\/\/trukme.lv\/en\/#website","url":"https:\/\/trukme.lv\/en\/","name":"Trukm\u0117","description":"M\u0113be\u013cu pane\u013ci, galda virsmas, m\u0113be\u013cu furnit\u016bra. Virtuves m\u0113be\u013cu, skapju, vannas istabas m\u0113be\u013cu u.c. sortiments. Paz\u012bstami un uzticami ra\u017eot\u0101ji.","potentialAction":[{"@type":"SearchAction","target":{"@type":"EntryPoint","urlTemplate":"https:\/\/trukme.lv\/en\/?s={search_term_string}"},"query-input":{"@type":"PropertyValueSpecification","valueRequired":true,"valueName":"search_term_string"}}],"inLanguage":"en-GB"}]}},"jetpack_sharing_enabled":true,"_links":{"self":[{"href":"https:\/\/trukme.lv\/en\/wp-json\/wp\/v2\/product\/275073","targetHints":{"allow":["GET"]}}],"collection":[{"href":"https:\/\/trukme.lv\/en\/wp-json\/wp\/v2\/product"}],"about":[{"href":"https:\/\/trukme.lv\/en\/wp-json\/wp\/v2\/types\/product"}],"wp:featuredmedia":[{"embeddable":true,"href":"https:\/\/trukme.lv\/en\/wp-json\/wp\/v2\/media\/267028"}],"wp:attachment":[{"href":"https:\/\/trukme.lv\/en\/wp-json\/wp\/v2\/media?parent=275073"}],"wp:term":[{"taxonomy":"product_brand","embeddable":true,"href":"https:\/\/trukme.lv\/en\/wp-json\/wp\/v2\/product_brand?post=275073"},{"taxonomy":"product_cat","embeddable":true,"href":"https:\/\/trukme.lv\/en\/wp-json\/wp\/v2\/product_cat?post=275073"},{"taxonomy":"product_tag","embeddable":true,"href":"https:\/\/trukme.lv\/en\/wp-json\/wp\/v2\/product_tag?post=275073"}],"curies":[{"name":"wp","href":"https:\/\/api.w.org\/{rel}","templated":true}]}}