{"id":275074,"date":"2025-09-30T23:00:16","date_gmt":"2025-09-30T20:00:16","guid":{"rendered":"https:\/\/trukme.lv\/produkti\/uncategorized\/divpuseja-limlente-hranitape-3m-red-15-mm-25-m\/"},"modified":"2025-10-02T12:45:53","modified_gmt":"2025-10-02T09:45:53","slug":"divpuseja-limlente-hranitape-3m-red-15-mm-25-m","status":"publish","type":"product","link":"https:\/\/trukme.lv\/en\/products\/furniture-fittings\/packaging-materials\/adhesive-tape\/divpuseja-limlente-hranitape-3m-red-15-mm-25-m\/","title":{"rendered":"Double-sided adhesive tape HraniTape 3M, red, 15 mm, 25 m"},"content":{"rendered":"<p>Double-sided 3M adhesive tape is designed for fixing and bonding smooth and standard (non-rough) board surfaces.<br \/>\nBonding surfaces must be clean and dry. Adhesion depends on the strength of the adhesive\u2019s contact with the surface. Strong pressure improves adhesive contact and thus increases bonding strength.<\/p>\n","protected":false},"excerpt":{"rendered":"<p>Double-sided 3M adhesive tape is designed for fixing and bonding smooth and standard (non-rough) board surfaces. Bonding surfaces must be clean and dry. Adhesion depends on the strength of the adhesive\u2019s contact with the surface. Strong pressure improves adhesive contact and thus increases bonding strength.<\/p>\n","protected":false},"featured_media":267021,"template":"","meta":{"_acf_changed":false},"product_brand":[6940],"product_cat":[6405,6305,6401],"product_tag":[],"class_list":{"0":"post-275074","1":"product","2":"type-product","3":"status-publish","4":"has-post-thumbnail","6":"product_brand-hranipex-en","7":"product_cat-adhesive-tape","8":"product_cat-furniture-fittings","9":"product_cat-packaging-materials","11":"first","12":"instock","13":"product-type-simple"},"acf":[],"yoast_head":"<!-- This site is optimized with the Yoast SEO plugin v26.5 - https:\/\/yoast.com\/wordpress\/plugins\/seo\/ -->\n<title>Double-sided adhesive tape HraniTape 3M, red, 15 mm, 25 m - Trukm\u0117<\/title>\n<meta name=\"robots\" content=\"index, follow, max-snippet:-1, max-image-preview:large, max-video-preview:-1\" \/>\n<link rel=\"canonical\" href=\"https:\/\/trukme.lv\/en\/products\/furniture-fittings\/packaging-materials\/adhesive-tape\/divpuseja-limlente-hranitape-3m-red-15-mm-25-m\/\" \/>\n<meta property=\"og:locale\" content=\"en_GB\" \/>\n<meta property=\"og:type\" content=\"article\" \/>\n<meta property=\"og:title\" content=\"Double-sided adhesive tape HraniTape 3M, red, 15 mm, 25 m - Trukm\u0117\" \/>\n<meta property=\"og:description\" content=\"Double-sided 3M adhesive tape is designed for fixing and bonding smooth and standard (non-rough) board surfaces. Bonding surfaces must be clean and dry. Adhesion depends on the strength of the adhesive\u2019s contact with the surface. Strong pressure improves adhesive contact and thus increases bonding strength.\" \/>\n<meta property=\"og:url\" content=\"https:\/\/trukme.lv\/en\/products\/furniture-fittings\/packaging-materials\/adhesive-tape\/divpuseja-limlente-hranitape-3m-red-15-mm-25-m\/\" \/>\n<meta property=\"og:site_name\" content=\"Trukm\u0117\" \/>\n<meta property=\"article:modified_time\" content=\"2025-10-02T09:45:53+00:00\" \/>\n<meta property=\"og:image\" content=\"https:\/\/i0.wp.com\/trukme.lv\/wp-content\/uploads\/2025\/09\/1517020001.webp?fit=2048%2C2048&ssl=1\" \/>\n\t<meta property=\"og:image:width\" content=\"2048\" \/>\n\t<meta property=\"og:image:height\" content=\"2048\" \/>\n\t<meta property=\"og:image:type\" content=\"image\/webp\" \/>\n<meta name=\"twitter:card\" content=\"summary_large_image\" \/>\n<script type=\"application\/ld+json\" class=\"yoast-schema-graph\">{\"@context\":\"https:\/\/schema.org\",\"@graph\":[{\"@type\":\"WebPage\",\"@id\":\"https:\/\/trukme.lv\/en\/products\/furniture-fittings\/packaging-materials\/adhesive-tape\/divpuseja-limlente-hranitape-3m-red-15-mm-25-m\/\",\"url\":\"https:\/\/trukme.lv\/en\/products\/furniture-fittings\/packaging-materials\/adhesive-tape\/divpuseja-limlente-hranitape-3m-red-15-mm-25-m\/\",\"name\":\"Double-sided adhesive tape HraniTape 3M, red, 15 mm, 25 m - Trukm\u0117\",\"isPartOf\":{\"@id\":\"https:\/\/trukme.lv\/en\/#website\"},\"primaryImageOfPage\":{\"@id\":\"https:\/\/trukme.lv\/en\/products\/furniture-fittings\/packaging-materials\/adhesive-tape\/divpuseja-limlente-hranitape-3m-red-15-mm-25-m\/#primaryimage\"},\"image\":{\"@id\":\"https:\/\/trukme.lv\/en\/products\/furniture-fittings\/packaging-materials\/adhesive-tape\/divpuseja-limlente-hranitape-3m-red-15-mm-25-m\/#primaryimage\"},\"thumbnailUrl\":\"https:\/\/i0.wp.com\/trukme.lv\/wp-content\/uploads\/2025\/09\/1517020001.webp?fit=2048%2C2048&ssl=1\",\"datePublished\":\"2025-09-30T20:00:16+00:00\",\"dateModified\":\"2025-10-02T09:45:53+00:00\",\"breadcrumb\":{\"@id\":\"https:\/\/trukme.lv\/en\/products\/furniture-fittings\/packaging-materials\/adhesive-tape\/divpuseja-limlente-hranitape-3m-red-15-mm-25-m\/#breadcrumb\"},\"inLanguage\":\"en-GB\",\"potentialAction\":[{\"@type\":\"ReadAction\",\"target\":[\"https:\/\/trukme.lv\/en\/products\/furniture-fittings\/packaging-materials\/adhesive-tape\/divpuseja-limlente-hranitape-3m-red-15-mm-25-m\/\"]}]},{\"@type\":\"ImageObject\",\"inLanguage\":\"en-GB\",\"@id\":\"https:\/\/trukme.lv\/en\/products\/furniture-fittings\/packaging-materials\/adhesive-tape\/divpuseja-limlente-hranitape-3m-red-15-mm-25-m\/#primaryimage\",\"url\":\"https:\/\/i0.wp.com\/trukme.lv\/wp-content\/uploads\/2025\/09\/1517020001.webp?fit=2048%2C2048&ssl=1\",\"contentUrl\":\"https:\/\/i0.wp.com\/trukme.lv\/wp-content\/uploads\/2025\/09\/1517020001.webp?fit=2048%2C2048&ssl=1\",\"width\":2048,\"height\":2048},{\"@type\":\"BreadcrumbList\",\"@id\":\"https:\/\/trukme.lv\/en\/products\/furniture-fittings\/packaging-materials\/adhesive-tape\/divpuseja-limlente-hranitape-3m-red-15-mm-25-m\/#breadcrumb\",\"itemListElement\":[{\"@type\":\"ListItem\",\"position\":1,\"name\":\"Home\",\"item\":\"https:\/\/trukme.lv\/en\/home\/\"},{\"@type\":\"ListItem\",\"position\":2,\"name\":\"Products\",\"item\":\"https:\/\/trukme.lv\/en\/products\/\"},{\"@type\":\"ListItem\",\"position\":3,\"name\":\"Double-sided adhesive tape HraniTape 3M, red, 15 mm, 25 m\"}]},{\"@type\":\"WebSite\",\"@id\":\"https:\/\/trukme.lv\/en\/#website\",\"url\":\"https:\/\/trukme.lv\/en\/\",\"name\":\"Trukm\u0117\",\"description\":\"M\u0113be\u013cu pane\u013ci, galda virsmas, m\u0113be\u013cu furnit\u016bra. Virtuves m\u0113be\u013cu, skapju, vannas istabas m\u0113be\u013cu u.c. sortiments. Paz\u012bstami un uzticami ra\u017eot\u0101ji.\",\"potentialAction\":[{\"@type\":\"SearchAction\",\"target\":{\"@type\":\"EntryPoint\",\"urlTemplate\":\"https:\/\/trukme.lv\/en\/?s={search_term_string}\"},\"query-input\":{\"@type\":\"PropertyValueSpecification\",\"valueRequired\":true,\"valueName\":\"search_term_string\"}}],\"inLanguage\":\"en-GB\"}]}<\/script>\n<!-- \/ Yoast SEO plugin. -->","yoast_head_json":{"title":"Double-sided adhesive tape HraniTape 3M, red, 15 mm, 25 m - Trukm\u0117","robots":{"index":"index","follow":"follow","max-snippet":"max-snippet:-1","max-image-preview":"max-image-preview:large","max-video-preview":"max-video-preview:-1"},"canonical":"https:\/\/trukme.lv\/en\/products\/furniture-fittings\/packaging-materials\/adhesive-tape\/divpuseja-limlente-hranitape-3m-red-15-mm-25-m\/","og_locale":"en_GB","og_type":"article","og_title":"Double-sided adhesive tape HraniTape 3M, red, 15 mm, 25 m - Trukm\u0117","og_description":"Double-sided 3M adhesive tape is designed for fixing and bonding smooth and standard (non-rough) board surfaces. Bonding surfaces must be clean and dry. Adhesion depends on the strength of the adhesive\u2019s contact with the surface. Strong pressure improves adhesive contact and thus increases bonding strength.","og_url":"https:\/\/trukme.lv\/en\/products\/furniture-fittings\/packaging-materials\/adhesive-tape\/divpuseja-limlente-hranitape-3m-red-15-mm-25-m\/","og_site_name":"Trukm\u0117","article_modified_time":"2025-10-02T09:45:53+00:00","og_image":[{"width":2048,"height":2048,"url":"https:\/\/i0.wp.com\/trukme.lv\/wp-content\/uploads\/2025\/09\/1517020001.webp?fit=2048%2C2048&ssl=1","type":"image\/webp"}],"twitter_card":"summary_large_image","schema":{"@context":"https:\/\/schema.org","@graph":[{"@type":"WebPage","@id":"https:\/\/trukme.lv\/en\/products\/furniture-fittings\/packaging-materials\/adhesive-tape\/divpuseja-limlente-hranitape-3m-red-15-mm-25-m\/","url":"https:\/\/trukme.lv\/en\/products\/furniture-fittings\/packaging-materials\/adhesive-tape\/divpuseja-limlente-hranitape-3m-red-15-mm-25-m\/","name":"Double-sided adhesive tape HraniTape 3M, red, 15 mm, 25 m - Trukm\u0117","isPartOf":{"@id":"https:\/\/trukme.lv\/en\/#website"},"primaryImageOfPage":{"@id":"https:\/\/trukme.lv\/en\/products\/furniture-fittings\/packaging-materials\/adhesive-tape\/divpuseja-limlente-hranitape-3m-red-15-mm-25-m\/#primaryimage"},"image":{"@id":"https:\/\/trukme.lv\/en\/products\/furniture-fittings\/packaging-materials\/adhesive-tape\/divpuseja-limlente-hranitape-3m-red-15-mm-25-m\/#primaryimage"},"thumbnailUrl":"https:\/\/i0.wp.com\/trukme.lv\/wp-content\/uploads\/2025\/09\/1517020001.webp?fit=2048%2C2048&ssl=1","datePublished":"2025-09-30T20:00:16+00:00","dateModified":"2025-10-02T09:45:53+00:00","breadcrumb":{"@id":"https:\/\/trukme.lv\/en\/products\/furniture-fittings\/packaging-materials\/adhesive-tape\/divpuseja-limlente-hranitape-3m-red-15-mm-25-m\/#breadcrumb"},"inLanguage":"en-GB","potentialAction":[{"@type":"ReadAction","target":["https:\/\/trukme.lv\/en\/products\/furniture-fittings\/packaging-materials\/adhesive-tape\/divpuseja-limlente-hranitape-3m-red-15-mm-25-m\/"]}]},{"@type":"ImageObject","inLanguage":"en-GB","@id":"https:\/\/trukme.lv\/en\/products\/furniture-fittings\/packaging-materials\/adhesive-tape\/divpuseja-limlente-hranitape-3m-red-15-mm-25-m\/#primaryimage","url":"https:\/\/i0.wp.com\/trukme.lv\/wp-content\/uploads\/2025\/09\/1517020001.webp?fit=2048%2C2048&ssl=1","contentUrl":"https:\/\/i0.wp.com\/trukme.lv\/wp-content\/uploads\/2025\/09\/1517020001.webp?fit=2048%2C2048&ssl=1","width":2048,"height":2048},{"@type":"BreadcrumbList","@id":"https:\/\/trukme.lv\/en\/products\/furniture-fittings\/packaging-materials\/adhesive-tape\/divpuseja-limlente-hranitape-3m-red-15-mm-25-m\/#breadcrumb","itemListElement":[{"@type":"ListItem","position":1,"name":"Home","item":"https:\/\/trukme.lv\/en\/home\/"},{"@type":"ListItem","position":2,"name":"Products","item":"https:\/\/trukme.lv\/en\/products\/"},{"@type":"ListItem","position":3,"name":"Double-sided adhesive tape HraniTape 3M, red, 15 mm, 25 m"}]},{"@type":"WebSite","@id":"https:\/\/trukme.lv\/en\/#website","url":"https:\/\/trukme.lv\/en\/","name":"Trukm\u0117","description":"M\u0113be\u013cu pane\u013ci, galda virsmas, m\u0113be\u013cu furnit\u016bra. Virtuves m\u0113be\u013cu, skapju, vannas istabas m\u0113be\u013cu u.c. sortiments. Paz\u012bstami un uzticami ra\u017eot\u0101ji.","potentialAction":[{"@type":"SearchAction","target":{"@type":"EntryPoint","urlTemplate":"https:\/\/trukme.lv\/en\/?s={search_term_string}"},"query-input":{"@type":"PropertyValueSpecification","valueRequired":true,"valueName":"search_term_string"}}],"inLanguage":"en-GB"}]}},"jetpack_sharing_enabled":true,"_links":{"self":[{"href":"https:\/\/trukme.lv\/en\/wp-json\/wp\/v2\/product\/275074","targetHints":{"allow":["GET"]}}],"collection":[{"href":"https:\/\/trukme.lv\/en\/wp-json\/wp\/v2\/product"}],"about":[{"href":"https:\/\/trukme.lv\/en\/wp-json\/wp\/v2\/types\/product"}],"wp:featuredmedia":[{"embeddable":true,"href":"https:\/\/trukme.lv\/en\/wp-json\/wp\/v2\/media\/267021"}],"wp:attachment":[{"href":"https:\/\/trukme.lv\/en\/wp-json\/wp\/v2\/media?parent=275074"}],"wp:term":[{"taxonomy":"product_brand","embeddable":true,"href":"https:\/\/trukme.lv\/en\/wp-json\/wp\/v2\/product_brand?post=275074"},{"taxonomy":"product_cat","embeddable":true,"href":"https:\/\/trukme.lv\/en\/wp-json\/wp\/v2\/product_cat?post=275074"},{"taxonomy":"product_tag","embeddable":true,"href":"https:\/\/trukme.lv\/en\/wp-json\/wp\/v2\/product_tag?post=275074"}],"curies":[{"name":"wp","href":"https:\/\/api.w.org\/{rel}","templated":true}]}}