{"id":275515,"date":"2025-09-30T22:01:00","date_gmt":"2025-09-30T19:01:00","guid":{"rendered":"https:\/\/trukme.lv\/produkti\/uncategorized\/camar-skapisu-uzkares-komplekts-80x60x10mm\/"},"modified":"2025-10-02T12:48:44","modified_gmt":"2025-10-02T09:48:44","slug":"camar-skapisu-uzkares-komplekts-80x60x10mm","status":"publish","type":"product","link":"https:\/\/trukme.lv\/en\/products\/furniture-fittings\/connections-fasteners\/suspension-elements\/camar-skapisu-uzkares-komplekts-80x60x10mm\/","title":{"rendered":"Camar cabinet suspension set 80x60x10mm"},"content":{"rendered":"<p>The integrated \u201cAnti-Drop\u201d system in the plate protects against the cabinet falling (detaching from the plate) when tapped or lifted from below. Complies with EN14749, EN14688, and ISO7170 standards. Compact design, thickness \u2013 only 10 mm. Adjustable distance from the wall (19 mm) and bracket height position (22 mm). Manufacturer\u2019s maximum recommended load for the bracket \u2013 120 kg (for cabinet dimensions: 1200x580x350\u2013600 mm). Set includes: 2 brackets, 2 covers, 2 plates.<\/p>\n","protected":false},"excerpt":{"rendered":"<p>The integrated \u201cAnti-Drop\u201d system in the plate protects against the cabinet falling (detaching from the plate) when tapped or lifted from below. Complies with EN14749, EN14688, and ISO7170 standards. Compact design, thickness \u2013 only 10 mm. Adjustable distance from the wall (19 mm) and bracket height position (22 mm). Manufacturer\u2019s maximum recommended load for the&#8230;<\/p>\n","protected":false},"featured_media":257522,"template":"","meta":{"_acf_changed":false},"product_brand":[6918],"product_cat":[6529,6305,6545],"product_tag":[],"class_list":{"0":"post-275515","1":"product","2":"type-product","3":"status-publish","4":"has-post-thumbnail","6":"product_brand-camar-en","7":"product_cat-connections-fasteners","8":"product_cat-furniture-fittings","9":"product_cat-suspension-elements","11":"first","12":"instock","13":"product-type-simple"},"acf":[],"yoast_head":"<!-- This site is optimized with the Yoast SEO plugin v26.5 - https:\/\/yoast.com\/wordpress\/plugins\/seo\/ -->\n<title>Camar cabinet suspension set 80x60x10mm - Trukm\u0117<\/title>\n<meta name=\"robots\" content=\"index, follow, max-snippet:-1, max-image-preview:large, max-video-preview:-1\" \/>\n<link rel=\"canonical\" href=\"https:\/\/trukme.lv\/en\/products\/furniture-fittings\/connections-fasteners\/suspension-elements\/camar-skapisu-uzkares-komplekts-80x60x10mm\/\" \/>\n<meta property=\"og:locale\" content=\"en_GB\" \/>\n<meta property=\"og:type\" content=\"article\" \/>\n<meta property=\"og:title\" content=\"Camar cabinet suspension set 80x60x10mm - Trukm\u0117\" \/>\n<meta property=\"og:description\" content=\"The integrated \u201cAnti-Drop\u201d system in the plate protects against the cabinet falling (detaching from the plate) when tapped or lifted from below. Complies with EN14749, EN14688, and ISO7170 standards. Compact design, thickness \u2013 only 10 mm. Adjustable distance from the wall (19 mm) and bracket height position (22 mm). Manufacturer\u2019s maximum recommended load for the...\" \/>\n<meta property=\"og:url\" content=\"https:\/\/trukme.lv\/en\/products\/furniture-fittings\/connections-fasteners\/suspension-elements\/camar-skapisu-uzkares-komplekts-80x60x10mm\/\" \/>\n<meta property=\"og:site_name\" content=\"Trukm\u0117\" \/>\n<meta property=\"article:modified_time\" content=\"2025-10-02T09:48:44+00:00\" \/>\n<meta property=\"og:image\" content=\"https:\/\/i0.wp.com\/trukme.lv\/wp-content\/uploads\/2025\/09\/1503120002.webp?fit=545%2C800&ssl=1\" \/>\n\t<meta property=\"og:image:width\" content=\"545\" \/>\n\t<meta property=\"og:image:height\" content=\"800\" \/>\n\t<meta property=\"og:image:type\" content=\"image\/webp\" \/>\n<meta name=\"twitter:card\" content=\"summary_large_image\" \/>\n<script type=\"application\/ld+json\" class=\"yoast-schema-graph\">{\"@context\":\"https:\/\/schema.org\",\"@graph\":[{\"@type\":\"WebPage\",\"@id\":\"https:\/\/trukme.lv\/en\/products\/furniture-fittings\/connections-fasteners\/suspension-elements\/camar-skapisu-uzkares-komplekts-80x60x10mm\/\",\"url\":\"https:\/\/trukme.lv\/en\/products\/furniture-fittings\/connections-fasteners\/suspension-elements\/camar-skapisu-uzkares-komplekts-80x60x10mm\/\",\"name\":\"Camar cabinet suspension set 80x60x10mm - Trukm\u0117\",\"isPartOf\":{\"@id\":\"https:\/\/trukme.lv\/en\/#website\"},\"primaryImageOfPage\":{\"@id\":\"https:\/\/trukme.lv\/en\/products\/furniture-fittings\/connections-fasteners\/suspension-elements\/camar-skapisu-uzkares-komplekts-80x60x10mm\/#primaryimage\"},\"image\":{\"@id\":\"https:\/\/trukme.lv\/en\/products\/furniture-fittings\/connections-fasteners\/suspension-elements\/camar-skapisu-uzkares-komplekts-80x60x10mm\/#primaryimage\"},\"thumbnailUrl\":\"https:\/\/i0.wp.com\/trukme.lv\/wp-content\/uploads\/2025\/09\/1503120002.webp?fit=545%2C800&ssl=1\",\"datePublished\":\"2025-09-30T19:01:00+00:00\",\"dateModified\":\"2025-10-02T09:48:44+00:00\",\"breadcrumb\":{\"@id\":\"https:\/\/trukme.lv\/en\/products\/furniture-fittings\/connections-fasteners\/suspension-elements\/camar-skapisu-uzkares-komplekts-80x60x10mm\/#breadcrumb\"},\"inLanguage\":\"en-GB\",\"potentialAction\":[{\"@type\":\"ReadAction\",\"target\":[\"https:\/\/trukme.lv\/en\/products\/furniture-fittings\/connections-fasteners\/suspension-elements\/camar-skapisu-uzkares-komplekts-80x60x10mm\/\"]}]},{\"@type\":\"ImageObject\",\"inLanguage\":\"en-GB\",\"@id\":\"https:\/\/trukme.lv\/en\/products\/furniture-fittings\/connections-fasteners\/suspension-elements\/camar-skapisu-uzkares-komplekts-80x60x10mm\/#primaryimage\",\"url\":\"https:\/\/i0.wp.com\/trukme.lv\/wp-content\/uploads\/2025\/09\/1503120002.webp?fit=545%2C800&ssl=1\",\"contentUrl\":\"https:\/\/i0.wp.com\/trukme.lv\/wp-content\/uploads\/2025\/09\/1503120002.webp?fit=545%2C800&ssl=1\",\"width\":545,\"height\":800},{\"@type\":\"BreadcrumbList\",\"@id\":\"https:\/\/trukme.lv\/en\/products\/furniture-fittings\/connections-fasteners\/suspension-elements\/camar-skapisu-uzkares-komplekts-80x60x10mm\/#breadcrumb\",\"itemListElement\":[{\"@type\":\"ListItem\",\"position\":1,\"name\":\"Home\",\"item\":\"https:\/\/trukme.lv\/en\/home\/\"},{\"@type\":\"ListItem\",\"position\":2,\"name\":\"Products\",\"item\":\"https:\/\/trukme.lv\/en\/products\/\"},{\"@type\":\"ListItem\",\"position\":3,\"name\":\"Camar cabinet suspension set 80x60x10mm\"}]},{\"@type\":\"WebSite\",\"@id\":\"https:\/\/trukme.lv\/en\/#website\",\"url\":\"https:\/\/trukme.lv\/en\/\",\"name\":\"Trukm\u0117\",\"description\":\"M\u0113be\u013cu pane\u013ci, galda virsmas, m\u0113be\u013cu furnit\u016bra. Virtuves m\u0113be\u013cu, skapju, vannas istabas m\u0113be\u013cu u.c. sortiments. Paz\u012bstami un uzticami ra\u017eot\u0101ji.\",\"potentialAction\":[{\"@type\":\"SearchAction\",\"target\":{\"@type\":\"EntryPoint\",\"urlTemplate\":\"https:\/\/trukme.lv\/en\/?s={search_term_string}\"},\"query-input\":{\"@type\":\"PropertyValueSpecification\",\"valueRequired\":true,\"valueName\":\"search_term_string\"}}],\"inLanguage\":\"en-GB\"}]}<\/script>\n<!-- \/ Yoast SEO plugin. -->","yoast_head_json":{"title":"Camar cabinet suspension set 80x60x10mm - Trukm\u0117","robots":{"index":"index","follow":"follow","max-snippet":"max-snippet:-1","max-image-preview":"max-image-preview:large","max-video-preview":"max-video-preview:-1"},"canonical":"https:\/\/trukme.lv\/en\/products\/furniture-fittings\/connections-fasteners\/suspension-elements\/camar-skapisu-uzkares-komplekts-80x60x10mm\/","og_locale":"en_GB","og_type":"article","og_title":"Camar cabinet suspension set 80x60x10mm - Trukm\u0117","og_description":"The integrated \u201cAnti-Drop\u201d system in the plate protects against the cabinet falling (detaching from the plate) when tapped or lifted from below. Complies with EN14749, EN14688, and ISO7170 standards. Compact design, thickness \u2013 only 10 mm. Adjustable distance from the wall (19 mm) and bracket height position (22 mm). Manufacturer\u2019s maximum recommended load for the...","og_url":"https:\/\/trukme.lv\/en\/products\/furniture-fittings\/connections-fasteners\/suspension-elements\/camar-skapisu-uzkares-komplekts-80x60x10mm\/","og_site_name":"Trukm\u0117","article_modified_time":"2025-10-02T09:48:44+00:00","og_image":[{"width":545,"height":800,"url":"https:\/\/i0.wp.com\/trukme.lv\/wp-content\/uploads\/2025\/09\/1503120002.webp?fit=545%2C800&ssl=1","type":"image\/webp"}],"twitter_card":"summary_large_image","schema":{"@context":"https:\/\/schema.org","@graph":[{"@type":"WebPage","@id":"https:\/\/trukme.lv\/en\/products\/furniture-fittings\/connections-fasteners\/suspension-elements\/camar-skapisu-uzkares-komplekts-80x60x10mm\/","url":"https:\/\/trukme.lv\/en\/products\/furniture-fittings\/connections-fasteners\/suspension-elements\/camar-skapisu-uzkares-komplekts-80x60x10mm\/","name":"Camar cabinet suspension set 80x60x10mm - Trukm\u0117","isPartOf":{"@id":"https:\/\/trukme.lv\/en\/#website"},"primaryImageOfPage":{"@id":"https:\/\/trukme.lv\/en\/products\/furniture-fittings\/connections-fasteners\/suspension-elements\/camar-skapisu-uzkares-komplekts-80x60x10mm\/#primaryimage"},"image":{"@id":"https:\/\/trukme.lv\/en\/products\/furniture-fittings\/connections-fasteners\/suspension-elements\/camar-skapisu-uzkares-komplekts-80x60x10mm\/#primaryimage"},"thumbnailUrl":"https:\/\/i0.wp.com\/trukme.lv\/wp-content\/uploads\/2025\/09\/1503120002.webp?fit=545%2C800&ssl=1","datePublished":"2025-09-30T19:01:00+00:00","dateModified":"2025-10-02T09:48:44+00:00","breadcrumb":{"@id":"https:\/\/trukme.lv\/en\/products\/furniture-fittings\/connections-fasteners\/suspension-elements\/camar-skapisu-uzkares-komplekts-80x60x10mm\/#breadcrumb"},"inLanguage":"en-GB","potentialAction":[{"@type":"ReadAction","target":["https:\/\/trukme.lv\/en\/products\/furniture-fittings\/connections-fasteners\/suspension-elements\/camar-skapisu-uzkares-komplekts-80x60x10mm\/"]}]},{"@type":"ImageObject","inLanguage":"en-GB","@id":"https:\/\/trukme.lv\/en\/products\/furniture-fittings\/connections-fasteners\/suspension-elements\/camar-skapisu-uzkares-komplekts-80x60x10mm\/#primaryimage","url":"https:\/\/i0.wp.com\/trukme.lv\/wp-content\/uploads\/2025\/09\/1503120002.webp?fit=545%2C800&ssl=1","contentUrl":"https:\/\/i0.wp.com\/trukme.lv\/wp-content\/uploads\/2025\/09\/1503120002.webp?fit=545%2C800&ssl=1","width":545,"height":800},{"@type":"BreadcrumbList","@id":"https:\/\/trukme.lv\/en\/products\/furniture-fittings\/connections-fasteners\/suspension-elements\/camar-skapisu-uzkares-komplekts-80x60x10mm\/#breadcrumb","itemListElement":[{"@type":"ListItem","position":1,"name":"Home","item":"https:\/\/trukme.lv\/en\/home\/"},{"@type":"ListItem","position":2,"name":"Products","item":"https:\/\/trukme.lv\/en\/products\/"},{"@type":"ListItem","position":3,"name":"Camar cabinet suspension set 80x60x10mm"}]},{"@type":"WebSite","@id":"https:\/\/trukme.lv\/en\/#website","url":"https:\/\/trukme.lv\/en\/","name":"Trukm\u0117","description":"M\u0113be\u013cu pane\u013ci, galda virsmas, m\u0113be\u013cu furnit\u016bra. Virtuves m\u0113be\u013cu, skapju, vannas istabas m\u0113be\u013cu u.c. sortiments. Paz\u012bstami un uzticami ra\u017eot\u0101ji.","potentialAction":[{"@type":"SearchAction","target":{"@type":"EntryPoint","urlTemplate":"https:\/\/trukme.lv\/en\/?s={search_term_string}"},"query-input":{"@type":"PropertyValueSpecification","valueRequired":true,"valueName":"search_term_string"}}],"inLanguage":"en-GB"}]}},"jetpack_sharing_enabled":true,"_links":{"self":[{"href":"https:\/\/trukme.lv\/en\/wp-json\/wp\/v2\/product\/275515","targetHints":{"allow":["GET"]}}],"collection":[{"href":"https:\/\/trukme.lv\/en\/wp-json\/wp\/v2\/product"}],"about":[{"href":"https:\/\/trukme.lv\/en\/wp-json\/wp\/v2\/types\/product"}],"wp:featuredmedia":[{"embeddable":true,"href":"https:\/\/trukme.lv\/en\/wp-json\/wp\/v2\/media\/257522"}],"wp:attachment":[{"href":"https:\/\/trukme.lv\/en\/wp-json\/wp\/v2\/media?parent=275515"}],"wp:term":[{"taxonomy":"product_brand","embeddable":true,"href":"https:\/\/trukme.lv\/en\/wp-json\/wp\/v2\/product_brand?post=275515"},{"taxonomy":"product_cat","embeddable":true,"href":"https:\/\/trukme.lv\/en\/wp-json\/wp\/v2\/product_cat?post=275515"},{"taxonomy":"product_tag","embeddable":true,"href":"https:\/\/trukme.lv\/en\/wp-json\/wp\/v2\/product_tag?post=275515"}],"curies":[{"name":"wp","href":"https:\/\/api.w.org\/{rel}","templated":true}]}}