{"id":275527,"date":"2025-09-30T22:00:30","date_gmt":"2025-09-30T19:00:30","guid":{"rendered":"https:\/\/trukme.lv\/produkti\/uncategorized\/ekscentrs-15x12-16mm-platnei-2\/"},"modified":"2025-10-02T12:48:52","modified_gmt":"2025-10-02T09:48:52","slug":"ekscentrs-15x12-16mm-platnei-2","status":"publish","type":"product","link":"https:\/\/trukme.lv\/en\/products\/furniture-fittings\/connections-fasteners\/eccentrics-fingers-clamps\/eccentrics\/ekscentrs-15x12-16mm-platnei-2\/","title":{"rendered":"Eccentric 15&#215;12, for 16mm board"},"content":{"rendered":"","protected":false},"excerpt":{"rendered":"","protected":false},"featured_media":257456,"template":"","meta":{"_acf_changed":false},"product_brand":[7011],"product_cat":[6529,6537,6535,6305],"product_tag":[],"class_list":{"0":"post-275527","1":"product","2":"type-product","3":"status-publish","4":"has-post-thumbnail","6":"product_brand-mesan-plastik-en","7":"product_cat-connections-fasteners","8":"product_cat-eccentrics","9":"product_cat-eccentrics-fingers-clamps","10":"product_cat-furniture-fittings","12":"first","13":"instock","14":"product-type-simple"},"acf":[],"yoast_head":"<!-- This site is optimized with the Yoast SEO plugin v26.5 - https:\/\/yoast.com\/wordpress\/plugins\/seo\/ -->\n<title>Eccentric 15x12, for 16mm board - Trukm\u0117<\/title>\n<meta name=\"robots\" content=\"index, follow, max-snippet:-1, max-image-preview:large, max-video-preview:-1\" \/>\n<link rel=\"canonical\" href=\"https:\/\/trukme.lv\/en\/products\/furniture-fittings\/connections-fasteners\/eccentrics-fingers-clamps\/eccentrics\/ekscentrs-15x12-16mm-platnei-2\/\" \/>\n<meta property=\"og:locale\" content=\"en_GB\" \/>\n<meta property=\"og:type\" content=\"article\" \/>\n<meta property=\"og:title\" content=\"Eccentric 15x12, for 16mm board - Trukm\u0117\" \/>\n<meta property=\"og:url\" content=\"https:\/\/trukme.lv\/en\/products\/furniture-fittings\/connections-fasteners\/eccentrics-fingers-clamps\/eccentrics\/ekscentrs-15x12-16mm-platnei-2\/\" \/>\n<meta property=\"og:site_name\" content=\"Trukm\u0117\" \/>\n<meta property=\"article:modified_time\" content=\"2025-10-02T09:48:52+00:00\" \/>\n<meta property=\"og:image\" content=\"https:\/\/i0.wp.com\/trukme.lv\/wp-content\/uploads\/2025\/09\/1503040007.webp?fit=131%2C132&ssl=1\" \/>\n\t<meta property=\"og:image:width\" content=\"131\" \/>\n\t<meta property=\"og:image:height\" content=\"132\" \/>\n\t<meta property=\"og:image:type\" content=\"image\/webp\" \/>\n<meta name=\"twitter:card\" content=\"summary_large_image\" \/>\n<script type=\"application\/ld+json\" class=\"yoast-schema-graph\">{\"@context\":\"https:\/\/schema.org\",\"@graph\":[{\"@type\":\"WebPage\",\"@id\":\"https:\/\/trukme.lv\/en\/products\/furniture-fittings\/connections-fasteners\/eccentrics-fingers-clamps\/eccentrics\/ekscentrs-15x12-16mm-platnei-2\/\",\"url\":\"https:\/\/trukme.lv\/en\/products\/furniture-fittings\/connections-fasteners\/eccentrics-fingers-clamps\/eccentrics\/ekscentrs-15x12-16mm-platnei-2\/\",\"name\":\"Eccentric 15x12, for 16mm board - Trukm\u0117\",\"isPartOf\":{\"@id\":\"https:\/\/trukme.lv\/en\/#website\"},\"primaryImageOfPage\":{\"@id\":\"https:\/\/trukme.lv\/en\/products\/furniture-fittings\/connections-fasteners\/eccentrics-fingers-clamps\/eccentrics\/ekscentrs-15x12-16mm-platnei-2\/#primaryimage\"},\"image\":{\"@id\":\"https:\/\/trukme.lv\/en\/products\/furniture-fittings\/connections-fasteners\/eccentrics-fingers-clamps\/eccentrics\/ekscentrs-15x12-16mm-platnei-2\/#primaryimage\"},\"thumbnailUrl\":\"https:\/\/i0.wp.com\/trukme.lv\/wp-content\/uploads\/2025\/09\/1503040007.webp?fit=131%2C132&ssl=1\",\"datePublished\":\"2025-09-30T19:00:30+00:00\",\"dateModified\":\"2025-10-02T09:48:52+00:00\",\"breadcrumb\":{\"@id\":\"https:\/\/trukme.lv\/en\/products\/furniture-fittings\/connections-fasteners\/eccentrics-fingers-clamps\/eccentrics\/ekscentrs-15x12-16mm-platnei-2\/#breadcrumb\"},\"inLanguage\":\"en-GB\",\"potentialAction\":[{\"@type\":\"ReadAction\",\"target\":[\"https:\/\/trukme.lv\/en\/products\/furniture-fittings\/connections-fasteners\/eccentrics-fingers-clamps\/eccentrics\/ekscentrs-15x12-16mm-platnei-2\/\"]}]},{\"@type\":\"ImageObject\",\"inLanguage\":\"en-GB\",\"@id\":\"https:\/\/trukme.lv\/en\/products\/furniture-fittings\/connections-fasteners\/eccentrics-fingers-clamps\/eccentrics\/ekscentrs-15x12-16mm-platnei-2\/#primaryimage\",\"url\":\"https:\/\/i0.wp.com\/trukme.lv\/wp-content\/uploads\/2025\/09\/1503040007.webp?fit=131%2C132&ssl=1\",\"contentUrl\":\"https:\/\/i0.wp.com\/trukme.lv\/wp-content\/uploads\/2025\/09\/1503040007.webp?fit=131%2C132&ssl=1\",\"width\":131,\"height\":132},{\"@type\":\"BreadcrumbList\",\"@id\":\"https:\/\/trukme.lv\/en\/products\/furniture-fittings\/connections-fasteners\/eccentrics-fingers-clamps\/eccentrics\/ekscentrs-15x12-16mm-platnei-2\/#breadcrumb\",\"itemListElement\":[{\"@type\":\"ListItem\",\"position\":1,\"name\":\"Home\",\"item\":\"https:\/\/trukme.lv\/en\/home\/\"},{\"@type\":\"ListItem\",\"position\":2,\"name\":\"Products\",\"item\":\"https:\/\/trukme.lv\/en\/products\/\"},{\"@type\":\"ListItem\",\"position\":3,\"name\":\"Eccentric 15&#215;12, for 16mm board\"}]},{\"@type\":\"WebSite\",\"@id\":\"https:\/\/trukme.lv\/en\/#website\",\"url\":\"https:\/\/trukme.lv\/en\/\",\"name\":\"Trukm\u0117\",\"description\":\"M\u0113be\u013cu pane\u013ci, galda virsmas, m\u0113be\u013cu furnit\u016bra. Virtuves m\u0113be\u013cu, skapju, vannas istabas m\u0113be\u013cu u.c. sortiments. Paz\u012bstami un uzticami ra\u017eot\u0101ji.\",\"potentialAction\":[{\"@type\":\"SearchAction\",\"target\":{\"@type\":\"EntryPoint\",\"urlTemplate\":\"https:\/\/trukme.lv\/en\/?s={search_term_string}\"},\"query-input\":{\"@type\":\"PropertyValueSpecification\",\"valueRequired\":true,\"valueName\":\"search_term_string\"}}],\"inLanguage\":\"en-GB\"}]}<\/script>\n<!-- \/ Yoast SEO plugin. -->","yoast_head_json":{"title":"Eccentric 15x12, for 16mm board - Trukm\u0117","robots":{"index":"index","follow":"follow","max-snippet":"max-snippet:-1","max-image-preview":"max-image-preview:large","max-video-preview":"max-video-preview:-1"},"canonical":"https:\/\/trukme.lv\/en\/products\/furniture-fittings\/connections-fasteners\/eccentrics-fingers-clamps\/eccentrics\/ekscentrs-15x12-16mm-platnei-2\/","og_locale":"en_GB","og_type":"article","og_title":"Eccentric 15x12, for 16mm board - Trukm\u0117","og_url":"https:\/\/trukme.lv\/en\/products\/furniture-fittings\/connections-fasteners\/eccentrics-fingers-clamps\/eccentrics\/ekscentrs-15x12-16mm-platnei-2\/","og_site_name":"Trukm\u0117","article_modified_time":"2025-10-02T09:48:52+00:00","og_image":[{"width":131,"height":132,"url":"https:\/\/i0.wp.com\/trukme.lv\/wp-content\/uploads\/2025\/09\/1503040007.webp?fit=131%2C132&ssl=1","type":"image\/webp"}],"twitter_card":"summary_large_image","schema":{"@context":"https:\/\/schema.org","@graph":[{"@type":"WebPage","@id":"https:\/\/trukme.lv\/en\/products\/furniture-fittings\/connections-fasteners\/eccentrics-fingers-clamps\/eccentrics\/ekscentrs-15x12-16mm-platnei-2\/","url":"https:\/\/trukme.lv\/en\/products\/furniture-fittings\/connections-fasteners\/eccentrics-fingers-clamps\/eccentrics\/ekscentrs-15x12-16mm-platnei-2\/","name":"Eccentric 15x12, for 16mm board - Trukm\u0117","isPartOf":{"@id":"https:\/\/trukme.lv\/en\/#website"},"primaryImageOfPage":{"@id":"https:\/\/trukme.lv\/en\/products\/furniture-fittings\/connections-fasteners\/eccentrics-fingers-clamps\/eccentrics\/ekscentrs-15x12-16mm-platnei-2\/#primaryimage"},"image":{"@id":"https:\/\/trukme.lv\/en\/products\/furniture-fittings\/connections-fasteners\/eccentrics-fingers-clamps\/eccentrics\/ekscentrs-15x12-16mm-platnei-2\/#primaryimage"},"thumbnailUrl":"https:\/\/i0.wp.com\/trukme.lv\/wp-content\/uploads\/2025\/09\/1503040007.webp?fit=131%2C132&ssl=1","datePublished":"2025-09-30T19:00:30+00:00","dateModified":"2025-10-02T09:48:52+00:00","breadcrumb":{"@id":"https:\/\/trukme.lv\/en\/products\/furniture-fittings\/connections-fasteners\/eccentrics-fingers-clamps\/eccentrics\/ekscentrs-15x12-16mm-platnei-2\/#breadcrumb"},"inLanguage":"en-GB","potentialAction":[{"@type":"ReadAction","target":["https:\/\/trukme.lv\/en\/products\/furniture-fittings\/connections-fasteners\/eccentrics-fingers-clamps\/eccentrics\/ekscentrs-15x12-16mm-platnei-2\/"]}]},{"@type":"ImageObject","inLanguage":"en-GB","@id":"https:\/\/trukme.lv\/en\/products\/furniture-fittings\/connections-fasteners\/eccentrics-fingers-clamps\/eccentrics\/ekscentrs-15x12-16mm-platnei-2\/#primaryimage","url":"https:\/\/i0.wp.com\/trukme.lv\/wp-content\/uploads\/2025\/09\/1503040007.webp?fit=131%2C132&ssl=1","contentUrl":"https:\/\/i0.wp.com\/trukme.lv\/wp-content\/uploads\/2025\/09\/1503040007.webp?fit=131%2C132&ssl=1","width":131,"height":132},{"@type":"BreadcrumbList","@id":"https:\/\/trukme.lv\/en\/products\/furniture-fittings\/connections-fasteners\/eccentrics-fingers-clamps\/eccentrics\/ekscentrs-15x12-16mm-platnei-2\/#breadcrumb","itemListElement":[{"@type":"ListItem","position":1,"name":"Home","item":"https:\/\/trukme.lv\/en\/home\/"},{"@type":"ListItem","position":2,"name":"Products","item":"https:\/\/trukme.lv\/en\/products\/"},{"@type":"ListItem","position":3,"name":"Eccentric 15&#215;12, for 16mm board"}]},{"@type":"WebSite","@id":"https:\/\/trukme.lv\/en\/#website","url":"https:\/\/trukme.lv\/en\/","name":"Trukm\u0117","description":"M\u0113be\u013cu pane\u013ci, galda virsmas, m\u0113be\u013cu furnit\u016bra. Virtuves m\u0113be\u013cu, skapju, vannas istabas m\u0113be\u013cu u.c. sortiments. Paz\u012bstami un uzticami ra\u017eot\u0101ji.","potentialAction":[{"@type":"SearchAction","target":{"@type":"EntryPoint","urlTemplate":"https:\/\/trukme.lv\/en\/?s={search_term_string}"},"query-input":{"@type":"PropertyValueSpecification","valueRequired":true,"valueName":"search_term_string"}}],"inLanguage":"en-GB"}]}},"jetpack_sharing_enabled":true,"_links":{"self":[{"href":"https:\/\/trukme.lv\/en\/wp-json\/wp\/v2\/product\/275527","targetHints":{"allow":["GET"]}}],"collection":[{"href":"https:\/\/trukme.lv\/en\/wp-json\/wp\/v2\/product"}],"about":[{"href":"https:\/\/trukme.lv\/en\/wp-json\/wp\/v2\/types\/product"}],"wp:featuredmedia":[{"embeddable":true,"href":"https:\/\/trukme.lv\/en\/wp-json\/wp\/v2\/media\/257456"}],"wp:attachment":[{"href":"https:\/\/trukme.lv\/en\/wp-json\/wp\/v2\/media?parent=275527"}],"wp:term":[{"taxonomy":"product_brand","embeddable":true,"href":"https:\/\/trukme.lv\/en\/wp-json\/wp\/v2\/product_brand?post=275527"},{"taxonomy":"product_cat","embeddable":true,"href":"https:\/\/trukme.lv\/en\/wp-json\/wp\/v2\/product_cat?post=275527"},{"taxonomy":"product_tag","embeddable":true,"href":"https:\/\/trukme.lv\/en\/wp-json\/wp\/v2\/product_tag?post=275527"}],"curies":[{"name":"wp","href":"https:\/\/api.w.org\/{rel}","templated":true}]}}