{"id":275625,"date":"2025-09-30T21:16:29","date_gmt":"2025-09-30T18:16:29","guid":{"rendered":"https:\/\/trukme.lv\/produkti\/uncategorized\/cieta-vasks-176-klava\/"},"modified":"2025-10-02T12:49:34","modified_gmt":"2025-10-02T09:49:34","slug":"cieta-vasks-176-klava","status":"publish","type":"product","link":"https:\/\/trukme.lv\/en\/products\/furniture-fittings\/small-fittings\/wax\/hard\/cieta-vasks-176-klava\/","title":{"rendered":"Hard wax (176) Maple"},"content":{"rendered":"<p>Hard wax is suitable for repairing damage both on flat surfaces and edges. Suitable for commonly used surfaces. Processing time approximately 3\u20135 minutes. Colors can be mixed. Recommended for indoor use.<\/p>\n","protected":false},"excerpt":{"rendered":"<p>Hard wax is suitable for repairing damage both on flat surfaces and edges. Suitable for commonly used surfaces. Processing time approximately 3\u20135 minutes. Colors can be mixed. Recommended for indoor use.<\/p>\n","protected":false},"featured_media":253235,"template":"","meta":{"_acf_changed":false},"product_brand":[6949],"product_cat":[6305,6461,6451,6459],"product_tag":[],"class_list":{"0":"post-275625","1":"product","2":"type-product","3":"status-publish","4":"has-post-thumbnail","6":"product_brand-heinrich-konig-co-kg-en","7":"product_cat-furniture-fittings","8":"product_cat-hard","9":"product_cat-small-fittings","10":"product_cat-wax","12":"first","13":"instock","14":"product-type-simple"},"acf":[],"yoast_head":"<!-- This site is optimized with the Yoast SEO plugin v26.5 - https:\/\/yoast.com\/wordpress\/plugins\/seo\/ -->\n<title>Hard wax (176) Maple - Trukm\u0117<\/title>\n<meta name=\"robots\" content=\"index, follow, max-snippet:-1, max-image-preview:large, max-video-preview:-1\" \/>\n<link rel=\"canonical\" href=\"https:\/\/trukme.lv\/en\/products\/furniture-fittings\/small-fittings\/wax\/hard\/cieta-vasks-176-klava\/\" \/>\n<meta property=\"og:locale\" content=\"en_GB\" \/>\n<meta property=\"og:type\" content=\"article\" \/>\n<meta property=\"og:title\" content=\"Hard wax (176) Maple - Trukm\u0117\" \/>\n<meta property=\"og:description\" content=\"Hard wax is suitable for repairing damage both on flat surfaces and edges. Suitable for commonly used surfaces. Processing time approximately 3\u20135 minutes. Colors can be mixed. Recommended for indoor use.\" \/>\n<meta property=\"og:url\" content=\"https:\/\/trukme.lv\/en\/products\/furniture-fittings\/small-fittings\/wax\/hard\/cieta-vasks-176-klava\/\" \/>\n<meta property=\"og:site_name\" content=\"Trukm\u0117\" \/>\n<meta property=\"article:modified_time\" content=\"2025-10-02T09:49:34+00:00\" \/>\n<meta property=\"og:image\" content=\"https:\/\/i0.wp.com\/trukme.lv\/wp-content\/uploads\/2025\/09\/11104371.webp?fit=530%2C565&ssl=1\" \/>\n\t<meta property=\"og:image:width\" content=\"530\" \/>\n\t<meta property=\"og:image:height\" content=\"565\" \/>\n\t<meta property=\"og:image:type\" content=\"image\/webp\" \/>\n<meta name=\"twitter:card\" content=\"summary_large_image\" \/>\n<script type=\"application\/ld+json\" class=\"yoast-schema-graph\">{\"@context\":\"https:\/\/schema.org\",\"@graph\":[{\"@type\":\"WebPage\",\"@id\":\"https:\/\/trukme.lv\/en\/products\/furniture-fittings\/small-fittings\/wax\/hard\/cieta-vasks-176-klava\/\",\"url\":\"https:\/\/trukme.lv\/en\/products\/furniture-fittings\/small-fittings\/wax\/hard\/cieta-vasks-176-klava\/\",\"name\":\"Hard wax (176) Maple - Trukm\u0117\",\"isPartOf\":{\"@id\":\"https:\/\/trukme.lv\/en\/#website\"},\"primaryImageOfPage\":{\"@id\":\"https:\/\/trukme.lv\/en\/products\/furniture-fittings\/small-fittings\/wax\/hard\/cieta-vasks-176-klava\/#primaryimage\"},\"image\":{\"@id\":\"https:\/\/trukme.lv\/en\/products\/furniture-fittings\/small-fittings\/wax\/hard\/cieta-vasks-176-klava\/#primaryimage\"},\"thumbnailUrl\":\"https:\/\/i0.wp.com\/trukme.lv\/wp-content\/uploads\/2025\/09\/11104371.webp?fit=530%2C565&ssl=1\",\"datePublished\":\"2025-09-30T18:16:29+00:00\",\"dateModified\":\"2025-10-02T09:49:34+00:00\",\"breadcrumb\":{\"@id\":\"https:\/\/trukme.lv\/en\/products\/furniture-fittings\/small-fittings\/wax\/hard\/cieta-vasks-176-klava\/#breadcrumb\"},\"inLanguage\":\"en-GB\",\"potentialAction\":[{\"@type\":\"ReadAction\",\"target\":[\"https:\/\/trukme.lv\/en\/products\/furniture-fittings\/small-fittings\/wax\/hard\/cieta-vasks-176-klava\/\"]}]},{\"@type\":\"ImageObject\",\"inLanguage\":\"en-GB\",\"@id\":\"https:\/\/trukme.lv\/en\/products\/furniture-fittings\/small-fittings\/wax\/hard\/cieta-vasks-176-klava\/#primaryimage\",\"url\":\"https:\/\/i0.wp.com\/trukme.lv\/wp-content\/uploads\/2025\/09\/11104371.webp?fit=530%2C565&ssl=1\",\"contentUrl\":\"https:\/\/i0.wp.com\/trukme.lv\/wp-content\/uploads\/2025\/09\/11104371.webp?fit=530%2C565&ssl=1\",\"width\":530,\"height\":565},{\"@type\":\"BreadcrumbList\",\"@id\":\"https:\/\/trukme.lv\/en\/products\/furniture-fittings\/small-fittings\/wax\/hard\/cieta-vasks-176-klava\/#breadcrumb\",\"itemListElement\":[{\"@type\":\"ListItem\",\"position\":1,\"name\":\"Home\",\"item\":\"https:\/\/trukme.lv\/en\/home\/\"},{\"@type\":\"ListItem\",\"position\":2,\"name\":\"Products\",\"item\":\"https:\/\/trukme.lv\/en\/products\/\"},{\"@type\":\"ListItem\",\"position\":3,\"name\":\"Hard wax (176) Maple\"}]},{\"@type\":\"WebSite\",\"@id\":\"https:\/\/trukme.lv\/en\/#website\",\"url\":\"https:\/\/trukme.lv\/en\/\",\"name\":\"Trukm\u0117\",\"description\":\"M\u0113be\u013cu pane\u013ci, galda virsmas, m\u0113be\u013cu furnit\u016bra. Virtuves m\u0113be\u013cu, skapju, vannas istabas m\u0113be\u013cu u.c. sortiments. Paz\u012bstami un uzticami ra\u017eot\u0101ji.\",\"potentialAction\":[{\"@type\":\"SearchAction\",\"target\":{\"@type\":\"EntryPoint\",\"urlTemplate\":\"https:\/\/trukme.lv\/en\/?s={search_term_string}\"},\"query-input\":{\"@type\":\"PropertyValueSpecification\",\"valueRequired\":true,\"valueName\":\"search_term_string\"}}],\"inLanguage\":\"en-GB\"}]}<\/script>\n<!-- \/ Yoast SEO plugin. -->","yoast_head_json":{"title":"Hard wax (176) Maple - Trukm\u0117","robots":{"index":"index","follow":"follow","max-snippet":"max-snippet:-1","max-image-preview":"max-image-preview:large","max-video-preview":"max-video-preview:-1"},"canonical":"https:\/\/trukme.lv\/en\/products\/furniture-fittings\/small-fittings\/wax\/hard\/cieta-vasks-176-klava\/","og_locale":"en_GB","og_type":"article","og_title":"Hard wax (176) Maple - Trukm\u0117","og_description":"Hard wax is suitable for repairing damage both on flat surfaces and edges. Suitable for commonly used surfaces. Processing time approximately 3\u20135 minutes. Colors can be mixed. Recommended for indoor use.","og_url":"https:\/\/trukme.lv\/en\/products\/furniture-fittings\/small-fittings\/wax\/hard\/cieta-vasks-176-klava\/","og_site_name":"Trukm\u0117","article_modified_time":"2025-10-02T09:49:34+00:00","og_image":[{"width":530,"height":565,"url":"https:\/\/i0.wp.com\/trukme.lv\/wp-content\/uploads\/2025\/09\/11104371.webp?fit=530%2C565&ssl=1","type":"image\/webp"}],"twitter_card":"summary_large_image","schema":{"@context":"https:\/\/schema.org","@graph":[{"@type":"WebPage","@id":"https:\/\/trukme.lv\/en\/products\/furniture-fittings\/small-fittings\/wax\/hard\/cieta-vasks-176-klava\/","url":"https:\/\/trukme.lv\/en\/products\/furniture-fittings\/small-fittings\/wax\/hard\/cieta-vasks-176-klava\/","name":"Hard wax (176) Maple - Trukm\u0117","isPartOf":{"@id":"https:\/\/trukme.lv\/en\/#website"},"primaryImageOfPage":{"@id":"https:\/\/trukme.lv\/en\/products\/furniture-fittings\/small-fittings\/wax\/hard\/cieta-vasks-176-klava\/#primaryimage"},"image":{"@id":"https:\/\/trukme.lv\/en\/products\/furniture-fittings\/small-fittings\/wax\/hard\/cieta-vasks-176-klava\/#primaryimage"},"thumbnailUrl":"https:\/\/i0.wp.com\/trukme.lv\/wp-content\/uploads\/2025\/09\/11104371.webp?fit=530%2C565&ssl=1","datePublished":"2025-09-30T18:16:29+00:00","dateModified":"2025-10-02T09:49:34+00:00","breadcrumb":{"@id":"https:\/\/trukme.lv\/en\/products\/furniture-fittings\/small-fittings\/wax\/hard\/cieta-vasks-176-klava\/#breadcrumb"},"inLanguage":"en-GB","potentialAction":[{"@type":"ReadAction","target":["https:\/\/trukme.lv\/en\/products\/furniture-fittings\/small-fittings\/wax\/hard\/cieta-vasks-176-klava\/"]}]},{"@type":"ImageObject","inLanguage":"en-GB","@id":"https:\/\/trukme.lv\/en\/products\/furniture-fittings\/small-fittings\/wax\/hard\/cieta-vasks-176-klava\/#primaryimage","url":"https:\/\/i0.wp.com\/trukme.lv\/wp-content\/uploads\/2025\/09\/11104371.webp?fit=530%2C565&ssl=1","contentUrl":"https:\/\/i0.wp.com\/trukme.lv\/wp-content\/uploads\/2025\/09\/11104371.webp?fit=530%2C565&ssl=1","width":530,"height":565},{"@type":"BreadcrumbList","@id":"https:\/\/trukme.lv\/en\/products\/furniture-fittings\/small-fittings\/wax\/hard\/cieta-vasks-176-klava\/#breadcrumb","itemListElement":[{"@type":"ListItem","position":1,"name":"Home","item":"https:\/\/trukme.lv\/en\/home\/"},{"@type":"ListItem","position":2,"name":"Products","item":"https:\/\/trukme.lv\/en\/products\/"},{"@type":"ListItem","position":3,"name":"Hard wax (176) Maple"}]},{"@type":"WebSite","@id":"https:\/\/trukme.lv\/en\/#website","url":"https:\/\/trukme.lv\/en\/","name":"Trukm\u0117","description":"M\u0113be\u013cu pane\u013ci, galda virsmas, m\u0113be\u013cu furnit\u016bra. Virtuves m\u0113be\u013cu, skapju, vannas istabas m\u0113be\u013cu u.c. sortiments. Paz\u012bstami un uzticami ra\u017eot\u0101ji.","potentialAction":[{"@type":"SearchAction","target":{"@type":"EntryPoint","urlTemplate":"https:\/\/trukme.lv\/en\/?s={search_term_string}"},"query-input":{"@type":"PropertyValueSpecification","valueRequired":true,"valueName":"search_term_string"}}],"inLanguage":"en-GB"}]}},"jetpack_sharing_enabled":true,"_links":{"self":[{"href":"https:\/\/trukme.lv\/en\/wp-json\/wp\/v2\/product\/275625","targetHints":{"allow":["GET"]}}],"collection":[{"href":"https:\/\/trukme.lv\/en\/wp-json\/wp\/v2\/product"}],"about":[{"href":"https:\/\/trukme.lv\/en\/wp-json\/wp\/v2\/types\/product"}],"wp:featuredmedia":[{"embeddable":true,"href":"https:\/\/trukme.lv\/en\/wp-json\/wp\/v2\/media\/253235"}],"wp:attachment":[{"href":"https:\/\/trukme.lv\/en\/wp-json\/wp\/v2\/media?parent=275625"}],"wp:term":[{"taxonomy":"product_brand","embeddable":true,"href":"https:\/\/trukme.lv\/en\/wp-json\/wp\/v2\/product_brand?post=275625"},{"taxonomy":"product_cat","embeddable":true,"href":"https:\/\/trukme.lv\/en\/wp-json\/wp\/v2\/product_cat?post=275625"},{"taxonomy":"product_tag","embeddable":true,"href":"https:\/\/trukme.lv\/en\/wp-json\/wp\/v2\/product_tag?post=275625"}],"curies":[{"name":"wp","href":"https:\/\/api.w.org\/{rel}","templated":true}]}}