{"id":276621,"date":"2025-10-09T18:52:30","date_gmt":"2025-10-09T15:52:30","guid":{"rendered":"https:\/\/trukme.lv\/produkti\/uncategorized\/galda-virsma-600mm-1200mm-6014ar-brown-marble-divpusejs\/"},"modified":"2025-10-10T08:38:58","modified_gmt":"2025-10-10T05:38:58","slug":"galda-virsma-600mm-1200mm-6014ar-brown-marble-divpusejs","status":"publish","type":"product","link":"https:\/\/trukme.lv\/en\/products\/countertops\/laminated-countertops\/galda-virsma-600mm-1200mm-6014ar-brown-marble-divpusejs\/","title":{"rendered":"Countertop (600mm, 1200mm) 6014AR, Brown Marble two-sided"},"content":{"rendered":"<p>Laminated thin table tops are made of high-quality particle board (MDP), on the upper part of which an HPL sheet is pressed under high pressure, and on the other side \u2013 a compensating HPL sheet or kraft paper (1200 mm wide table tops have decor on both sides, so they are perfect for islands). Although the table top is thin and elegant, it retains the properties of standard table tops: resistance to wear, heat, moisture and impacts. In addition, it is easy to maintain.<\/p>\n","protected":false},"excerpt":{"rendered":"<p>Laminated thin table tops are made of high-quality particle board (MDP), on the upper part of which an HPL sheet is pressed under high pressure, and on the other side \u2013 a compensating HPL sheet or kraft paper (1200 mm wide table tops have decor on both sides, so they are perfect for islands). Although&#8230;<\/p>\n","protected":false},"featured_media":276587,"template":"","meta":{"_acf_changed":false},"product_brand":[6970],"product_cat":[6261,6264],"product_tag":[],"class_list":{"0":"post-276621","1":"product","2":"type-product","3":"status-publish","4":"has-post-thumbnail","6":"product_brand-fab-en","7":"product_cat-countertops","8":"product_cat-laminated-countertops","10":"first","11":"instock","12":"product-type-variable"},"acf":[],"yoast_head":"<!-- This site is optimized with the Yoast SEO plugin v26.5 - https:\/\/yoast.com\/wordpress\/plugins\/seo\/ -->\n<title>Countertop (600mm, 1200mm) 6014AR, Brown Marble two-sided - Trukm\u0117<\/title>\n<meta name=\"robots\" content=\"index, follow, max-snippet:-1, max-image-preview:large, max-video-preview:-1\" \/>\n<link rel=\"canonical\" href=\"https:\/\/trukme.lv\/en\/products\/countertops\/laminated-countertops\/galda-virsma-600mm-1200mm-6014ar-brown-marble-divpusejs\/\" \/>\n<meta property=\"og:locale\" content=\"en_GB\" \/>\n<meta property=\"og:type\" content=\"article\" \/>\n<meta property=\"og:title\" content=\"Countertop (600mm, 1200mm) 6014AR, Brown Marble two-sided - Trukm\u0117\" \/>\n<meta property=\"og:description\" content=\"Laminated thin table tops are made of high-quality particle board (MDP), on the upper part of which an HPL sheet is pressed under high pressure, and on the other side \u2013 a compensating HPL sheet or kraft paper (1200 mm wide table tops have decor on both sides, so they are perfect for islands). Although...\" \/>\n<meta property=\"og:url\" content=\"https:\/\/trukme.lv\/en\/products\/countertops\/laminated-countertops\/galda-virsma-600mm-1200mm-6014ar-brown-marble-divpusejs\/\" \/>\n<meta property=\"og:site_name\" content=\"Trukm\u0117\" \/>\n<meta property=\"article:modified_time\" content=\"2025-10-10T05:38:58+00:00\" \/>\n<meta name=\"twitter:card\" content=\"summary_large_image\" \/>\n<meta name=\"twitter:image\" content=\"https:\/\/i0.wp.com\/trukme.lv\/wp-content\/uploads\/2025\/10\/S1206014AR101S.webp?fit=%2C&ssl=1\" \/>\n<script type=\"application\/ld+json\" class=\"yoast-schema-graph\">{\"@context\":\"https:\/\/schema.org\",\"@graph\":[{\"@type\":\"WebPage\",\"@id\":\"https:\/\/trukme.lv\/en\/products\/countertops\/laminated-countertops\/galda-virsma-600mm-1200mm-6014ar-brown-marble-divpusejs\/\",\"url\":\"https:\/\/trukme.lv\/en\/products\/countertops\/laminated-countertops\/galda-virsma-600mm-1200mm-6014ar-brown-marble-divpusejs\/\",\"name\":\"Countertop (600mm, 1200mm) 6014AR, Brown Marble two-sided - Trukm\u0117\",\"isPartOf\":{\"@id\":\"https:\/\/trukme.lv\/en\/#website\"},\"primaryImageOfPage\":{\"@id\":\"https:\/\/trukme.lv\/en\/products\/countertops\/laminated-countertops\/galda-virsma-600mm-1200mm-6014ar-brown-marble-divpusejs\/#primaryimage\"},\"image\":{\"@id\":\"https:\/\/trukme.lv\/en\/products\/countertops\/laminated-countertops\/galda-virsma-600mm-1200mm-6014ar-brown-marble-divpusejs\/#primaryimage\"},\"thumbnailUrl\":\"https:\/\/i0.wp.com\/trukme.lv\/wp-content\/uploads\/2025\/10\/S1206014AR101S.webp?fit=%2C&ssl=1\",\"datePublished\":\"2025-10-09T15:52:30+00:00\",\"dateModified\":\"2025-10-10T05:38:58+00:00\",\"breadcrumb\":{\"@id\":\"https:\/\/trukme.lv\/en\/products\/countertops\/laminated-countertops\/galda-virsma-600mm-1200mm-6014ar-brown-marble-divpusejs\/#breadcrumb\"},\"inLanguage\":\"en-GB\",\"potentialAction\":[{\"@type\":\"ReadAction\",\"target\":[\"https:\/\/trukme.lv\/en\/products\/countertops\/laminated-countertops\/galda-virsma-600mm-1200mm-6014ar-brown-marble-divpusejs\/\"]}]},{\"@type\":\"ImageObject\",\"inLanguage\":\"en-GB\",\"@id\":\"https:\/\/trukme.lv\/en\/products\/countertops\/laminated-countertops\/galda-virsma-600mm-1200mm-6014ar-brown-marble-divpusejs\/#primaryimage\",\"url\":\"https:\/\/i0.wp.com\/trukme.lv\/wp-content\/uploads\/2025\/10\/S1206014AR101S.webp?fit=%2C&ssl=1\",\"contentUrl\":\"https:\/\/i0.wp.com\/trukme.lv\/wp-content\/uploads\/2025\/10\/S1206014AR101S.webp?fit=%2C&ssl=1\"},{\"@type\":\"BreadcrumbList\",\"@id\":\"https:\/\/trukme.lv\/en\/products\/countertops\/laminated-countertops\/galda-virsma-600mm-1200mm-6014ar-brown-marble-divpusejs\/#breadcrumb\",\"itemListElement\":[{\"@type\":\"ListItem\",\"position\":1,\"name\":\"Home\",\"item\":\"https:\/\/trukme.lv\/en\/home\/\"},{\"@type\":\"ListItem\",\"position\":2,\"name\":\"Products\",\"item\":\"https:\/\/trukme.lv\/en\/products\/\"},{\"@type\":\"ListItem\",\"position\":3,\"name\":\"Countertop (600mm, 1200mm) 6014AR, Brown Marble two-sided\"}]},{\"@type\":\"WebSite\",\"@id\":\"https:\/\/trukme.lv\/en\/#website\",\"url\":\"https:\/\/trukme.lv\/en\/\",\"name\":\"Trukm\u0117\",\"description\":\"M\u0113be\u013cu pane\u013ci, galda virsmas, m\u0113be\u013cu furnit\u016bra. Virtuves m\u0113be\u013cu, skapju, vannas istabas m\u0113be\u013cu u.c. sortiments. Paz\u012bstami un uzticami ra\u017eot\u0101ji.\",\"potentialAction\":[{\"@type\":\"SearchAction\",\"target\":{\"@type\":\"EntryPoint\",\"urlTemplate\":\"https:\/\/trukme.lv\/en\/?s={search_term_string}\"},\"query-input\":{\"@type\":\"PropertyValueSpecification\",\"valueRequired\":true,\"valueName\":\"search_term_string\"}}],\"inLanguage\":\"en-GB\"}]}<\/script>\n<!-- \/ Yoast SEO plugin. -->","yoast_head_json":{"title":"Countertop (600mm, 1200mm) 6014AR, Brown Marble two-sided - Trukm\u0117","robots":{"index":"index","follow":"follow","max-snippet":"max-snippet:-1","max-image-preview":"max-image-preview:large","max-video-preview":"max-video-preview:-1"},"canonical":"https:\/\/trukme.lv\/en\/products\/countertops\/laminated-countertops\/galda-virsma-600mm-1200mm-6014ar-brown-marble-divpusejs\/","og_locale":"en_GB","og_type":"article","og_title":"Countertop (600mm, 1200mm) 6014AR, Brown Marble two-sided - Trukm\u0117","og_description":"Laminated thin table tops are made of high-quality particle board (MDP), on the upper part of which an HPL sheet is pressed under high pressure, and on the other side \u2013 a compensating HPL sheet or kraft paper (1200 mm wide table tops have decor on both sides, so they are perfect for islands). Although...","og_url":"https:\/\/trukme.lv\/en\/products\/countertops\/laminated-countertops\/galda-virsma-600mm-1200mm-6014ar-brown-marble-divpusejs\/","og_site_name":"Trukm\u0117","article_modified_time":"2025-10-10T05:38:58+00:00","twitter_card":"summary_large_image","twitter_image":"https:\/\/i0.wp.com\/trukme.lv\/wp-content\/uploads\/2025\/10\/S1206014AR101S.webp?fit=%2C&ssl=1","schema":{"@context":"https:\/\/schema.org","@graph":[{"@type":"WebPage","@id":"https:\/\/trukme.lv\/en\/products\/countertops\/laminated-countertops\/galda-virsma-600mm-1200mm-6014ar-brown-marble-divpusejs\/","url":"https:\/\/trukme.lv\/en\/products\/countertops\/laminated-countertops\/galda-virsma-600mm-1200mm-6014ar-brown-marble-divpusejs\/","name":"Countertop (600mm, 1200mm) 6014AR, Brown Marble two-sided - Trukm\u0117","isPartOf":{"@id":"https:\/\/trukme.lv\/en\/#website"},"primaryImageOfPage":{"@id":"https:\/\/trukme.lv\/en\/products\/countertops\/laminated-countertops\/galda-virsma-600mm-1200mm-6014ar-brown-marble-divpusejs\/#primaryimage"},"image":{"@id":"https:\/\/trukme.lv\/en\/products\/countertops\/laminated-countertops\/galda-virsma-600mm-1200mm-6014ar-brown-marble-divpusejs\/#primaryimage"},"thumbnailUrl":"https:\/\/i0.wp.com\/trukme.lv\/wp-content\/uploads\/2025\/10\/S1206014AR101S.webp?fit=%2C&ssl=1","datePublished":"2025-10-09T15:52:30+00:00","dateModified":"2025-10-10T05:38:58+00:00","breadcrumb":{"@id":"https:\/\/trukme.lv\/en\/products\/countertops\/laminated-countertops\/galda-virsma-600mm-1200mm-6014ar-brown-marble-divpusejs\/#breadcrumb"},"inLanguage":"en-GB","potentialAction":[{"@type":"ReadAction","target":["https:\/\/trukme.lv\/en\/products\/countertops\/laminated-countertops\/galda-virsma-600mm-1200mm-6014ar-brown-marble-divpusejs\/"]}]},{"@type":"ImageObject","inLanguage":"en-GB","@id":"https:\/\/trukme.lv\/en\/products\/countertops\/laminated-countertops\/galda-virsma-600mm-1200mm-6014ar-brown-marble-divpusejs\/#primaryimage","url":"https:\/\/i0.wp.com\/trukme.lv\/wp-content\/uploads\/2025\/10\/S1206014AR101S.webp?fit=%2C&ssl=1","contentUrl":"https:\/\/i0.wp.com\/trukme.lv\/wp-content\/uploads\/2025\/10\/S1206014AR101S.webp?fit=%2C&ssl=1"},{"@type":"BreadcrumbList","@id":"https:\/\/trukme.lv\/en\/products\/countertops\/laminated-countertops\/galda-virsma-600mm-1200mm-6014ar-brown-marble-divpusejs\/#breadcrumb","itemListElement":[{"@type":"ListItem","position":1,"name":"Home","item":"https:\/\/trukme.lv\/en\/home\/"},{"@type":"ListItem","position":2,"name":"Products","item":"https:\/\/trukme.lv\/en\/products\/"},{"@type":"ListItem","position":3,"name":"Countertop (600mm, 1200mm) 6014AR, Brown Marble two-sided"}]},{"@type":"WebSite","@id":"https:\/\/trukme.lv\/en\/#website","url":"https:\/\/trukme.lv\/en\/","name":"Trukm\u0117","description":"M\u0113be\u013cu pane\u013ci, galda virsmas, m\u0113be\u013cu furnit\u016bra. Virtuves m\u0113be\u013cu, skapju, vannas istabas m\u0113be\u013cu u.c. sortiments. Paz\u012bstami un uzticami ra\u017eot\u0101ji.","potentialAction":[{"@type":"SearchAction","target":{"@type":"EntryPoint","urlTemplate":"https:\/\/trukme.lv\/en\/?s={search_term_string}"},"query-input":{"@type":"PropertyValueSpecification","valueRequired":true,"valueName":"search_term_string"}}],"inLanguage":"en-GB"}]}},"jetpack_sharing_enabled":true,"_links":{"self":[{"href":"https:\/\/trukme.lv\/en\/wp-json\/wp\/v2\/product\/276621","targetHints":{"allow":["GET"]}}],"collection":[{"href":"https:\/\/trukme.lv\/en\/wp-json\/wp\/v2\/product"}],"about":[{"href":"https:\/\/trukme.lv\/en\/wp-json\/wp\/v2\/types\/product"}],"wp:featuredmedia":[{"embeddable":true,"href":"https:\/\/trukme.lv\/en\/wp-json\/wp\/v2\/media\/276587"}],"wp:attachment":[{"href":"https:\/\/trukme.lv\/en\/wp-json\/wp\/v2\/media?parent=276621"}],"wp:term":[{"taxonomy":"product_brand","embeddable":true,"href":"https:\/\/trukme.lv\/en\/wp-json\/wp\/v2\/product_brand?post=276621"},{"taxonomy":"product_cat","embeddable":true,"href":"https:\/\/trukme.lv\/en\/wp-json\/wp\/v2\/product_cat?post=276621"},{"taxonomy":"product_tag","embeddable":true,"href":"https:\/\/trukme.lv\/en\/wp-json\/wp\/v2\/product_tag?post=276621"}],"curies":[{"name":"wp","href":"https:\/\/api.w.org\/{rel}","templated":true}]}}