{"id":276636,"date":"2025-10-09T18:51:38","date_gmt":"2025-10-09T15:51:38","guid":{"rendered":"https:\/\/trukme.lv\/produkti\/uncategorized\/lksp-black-0190-pe\/"},"modified":"2025-10-10T08:30:34","modified_gmt":"2025-10-10T05:30:34","slug":"lksp-black-0190-pe","status":"publish","type":"product","link":"https:\/\/trukme.lv\/en\/products\/panels\/laminated-mdf-panels\/lksp-black-0190-pe\/","title":{"rendered":"LKSP Black, 0190 PE"},"content":{"rendered":"<p>LMDP or laminated chipboard is the most commonly used furniture material with a laminated surface. Due to the properties of this surface, the board is resistant to moisture, high temperatures and scratches, so it can be used in various interior spaces. The Color collection from Kronospan includes monochrome decors &#8211; from calm white, milk or ivory to particularly bold, bright red or purple colors. They can be combined with glossy decors to highlight brilliance, with wood patterns &#8211; to emphasize contrast and separate rooms.<\/p>\n","protected":false},"excerpt":{"rendered":"<p>LMDP or laminated chipboard is the most commonly used furniture material with a laminated surface. Due to the properties of this surface, the board is resistant to moisture, high temperatures and scratches, so it can be used in various interior spaces. The Color collection from Kronospan includes monochrome decors &#8211; from calm white, milk or&#8230;<\/p>\n","protected":false},"featured_media":276552,"template":"","meta":{"_acf_changed":false},"product_brand":[6996],"product_cat":[6673,6667],"product_tag":[],"class_list":{"0":"post-276636","1":"product","2":"type-product","3":"status-publish","4":"has-post-thumbnail","6":"product_brand-kronospan-en","7":"product_cat-laminated-mdf-panels","8":"product_cat-panels","10":"first","11":"instock","12":"product-type-variable"},"acf":[],"yoast_head":"<!-- This site is optimized with the Yoast SEO plugin v26.5 - https:\/\/yoast.com\/wordpress\/plugins\/seo\/ -->\n<title>LKSP Black, 0190 PE - Trukm\u0117<\/title>\n<meta name=\"robots\" content=\"index, follow, max-snippet:-1, max-image-preview:large, max-video-preview:-1\" \/>\n<link rel=\"canonical\" href=\"https:\/\/trukme.lv\/en\/products\/panels\/laminated-mdf-panels\/lksp-black-0190-pe\/\" \/>\n<meta property=\"og:locale\" content=\"en_GB\" \/>\n<meta property=\"og:type\" content=\"article\" \/>\n<meta property=\"og:title\" content=\"LKSP Black, 0190 PE - Trukm\u0117\" \/>\n<meta property=\"og:description\" content=\"LMDP or laminated chipboard is the most commonly used furniture material with a laminated surface. Due to the properties of this surface, the board is resistant to moisture, high temperatures and scratches, so it can be used in various interior spaces. The Color collection from Kronospan includes monochrome decors &#8211; from calm white, milk or...\" \/>\n<meta property=\"og:url\" content=\"https:\/\/trukme.lv\/en\/products\/panels\/laminated-mdf-panels\/lksp-black-0190-pe\/\" \/>\n<meta property=\"og:site_name\" content=\"Trukm\u0117\" \/>\n<meta property=\"article:modified_time\" content=\"2025-10-10T05:30:34+00:00\" \/>\n<meta name=\"twitter:card\" content=\"summary_large_image\" \/>\n<meta name=\"twitter:image\" content=\"https:\/\/i0.wp.com\/trukme.lv\/wp-content\/uploads\/2025\/10\/8100190PE101S.webp?fit=%2C&ssl=1\" \/>\n<script type=\"application\/ld+json\" class=\"yoast-schema-graph\">{\"@context\":\"https:\/\/schema.org\",\"@graph\":[{\"@type\":\"WebPage\",\"@id\":\"https:\/\/trukme.lv\/en\/products\/panels\/laminated-mdf-panels\/lksp-black-0190-pe\/\",\"url\":\"https:\/\/trukme.lv\/en\/products\/panels\/laminated-mdf-panels\/lksp-black-0190-pe\/\",\"name\":\"LKSP Black, 0190 PE - Trukm\u0117\",\"isPartOf\":{\"@id\":\"https:\/\/trukme.lv\/en\/#website\"},\"primaryImageOfPage\":{\"@id\":\"https:\/\/trukme.lv\/en\/products\/panels\/laminated-mdf-panels\/lksp-black-0190-pe\/#primaryimage\"},\"image\":{\"@id\":\"https:\/\/trukme.lv\/en\/products\/panels\/laminated-mdf-panels\/lksp-black-0190-pe\/#primaryimage\"},\"thumbnailUrl\":\"https:\/\/i0.wp.com\/trukme.lv\/wp-content\/uploads\/2025\/10\/8100190PE101S.webp?fit=%2C&ssl=1\",\"datePublished\":\"2025-10-09T15:51:38+00:00\",\"dateModified\":\"2025-10-10T05:30:34+00:00\",\"breadcrumb\":{\"@id\":\"https:\/\/trukme.lv\/en\/products\/panels\/laminated-mdf-panels\/lksp-black-0190-pe\/#breadcrumb\"},\"inLanguage\":\"en-GB\",\"potentialAction\":[{\"@type\":\"ReadAction\",\"target\":[\"https:\/\/trukme.lv\/en\/products\/panels\/laminated-mdf-panels\/lksp-black-0190-pe\/\"]}]},{\"@type\":\"ImageObject\",\"inLanguage\":\"en-GB\",\"@id\":\"https:\/\/trukme.lv\/en\/products\/panels\/laminated-mdf-panels\/lksp-black-0190-pe\/#primaryimage\",\"url\":\"https:\/\/i0.wp.com\/trukme.lv\/wp-content\/uploads\/2025\/10\/8100190PE101S.webp?fit=%2C&ssl=1\",\"contentUrl\":\"https:\/\/i0.wp.com\/trukme.lv\/wp-content\/uploads\/2025\/10\/8100190PE101S.webp?fit=%2C&ssl=1\"},{\"@type\":\"BreadcrumbList\",\"@id\":\"https:\/\/trukme.lv\/en\/products\/panels\/laminated-mdf-panels\/lksp-black-0190-pe\/#breadcrumb\",\"itemListElement\":[{\"@type\":\"ListItem\",\"position\":1,\"name\":\"Home\",\"item\":\"https:\/\/trukme.lv\/en\/home\/\"},{\"@type\":\"ListItem\",\"position\":2,\"name\":\"Products\",\"item\":\"https:\/\/trukme.lv\/en\/products\/\"},{\"@type\":\"ListItem\",\"position\":3,\"name\":\"LKSP Black, 0190 PE\"}]},{\"@type\":\"WebSite\",\"@id\":\"https:\/\/trukme.lv\/en\/#website\",\"url\":\"https:\/\/trukme.lv\/en\/\",\"name\":\"Trukm\u0117\",\"description\":\"M\u0113be\u013cu pane\u013ci, galda virsmas, m\u0113be\u013cu furnit\u016bra. Virtuves m\u0113be\u013cu, skapju, vannas istabas m\u0113be\u013cu u.c. sortiments. Paz\u012bstami un uzticami ra\u017eot\u0101ji.\",\"potentialAction\":[{\"@type\":\"SearchAction\",\"target\":{\"@type\":\"EntryPoint\",\"urlTemplate\":\"https:\/\/trukme.lv\/en\/?s={search_term_string}\"},\"query-input\":{\"@type\":\"PropertyValueSpecification\",\"valueRequired\":true,\"valueName\":\"search_term_string\"}}],\"inLanguage\":\"en-GB\"}]}<\/script>\n<!-- \/ Yoast SEO plugin. -->","yoast_head_json":{"title":"LKSP Black, 0190 PE - Trukm\u0117","robots":{"index":"index","follow":"follow","max-snippet":"max-snippet:-1","max-image-preview":"max-image-preview:large","max-video-preview":"max-video-preview:-1"},"canonical":"https:\/\/trukme.lv\/en\/products\/panels\/laminated-mdf-panels\/lksp-black-0190-pe\/","og_locale":"en_GB","og_type":"article","og_title":"LKSP Black, 0190 PE - Trukm\u0117","og_description":"LMDP or laminated chipboard is the most commonly used furniture material with a laminated surface. Due to the properties of this surface, the board is resistant to moisture, high temperatures and scratches, so it can be used in various interior spaces. The Color collection from Kronospan includes monochrome decors &#8211; from calm white, milk or...","og_url":"https:\/\/trukme.lv\/en\/products\/panels\/laminated-mdf-panels\/lksp-black-0190-pe\/","og_site_name":"Trukm\u0117","article_modified_time":"2025-10-10T05:30:34+00:00","twitter_card":"summary_large_image","twitter_image":"https:\/\/i0.wp.com\/trukme.lv\/wp-content\/uploads\/2025\/10\/8100190PE101S.webp?fit=%2C&ssl=1","schema":{"@context":"https:\/\/schema.org","@graph":[{"@type":"WebPage","@id":"https:\/\/trukme.lv\/en\/products\/panels\/laminated-mdf-panels\/lksp-black-0190-pe\/","url":"https:\/\/trukme.lv\/en\/products\/panels\/laminated-mdf-panels\/lksp-black-0190-pe\/","name":"LKSP Black, 0190 PE - Trukm\u0117","isPartOf":{"@id":"https:\/\/trukme.lv\/en\/#website"},"primaryImageOfPage":{"@id":"https:\/\/trukme.lv\/en\/products\/panels\/laminated-mdf-panels\/lksp-black-0190-pe\/#primaryimage"},"image":{"@id":"https:\/\/trukme.lv\/en\/products\/panels\/laminated-mdf-panels\/lksp-black-0190-pe\/#primaryimage"},"thumbnailUrl":"https:\/\/i0.wp.com\/trukme.lv\/wp-content\/uploads\/2025\/10\/8100190PE101S.webp?fit=%2C&ssl=1","datePublished":"2025-10-09T15:51:38+00:00","dateModified":"2025-10-10T05:30:34+00:00","breadcrumb":{"@id":"https:\/\/trukme.lv\/en\/products\/panels\/laminated-mdf-panels\/lksp-black-0190-pe\/#breadcrumb"},"inLanguage":"en-GB","potentialAction":[{"@type":"ReadAction","target":["https:\/\/trukme.lv\/en\/products\/panels\/laminated-mdf-panels\/lksp-black-0190-pe\/"]}]},{"@type":"ImageObject","inLanguage":"en-GB","@id":"https:\/\/trukme.lv\/en\/products\/panels\/laminated-mdf-panels\/lksp-black-0190-pe\/#primaryimage","url":"https:\/\/i0.wp.com\/trukme.lv\/wp-content\/uploads\/2025\/10\/8100190PE101S.webp?fit=%2C&ssl=1","contentUrl":"https:\/\/i0.wp.com\/trukme.lv\/wp-content\/uploads\/2025\/10\/8100190PE101S.webp?fit=%2C&ssl=1"},{"@type":"BreadcrumbList","@id":"https:\/\/trukme.lv\/en\/products\/panels\/laminated-mdf-panels\/lksp-black-0190-pe\/#breadcrumb","itemListElement":[{"@type":"ListItem","position":1,"name":"Home","item":"https:\/\/trukme.lv\/en\/home\/"},{"@type":"ListItem","position":2,"name":"Products","item":"https:\/\/trukme.lv\/en\/products\/"},{"@type":"ListItem","position":3,"name":"LKSP Black, 0190 PE"}]},{"@type":"WebSite","@id":"https:\/\/trukme.lv\/en\/#website","url":"https:\/\/trukme.lv\/en\/","name":"Trukm\u0117","description":"M\u0113be\u013cu pane\u013ci, galda virsmas, m\u0113be\u013cu furnit\u016bra. Virtuves m\u0113be\u013cu, skapju, vannas istabas m\u0113be\u013cu u.c. sortiments. Paz\u012bstami un uzticami ra\u017eot\u0101ji.","potentialAction":[{"@type":"SearchAction","target":{"@type":"EntryPoint","urlTemplate":"https:\/\/trukme.lv\/en\/?s={search_term_string}"},"query-input":{"@type":"PropertyValueSpecification","valueRequired":true,"valueName":"search_term_string"}}],"inLanguage":"en-GB"}]}},"jetpack_sharing_enabled":true,"_links":{"self":[{"href":"https:\/\/trukme.lv\/en\/wp-json\/wp\/v2\/product\/276636","targetHints":{"allow":["GET"]}}],"collection":[{"href":"https:\/\/trukme.lv\/en\/wp-json\/wp\/v2\/product"}],"about":[{"href":"https:\/\/trukme.lv\/en\/wp-json\/wp\/v2\/types\/product"}],"wp:featuredmedia":[{"embeddable":true,"href":"https:\/\/trukme.lv\/en\/wp-json\/wp\/v2\/media\/276552"}],"wp:attachment":[{"href":"https:\/\/trukme.lv\/en\/wp-json\/wp\/v2\/media?parent=276636"}],"wp:term":[{"taxonomy":"product_brand","embeddable":true,"href":"https:\/\/trukme.lv\/en\/wp-json\/wp\/v2\/product_brand?post=276636"},{"taxonomy":"product_cat","embeddable":true,"href":"https:\/\/trukme.lv\/en\/wp-json\/wp\/v2\/product_cat?post=276636"},{"taxonomy":"product_tag","embeddable":true,"href":"https:\/\/trukme.lv\/en\/wp-json\/wp\/v2\/product_tag?post=276636"}],"curies":[{"name":"wp","href":"https:\/\/api.w.org\/{rel}","templated":true}]}}